{"id":1021,"date":"2025-07-08T12:58:18","date_gmt":"2025-07-08T12:58:18","guid":{"rendered":"https:\/\/cirsaart.com\/?page_id=1021"},"modified":"2025-07-23T10:07:25","modified_gmt":"2025-07-23T10:07:25","slug":"politica-de-privacidad","status":"publish","type":"page","link":"https:\/\/cirsaart.com\/en\/politica-de-privacidad\/","title":{"rendered":"Pol\u00edtica de Privacidad"},"content":{"rendered":"<div data-elementor-type=\"wp-page\" data-elementor-id=\"1021\" class=\"elementor elementor-1021\" data-elementor-post-type=\"page\">\n\t\t\t\t<div class=\"elementor-element elementor-element-c993363 e-flex e-con-boxed e-con e-parent\" data-id=\"c993363\" data-element_type=\"container\" data-e-type=\"container\">\n\t\t\t\t\t<div class=\"e-con-inner\">\n\t\t\t\t<div class=\"elementor-element elementor-element-570c752 elementor-widget elementor-widget-heading\" data-id=\"570c752\" data-element_type=\"widget\" data-e-type=\"widget\" data-widget_type=\"heading.default\">\n\t\t\t\t<div class=\"elementor-widget-container\">\n\t\t\t\t\t<h2 class=\"elementor-heading-title elementor-size-default\">Pol\u00edtica de Privacidad<\/h2>\t\t\t\t<\/div>\n\t\t\t\t<\/div>\n\t\t\t\t\t<\/div>\n\t\t\t\t<\/div>\n\t\t<div class=\"elementor-element elementor-element-5cde565 e-flex e-con-boxed e-con e-parent\" data-id=\"5cde565\" data-element_type=\"container\" data-e-type=\"container\">\n\t\t\t\t\t<div class=\"e-con-inner\">\n\t\t\t\t<div class=\"elementor-element elementor-element-f507d91 elementor-widget elementor-widget-text-editor\" data-id=\"f507d91\" data-element_type=\"widget\" data-e-type=\"widget\" data-widget_type=\"text-editor.default\">\n\t\t\t\t<div class=\"elementor-widget-container\">\n\t\t\t\t\t\t\t\t\t<p data-start=\"235\" data-end=\"484\">En Cirsa Art se respeta y protege la privacidad de cada usuario. Esta pol\u00edtica explica c\u00f3mo se recoge, utiliza y protege tus datos personales cuando visitas y utilizas esta web.<\/p><h3 data-start=\"486\" data-end=\"522\">1. Responsable del tratamiento<\/h3><p data-start=\"523\" data-end=\"629\">El responsable del tratamiento de tus datos es:<br data-start=\"570\" data-end=\"573\" \/><strong data-start=\"573\" data-end=\"594\">M\u00f3nica Pons Tor\u00e1n<\/strong><br data-start=\"594\" data-end=\"597\" \/>Email: hola@cirsaart.com<\/p><h3 data-start=\"631\" data-end=\"661\">2. Datos recopilados<\/h3><ul data-start=\"662\" data-end=\"866\"><li data-start=\"662\" data-end=\"783\"><p data-start=\"664\" data-end=\"783\">Informaci\u00f3n que proporcionas al realizar un pedido o suscribirte a la newsletter (nombre, email, direcci\u00f3n, etc.)<\/p><\/li><li data-start=\"784\" data-end=\"866\"><p data-start=\"786\" data-end=\"866\">Datos de navegaci\u00f3n y uso del sitio (mediante cookies y herramientas anal\u00edticas)<\/p><\/li><\/ul><h3 data-start=\"868\" data-end=\"902\">3. Finalidad del tratamiento<\/h3><ul data-start=\"903\" data-end=\"1125\"><li data-start=\"903\" data-end=\"951\"><p data-start=\"905\" data-end=\"951\">Gestionar y procesar tus pedidos y consultas<\/p><\/li><li data-start=\"1059\" data-end=\"1125\"><p data-start=\"1061\" data-end=\"1125\">Mejorar servicios y la experiencia de usuario en la web<\/p><\/li><\/ul><h3 data-start=\"1127\" data-end=\"1146\">4. Base legal<\/h3><p data-start=\"1147\" data-end=\"1182\">Tus datos se tratan bas\u00e1ndose en:<\/p><ul data-start=\"1183\" data-end=\"1325\"><li data-start=\"1183\" data-end=\"1224\"><p data-start=\"1185\" data-end=\"1224\">La ejecuci\u00f3n del contrato (tu pedido)<\/p><\/li><li data-start=\"1225\" data-end=\"1283\"><p data-start=\"1227\" data-end=\"1283\">Tu consentimiento para env\u00edos comerciales y newsletter<\/p><\/li><li data-start=\"1284\" data-end=\"1325\"><p data-start=\"1286\" data-end=\"1325\">El cumplimiento de obligaciones legales<\/p><\/li><\/ul><h3 data-start=\"1327\" data-end=\"1357\">5. Conservaci\u00f3n de datos<\/h3><p data-start=\"1358\" data-end=\"1461\">Tus datos se guardan mientras mantengas una relaci\u00f3n con Cirsa Art o hasta que solicites su eliminaci\u00f3n.<\/p><h3 data-start=\"1463\" data-end=\"1480\">6. Derechos<\/h3><p data-start=\"1481\" data-end=\"1629\">Puedes ejercer tus derechos de acceso, rectificaci\u00f3n, supresi\u00f3n, oposici\u00f3n, limitaci\u00f3n y portabilidad enviando un email a hola@cirsaart.com<\/p><h3 data-start=\"1631\" data-end=\"1647\">7. Cookies<\/h3><p data-start=\"1648\" data-end=\"1774\">Para m\u00e1s informaci\u00f3n sobre el uso de cookies en esta web, consulta nuestra <a class=\"cursor-pointer\" rel=\"noopener\" data-start=\"1723\" data-end=\"1773\">Pol\u00edtica de Cookies<\/a>.<\/p>\t\t\t\t\t\t\t\t<\/div>\n\t\t\t\t<\/div>\n\t\t\t\t\t<\/div>\n\t\t\t\t<\/div>\n\t\t\t\t<\/div>","protected":false},"excerpt":{"rendered":"<p>Pol\u00edtica de Privacidad En Cirsa Art se respeta y protege la privacidad de cada usuario. Esta pol\u00edtica explica c\u00f3mo se recoge, utiliza y protege tus datos personales cuando visitas y utilizas esta web. 1. Responsable del tratamiento El responsable del tratamiento de tus datos es:M\u00f3nica Pons Tor\u00e1nEmail: hola@cirsaart.com 2. Datos recopilados Informaci\u00f3n que proporcionas al [&hellip;]<\/p>\n","protected":false},"author":1,"featured_media":0,"parent":0,"menu_order":0,"comment_status":"closed","ping_status":"closed","template":"","meta":{"footnotes":""},"class_list":["post-1021","page","type-page","status-publish","hentry"],"yoast_head":"<!-- This site is optimized with the Yoast SEO plugin v27.4 - https:\/\/yoast.com\/product\/yoast-seo-wordpress\/ -->\n<title>Pol\u00edtica de Privacidad -<\/title>\n<meta name=\"robots\" content=\"index, follow, max-snippet:-1, max-image-preview:large, max-video-preview:-1\" \/>\n<link rel=\"canonical\" href=\"https:\/\/cirsaart.com\/en\/politica-de-privacidad\/\" \/>\n<meta property=\"og:locale\" content=\"en_GB\" \/>\n<meta property=\"og:type\" content=\"article\" \/>\n<meta property=\"og:title\" content=\"Pol\u00edtica de Privacidad -\" \/>\n<meta property=\"og:description\" content=\"Pol\u00edtica de Privacidad En Cirsa Art se respeta y protege la privacidad de cada usuario. Esta pol\u00edtica explica c\u00f3mo se recoge, utiliza y protege tus datos personales cuando visitas y utilizas esta web. 1. Responsable del tratamiento El responsable del tratamiento de tus datos es:M\u00f3nica Pons Tor\u00e1nEmail: hola@cirsaart.com 2. Datos recopilados Informaci\u00f3n que proporcionas al [&hellip;]\" \/>\n<meta property=\"og:url\" content=\"https:\/\/cirsaart.com\/en\/politica-de-privacidad\/\" \/>\n<meta property=\"article:modified_time\" content=\"2025-07-23T10:07:25+00:00\" \/>\n<meta property=\"og:image\" content=\"https:\/\/cirsaart.com\/wp-content\/uploads\/2025\/06\/cropped-CIRSA-ART-LOGO-1_page-0001-1.jpg\" \/>\n\t<meta property=\"og:image:width\" content=\"240\" \/>\n\t<meta property=\"og:image:height\" content=\"243\" \/>\n\t<meta property=\"og:image:type\" content=\"image\/jpeg\" \/>\n<meta name=\"twitter:card\" content=\"summary_large_image\" \/>\n<meta name=\"twitter:label1\" content=\"Estimated reading time\" \/>\n\t<meta name=\"twitter:data1\" content=\"1 minute\" \/>\n<script type=\"application\/ld+json\" class=\"yoast-schema-graph\">{\"@context\":\"https:\\\/\\\/schema.org\",\"@graph\":[{\"@type\":\"WebPage\",\"@id\":\"https:\\\/\\\/cirsaart.com\\\/politica-de-privacidad\\\/\",\"url\":\"https:\\\/\\\/cirsaart.com\\\/politica-de-privacidad\\\/\",\"name\":\"Pol\u00edtica de Privacidad -\",\"isPartOf\":{\"@id\":\"https:\\\/\\\/cirsaart.com\\\/#website\"},\"datePublished\":\"2025-07-08T12:58:18+00:00\",\"dateModified\":\"2025-07-23T10:07:25+00:00\",\"breadcrumb\":{\"@id\":\"https:\\\/\\\/cirsaart.com\\\/politica-de-privacidad\\\/#breadcrumb\"},\"inLanguage\":\"en-GB\",\"potentialAction\":[{\"@type\":\"ReadAction\",\"target\":[\"https:\\\/\\\/cirsaart.com\\\/politica-de-privacidad\\\/\"]}]},{\"@type\":\"BreadcrumbList\",\"@id\":\"https:\\\/\\\/cirsaart.com\\\/politica-de-privacidad\\\/#breadcrumb\",\"itemListElement\":[{\"@type\":\"ListItem\",\"position\":1,\"name\":\"Home\",\"item\":\"https:\\\/\\\/cirsaart.com\\\/\"},{\"@type\":\"ListItem\",\"position\":2,\"name\":\"Pol\u00edtica de Privacidad\"}]},{\"@type\":\"WebSite\",\"@id\":\"https:\\\/\\\/cirsaart.com\\\/#website\",\"url\":\"https:\\\/\\\/cirsaart.com\\\/\",\"name\":\"Cirsa Art\",\"description\":\"Bisuter\u00eda artesanal hecha a mano con arcilla polim\u00e9rica. Dise\u00f1os \u00fanicos creados para destacar tu esencia\",\"publisher\":{\"@id\":\"https:\\\/\\\/cirsaart.com\\\/#organization\"},\"alternateName\":\"Cirsa Art, Bisuter\u00eda Artesanal \u00danica\",\"potentialAction\":[{\"@type\":\"SearchAction\",\"target\":{\"@type\":\"EntryPoint\",\"urlTemplate\":\"https:\\\/\\\/cirsaart.com\\\/?s={search_term_string}\"},\"query-input\":{\"@type\":\"PropertyValueSpecification\",\"valueRequired\":true,\"valueName\":\"search_term_string\"}}],\"inLanguage\":\"en-GB\"},{\"@type\":\"Organization\",\"@id\":\"https:\\\/\\\/cirsaart.com\\\/#organization\",\"name\":\"Cirsa Art\",\"alternateName\":\"Cirsa Art, Bisuter\u00eda Artesanal \u00danica\",\"url\":\"https:\\\/\\\/cirsaart.com\\\/\",\"logo\":{\"@type\":\"ImageObject\",\"inLanguage\":\"en-GB\",\"@id\":\"https:\\\/\\\/cirsaart.com\\\/#\\\/schema\\\/logo\\\/image\\\/\",\"url\":\"https:\\\/\\\/cirsaart.com\\\/wp-content\\\/uploads\\\/2025\\\/06\\\/cropped-CIRSA-ART-LOGO-1_page-0001-1.jpg\",\"contentUrl\":\"https:\\\/\\\/cirsaart.com\\\/wp-content\\\/uploads\\\/2025\\\/06\\\/cropped-CIRSA-ART-LOGO-1_page-0001-1.jpg\",\"width\":240,\"height\":243,\"caption\":\"Cirsa Art\"},\"image\":{\"@id\":\"https:\\\/\\\/cirsaart.com\\\/#\\\/schema\\\/logo\\\/image\\\/\"}}]}<\/script>\n<!-- \/ Yoast SEO plugin. -->","yoast_head_json":{"title":"Pol\u00edtica de Privacidad -","robots":{"index":"index","follow":"follow","max-snippet":"max-snippet:-1","max-image-preview":"max-image-preview:large","max-video-preview":"max-video-preview:-1"},"canonical":"https:\/\/cirsaart.com\/en\/politica-de-privacidad\/","og_locale":"en_GB","og_type":"article","og_title":"Pol\u00edtica de Privacidad -","og_description":"Pol\u00edtica de Privacidad En Cirsa Art se respeta y protege la privacidad de cada usuario. Esta pol\u00edtica explica c\u00f3mo se recoge, utiliza y protege tus datos personales cuando visitas y utilizas esta web. 1. Responsable del tratamiento El responsable del tratamiento de tus datos es:M\u00f3nica Pons Tor\u00e1nEmail: hola@cirsaart.com 2. Datos recopilados Informaci\u00f3n que proporcionas al [&hellip;]","og_url":"https:\/\/cirsaart.com\/en\/politica-de-privacidad\/","article_modified_time":"2025-07-23T10:07:25+00:00","og_image":[{"width":240,"height":243,"url":"https:\/\/cirsaart.com\/wp-content\/uploads\/2025\/06\/cropped-CIRSA-ART-LOGO-1_page-0001-1.jpg","type":"image\/jpeg"}],"twitter_card":"summary_large_image","twitter_misc":{"Estimated reading time":"1 minute"},"schema":{"@context":"https:\/\/schema.org","@graph":[{"@type":"WebPage","@id":"https:\/\/cirsaart.com\/politica-de-privacidad\/","url":"https:\/\/cirsaart.com\/politica-de-privacidad\/","name":"Pol\u00edtica de Privacidad -","isPartOf":{"@id":"https:\/\/cirsaart.com\/#website"},"datePublished":"2025-07-08T12:58:18+00:00","dateModified":"2025-07-23T10:07:25+00:00","breadcrumb":{"@id":"https:\/\/cirsaart.com\/politica-de-privacidad\/#breadcrumb"},"inLanguage":"en-GB","potentialAction":[{"@type":"ReadAction","target":["https:\/\/cirsaart.com\/politica-de-privacidad\/"]}]},{"@type":"BreadcrumbList","@id":"https:\/\/cirsaart.com\/politica-de-privacidad\/#breadcrumb","itemListElement":[{"@type":"ListItem","position":1,"name":"Home","item":"https:\/\/cirsaart.com\/"},{"@type":"ListItem","position":2,"name":"Pol\u00edtica de Privacidad"}]},{"@type":"WebSite","@id":"https:\/\/cirsaart.com\/#website","url":"https:\/\/cirsaart.com\/","name":"Cirsa Art","description":"Bisuter\u00eda artesanal hecha a mano con arcilla polim\u00e9rica. Dise\u00f1os \u00fanicos creados para destacar tu esencia","publisher":{"@id":"https:\/\/cirsaart.com\/#organization"},"alternateName":"Cirsa Art, Bisuter\u00eda Artesanal \u00danica","potentialAction":[{"@type":"SearchAction","target":{"@type":"EntryPoint","urlTemplate":"https:\/\/cirsaart.com\/?s={search_term_string}"},"query-input":{"@type":"PropertyValueSpecification","valueRequired":true,"valueName":"search_term_string"}}],"inLanguage":"en-GB"},{"@type":"Organization","@id":"https:\/\/cirsaart.com\/#organization","name":"Cirsa Art","alternateName":"Cirsa Art, Bisuter\u00eda Artesanal \u00danica","url":"https:\/\/cirsaart.com\/","logo":{"@type":"ImageObject","inLanguage":"en-GB","@id":"https:\/\/cirsaart.com\/#\/schema\/logo\/image\/","url":"https:\/\/cirsaart.com\/wp-content\/uploads\/2025\/06\/cropped-CIRSA-ART-LOGO-1_page-0001-1.jpg","contentUrl":"https:\/\/cirsaart.com\/wp-content\/uploads\/2025\/06\/cropped-CIRSA-ART-LOGO-1_page-0001-1.jpg","width":240,"height":243,"caption":"Cirsa Art"},"image":{"@id":"https:\/\/cirsaart.com\/#\/schema\/logo\/image\/"}}]}},"_links":{"self":[{"href":"https:\/\/cirsaart.com\/en\/wp-json\/wp\/v2\/pages\/1021","targetHints":{"allow":["GET"]}}],"collection":[{"href":"https:\/\/cirsaart.com\/en\/wp-json\/wp\/v2\/pages"}],"about":[{"href":"https:\/\/cirsaart.com\/en\/wp-json\/wp\/v2\/types\/page"}],"author":[{"embeddable":true,"href":"https:\/\/cirsaart.com\/en\/wp-json\/wp\/v2\/users\/1"}],"replies":[{"embeddable":true,"href":"https:\/\/cirsaart.com\/en\/wp-json\/wp\/v2\/comments?post=1021"}],"version-history":[{"count":10,"href":"https:\/\/cirsaart.com\/en\/wp-json\/wp\/v2\/pages\/1021\/revisions"}],"predecessor-version":[{"id":1604,"href":"https:\/\/cirsaart.com\/en\/wp-json\/wp\/v2\/pages\/1021\/revisions\/1604"}],"wp:attachment":[{"href":"https:\/\/cirsaart.com\/en\/wp-json\/wp\/v2\/media?parent=1021"}],"curies":[{"name":"wp","href":"https:\/\/api.w.org\/{rel}","templated":true}]}}