{"id":1034,"date":"2025-07-08T14:45:19","date_gmt":"2025-07-08T14:45:19","guid":{"rendered":"https:\/\/cirsaart.com\/?page_id=1034"},"modified":"2025-07-08T16:20:21","modified_gmt":"2025-07-08T16:20:21","slug":"terminos-y-condiciones-de-compra","status":"publish","type":"page","link":"https:\/\/cirsaart.com\/en\/terminos-y-condiciones-de-compra\/","title":{"rendered":"T\u00e9rminos y Condiciones de Compra"},"content":{"rendered":"<div data-elementor-type=\"wp-page\" data-elementor-id=\"1034\" class=\"elementor elementor-1034\" data-elementor-post-type=\"page\">\n\t\t\t\t<div class=\"elementor-element elementor-element-30834a3 e-flex e-con-boxed e-con e-parent\" data-id=\"30834a3\" data-element_type=\"container\" data-e-type=\"container\">\n\t\t\t\t\t<div class=\"e-con-inner\">\n\t\t\t\t<div class=\"elementor-element elementor-element-21b55d0 elementor-widget elementor-widget-heading\" data-id=\"21b55d0\" data-element_type=\"widget\" data-e-type=\"widget\" data-widget_type=\"heading.default\">\n\t\t\t\t<div class=\"elementor-widget-container\">\n\t\t\t\t\t<h2 class=\"elementor-heading-title elementor-size-default\">T\u00e9rminos y condiciones de compra<\/h2>\t\t\t\t<\/div>\n\t\t\t\t<\/div>\n\t\t\t\t\t<\/div>\n\t\t\t\t<\/div>\n\t\t<div class=\"elementor-element elementor-element-9cdb393 e-flex e-con-boxed e-con e-parent\" data-id=\"9cdb393\" data-element_type=\"container\" data-e-type=\"container\">\n\t\t\t\t\t<div class=\"e-con-inner\">\n\t\t\t\t<div class=\"elementor-element elementor-element-caf0a89 elementor-widget elementor-widget-text-editor\" data-id=\"caf0a89\" data-element_type=\"widget\" data-e-type=\"widget\" data-widget_type=\"text-editor.default\">\n\t\t\t\t<div class=\"elementor-widget-container\">\n\t\t\t\t\t\t\t\t\t<p data-start=\"251\" data-end=\"434\">Estas condiciones regulan el uso del sitio web cirsaart.com, as\u00ed como las compras realizadas a trav\u00e9s del mismo. Al realizar un pedido, el cliente acepta plenamente estas condiciones.<\/p><h3 data-start=\"436\" data-end=\"452\">1. Productos<\/h3><p data-start=\"454\" data-end=\"768\">Todos los productos ofrecidos en esta tienda son piezas \u00fanicas, hechas a mano. Solo hay una unidad disponible de cada dise\u00f1o. No se aceptan modificaciones ni cancelaciones una vez realizado el pedido. En algunos casos, ciertos dise\u00f1os podr\u00edan volver a estar disponibles en una versi\u00f3n similar, pero nunca id\u00e9ntica.<\/p><h3 data-start=\"770\" data-end=\"783\">2. Env\u00edos<\/h3><p data-start=\"785\" data-end=\"1070\">Realizamos env\u00edos a toda Europa mediante el servicio est\u00e1ndar de Correos. El plazo de entrega depender\u00e1 de la pol\u00edtica y los tiempos de Correos.<br data-start=\"929\" data-end=\"932\" \/>Los pedidos superiores a 30\u202f\u20ac incluyen env\u00edo gratuito. Para pedidos inferiores, los gastos de env\u00edo se calcular\u00e1n en el proceso de compra.<\/p><h3 data-start=\"1072\" data-end=\"1094\">3. M\u00e9todos de pago<\/h3><p data-start=\"1096\" data-end=\"1195\">Actualmente, aceptamos pagos mediante tarjeta bancaria a trav\u00e9s de nuestra pasarela de pago segura.<\/p><h3 data-start=\"1072\" data-end=\"1094\">4. Devoluciones<\/h3><p>No se aceptan devoluciones. Dado que se trata de piezas artesanales y personales, no es posible garantizar que el producto no haya sido usado o alterado tras la entrega.<\/p><h3 data-start=\"1072\" data-end=\"1094\">5. Detalles de pedido<\/h3><p data-start=\"141\" data-end=\"394\">Todos los pedidos incluyen una tarjeta personalizada escrita a mano, pensada para a\u00f1adir un toque especial a cada env\u00edo. Tambi\u00e9n se incluye de forma gratuita una pegatina con el logo de Cirsa Art, como peque\u00f1o obsequio para quienes apoyan este proyecto.<\/p><p data-start=\"396\" data-end=\"523\">\u00a0<\/p>\t\t\t\t\t\t\t\t<\/div>\n\t\t\t\t<\/div>\n\t\t\t\t\t<\/div>\n\t\t\t\t<\/div>\n\t\t\t\t<\/div>","protected":false},"excerpt":{"rendered":"<p>T\u00e9rminos y condiciones de compra Estas condiciones regulan el uso del sitio web cirsaart.com, as\u00ed como las compras realizadas a trav\u00e9s del mismo. Al realizar un pedido, el cliente acepta plenamente estas condiciones. 1. Productos Todos los productos ofrecidos en esta tienda son piezas \u00fanicas, hechas a mano. Solo hay una unidad disponible de cada [&hellip;]<\/p>\n","protected":false},"author":1,"featured_media":0,"parent":0,"menu_order":0,"comment_status":"closed","ping_status":"closed","template":"","meta":{"footnotes":""},"class_list":["post-1034","page","type-page","status-publish","hentry"],"yoast_head":"<!-- This site is optimized with the Yoast SEO plugin v27.4 - https:\/\/yoast.com\/product\/yoast-seo-wordpress\/ -->\n<title>T\u00e9rminos y Condiciones de Compra -<\/title>\n<meta name=\"robots\" content=\"index, follow, max-snippet:-1, max-image-preview:large, max-video-preview:-1\" \/>\n<link rel=\"canonical\" href=\"https:\/\/cirsaart.com\/en\/terminos-y-condiciones-de-compra\/\" \/>\n<meta property=\"og:locale\" content=\"en_GB\" \/>\n<meta property=\"og:type\" content=\"article\" \/>\n<meta property=\"og:title\" content=\"T\u00e9rminos y Condiciones de Compra -\" \/>\n<meta property=\"og:description\" content=\"T\u00e9rminos y condiciones de compra Estas condiciones regulan el uso del sitio web cirsaart.com, as\u00ed como las compras realizadas a trav\u00e9s del mismo. Al realizar un pedido, el cliente acepta plenamente estas condiciones. 1. Productos Todos los productos ofrecidos en esta tienda son piezas \u00fanicas, hechas a mano. Solo hay una unidad disponible de cada [&hellip;]\" \/>\n<meta property=\"og:url\" content=\"https:\/\/cirsaart.com\/en\/terminos-y-condiciones-de-compra\/\" \/>\n<meta property=\"article:modified_time\" content=\"2025-07-08T16:20:21+00:00\" \/>\n<meta property=\"og:image\" content=\"https:\/\/cirsaart.com\/wp-content\/uploads\/2025\/06\/cropped-CIRSA-ART-LOGO-1_page-0001-1.jpg\" \/>\n\t<meta property=\"og:image:width\" content=\"240\" \/>\n\t<meta property=\"og:image:height\" content=\"243\" \/>\n\t<meta property=\"og:image:type\" content=\"image\/jpeg\" \/>\n<meta name=\"twitter:card\" content=\"summary_large_image\" \/>\n<meta name=\"twitter:label1\" content=\"Estimated reading time\" \/>\n\t<meta name=\"twitter:data1\" content=\"2 minutes\" \/>\n<script type=\"application\/ld+json\" class=\"yoast-schema-graph\">{\"@context\":\"https:\\\/\\\/schema.org\",\"@graph\":[{\"@type\":\"WebPage\",\"@id\":\"https:\\\/\\\/cirsaart.com\\\/terminos-y-condiciones-de-compra\\\/\",\"url\":\"https:\\\/\\\/cirsaart.com\\\/terminos-y-condiciones-de-compra\\\/\",\"name\":\"T\u00e9rminos y Condiciones de Compra -\",\"isPartOf\":{\"@id\":\"https:\\\/\\\/cirsaart.com\\\/#website\"},\"datePublished\":\"2025-07-08T14:45:19+00:00\",\"dateModified\":\"2025-07-08T16:20:21+00:00\",\"breadcrumb\":{\"@id\":\"https:\\\/\\\/cirsaart.com\\\/terminos-y-condiciones-de-compra\\\/#breadcrumb\"},\"inLanguage\":\"en-GB\",\"potentialAction\":[{\"@type\":\"ReadAction\",\"target\":[\"https:\\\/\\\/cirsaart.com\\\/terminos-y-condiciones-de-compra\\\/\"]}]},{\"@type\":\"BreadcrumbList\",\"@id\":\"https:\\\/\\\/cirsaart.com\\\/terminos-y-condiciones-de-compra\\\/#breadcrumb\",\"itemListElement\":[{\"@type\":\"ListItem\",\"position\":1,\"name\":\"Home\",\"item\":\"https:\\\/\\\/cirsaart.com\\\/\"},{\"@type\":\"ListItem\",\"position\":2,\"name\":\"T\u00e9rminos y Condiciones de Compra\"}]},{\"@type\":\"WebSite\",\"@id\":\"https:\\\/\\\/cirsaart.com\\\/#website\",\"url\":\"https:\\\/\\\/cirsaart.com\\\/\",\"name\":\"Cirsa Art\",\"description\":\"Bisuter\u00eda artesanal hecha a mano con arcilla polim\u00e9rica. Dise\u00f1os \u00fanicos creados para destacar tu esencia\",\"publisher\":{\"@id\":\"https:\\\/\\\/cirsaart.com\\\/#organization\"},\"alternateName\":\"Cirsa Art, Bisuter\u00eda Artesanal \u00danica\",\"potentialAction\":[{\"@type\":\"SearchAction\",\"target\":{\"@type\":\"EntryPoint\",\"urlTemplate\":\"https:\\\/\\\/cirsaart.com\\\/?s={search_term_string}\"},\"query-input\":{\"@type\":\"PropertyValueSpecification\",\"valueRequired\":true,\"valueName\":\"search_term_string\"}}],\"inLanguage\":\"en-GB\"},{\"@type\":\"Organization\",\"@id\":\"https:\\\/\\\/cirsaart.com\\\/#organization\",\"name\":\"Cirsa Art\",\"alternateName\":\"Cirsa Art, Bisuter\u00eda Artesanal \u00danica\",\"url\":\"https:\\\/\\\/cirsaart.com\\\/\",\"logo\":{\"@type\":\"ImageObject\",\"inLanguage\":\"en-GB\",\"@id\":\"https:\\\/\\\/cirsaart.com\\\/#\\\/schema\\\/logo\\\/image\\\/\",\"url\":\"https:\\\/\\\/cirsaart.com\\\/wp-content\\\/uploads\\\/2025\\\/06\\\/cropped-CIRSA-ART-LOGO-1_page-0001-1.jpg\",\"contentUrl\":\"https:\\\/\\\/cirsaart.com\\\/wp-content\\\/uploads\\\/2025\\\/06\\\/cropped-CIRSA-ART-LOGO-1_page-0001-1.jpg\",\"width\":240,\"height\":243,\"caption\":\"Cirsa Art\"},\"image\":{\"@id\":\"https:\\\/\\\/cirsaart.com\\\/#\\\/schema\\\/logo\\\/image\\\/\"}}]}<\/script>\n<!-- \/ Yoast SEO plugin. -->","yoast_head_json":{"title":"T\u00e9rminos y Condiciones de Compra -","robots":{"index":"index","follow":"follow","max-snippet":"max-snippet:-1","max-image-preview":"max-image-preview:large","max-video-preview":"max-video-preview:-1"},"canonical":"https:\/\/cirsaart.com\/en\/terminos-y-condiciones-de-compra\/","og_locale":"en_GB","og_type":"article","og_title":"T\u00e9rminos y Condiciones de Compra -","og_description":"T\u00e9rminos y condiciones de compra Estas condiciones regulan el uso del sitio web cirsaart.com, as\u00ed como las compras realizadas a trav\u00e9s del mismo. Al realizar un pedido, el cliente acepta plenamente estas condiciones. 1. Productos Todos los productos ofrecidos en esta tienda son piezas \u00fanicas, hechas a mano. Solo hay una unidad disponible de cada [&hellip;]","og_url":"https:\/\/cirsaart.com\/en\/terminos-y-condiciones-de-compra\/","article_modified_time":"2025-07-08T16:20:21+00:00","og_image":[{"width":240,"height":243,"url":"https:\/\/cirsaart.com\/wp-content\/uploads\/2025\/06\/cropped-CIRSA-ART-LOGO-1_page-0001-1.jpg","type":"image\/jpeg"}],"twitter_card":"summary_large_image","twitter_misc":{"Estimated reading time":"2 minutes"},"schema":{"@context":"https:\/\/schema.org","@graph":[{"@type":"WebPage","@id":"https:\/\/cirsaart.com\/terminos-y-condiciones-de-compra\/","url":"https:\/\/cirsaart.com\/terminos-y-condiciones-de-compra\/","name":"T\u00e9rminos y Condiciones de Compra -","isPartOf":{"@id":"https:\/\/cirsaart.com\/#website"},"datePublished":"2025-07-08T14:45:19+00:00","dateModified":"2025-07-08T16:20:21+00:00","breadcrumb":{"@id":"https:\/\/cirsaart.com\/terminos-y-condiciones-de-compra\/#breadcrumb"},"inLanguage":"en-GB","potentialAction":[{"@type":"ReadAction","target":["https:\/\/cirsaart.com\/terminos-y-condiciones-de-compra\/"]}]},{"@type":"BreadcrumbList","@id":"https:\/\/cirsaart.com\/terminos-y-condiciones-de-compra\/#breadcrumb","itemListElement":[{"@type":"ListItem","position":1,"name":"Home","item":"https:\/\/cirsaart.com\/"},{"@type":"ListItem","position":2,"name":"T\u00e9rminos y Condiciones de Compra"}]},{"@type":"WebSite","@id":"https:\/\/cirsaart.com\/#website","url":"https:\/\/cirsaart.com\/","name":"Cirsa Art","description":"Bisuter\u00eda artesanal hecha a mano con arcilla polim\u00e9rica. Dise\u00f1os \u00fanicos creados para destacar tu esencia","publisher":{"@id":"https:\/\/cirsaart.com\/#organization"},"alternateName":"Cirsa Art, Bisuter\u00eda Artesanal \u00danica","potentialAction":[{"@type":"SearchAction","target":{"@type":"EntryPoint","urlTemplate":"https:\/\/cirsaart.com\/?s={search_term_string}"},"query-input":{"@type":"PropertyValueSpecification","valueRequired":true,"valueName":"search_term_string"}}],"inLanguage":"en-GB"},{"@type":"Organization","@id":"https:\/\/cirsaart.com\/#organization","name":"Cirsa Art","alternateName":"Cirsa Art, Bisuter\u00eda Artesanal \u00danica","url":"https:\/\/cirsaart.com\/","logo":{"@type":"ImageObject","inLanguage":"en-GB","@id":"https:\/\/cirsaart.com\/#\/schema\/logo\/image\/","url":"https:\/\/cirsaart.com\/wp-content\/uploads\/2025\/06\/cropped-CIRSA-ART-LOGO-1_page-0001-1.jpg","contentUrl":"https:\/\/cirsaart.com\/wp-content\/uploads\/2025\/06\/cropped-CIRSA-ART-LOGO-1_page-0001-1.jpg","width":240,"height":243,"caption":"Cirsa Art"},"image":{"@id":"https:\/\/cirsaart.com\/#\/schema\/logo\/image\/"}}]}},"_links":{"self":[{"href":"https:\/\/cirsaart.com\/en\/wp-json\/wp\/v2\/pages\/1034","targetHints":{"allow":["GET"]}}],"collection":[{"href":"https:\/\/cirsaart.com\/en\/wp-json\/wp\/v2\/pages"}],"about":[{"href":"https:\/\/cirsaart.com\/en\/wp-json\/wp\/v2\/types\/page"}],"author":[{"embeddable":true,"href":"https:\/\/cirsaart.com\/en\/wp-json\/wp\/v2\/users\/1"}],"replies":[{"embeddable":true,"href":"https:\/\/cirsaart.com\/en\/wp-json\/wp\/v2\/comments?post=1034"}],"version-history":[{"count":7,"href":"https:\/\/cirsaart.com\/en\/wp-json\/wp\/v2\/pages\/1034\/revisions"}],"predecessor-version":[{"id":1056,"href":"https:\/\/cirsaart.com\/en\/wp-json\/wp\/v2\/pages\/1034\/revisions\/1056"}],"wp:attachment":[{"href":"https:\/\/cirsaart.com\/en\/wp-json\/wp\/v2\/media?parent=1034"}],"curies":[{"name":"wp","href":"https:\/\/api.w.org\/{rel}","templated":true}]}}