{"id":1044,"date":"2025-07-08T15:28:21","date_gmt":"2025-07-08T15:28:21","guid":{"rendered":"https:\/\/cirsaart.com\/?page_id=1044"},"modified":"2025-07-23T10:06:22","modified_gmt":"2025-07-23T10:06:22","slug":"politica-de-cookies","status":"publish","type":"page","link":"https:\/\/cirsaart.com\/en\/politica-de-cookies\/","title":{"rendered":"Pol\u00edtica de Cookies"},"content":{"rendered":"<div data-elementor-type=\"wp-page\" data-elementor-id=\"1044\" class=\"elementor elementor-1044\" data-elementor-post-type=\"page\">\n\t\t\t\t<div class=\"elementor-element elementor-element-a39049f e-flex e-con-boxed e-con e-parent\" data-id=\"a39049f\" data-element_type=\"container\" data-e-type=\"container\">\n\t\t\t\t\t<div class=\"e-con-inner\">\n\t\t\t\t<div class=\"elementor-element elementor-element-3215da1 elementor-widget elementor-widget-heading\" data-id=\"3215da1\" data-element_type=\"widget\" data-e-type=\"widget\" data-widget_type=\"heading.default\">\n\t\t\t\t<div class=\"elementor-widget-container\">\n\t\t\t\t\t<h2 class=\"elementor-heading-title elementor-size-default\">Pol\u00edtica de Cookies<\/h2>\t\t\t\t<\/div>\n\t\t\t\t<\/div>\n\t\t\t\t\t<\/div>\n\t\t\t\t<\/div>\n\t\t<div class=\"elementor-element elementor-element-5f981aa e-flex e-con-boxed e-con e-parent\" data-id=\"5f981aa\" data-element_type=\"container\" data-e-type=\"container\">\n\t\t\t\t\t<div class=\"e-con-inner\">\n\t\t\t\t<div class=\"elementor-element elementor-element-2cb9528 elementor-widget elementor-widget-text-editor\" data-id=\"2cb9528\" data-element_type=\"widget\" data-e-type=\"widget\" data-widget_type=\"text-editor.default\">\n\t\t\t\t<div class=\"elementor-widget-container\">\n\t\t\t\t\t\t\t\t\t<p data-start=\"394\" data-end=\"560\">Este sitio web, propiedad de M\u00f3nica Pons Tor\u00e1n (Cirsa Art), utiliza cookies para mejorar la experiencia del usuario y garantizar el correcto funcionamiento del sitio.<\/p><h4 data-start=\"562\" data-end=\"588\">\u00bfQu\u00e9 son las cookies?<\/h4><p data-start=\"590\" data-end=\"803\">Las cookies son peque\u00f1os archivos de texto que se almacenan en tu navegador cuando visitas una p\u00e1gina web. Sirven para reconocer tu dispositivo, recordar tus preferencias o recoger informaci\u00f3n sobre tu navegaci\u00f3n.<\/p><h4 data-start=\"805\" data-end=\"841\">Tipos de cookies que utilizamos<\/h4><ul data-start=\"843\" data-end=\"1273\"><li data-start=\"843\" data-end=\"964\"><p data-start=\"845\" data-end=\"964\"><strong data-start=\"845\" data-end=\"866\">Cookies t\u00e9cnicas:<\/strong> necesarias para el funcionamiento del sitio web (como la gesti\u00f3n del carrito o inicio de sesi\u00f3n).<\/p><\/li><li data-start=\"965\" data-end=\"1116\"><p data-start=\"967\" data-end=\"1116\"><strong data-start=\"967\" data-end=\"991\">Cookies de an\u00e1lisis:<\/strong> nos ayudan a comprender c\u00f3mo navegan los usuarios en la web, de forma an\u00f3nima, para mejorar los contenidos y la experiencia.<\/p><\/li><li data-start=\"1117\" data-end=\"1273\"><p data-start=\"1119\" data-end=\"1273\"><strong data-start=\"1119\" data-end=\"1143\">Cookies de terceros:<\/strong> pueden usarse por servicios integrados en la web, como botones de redes sociales, m\u00e9todos de pago (Stripe), o contenido embebido.<\/p><\/li><\/ul><h4 data-start=\"1275\" data-end=\"1315\">\u00bfC\u00f3mo puedes gestionar las cookies?<\/h4><p data-start=\"1317\" data-end=\"1585\">Al acceder por primera vez al sitio web, ver\u00e1s un aviso que te permite aceptar o configurar las cookies. Puedes cambiar tus preferencias en cualquier momento desde la configuraci\u00f3n de tu navegador o a trav\u00e9s del panel de cookies (cuando est\u00e9 habilitado con el plugin).<\/p><p data-start=\"1587\" data-end=\"1683\">Ten en cuenta que desactivar ciertas cookies puede afectar al funcionamiento correcto de la web.<\/p><h4 data-start=\"1685\" data-end=\"1705\">M\u00e1s informaci\u00f3n<\/h4><p data-start=\"1707\" data-end=\"1810\">Si tienes dudas sobre el uso de cookies en este sitio, puedes escribir a: hola@cirsaart.com<\/p>\t\t\t\t\t\t\t\t<\/div>\n\t\t\t\t<\/div>\n\t\t\t\t\t<\/div>\n\t\t\t\t<\/div>\n\t\t\t\t<\/div>","protected":false},"excerpt":{"rendered":"<p>Pol\u00edtica de Cookies Este sitio web, propiedad de M\u00f3nica Pons Tor\u00e1n (Cirsa Art), utiliza cookies para mejorar la experiencia del usuario y garantizar el correcto funcionamiento del sitio. \u00bfQu\u00e9 son las cookies? Las cookies son peque\u00f1os archivos de texto que se almacenan en tu navegador cuando visitas una p\u00e1gina web. Sirven para reconocer tu dispositivo, [&hellip;]<\/p>\n","protected":false},"author":1,"featured_media":0,"parent":0,"menu_order":0,"comment_status":"closed","ping_status":"closed","template":"","meta":{"footnotes":""},"class_list":["post-1044","page","type-page","status-publish","hentry"],"yoast_head":"<!-- This site is optimized with the Yoast SEO plugin v27.4 - https:\/\/yoast.com\/product\/yoast-seo-wordpress\/ -->\n<title>Pol\u00edtica de Cookies -<\/title>\n<meta name=\"robots\" content=\"index, follow, max-snippet:-1, max-image-preview:large, max-video-preview:-1\" \/>\n<link rel=\"canonical\" href=\"https:\/\/cirsaart.com\/en\/politica-de-cookies\/\" \/>\n<meta property=\"og:locale\" content=\"en_GB\" \/>\n<meta property=\"og:type\" content=\"article\" \/>\n<meta property=\"og:title\" content=\"Pol\u00edtica de Cookies -\" \/>\n<meta property=\"og:description\" content=\"Pol\u00edtica de Cookies Este sitio web, propiedad de M\u00f3nica Pons Tor\u00e1n (Cirsa Art), utiliza cookies para mejorar la experiencia del usuario y garantizar el correcto funcionamiento del sitio. \u00bfQu\u00e9 son las cookies? Las cookies son peque\u00f1os archivos de texto que se almacenan en tu navegador cuando visitas una p\u00e1gina web. Sirven para reconocer tu dispositivo, [&hellip;]\" \/>\n<meta property=\"og:url\" content=\"https:\/\/cirsaart.com\/en\/politica-de-cookies\/\" \/>\n<meta property=\"article:modified_time\" content=\"2025-07-23T10:06:22+00:00\" \/>\n<meta property=\"og:image\" content=\"https:\/\/cirsaart.com\/wp-content\/uploads\/2025\/06\/cropped-CIRSA-ART-LOGO-1_page-0001-1.jpg\" \/>\n\t<meta property=\"og:image:width\" content=\"240\" \/>\n\t<meta property=\"og:image:height\" content=\"243\" \/>\n\t<meta property=\"og:image:type\" content=\"image\/jpeg\" \/>\n<meta name=\"twitter:card\" content=\"summary_large_image\" \/>\n<meta name=\"twitter:label1\" content=\"Estimated reading time\" \/>\n\t<meta name=\"twitter:data1\" content=\"1 minute\" \/>\n<script type=\"application\/ld+json\" class=\"yoast-schema-graph\">{\"@context\":\"https:\\\/\\\/schema.org\",\"@graph\":[{\"@type\":\"WebPage\",\"@id\":\"https:\\\/\\\/cirsaart.com\\\/politica-de-cookies\\\/\",\"url\":\"https:\\\/\\\/cirsaart.com\\\/politica-de-cookies\\\/\",\"name\":\"Pol\u00edtica de Cookies -\",\"isPartOf\":{\"@id\":\"https:\\\/\\\/cirsaart.com\\\/#website\"},\"datePublished\":\"2025-07-08T15:28:21+00:00\",\"dateModified\":\"2025-07-23T10:06:22+00:00\",\"breadcrumb\":{\"@id\":\"https:\\\/\\\/cirsaart.com\\\/politica-de-cookies\\\/#breadcrumb\"},\"inLanguage\":\"en-GB\",\"potentialAction\":[{\"@type\":\"ReadAction\",\"target\":[\"https:\\\/\\\/cirsaart.com\\\/politica-de-cookies\\\/\"]}]},{\"@type\":\"BreadcrumbList\",\"@id\":\"https:\\\/\\\/cirsaart.com\\\/politica-de-cookies\\\/#breadcrumb\",\"itemListElement\":[{\"@type\":\"ListItem\",\"position\":1,\"name\":\"Home\",\"item\":\"https:\\\/\\\/cirsaart.com\\\/\"},{\"@type\":\"ListItem\",\"position\":2,\"name\":\"Pol\u00edtica de Cookies\"}]},{\"@type\":\"WebSite\",\"@id\":\"https:\\\/\\\/cirsaart.com\\\/#website\",\"url\":\"https:\\\/\\\/cirsaart.com\\\/\",\"name\":\"Cirsa Art\",\"description\":\"Bisuter\u00eda artesanal hecha a mano con arcilla polim\u00e9rica. Dise\u00f1os \u00fanicos creados para destacar tu esencia\",\"publisher\":{\"@id\":\"https:\\\/\\\/cirsaart.com\\\/#organization\"},\"alternateName\":\"Cirsa Art, Bisuter\u00eda Artesanal \u00danica\",\"potentialAction\":[{\"@type\":\"SearchAction\",\"target\":{\"@type\":\"EntryPoint\",\"urlTemplate\":\"https:\\\/\\\/cirsaart.com\\\/?s={search_term_string}\"},\"query-input\":{\"@type\":\"PropertyValueSpecification\",\"valueRequired\":true,\"valueName\":\"search_term_string\"}}],\"inLanguage\":\"en-GB\"},{\"@type\":\"Organization\",\"@id\":\"https:\\\/\\\/cirsaart.com\\\/#organization\",\"name\":\"Cirsa Art\",\"alternateName\":\"Cirsa Art, Bisuter\u00eda Artesanal \u00danica\",\"url\":\"https:\\\/\\\/cirsaart.com\\\/\",\"logo\":{\"@type\":\"ImageObject\",\"inLanguage\":\"en-GB\",\"@id\":\"https:\\\/\\\/cirsaart.com\\\/#\\\/schema\\\/logo\\\/image\\\/\",\"url\":\"https:\\\/\\\/cirsaart.com\\\/wp-content\\\/uploads\\\/2025\\\/06\\\/cropped-CIRSA-ART-LOGO-1_page-0001-1.jpg\",\"contentUrl\":\"https:\\\/\\\/cirsaart.com\\\/wp-content\\\/uploads\\\/2025\\\/06\\\/cropped-CIRSA-ART-LOGO-1_page-0001-1.jpg\",\"width\":240,\"height\":243,\"caption\":\"Cirsa Art\"},\"image\":{\"@id\":\"https:\\\/\\\/cirsaart.com\\\/#\\\/schema\\\/logo\\\/image\\\/\"}}]}<\/script>\n<!-- \/ Yoast SEO plugin. -->","yoast_head_json":{"title":"Pol\u00edtica de Cookies -","robots":{"index":"index","follow":"follow","max-snippet":"max-snippet:-1","max-image-preview":"max-image-preview:large","max-video-preview":"max-video-preview:-1"},"canonical":"https:\/\/cirsaart.com\/en\/politica-de-cookies\/","og_locale":"en_GB","og_type":"article","og_title":"Pol\u00edtica de Cookies -","og_description":"Pol\u00edtica de Cookies Este sitio web, propiedad de M\u00f3nica Pons Tor\u00e1n (Cirsa Art), utiliza cookies para mejorar la experiencia del usuario y garantizar el correcto funcionamiento del sitio. \u00bfQu\u00e9 son las cookies? Las cookies son peque\u00f1os archivos de texto que se almacenan en tu navegador cuando visitas una p\u00e1gina web. Sirven para reconocer tu dispositivo, [&hellip;]","og_url":"https:\/\/cirsaart.com\/en\/politica-de-cookies\/","article_modified_time":"2025-07-23T10:06:22+00:00","og_image":[{"width":240,"height":243,"url":"https:\/\/cirsaart.com\/wp-content\/uploads\/2025\/06\/cropped-CIRSA-ART-LOGO-1_page-0001-1.jpg","type":"image\/jpeg"}],"twitter_card":"summary_large_image","twitter_misc":{"Estimated reading time":"1 minute"},"schema":{"@context":"https:\/\/schema.org","@graph":[{"@type":"WebPage","@id":"https:\/\/cirsaart.com\/politica-de-cookies\/","url":"https:\/\/cirsaart.com\/politica-de-cookies\/","name":"Pol\u00edtica de Cookies -","isPartOf":{"@id":"https:\/\/cirsaart.com\/#website"},"datePublished":"2025-07-08T15:28:21+00:00","dateModified":"2025-07-23T10:06:22+00:00","breadcrumb":{"@id":"https:\/\/cirsaart.com\/politica-de-cookies\/#breadcrumb"},"inLanguage":"en-GB","potentialAction":[{"@type":"ReadAction","target":["https:\/\/cirsaart.com\/politica-de-cookies\/"]}]},{"@type":"BreadcrumbList","@id":"https:\/\/cirsaart.com\/politica-de-cookies\/#breadcrumb","itemListElement":[{"@type":"ListItem","position":1,"name":"Home","item":"https:\/\/cirsaart.com\/"},{"@type":"ListItem","position":2,"name":"Pol\u00edtica de Cookies"}]},{"@type":"WebSite","@id":"https:\/\/cirsaart.com\/#website","url":"https:\/\/cirsaart.com\/","name":"Cirsa Art","description":"Bisuter\u00eda artesanal hecha a mano con arcilla polim\u00e9rica. Dise\u00f1os \u00fanicos creados para destacar tu esencia","publisher":{"@id":"https:\/\/cirsaart.com\/#organization"},"alternateName":"Cirsa Art, Bisuter\u00eda Artesanal \u00danica","potentialAction":[{"@type":"SearchAction","target":{"@type":"EntryPoint","urlTemplate":"https:\/\/cirsaart.com\/?s={search_term_string}"},"query-input":{"@type":"PropertyValueSpecification","valueRequired":true,"valueName":"search_term_string"}}],"inLanguage":"en-GB"},{"@type":"Organization","@id":"https:\/\/cirsaart.com\/#organization","name":"Cirsa Art","alternateName":"Cirsa Art, Bisuter\u00eda Artesanal \u00danica","url":"https:\/\/cirsaart.com\/","logo":{"@type":"ImageObject","inLanguage":"en-GB","@id":"https:\/\/cirsaart.com\/#\/schema\/logo\/image\/","url":"https:\/\/cirsaart.com\/wp-content\/uploads\/2025\/06\/cropped-CIRSA-ART-LOGO-1_page-0001-1.jpg","contentUrl":"https:\/\/cirsaart.com\/wp-content\/uploads\/2025\/06\/cropped-CIRSA-ART-LOGO-1_page-0001-1.jpg","width":240,"height":243,"caption":"Cirsa Art"},"image":{"@id":"https:\/\/cirsaart.com\/#\/schema\/logo\/image\/"}}]}},"_links":{"self":[{"href":"https:\/\/cirsaart.com\/en\/wp-json\/wp\/v2\/pages\/1044","targetHints":{"allow":["GET"]}}],"collection":[{"href":"https:\/\/cirsaart.com\/en\/wp-json\/wp\/v2\/pages"}],"about":[{"href":"https:\/\/cirsaart.com\/en\/wp-json\/wp\/v2\/types\/page"}],"author":[{"embeddable":true,"href":"https:\/\/cirsaart.com\/en\/wp-json\/wp\/v2\/users\/1"}],"replies":[{"embeddable":true,"href":"https:\/\/cirsaart.com\/en\/wp-json\/wp\/v2\/comments?post=1044"}],"version-history":[{"count":9,"href":"https:\/\/cirsaart.com\/en\/wp-json\/wp\/v2\/pages\/1044\/revisions"}],"predecessor-version":[{"id":1601,"href":"https:\/\/cirsaart.com\/en\/wp-json\/wp\/v2\/pages\/1044\/revisions\/1601"}],"wp:attachment":[{"href":"https:\/\/cirsaart.com\/en\/wp-json\/wp\/v2\/media?parent=1044"}],"curies":[{"name":"wp","href":"https:\/\/api.w.org\/{rel}","templated":true}]}}