{"id":1172,"date":"2025-07-12T11:10:17","date_gmt":"2025-07-12T11:10:17","guid":{"rendered":"https:\/\/cirsaart.com\/?post_type=product&#038;p=1172"},"modified":"2025-07-26T20:12:03","modified_gmt":"2025-07-26T20:12:03","slug":"pendientes-ondina-azul","status":"publish","type":"product","link":"https:\/\/cirsaart.com\/en\/product\/pendientes-ondina-azul\/","title":{"rendered":"Pendientes Ondina Azul"},"content":{"rendered":"<p data-start=\"98\" data-end=\"497\">Los pendientes ondina azul presentan una forma ovalada con contornos ondulados. Enganche de poste de acero inoxidable. Su superficie combina tonos de azul pastel claro con sutiles matices en blanco y azul profundo.<\/p>\n<p data-start=\"499\" data-end=\"690\">\u2713 Hechos a mano con arcilla polim\u00e9rica<br data-start=\"768\" data-end=\"771\" \/>\u2713 Color azul pastel con matices en blanco y azul<br data-start=\"819\" data-end=\"822\" \/>\u2713 Enganche de poste de acero inoxidable<br data-start=\"902\" data-end=\"905\" \/>\u2713 Ligeros y c\u00f3modos para uso diario<\/p>\n<p data-start=\"942\" data-end=\"1007\">Ideales para regalar o para darle un toque art\u00edstico a tu estilo.<\/p>\n<p data-start=\"1009\" data-end=\"1202\"><em data-start=\"1009\" data-end=\"1128\">Si te gustan los Pendientes Ondina Azul, descubre m\u00e1s <a class=\"\" href=\"https:\/\/cirsaart.com\/en\/product-category\/bahia\/?v=151bb1da0f86\" target=\"_new\" rel=\"noopener\" data-start=\"1059\" data-end=\"1126\">aqu\u00ed<\/a>.<\/em><br data-start=\"1128\" data-end=\"1131\" \/><em data-start=\"1131\" data-end=\"1202\">Proceso creativo en <a class=\"\" href=\"https:\/\/www.instagram.com\/cirsa.art\" target=\"_new\" rel=\"noopener\" data-start=\"1152\" data-end=\"1201\">@cirsa.art<\/a><\/em><\/p>","protected":false},"excerpt":{"rendered":"<p>Dise\u00f1o ondulado en tonos azul pastel con matices suaves. Enganche de poste de acero inoxidable. Ligeros y originales, con un toque marino sutil.<\/p>","protected":false},"featured_media":1231,"template":"","meta":[],"product_brand":[],"product_cat":[39],"product_tag":[],"class_list":{"0":"post-1172","1":"product","2":"type-product","3":"status-publish","4":"has-post-thumbnail","6":"product_cat-bahia","8":"first","9":"instock","10":"taxable","11":"shipping-taxable","12":"purchasable","13":"product-type-simple"},"yoast_head":"<!-- This site is optimized with the Yoast SEO plugin v27.4 - https:\/\/yoast.com\/product\/yoast-seo-wordpress\/ -->\n<title>Pendientes Ondina Azul -<\/title>\n<meta name=\"description\" content=\"Pendientes Ondina Azul tono pastel claro con forma ondulada y hueco central. Enganche de poste, dise\u00f1o hecho a mano. Descubre m\u00e1s de la colecci\u00f3n Bah\u00eda.\" \/>\n<meta name=\"robots\" content=\"index, follow, max-snippet:-1, max-image-preview:large, max-video-preview:-1\" \/>\n<link rel=\"canonical\" href=\"https:\/\/cirsaart.com\/en\/product\/pendientes-ondina-azul\/\" \/>\n<meta property=\"og:locale\" content=\"en_GB\" \/>\n<meta property=\"og:type\" content=\"article\" \/>\n<meta property=\"og:title\" content=\"Pendientes Ondina Azul -\" \/>\n<meta property=\"og:description\" content=\"Pendientes Ondina Azul tono pastel claro con forma ondulada y hueco central. Enganche de poste, dise\u00f1o hecho a mano. Descubre m\u00e1s de la colecci\u00f3n Bah\u00eda.\" \/>\n<meta property=\"og:url\" content=\"https:\/\/cirsaart.com\/en\/product\/pendientes-ondina-azul\/\" \/>\n<meta property=\"article:modified_time\" content=\"2025-07-26T20:12:03+00:00\" \/>\n<meta property=\"og:image\" content=\"https:\/\/cirsaart.com\/wp-content\/uploads\/2025\/07\/DSC_1971-1-scaled.jpg\" \/>\n\t<meta property=\"og:image:width\" content=\"2560\" \/>\n\t<meta property=\"og:image:height\" content=\"1802\" \/>\n\t<meta property=\"og:image:type\" content=\"image\/jpeg\" \/>\n<meta name=\"twitter:card\" content=\"summary_large_image\" \/>\n<meta name=\"twitter:label1\" content=\"Estimated reading time\" \/>\n\t<meta name=\"twitter:data1\" content=\"1 minute\" \/>\n<script type=\"application\/ld+json\" class=\"yoast-schema-graph\">{\"@context\":\"https:\\\/\\\/schema.org\",\"@graph\":[{\"@type\":\"WebPage\",\"@id\":\"https:\\\/\\\/cirsaart.com\\\/product\\\/pendientes-ondina-azul\\\/\",\"url\":\"https:\\\/\\\/cirsaart.com\\\/product\\\/pendientes-ondina-azul\\\/\",\"name\":\"Pendientes Ondina Azul -\",\"isPartOf\":{\"@id\":\"https:\\\/\\\/cirsaart.com\\\/#website\"},\"primaryImageOfPage\":{\"@id\":\"https:\\\/\\\/cirsaart.com\\\/product\\\/pendientes-ondina-azul\\\/#primaryimage\"},\"image\":{\"@id\":\"https:\\\/\\\/cirsaart.com\\\/product\\\/pendientes-ondina-azul\\\/#primaryimage\"},\"thumbnailUrl\":\"https:\\\/\\\/cirsaart.com\\\/wp-content\\\/uploads\\\/2025\\\/07\\\/DSC_1971-1-scaled.jpg\",\"datePublished\":\"2025-07-12T11:10:17+00:00\",\"dateModified\":\"2025-07-26T20:12:03+00:00\",\"description\":\"Pendientes Ondina Azul tono pastel claro con forma ondulada y hueco central. Enganche de poste, dise\u00f1o hecho a mano. Descubre m\u00e1s de la colecci\u00f3n Bah\u00eda.\",\"breadcrumb\":{\"@id\":\"https:\\\/\\\/cirsaart.com\\\/product\\\/pendientes-ondina-azul\\\/#breadcrumb\"},\"inLanguage\":\"en-GB\",\"potentialAction\":[{\"@type\":\"ReadAction\",\"target\":[\"https:\\\/\\\/cirsaart.com\\\/product\\\/pendientes-ondina-azul\\\/\"]}]},{\"@type\":\"ImageObject\",\"inLanguage\":\"en-GB\",\"@id\":\"https:\\\/\\\/cirsaart.com\\\/product\\\/pendientes-ondina-azul\\\/#primaryimage\",\"url\":\"https:\\\/\\\/cirsaart.com\\\/wp-content\\\/uploads\\\/2025\\\/07\\\/DSC_1971-1-scaled.jpg\",\"contentUrl\":\"https:\\\/\\\/cirsaart.com\\\/wp-content\\\/uploads\\\/2025\\\/07\\\/DSC_1971-1-scaled.jpg\",\"width\":2560,\"height\":1802,\"caption\":\"Pendientes Ondina Azul\"},{\"@type\":\"BreadcrumbList\",\"@id\":\"https:\\\/\\\/cirsaart.com\\\/product\\\/pendientes-ondina-azul\\\/#breadcrumb\",\"itemListElement\":[{\"@type\":\"ListItem\",\"position\":1,\"name\":\"Home\",\"item\":\"https:\\\/\\\/cirsaart.com\\\/\"},{\"@type\":\"ListItem\",\"position\":2,\"name\":\"Tienda Cirsa Art\",\"item\":\"https:\\\/\\\/cirsaart.com\\\/tienda-cirsa-art\\\/\"},{\"@type\":\"ListItem\",\"position\":3,\"name\":\"Pendientes Ondina Azul\"}]},{\"@type\":\"WebSite\",\"@id\":\"https:\\\/\\\/cirsaart.com\\\/#website\",\"url\":\"https:\\\/\\\/cirsaart.com\\\/\",\"name\":\"Cirsa Art\",\"description\":\"Bisuter\u00eda artesanal hecha a mano con arcilla polim\u00e9rica. Dise\u00f1os \u00fanicos creados para destacar tu esencia\",\"publisher\":{\"@id\":\"https:\\\/\\\/cirsaart.com\\\/#organization\"},\"alternateName\":\"Cirsa Art, Bisuter\u00eda Artesanal \u00danica\",\"potentialAction\":[{\"@type\":\"SearchAction\",\"target\":{\"@type\":\"EntryPoint\",\"urlTemplate\":\"https:\\\/\\\/cirsaart.com\\\/?s={search_term_string}\"},\"query-input\":{\"@type\":\"PropertyValueSpecification\",\"valueRequired\":true,\"valueName\":\"search_term_string\"}}],\"inLanguage\":\"en-GB\"},{\"@type\":\"Organization\",\"@id\":\"https:\\\/\\\/cirsaart.com\\\/#organization\",\"name\":\"Cirsa Art\",\"alternateName\":\"Cirsa Art, Bisuter\u00eda Artesanal \u00danica\",\"url\":\"https:\\\/\\\/cirsaart.com\\\/\",\"logo\":{\"@type\":\"ImageObject\",\"inLanguage\":\"en-GB\",\"@id\":\"https:\\\/\\\/cirsaart.com\\\/#\\\/schema\\\/logo\\\/image\\\/\",\"url\":\"https:\\\/\\\/cirsaart.com\\\/wp-content\\\/uploads\\\/2025\\\/06\\\/cropped-CIRSA-ART-LOGO-1_page-0001-1.jpg\",\"contentUrl\":\"https:\\\/\\\/cirsaart.com\\\/wp-content\\\/uploads\\\/2025\\\/06\\\/cropped-CIRSA-ART-LOGO-1_page-0001-1.jpg\",\"width\":240,\"height\":243,\"caption\":\"Cirsa Art\"},\"image\":{\"@id\":\"https:\\\/\\\/cirsaart.com\\\/#\\\/schema\\\/logo\\\/image\\\/\"}}]}<\/script>\n<!-- \/ Yoast SEO plugin. -->","yoast_head_json":{"title":"Pendientes Ondina Azul -","description":"Pendientes Ondina Azul tono pastel claro con forma ondulada y hueco central. Enganche de poste, dise\u00f1o hecho a mano. Descubre m\u00e1s de la colecci\u00f3n Bah\u00eda.","robots":{"index":"index","follow":"follow","max-snippet":"max-snippet:-1","max-image-preview":"max-image-preview:large","max-video-preview":"max-video-preview:-1"},"canonical":"https:\/\/cirsaart.com\/en\/product\/pendientes-ondina-azul\/","og_locale":"en_GB","og_type":"article","og_title":"Pendientes Ondina Azul -","og_description":"Pendientes Ondina Azul tono pastel claro con forma ondulada y hueco central. Enganche de poste, dise\u00f1o hecho a mano. Descubre m\u00e1s de la colecci\u00f3n Bah\u00eda.","og_url":"https:\/\/cirsaart.com\/en\/product\/pendientes-ondina-azul\/","article_modified_time":"2025-07-26T20:12:03+00:00","og_image":[{"width":2560,"height":1802,"url":"https:\/\/cirsaart.com\/wp-content\/uploads\/2025\/07\/DSC_1971-1-scaled.jpg","type":"image\/jpeg"}],"twitter_card":"summary_large_image","twitter_misc":{"Estimated reading time":"1 minute"},"schema":{"@context":"https:\/\/schema.org","@graph":[{"@type":"WebPage","@id":"https:\/\/cirsaart.com\/product\/pendientes-ondina-azul\/","url":"https:\/\/cirsaart.com\/product\/pendientes-ondina-azul\/","name":"Pendientes Ondina Azul -","isPartOf":{"@id":"https:\/\/cirsaart.com\/#website"},"primaryImageOfPage":{"@id":"https:\/\/cirsaart.com\/product\/pendientes-ondina-azul\/#primaryimage"},"image":{"@id":"https:\/\/cirsaart.com\/product\/pendientes-ondina-azul\/#primaryimage"},"thumbnailUrl":"https:\/\/cirsaart.com\/wp-content\/uploads\/2025\/07\/DSC_1971-1-scaled.jpg","datePublished":"2025-07-12T11:10:17+00:00","dateModified":"2025-07-26T20:12:03+00:00","description":"Pendientes Ondina Azul tono pastel claro con forma ondulada y hueco central. Enganche de poste, dise\u00f1o hecho a mano. Descubre m\u00e1s de la colecci\u00f3n Bah\u00eda.","breadcrumb":{"@id":"https:\/\/cirsaart.com\/product\/pendientes-ondina-azul\/#breadcrumb"},"inLanguage":"en-GB","potentialAction":[{"@type":"ReadAction","target":["https:\/\/cirsaart.com\/product\/pendientes-ondina-azul\/"]}]},{"@type":"ImageObject","inLanguage":"en-GB","@id":"https:\/\/cirsaart.com\/product\/pendientes-ondina-azul\/#primaryimage","url":"https:\/\/cirsaart.com\/wp-content\/uploads\/2025\/07\/DSC_1971-1-scaled.jpg","contentUrl":"https:\/\/cirsaart.com\/wp-content\/uploads\/2025\/07\/DSC_1971-1-scaled.jpg","width":2560,"height":1802,"caption":"Pendientes Ondina Azul"},{"@type":"BreadcrumbList","@id":"https:\/\/cirsaart.com\/product\/pendientes-ondina-azul\/#breadcrumb","itemListElement":[{"@type":"ListItem","position":1,"name":"Home","item":"https:\/\/cirsaart.com\/"},{"@type":"ListItem","position":2,"name":"Tienda Cirsa Art","item":"https:\/\/cirsaart.com\/tienda-cirsa-art\/"},{"@type":"ListItem","position":3,"name":"Pendientes Ondina Azul"}]},{"@type":"WebSite","@id":"https:\/\/cirsaart.com\/#website","url":"https:\/\/cirsaart.com\/","name":"Cirsa Art","description":"Bisuter\u00eda artesanal hecha a mano con arcilla polim\u00e9rica. Dise\u00f1os \u00fanicos creados para destacar tu esencia","publisher":{"@id":"https:\/\/cirsaart.com\/#organization"},"alternateName":"Cirsa Art, Bisuter\u00eda Artesanal \u00danica","potentialAction":[{"@type":"SearchAction","target":{"@type":"EntryPoint","urlTemplate":"https:\/\/cirsaart.com\/?s={search_term_string}"},"query-input":{"@type":"PropertyValueSpecification","valueRequired":true,"valueName":"search_term_string"}}],"inLanguage":"en-GB"},{"@type":"Organization","@id":"https:\/\/cirsaart.com\/#organization","name":"Cirsa Art","alternateName":"Cirsa Art, Bisuter\u00eda Artesanal \u00danica","url":"https:\/\/cirsaart.com\/","logo":{"@type":"ImageObject","inLanguage":"en-GB","@id":"https:\/\/cirsaart.com\/#\/schema\/logo\/image\/","url":"https:\/\/cirsaart.com\/wp-content\/uploads\/2025\/06\/cropped-CIRSA-ART-LOGO-1_page-0001-1.jpg","contentUrl":"https:\/\/cirsaart.com\/wp-content\/uploads\/2025\/06\/cropped-CIRSA-ART-LOGO-1_page-0001-1.jpg","width":240,"height":243,"caption":"Cirsa Art"},"image":{"@id":"https:\/\/cirsaart.com\/#\/schema\/logo\/image\/"}}]}},"_links":{"self":[{"href":"https:\/\/cirsaart.com\/en\/wp-json\/wp\/v2\/product\/1172","targetHints":{"allow":["GET"]}}],"collection":[{"href":"https:\/\/cirsaart.com\/en\/wp-json\/wp\/v2\/product"}],"about":[{"href":"https:\/\/cirsaart.com\/en\/wp-json\/wp\/v2\/types\/product"}],"version-history":[{"count":5,"href":"https:\/\/cirsaart.com\/en\/wp-json\/wp\/v2\/product\/1172\/revisions"}],"predecessor-version":[{"id":1479,"href":"https:\/\/cirsaart.com\/en\/wp-json\/wp\/v2\/product\/1172\/revisions\/1479"}],"wp:featuredmedia":[{"embeddable":true,"href":"https:\/\/cirsaart.com\/en\/wp-json\/wp\/v2\/media\/1231"}],"wp:attachment":[{"href":"https:\/\/cirsaart.com\/en\/wp-json\/wp\/v2\/media?parent=1172"}],"wp:term":[{"taxonomy":"product_brand","embeddable":true,"href":"https:\/\/cirsaart.com\/en\/wp-json\/wp\/v2\/product_brand?post=1172"},{"taxonomy":"product_cat","embeddable":true,"href":"https:\/\/cirsaart.com\/en\/wp-json\/wp\/v2\/product_cat?post=1172"},{"taxonomy":"product_tag","embeddable":true,"href":"https:\/\/cirsaart.com\/en\/wp-json\/wp\/v2\/product_tag?post=1172"}],"curies":[{"name":"wp","href":"https:\/\/api.w.org\/{rel}","templated":true}]}}