{"id":1177,"date":"2025-07-12T11:29:21","date_gmt":"2025-07-12T11:29:21","guid":{"rendered":"https:\/\/cirsaart.com\/?post_type=product&#038;p=1177"},"modified":"2025-07-26T20:11:46","modified_gmt":"2025-07-26T20:11:46","slug":"pendientes-diptico-ovalado-bahia","status":"publish","type":"product","link":"https:\/\/cirsaart.com\/en\/product\/pendientes-diptico-ovalado-bahia\/","title":{"rendered":"Pendientes D\u00edptico Ovalado Bah\u00eda"},"content":{"rendered":"<div class=\"flex basis-auto flex-col -mb-(--composer-overlap-px) [--composer-overlap-px:55px] grow overflow-hidden\">\n<div class=\"relative h-full\">\n<div class=\"flex h-full flex-col overflow-y-auto [scrollbar-gutter:stable_both-edges] @[84rem]\/thread:pt-(--header-height)\">\n<div class=\"@thread-xl\/thread:pt-header-height flex flex-col text-sm pb-25\">\n<article class=\"text-token-text-primary w-full\" dir=\"auto\" data-testid=\"conversation-turn-38\" data-scroll-anchor=\"true\">\n<div class=\"text-base my-auto mx-auto py-5 [--thread-content-margin:--spacing(4)] @[37rem]:[--thread-content-margin:--spacing(6)] @[72rem]:[--thread-content-margin:--spacing(16)] px-(--thread-content-margin)\">\n<div class=\"[--thread-content-max-width:32rem] @[34rem]:[--thread-content-max-width:40rem] @[64rem]:[--thread-content-max-width:48rem] mx-auto flex max-w-(--thread-content-max-width) flex-1 text-base gap-4 md:gap-5 lg:gap-6 group\/turn-messages focus-visible:outline-hidden\" tabindex=\"-1\">\n<div class=\"group\/conversation-turn relative flex w-full min-w-0 flex-col agent-turn\">\n<div class=\"relative flex-col gap-1 md:gap-3\">\n<div class=\"flex max-w-full flex-col grow\">\n<div class=\"min-h-8 text-message relative flex w-full flex-col items-end gap-2 text-start break-words whitespace-normal [.text-message+&amp;]:mt-5\" dir=\"auto\" data-message-author-role=\"assistant\" data-message-id=\"ea95dfd2-900b-4b0b-be75-3beb4adbf5cc\" data-message-model-slug=\"gpt-4o\">\n<div class=\"flex w-full flex-col gap-1 empty:hidden first:pt-[3px]\">\n<div class=\"markdown prose dark:prose-invert w-full break-words light\">\n<p data-start=\"176\" data-end=\"566\">Los pendientes d\u00edptico ovalado bah\u00eda presentan una elegante forma ovalada dividida en dos piezas: la superior en azul pastel claro con matices suaves en blanco y azul m\u00e1s profundo, y la inferior en blanco con l\u00edneas marcadas que aportan textura y contraste.\u00a0Enganche de bola plateada. Su dise\u00f1o combina frescura marina y armon\u00eda geom\u00e9trica.<\/p>\n<p data-start=\"755\" data-end=\"1027\">\u2713 Hechos a mano con arcilla polim\u00e9rica<br data-start=\"793\" data-end=\"796\" \/>\u2713 Dise\u00f1o d\u00edptico ovalado<br data-start=\"820\" data-end=\"823\" \/>\u2713 Parte superior azul pastel con matices suaves<br data-start=\"870\" data-end=\"873\" \/>\u2713 Parte inferior blanca con l\u00edneas texturizadas<br data-start=\"920\" data-end=\"923\" \/>\u2713 Enganche de bola plateada<br data-start=\"950\" data-end=\"953\" \/>\u2713 Lijados, pulidos y barnizados a mano<\/p>\n<p data-start=\"1029\" data-end=\"1098\">Ideales para cualquier ocasi\u00f3n, con un dise\u00f1o original y equilibrado.<\/p>\n<p data-start=\"1100\" data-end=\"1308\"><em data-start=\"1100\" data-end=\"1234\">Si te gustan los Pendientes D\u00edptico Ovalado Bah\u00eda, descubre m\u00e1s <a class=\"\" href=\"https:\/\/cirsaart.com\/product-category\/bahia\/?v=151bb1da0f86\" target=\"_new\" rel=\"noopener\" data-start=\"1165\" data-end=\"1232\">aqu\u00ed<\/a>.<\/em><br data-start=\"1234\" data-end=\"1237\" \/><em data-start=\"1237\" data-end=\"1308\">Proceso creativo en <a class=\"\" href=\"https:\/\/www.instagram.com\/cirsa.art\" target=\"_new\" rel=\"noopener\" data-start=\"1258\" data-end=\"1307\">@cirsa.art<\/a><\/em><\/p>\n<p><input tabindex=\"-1\" multiple=\"multiple\" type=\"file\" \/><\/p>\n<\/div>\n<\/div>\n<\/div>\n<\/div>\n<\/div>\n<\/div>\n<\/div>\n<\/div>\n<\/article>\n<\/div>\n<\/div>\n<\/div>\n<\/div>\n<div id=\"thread-bottom-container\" class=\"content-fade relative isolate z-10 w-full basis-auto has-data-has-thread-error:pt-2 has-data-has-thread-error:[box-shadow:var(--sharp-edge-bottom-shadow)] md:border-transparent md:pt-0 dark:border-white\/20 md:dark:border-transparent flex flex-col\">\n<div id=\"thread-bottom\">\n<div class=\"text-base mx-auto [--thread-content-margin:--spacing(4)] @[37rem]:[--thread-content-margin:--spacing(6)] @[72rem]:[--thread-content-margin:--spacing(16)] px-(--thread-content-margin)\">\n<div class=\"[--thread-content-max-width:32rem] @[34rem]:[--thread-content-max-width:40rem] @[64rem]:[--thread-content-max-width:48rem] mx-auto flex max-w-(--thread-content-max-width) flex-1 text-base gap-4 md:gap-5 lg:gap-6\">\n<div class=\"max-xs:[--force-hide-label:none] relative z-1 flex h-full max-w-full flex-1 flex-col\">\n<form class=\"w-full [view-transition-name:var(--vt-composer)]\" data-type=\"unified-composer\">\n<div class=\"bg-token-bg-primary flex w-full cursor-text flex-col items-center justify-center overflow-clip bg-clip-padding contain-inline-size dark:bg-[#303030] shadow-short rounded-[28px]\">\n<div class=\"relative flex w-full items-end px-2.5 py-2.5\">\n<div class=\"relative flex w-full flex-auto flex-col\">\n<div class=\"relative mx-2.5 grid grid-cols-[auto_minmax(0,1fr)]\">\n<div class=\"items-top flex justify-center\">\n<div><\/div>\n<\/div>\n<\/div>\n<\/div>\n<\/div>\n<\/div>\n<\/form>\n<\/div>\n<\/div>\n<\/div>\n<\/div>\n<\/div>\n","protected":false},"excerpt":{"rendered":"<p data-start=\"1341\" data-end=\"1489\">Dise\u00f1o d\u00edptico ovalado en azul pastel y blanco texturizado. Con enganche de bola plateada. Ligeros, elegantes y con movimiento.<\/p>","protected":false},"featured_media":1178,"template":"","meta":[],"product_brand":[],"product_cat":[39],"product_tag":[],"class_list":{"0":"post-1177","1":"product","2":"type-product","3":"status-publish","4":"has-post-thumbnail","6":"product_cat-bahia","8":"first","9":"instock","10":"taxable","11":"shipping-taxable","12":"purchasable","13":"product-type-simple"},"yoast_head":"<!-- This site is optimized with the Yoast SEO plugin v27.4 - https:\/\/yoast.com\/product\/yoast-seo-wordpress\/ -->\n<title>Pendientes D\u00edptico Ovalado Bah\u00eda -<\/title>\n<meta name=\"description\" content=\"Pendientes D\u00edptico Ovalado Bah\u00eda en azul pastel y blanco texturizado. Dise\u00f1o colgante hecho a mano. Descubre m\u00e1s de la colecci\u00f3n Bah\u00eda.\" \/>\n<meta name=\"robots\" content=\"index, follow, max-snippet:-1, max-image-preview:large, max-video-preview:-1\" \/>\n<link rel=\"canonical\" href=\"https:\/\/cirsaart.com\/en\/product\/pendientes-diptico-ovalado-bahia\/\" \/>\n<meta property=\"og:locale\" content=\"en_GB\" \/>\n<meta property=\"og:type\" content=\"article\" \/>\n<meta property=\"og:title\" content=\"Pendientes D\u00edptico Ovalado Bah\u00eda -\" \/>\n<meta property=\"og:description\" content=\"Pendientes D\u00edptico Ovalado Bah\u00eda en azul pastel y blanco texturizado. Dise\u00f1o colgante hecho a mano. Descubre m\u00e1s de la colecci\u00f3n Bah\u00eda.\" \/>\n<meta property=\"og:url\" content=\"https:\/\/cirsaart.com\/en\/product\/pendientes-diptico-ovalado-bahia\/\" \/>\n<meta property=\"article:modified_time\" content=\"2025-07-26T20:11:46+00:00\" \/>\n<meta property=\"og:image\" content=\"https:\/\/cirsaart.com\/wp-content\/uploads\/2025\/07\/DSC_1964-scaled.jpg\" \/>\n\t<meta property=\"og:image:width\" content=\"2560\" \/>\n\t<meta property=\"og:image:height\" content=\"1908\" \/>\n\t<meta property=\"og:image:type\" content=\"image\/jpeg\" \/>\n<meta name=\"twitter:card\" content=\"summary_large_image\" \/>\n<meta name=\"twitter:label1\" content=\"Estimated reading time\" \/>\n\t<meta name=\"twitter:data1\" content=\"1 minute\" \/>\n<script type=\"application\/ld+json\" class=\"yoast-schema-graph\">{\"@context\":\"https:\\\/\\\/schema.org\",\"@graph\":[{\"@type\":\"WebPage\",\"@id\":\"https:\\\/\\\/cirsaart.com\\\/product\\\/pendientes-diptico-ovalado-bahia\\\/\",\"url\":\"https:\\\/\\\/cirsaart.com\\\/product\\\/pendientes-diptico-ovalado-bahia\\\/\",\"name\":\"Pendientes D\u00edptico Ovalado Bah\u00eda -\",\"isPartOf\":{\"@id\":\"https:\\\/\\\/cirsaart.com\\\/#website\"},\"primaryImageOfPage\":{\"@id\":\"https:\\\/\\\/cirsaart.com\\\/product\\\/pendientes-diptico-ovalado-bahia\\\/#primaryimage\"},\"image\":{\"@id\":\"https:\\\/\\\/cirsaart.com\\\/product\\\/pendientes-diptico-ovalado-bahia\\\/#primaryimage\"},\"thumbnailUrl\":\"https:\\\/\\\/cirsaart.com\\\/wp-content\\\/uploads\\\/2025\\\/07\\\/DSC_1964-scaled.jpg\",\"datePublished\":\"2025-07-12T11:29:21+00:00\",\"dateModified\":\"2025-07-26T20:11:46+00:00\",\"description\":\"Pendientes D\u00edptico Ovalado Bah\u00eda en azul pastel y blanco texturizado. Dise\u00f1o colgante hecho a mano. Descubre m\u00e1s de la colecci\u00f3n Bah\u00eda.\",\"breadcrumb\":{\"@id\":\"https:\\\/\\\/cirsaart.com\\\/product\\\/pendientes-diptico-ovalado-bahia\\\/#breadcrumb\"},\"inLanguage\":\"en-GB\",\"potentialAction\":[{\"@type\":\"ReadAction\",\"target\":[\"https:\\\/\\\/cirsaart.com\\\/product\\\/pendientes-diptico-ovalado-bahia\\\/\"]}]},{\"@type\":\"ImageObject\",\"inLanguage\":\"en-GB\",\"@id\":\"https:\\\/\\\/cirsaart.com\\\/product\\\/pendientes-diptico-ovalado-bahia\\\/#primaryimage\",\"url\":\"https:\\\/\\\/cirsaart.com\\\/wp-content\\\/uploads\\\/2025\\\/07\\\/DSC_1964-scaled.jpg\",\"contentUrl\":\"https:\\\/\\\/cirsaart.com\\\/wp-content\\\/uploads\\\/2025\\\/07\\\/DSC_1964-scaled.jpg\",\"width\":2560,\"height\":1908,\"caption\":\"Pendientes D\u00edptico Ovalado Bah\u00eda\"},{\"@type\":\"BreadcrumbList\",\"@id\":\"https:\\\/\\\/cirsaart.com\\\/product\\\/pendientes-diptico-ovalado-bahia\\\/#breadcrumb\",\"itemListElement\":[{\"@type\":\"ListItem\",\"position\":1,\"name\":\"Home\",\"item\":\"https:\\\/\\\/cirsaart.com\\\/\"},{\"@type\":\"ListItem\",\"position\":2,\"name\":\"Tienda Cirsa Art\",\"item\":\"https:\\\/\\\/cirsaart.com\\\/tienda-cirsa-art\\\/\"},{\"@type\":\"ListItem\",\"position\":3,\"name\":\"Pendientes D\u00edptico Ovalado Bah\u00eda\"}]},{\"@type\":\"WebSite\",\"@id\":\"https:\\\/\\\/cirsaart.com\\\/#website\",\"url\":\"https:\\\/\\\/cirsaart.com\\\/\",\"name\":\"Cirsa Art\",\"description\":\"Bisuter\u00eda artesanal hecha a mano con arcilla polim\u00e9rica. Dise\u00f1os \u00fanicos creados para destacar tu esencia\",\"publisher\":{\"@id\":\"https:\\\/\\\/cirsaart.com\\\/#organization\"},\"alternateName\":\"Cirsa Art, Bisuter\u00eda Artesanal \u00danica\",\"potentialAction\":[{\"@type\":\"SearchAction\",\"target\":{\"@type\":\"EntryPoint\",\"urlTemplate\":\"https:\\\/\\\/cirsaart.com\\\/?s={search_term_string}\"},\"query-input\":{\"@type\":\"PropertyValueSpecification\",\"valueRequired\":true,\"valueName\":\"search_term_string\"}}],\"inLanguage\":\"en-GB\"},{\"@type\":\"Organization\",\"@id\":\"https:\\\/\\\/cirsaart.com\\\/#organization\",\"name\":\"Cirsa Art\",\"alternateName\":\"Cirsa Art, Bisuter\u00eda Artesanal \u00danica\",\"url\":\"https:\\\/\\\/cirsaart.com\\\/\",\"logo\":{\"@type\":\"ImageObject\",\"inLanguage\":\"en-GB\",\"@id\":\"https:\\\/\\\/cirsaart.com\\\/#\\\/schema\\\/logo\\\/image\\\/\",\"url\":\"https:\\\/\\\/cirsaart.com\\\/wp-content\\\/uploads\\\/2025\\\/06\\\/cropped-CIRSA-ART-LOGO-1_page-0001-1.jpg\",\"contentUrl\":\"https:\\\/\\\/cirsaart.com\\\/wp-content\\\/uploads\\\/2025\\\/06\\\/cropped-CIRSA-ART-LOGO-1_page-0001-1.jpg\",\"width\":240,\"height\":243,\"caption\":\"Cirsa Art\"},\"image\":{\"@id\":\"https:\\\/\\\/cirsaart.com\\\/#\\\/schema\\\/logo\\\/image\\\/\"}}]}<\/script>\n<!-- \/ Yoast SEO plugin. -->","yoast_head_json":{"title":"Pendientes D\u00edptico Ovalado Bah\u00eda -","description":"Pendientes D\u00edptico Ovalado Bah\u00eda en azul pastel y blanco texturizado. Dise\u00f1o colgante hecho a mano. Descubre m\u00e1s de la colecci\u00f3n Bah\u00eda.","robots":{"index":"index","follow":"follow","max-snippet":"max-snippet:-1","max-image-preview":"max-image-preview:large","max-video-preview":"max-video-preview:-1"},"canonical":"https:\/\/cirsaart.com\/en\/product\/pendientes-diptico-ovalado-bahia\/","og_locale":"en_GB","og_type":"article","og_title":"Pendientes D\u00edptico Ovalado Bah\u00eda -","og_description":"Pendientes D\u00edptico Ovalado Bah\u00eda en azul pastel y blanco texturizado. Dise\u00f1o colgante hecho a mano. Descubre m\u00e1s de la colecci\u00f3n Bah\u00eda.","og_url":"https:\/\/cirsaart.com\/en\/product\/pendientes-diptico-ovalado-bahia\/","article_modified_time":"2025-07-26T20:11:46+00:00","og_image":[{"width":2560,"height":1908,"url":"https:\/\/cirsaart.com\/wp-content\/uploads\/2025\/07\/DSC_1964-scaled.jpg","type":"image\/jpeg"}],"twitter_card":"summary_large_image","twitter_misc":{"Estimated reading time":"1 minute"},"schema":{"@context":"https:\/\/schema.org","@graph":[{"@type":"WebPage","@id":"https:\/\/cirsaart.com\/product\/pendientes-diptico-ovalado-bahia\/","url":"https:\/\/cirsaart.com\/product\/pendientes-diptico-ovalado-bahia\/","name":"Pendientes D\u00edptico Ovalado Bah\u00eda -","isPartOf":{"@id":"https:\/\/cirsaart.com\/#website"},"primaryImageOfPage":{"@id":"https:\/\/cirsaart.com\/product\/pendientes-diptico-ovalado-bahia\/#primaryimage"},"image":{"@id":"https:\/\/cirsaart.com\/product\/pendientes-diptico-ovalado-bahia\/#primaryimage"},"thumbnailUrl":"https:\/\/cirsaart.com\/wp-content\/uploads\/2025\/07\/DSC_1964-scaled.jpg","datePublished":"2025-07-12T11:29:21+00:00","dateModified":"2025-07-26T20:11:46+00:00","description":"Pendientes D\u00edptico Ovalado Bah\u00eda en azul pastel y blanco texturizado. Dise\u00f1o colgante hecho a mano. Descubre m\u00e1s de la colecci\u00f3n Bah\u00eda.","breadcrumb":{"@id":"https:\/\/cirsaart.com\/product\/pendientes-diptico-ovalado-bahia\/#breadcrumb"},"inLanguage":"en-GB","potentialAction":[{"@type":"ReadAction","target":["https:\/\/cirsaart.com\/product\/pendientes-diptico-ovalado-bahia\/"]}]},{"@type":"ImageObject","inLanguage":"en-GB","@id":"https:\/\/cirsaart.com\/product\/pendientes-diptico-ovalado-bahia\/#primaryimage","url":"https:\/\/cirsaart.com\/wp-content\/uploads\/2025\/07\/DSC_1964-scaled.jpg","contentUrl":"https:\/\/cirsaart.com\/wp-content\/uploads\/2025\/07\/DSC_1964-scaled.jpg","width":2560,"height":1908,"caption":"Pendientes D\u00edptico Ovalado Bah\u00eda"},{"@type":"BreadcrumbList","@id":"https:\/\/cirsaart.com\/product\/pendientes-diptico-ovalado-bahia\/#breadcrumb","itemListElement":[{"@type":"ListItem","position":1,"name":"Home","item":"https:\/\/cirsaart.com\/"},{"@type":"ListItem","position":2,"name":"Tienda Cirsa Art","item":"https:\/\/cirsaart.com\/tienda-cirsa-art\/"},{"@type":"ListItem","position":3,"name":"Pendientes D\u00edptico Ovalado Bah\u00eda"}]},{"@type":"WebSite","@id":"https:\/\/cirsaart.com\/#website","url":"https:\/\/cirsaart.com\/","name":"Cirsa Art","description":"Bisuter\u00eda artesanal hecha a mano con arcilla polim\u00e9rica. Dise\u00f1os \u00fanicos creados para destacar tu esencia","publisher":{"@id":"https:\/\/cirsaart.com\/#organization"},"alternateName":"Cirsa Art, Bisuter\u00eda Artesanal \u00danica","potentialAction":[{"@type":"SearchAction","target":{"@type":"EntryPoint","urlTemplate":"https:\/\/cirsaart.com\/?s={search_term_string}"},"query-input":{"@type":"PropertyValueSpecification","valueRequired":true,"valueName":"search_term_string"}}],"inLanguage":"en-GB"},{"@type":"Organization","@id":"https:\/\/cirsaart.com\/#organization","name":"Cirsa Art","alternateName":"Cirsa Art, Bisuter\u00eda Artesanal \u00danica","url":"https:\/\/cirsaart.com\/","logo":{"@type":"ImageObject","inLanguage":"en-GB","@id":"https:\/\/cirsaart.com\/#\/schema\/logo\/image\/","url":"https:\/\/cirsaart.com\/wp-content\/uploads\/2025\/06\/cropped-CIRSA-ART-LOGO-1_page-0001-1.jpg","contentUrl":"https:\/\/cirsaart.com\/wp-content\/uploads\/2025\/06\/cropped-CIRSA-ART-LOGO-1_page-0001-1.jpg","width":240,"height":243,"caption":"Cirsa Art"},"image":{"@id":"https:\/\/cirsaart.com\/#\/schema\/logo\/image\/"}}]}},"_links":{"self":[{"href":"https:\/\/cirsaart.com\/en\/wp-json\/wp\/v2\/product\/1177","targetHints":{"allow":["GET"]}}],"collection":[{"href":"https:\/\/cirsaart.com\/en\/wp-json\/wp\/v2\/product"}],"about":[{"href":"https:\/\/cirsaart.com\/en\/wp-json\/wp\/v2\/types\/product"}],"version-history":[{"count":3,"href":"https:\/\/cirsaart.com\/en\/wp-json\/wp\/v2\/product\/1177\/revisions"}],"predecessor-version":[{"id":1481,"href":"https:\/\/cirsaart.com\/en\/wp-json\/wp\/v2\/product\/1177\/revisions\/1481"}],"wp:featuredmedia":[{"embeddable":true,"href":"https:\/\/cirsaart.com\/en\/wp-json\/wp\/v2\/media\/1178"}],"wp:attachment":[{"href":"https:\/\/cirsaart.com\/en\/wp-json\/wp\/v2\/media?parent=1177"}],"wp:term":[{"taxonomy":"product_brand","embeddable":true,"href":"https:\/\/cirsaart.com\/en\/wp-json\/wp\/v2\/product_brand?post=1177"},{"taxonomy":"product_cat","embeddable":true,"href":"https:\/\/cirsaart.com\/en\/wp-json\/wp\/v2\/product_cat?post=1177"},{"taxonomy":"product_tag","embeddable":true,"href":"https:\/\/cirsaart.com\/en\/wp-json\/wp\/v2\/product_tag?post=1177"}],"curies":[{"name":"wp","href":"https:\/\/api.w.org\/{rel}","templated":true}]}}