{"id":1205,"date":"2025-07-12T14:24:44","date_gmt":"2025-07-12T14:24:44","guid":{"rendered":"https:\/\/cirsaart.com\/?post_type=product&#038;p=1205"},"modified":"2025-07-26T20:10:27","modified_gmt":"2025-07-26T20:10:27","slug":"pendientes-enea-blanco","status":"publish","type":"product","link":"https:\/\/cirsaart.com\/en\/product\/pendientes-enea-blanco\/","title":{"rendered":"Pendientes Enea Blanco"},"content":{"rendered":"<p data-start=\"114\" data-end=\"453\">Los Pendientes Enea Blanco presentan una forma semiesf\u00e9rica colgante con contraste de texturas. La semiesfera blanca tiene textura tipo cuero. La pieza superior, en azul marino, destaca con un acabado esmaltado y efecto azulejo con formas internas m\u00e1s oscuras. El enganche es de poste en acero inoxidable.<\/p>\n<p data-start=\"588\" data-end=\"846\">\u2713 Dise\u00f1o semiesf\u00e9rico con contraste de texturas<br data-start=\"635\" data-end=\"638\" \/>\u2713 Semiesfera blanca con textura tipo cuero<br data-start=\"680\" data-end=\"683\" \/>\u2713 Azul marino brillante con efecto azulejo<br data-start=\"725\" data-end=\"728\" \/>\u2713 Enganche de poste en acero inoxidable<br data-start=\"808\" data-end=\"811\" \/>\u2713 Ligeros y con acabado artesanal<\/p>\n<p data-start=\"848\" data-end=\"1063\"><em data-start=\"848\" data-end=\"989\">Si te gustan los Pendientes Enea Blanco, descubre m\u00e1s aqu\u00ed: <a class=\"\" href=\"https:\/\/cirsaart.com\/en\/product-category\/bahia\/?v=151bb1da0f86\" target=\"_new\" rel=\"noopener\" data-start=\"909\" data-end=\"987\">colecci\u00f3n Bah\u00eda<\/a>.<\/em><br data-start=\"989\" data-end=\"992\" \/><em data-start=\"992\" data-end=\"1063\">Proceso creativo en <a class=\"\" href=\"https:\/\/www.instagram.com\/cirsa.art\" target=\"_new\" rel=\"noopener\" data-start=\"1013\" data-end=\"1062\">@cirsa.art<\/a><\/em><\/p>","protected":false},"excerpt":{"rendered":"<p>Dise\u00f1o semiesf\u00e9rico colgante en blanco con textura tipo cuero y azul marino brillante con efecto azulejo. Perfectos para aportar un toque elegante y sofisticado a tu look diario.<\/p>","protected":false},"featured_media":1208,"template":"","meta":[],"product_brand":[],"product_cat":[39],"product_tag":[],"class_list":{"0":"post-1205","1":"product","2":"type-product","3":"status-publish","4":"has-post-thumbnail","6":"product_cat-bahia","8":"first","9":"instock","10":"taxable","11":"shipping-taxable","12":"purchasable","13":"product-type-simple"},"yoast_head":"<!-- This site is optimized with the Yoast SEO plugin v27.4 - https:\/\/yoast.com\/product\/yoast-seo-wordpress\/ -->\n<title>Pendientes Enea Blanco -<\/title>\n<meta name=\"description\" content=\"Pendientes Enea Blanco: dise\u00f1o semiesf\u00e9rico con textura blanca y efecto azulejo azul marino brillante. Enganche de poste en acero inoxidable.\" \/>\n<meta name=\"robots\" content=\"index, follow, max-snippet:-1, max-image-preview:large, max-video-preview:-1\" \/>\n<link rel=\"canonical\" href=\"https:\/\/cirsaart.com\/en\/product\/pendientes-enea-blanco\/\" \/>\n<meta property=\"og:locale\" content=\"en_GB\" \/>\n<meta property=\"og:type\" content=\"article\" \/>\n<meta property=\"og:title\" content=\"Pendientes Enea Blanco -\" \/>\n<meta property=\"og:description\" content=\"Pendientes Enea Blanco: dise\u00f1o semiesf\u00e9rico con textura blanca y efecto azulejo azul marino brillante. Enganche de poste en acero inoxidable.\" \/>\n<meta property=\"og:url\" content=\"https:\/\/cirsaart.com\/en\/product\/pendientes-enea-blanco\/\" \/>\n<meta property=\"article:modified_time\" content=\"2025-07-26T20:10:27+00:00\" \/>\n<meta property=\"og:image\" content=\"https:\/\/cirsaart.com\/wp-content\/uploads\/2025\/07\/DSC_2003-1-scaled.jpg\" \/>\n\t<meta property=\"og:image:width\" content=\"2560\" \/>\n\t<meta property=\"og:image:height\" content=\"1887\" \/>\n\t<meta property=\"og:image:type\" content=\"image\/jpeg\" \/>\n<meta name=\"twitter:card\" content=\"summary_large_image\" \/>\n<meta name=\"twitter:label1\" content=\"Estimated reading time\" \/>\n\t<meta name=\"twitter:data1\" content=\"1 minute\" \/>\n<script type=\"application\/ld+json\" class=\"yoast-schema-graph\">{\"@context\":\"https:\\\/\\\/schema.org\",\"@graph\":[{\"@type\":\"WebPage\",\"@id\":\"https:\\\/\\\/cirsaart.com\\\/product\\\/pendientes-enea-blanco\\\/\",\"url\":\"https:\\\/\\\/cirsaart.com\\\/product\\\/pendientes-enea-blanco\\\/\",\"name\":\"Pendientes Enea Blanco -\",\"isPartOf\":{\"@id\":\"https:\\\/\\\/cirsaart.com\\\/#website\"},\"primaryImageOfPage\":{\"@id\":\"https:\\\/\\\/cirsaart.com\\\/product\\\/pendientes-enea-blanco\\\/#primaryimage\"},\"image\":{\"@id\":\"https:\\\/\\\/cirsaart.com\\\/product\\\/pendientes-enea-blanco\\\/#primaryimage\"},\"thumbnailUrl\":\"https:\\\/\\\/cirsaart.com\\\/wp-content\\\/uploads\\\/2025\\\/07\\\/DSC_2003-1-scaled.jpg\",\"datePublished\":\"2025-07-12T14:24:44+00:00\",\"dateModified\":\"2025-07-26T20:10:27+00:00\",\"description\":\"Pendientes Enea Blanco: dise\u00f1o semiesf\u00e9rico con textura blanca y efecto azulejo azul marino brillante. Enganche de poste en acero inoxidable.\",\"breadcrumb\":{\"@id\":\"https:\\\/\\\/cirsaart.com\\\/product\\\/pendientes-enea-blanco\\\/#breadcrumb\"},\"inLanguage\":\"en-GB\",\"potentialAction\":[{\"@type\":\"ReadAction\",\"target\":[\"https:\\\/\\\/cirsaart.com\\\/product\\\/pendientes-enea-blanco\\\/\"]}]},{\"@type\":\"ImageObject\",\"inLanguage\":\"en-GB\",\"@id\":\"https:\\\/\\\/cirsaart.com\\\/product\\\/pendientes-enea-blanco\\\/#primaryimage\",\"url\":\"https:\\\/\\\/cirsaart.com\\\/wp-content\\\/uploads\\\/2025\\\/07\\\/DSC_2003-1-scaled.jpg\",\"contentUrl\":\"https:\\\/\\\/cirsaart.com\\\/wp-content\\\/uploads\\\/2025\\\/07\\\/DSC_2003-1-scaled.jpg\",\"width\":2560,\"height\":1887,\"caption\":\"Pendientes Enea Blanco\"},{\"@type\":\"BreadcrumbList\",\"@id\":\"https:\\\/\\\/cirsaart.com\\\/product\\\/pendientes-enea-blanco\\\/#breadcrumb\",\"itemListElement\":[{\"@type\":\"ListItem\",\"position\":1,\"name\":\"Home\",\"item\":\"https:\\\/\\\/cirsaart.com\\\/\"},{\"@type\":\"ListItem\",\"position\":2,\"name\":\"Tienda Cirsa Art\",\"item\":\"https:\\\/\\\/cirsaart.com\\\/tienda-cirsa-art\\\/\"},{\"@type\":\"ListItem\",\"position\":3,\"name\":\"Pendientes Enea Blanco\"}]},{\"@type\":\"WebSite\",\"@id\":\"https:\\\/\\\/cirsaart.com\\\/#website\",\"url\":\"https:\\\/\\\/cirsaart.com\\\/\",\"name\":\"Cirsa Art\",\"description\":\"Bisuter\u00eda artesanal hecha a mano con arcilla polim\u00e9rica. Dise\u00f1os \u00fanicos creados para destacar tu esencia\",\"publisher\":{\"@id\":\"https:\\\/\\\/cirsaart.com\\\/#organization\"},\"alternateName\":\"Cirsa Art, Bisuter\u00eda Artesanal \u00danica\",\"potentialAction\":[{\"@type\":\"SearchAction\",\"target\":{\"@type\":\"EntryPoint\",\"urlTemplate\":\"https:\\\/\\\/cirsaart.com\\\/?s={search_term_string}\"},\"query-input\":{\"@type\":\"PropertyValueSpecification\",\"valueRequired\":true,\"valueName\":\"search_term_string\"}}],\"inLanguage\":\"en-GB\"},{\"@type\":\"Organization\",\"@id\":\"https:\\\/\\\/cirsaart.com\\\/#organization\",\"name\":\"Cirsa Art\",\"alternateName\":\"Cirsa Art, Bisuter\u00eda Artesanal \u00danica\",\"url\":\"https:\\\/\\\/cirsaart.com\\\/\",\"logo\":{\"@type\":\"ImageObject\",\"inLanguage\":\"en-GB\",\"@id\":\"https:\\\/\\\/cirsaart.com\\\/#\\\/schema\\\/logo\\\/image\\\/\",\"url\":\"https:\\\/\\\/cirsaart.com\\\/wp-content\\\/uploads\\\/2025\\\/06\\\/cropped-CIRSA-ART-LOGO-1_page-0001-1.jpg\",\"contentUrl\":\"https:\\\/\\\/cirsaart.com\\\/wp-content\\\/uploads\\\/2025\\\/06\\\/cropped-CIRSA-ART-LOGO-1_page-0001-1.jpg\",\"width\":240,\"height\":243,\"caption\":\"Cirsa Art\"},\"image\":{\"@id\":\"https:\\\/\\\/cirsaart.com\\\/#\\\/schema\\\/logo\\\/image\\\/\"}}]}<\/script>\n<!-- \/ Yoast SEO plugin. -->","yoast_head_json":{"title":"Pendientes Enea Blanco -","description":"Pendientes Enea Blanco: dise\u00f1o semiesf\u00e9rico con textura blanca y efecto azulejo azul marino brillante. Enganche de poste en acero inoxidable.","robots":{"index":"index","follow":"follow","max-snippet":"max-snippet:-1","max-image-preview":"max-image-preview:large","max-video-preview":"max-video-preview:-1"},"canonical":"https:\/\/cirsaart.com\/en\/product\/pendientes-enea-blanco\/","og_locale":"en_GB","og_type":"article","og_title":"Pendientes Enea Blanco -","og_description":"Pendientes Enea Blanco: dise\u00f1o semiesf\u00e9rico con textura blanca y efecto azulejo azul marino brillante. Enganche de poste en acero inoxidable.","og_url":"https:\/\/cirsaart.com\/en\/product\/pendientes-enea-blanco\/","article_modified_time":"2025-07-26T20:10:27+00:00","og_image":[{"width":2560,"height":1887,"url":"https:\/\/cirsaart.com\/wp-content\/uploads\/2025\/07\/DSC_2003-1-scaled.jpg","type":"image\/jpeg"}],"twitter_card":"summary_large_image","twitter_misc":{"Estimated reading time":"1 minute"},"schema":{"@context":"https:\/\/schema.org","@graph":[{"@type":"WebPage","@id":"https:\/\/cirsaart.com\/product\/pendientes-enea-blanco\/","url":"https:\/\/cirsaart.com\/product\/pendientes-enea-blanco\/","name":"Pendientes Enea Blanco -","isPartOf":{"@id":"https:\/\/cirsaart.com\/#website"},"primaryImageOfPage":{"@id":"https:\/\/cirsaart.com\/product\/pendientes-enea-blanco\/#primaryimage"},"image":{"@id":"https:\/\/cirsaart.com\/product\/pendientes-enea-blanco\/#primaryimage"},"thumbnailUrl":"https:\/\/cirsaart.com\/wp-content\/uploads\/2025\/07\/DSC_2003-1-scaled.jpg","datePublished":"2025-07-12T14:24:44+00:00","dateModified":"2025-07-26T20:10:27+00:00","description":"Pendientes Enea Blanco: dise\u00f1o semiesf\u00e9rico con textura blanca y efecto azulejo azul marino brillante. Enganche de poste en acero inoxidable.","breadcrumb":{"@id":"https:\/\/cirsaart.com\/product\/pendientes-enea-blanco\/#breadcrumb"},"inLanguage":"en-GB","potentialAction":[{"@type":"ReadAction","target":["https:\/\/cirsaart.com\/product\/pendientes-enea-blanco\/"]}]},{"@type":"ImageObject","inLanguage":"en-GB","@id":"https:\/\/cirsaart.com\/product\/pendientes-enea-blanco\/#primaryimage","url":"https:\/\/cirsaart.com\/wp-content\/uploads\/2025\/07\/DSC_2003-1-scaled.jpg","contentUrl":"https:\/\/cirsaart.com\/wp-content\/uploads\/2025\/07\/DSC_2003-1-scaled.jpg","width":2560,"height":1887,"caption":"Pendientes Enea Blanco"},{"@type":"BreadcrumbList","@id":"https:\/\/cirsaart.com\/product\/pendientes-enea-blanco\/#breadcrumb","itemListElement":[{"@type":"ListItem","position":1,"name":"Home","item":"https:\/\/cirsaart.com\/"},{"@type":"ListItem","position":2,"name":"Tienda Cirsa Art","item":"https:\/\/cirsaart.com\/tienda-cirsa-art\/"},{"@type":"ListItem","position":3,"name":"Pendientes Enea Blanco"}]},{"@type":"WebSite","@id":"https:\/\/cirsaart.com\/#website","url":"https:\/\/cirsaart.com\/","name":"Cirsa Art","description":"Bisuter\u00eda artesanal hecha a mano con arcilla polim\u00e9rica. Dise\u00f1os \u00fanicos creados para destacar tu esencia","publisher":{"@id":"https:\/\/cirsaart.com\/#organization"},"alternateName":"Cirsa Art, Bisuter\u00eda Artesanal \u00danica","potentialAction":[{"@type":"SearchAction","target":{"@type":"EntryPoint","urlTemplate":"https:\/\/cirsaart.com\/?s={search_term_string}"},"query-input":{"@type":"PropertyValueSpecification","valueRequired":true,"valueName":"search_term_string"}}],"inLanguage":"en-GB"},{"@type":"Organization","@id":"https:\/\/cirsaart.com\/#organization","name":"Cirsa Art","alternateName":"Cirsa Art, Bisuter\u00eda Artesanal \u00danica","url":"https:\/\/cirsaart.com\/","logo":{"@type":"ImageObject","inLanguage":"en-GB","@id":"https:\/\/cirsaart.com\/#\/schema\/logo\/image\/","url":"https:\/\/cirsaart.com\/wp-content\/uploads\/2025\/06\/cropped-CIRSA-ART-LOGO-1_page-0001-1.jpg","contentUrl":"https:\/\/cirsaart.com\/wp-content\/uploads\/2025\/06\/cropped-CIRSA-ART-LOGO-1_page-0001-1.jpg","width":240,"height":243,"caption":"Cirsa Art"},"image":{"@id":"https:\/\/cirsaart.com\/#\/schema\/logo\/image\/"}}]}},"_links":{"self":[{"href":"https:\/\/cirsaart.com\/en\/wp-json\/wp\/v2\/product\/1205","targetHints":{"allow":["GET"]}}],"collection":[{"href":"https:\/\/cirsaart.com\/en\/wp-json\/wp\/v2\/product"}],"about":[{"href":"https:\/\/cirsaart.com\/en\/wp-json\/wp\/v2\/types\/product"}],"version-history":[{"count":3,"href":"https:\/\/cirsaart.com\/en\/wp-json\/wp\/v2\/product\/1205\/revisions"}],"predecessor-version":[{"id":1485,"href":"https:\/\/cirsaart.com\/en\/wp-json\/wp\/v2\/product\/1205\/revisions\/1485"}],"wp:featuredmedia":[{"embeddable":true,"href":"https:\/\/cirsaart.com\/en\/wp-json\/wp\/v2\/media\/1208"}],"wp:attachment":[{"href":"https:\/\/cirsaart.com\/en\/wp-json\/wp\/v2\/media?parent=1205"}],"wp:term":[{"taxonomy":"product_brand","embeddable":true,"href":"https:\/\/cirsaart.com\/en\/wp-json\/wp\/v2\/product_brand?post=1205"},{"taxonomy":"product_cat","embeddable":true,"href":"https:\/\/cirsaart.com\/en\/wp-json\/wp\/v2\/product_cat?post=1205"},{"taxonomy":"product_tag","embeddable":true,"href":"https:\/\/cirsaart.com\/en\/wp-json\/wp\/v2\/product_tag?post=1205"}],"curies":[{"name":"wp","href":"https:\/\/api.w.org\/{rel}","templated":true}]}}