{"id":1396,"date":"2025-07-18T18:14:56","date_gmt":"2025-07-18T18:14:56","guid":{"rendered":"https:\/\/cirsaart.com\/?post_type=product&#038;p=1396"},"modified":"2025-07-26T20:07:33","modified_gmt":"2025-07-26T20:07:33","slug":"colgante-lecho-marino","status":"publish","type":"product","link":"https:\/\/cirsaart.com\/en\/product\/colgante-lecho-marino\/","title":{"rendered":"Colgante Lecho Marino"},"content":{"rendered":"<p data-start=\"154\" data-end=\"377\">Colgante Lecho Marino con forma trilobulada y fondo tono arena. Incluye conchas y piezas marinas reales recogidas en la playa. El cord\u00f3n es antienredos. La pieza est\u00e1 lijada\u00a0 y barnizada para protegerla.<\/p>\n<p>Longitud total con cierre: 19\u202fcm.<\/p>\n<p data-start=\"379\" data-end=\"523\">\u2713 Hecho a mano con arcilla polim\u00e9rica<br data-start=\"416\" data-end=\"419\" \/>\u2713 Piezas marinas reales<br data-start=\"442\" data-end=\"445\" \/>\u2713 Dise\u00f1o \u00fanico<br data-start=\"498\" data-end=\"501\" \/>\u2713 Cord\u00f3n antienredos<\/p>\n<p data-start=\"525\" data-end=\"746\">Si te gusta el Colgante Lecho Marino, descubre m\u00e1s sobre la colecci\u00f3n <a class=\"\" href=\"https:\/\/cirsaart.com\/en\/product-category\/bahia\/?v=151bb1da0f86\" target=\"_new\" rel=\"noopener\" data-start=\"601\" data-end=\"668\">aqu\u00ed<\/a><br \/>\n<br data-start=\"668\" data-end=\"671\" \/>Descubre m\u00e1s novedades en <a class=\"\" href=\"https:\/\/www.instagram.com\/cirsa.art\" target=\"_new\" rel=\"noopener\" data-start=\"697\" data-end=\"746\">@cirsa.art<\/a><\/p>","protected":false},"excerpt":{"rendered":"<p>Colgante \u00fanico con fondo efecto arena y piezas marinas reales. Perfecto para llevar un detalle marino contigo.<\/p>","protected":false},"featured_media":1399,"template":"","meta":[],"product_brand":[],"product_cat":[39],"product_tag":[],"class_list":{"0":"post-1396","1":"product","2":"type-product","3":"status-publish","4":"has-post-thumbnail","6":"product_cat-bahia","8":"first","9":"instock","10":"taxable","11":"shipping-taxable","12":"purchasable","13":"product-type-simple"},"yoast_head":"<!-- This site is optimized with the Yoast SEO plugin v27.4 - https:\/\/yoast.com\/product\/yoast-seo-wordpress\/ -->\n<title>Colgante Lecho Marino -<\/title>\n<meta name=\"description\" content=\"Colgante Lecho Marino con forma trilobulada y fondo arena, decorado con conchas y piezas marinas reales. Hecho a mano, con cord\u00f3n antienredos.\" \/>\n<meta name=\"robots\" content=\"index, follow, max-snippet:-1, max-image-preview:large, max-video-preview:-1\" \/>\n<link rel=\"canonical\" href=\"https:\/\/cirsaart.com\/en\/product\/colgante-lecho-marino\/\" \/>\n<meta property=\"og:locale\" content=\"en_GB\" \/>\n<meta property=\"og:type\" content=\"article\" \/>\n<meta property=\"og:title\" content=\"Colgante Lecho Marino -\" \/>\n<meta property=\"og:description\" content=\"Colgante Lecho Marino con forma trilobulada y fondo arena, decorado con conchas y piezas marinas reales. Hecho a mano, con cord\u00f3n antienredos.\" \/>\n<meta property=\"og:url\" content=\"https:\/\/cirsaart.com\/en\/product\/colgante-lecho-marino\/\" \/>\n<meta property=\"article:modified_time\" content=\"2025-07-26T20:07:33+00:00\" \/>\n<meta property=\"og:image\" content=\"https:\/\/cirsaart.com\/wp-content\/uploads\/2025\/07\/DSC2149-1-scaled.jpg\" \/>\n\t<meta property=\"og:image:width\" content=\"2560\" \/>\n\t<meta property=\"og:image:height\" content=\"1708\" \/>\n\t<meta property=\"og:image:type\" content=\"image\/jpeg\" \/>\n<meta name=\"twitter:card\" content=\"summary_large_image\" \/>\n<meta name=\"twitter:label1\" content=\"Estimated reading time\" \/>\n\t<meta name=\"twitter:data1\" content=\"1 minute\" \/>\n<script type=\"application\/ld+json\" class=\"yoast-schema-graph\">{\"@context\":\"https:\\\/\\\/schema.org\",\"@graph\":[{\"@type\":\"WebPage\",\"@id\":\"https:\\\/\\\/cirsaart.com\\\/product\\\/colgante-lecho-marino\\\/\",\"url\":\"https:\\\/\\\/cirsaart.com\\\/product\\\/colgante-lecho-marino\\\/\",\"name\":\"Colgante Lecho Marino -\",\"isPartOf\":{\"@id\":\"https:\\\/\\\/cirsaart.com\\\/#website\"},\"primaryImageOfPage\":{\"@id\":\"https:\\\/\\\/cirsaart.com\\\/product\\\/colgante-lecho-marino\\\/#primaryimage\"},\"image\":{\"@id\":\"https:\\\/\\\/cirsaart.com\\\/product\\\/colgante-lecho-marino\\\/#primaryimage\"},\"thumbnailUrl\":\"https:\\\/\\\/cirsaart.com\\\/wp-content\\\/uploads\\\/2025\\\/07\\\/DSC2149-1-scaled.jpg\",\"datePublished\":\"2025-07-18T18:14:56+00:00\",\"dateModified\":\"2025-07-26T20:07:33+00:00\",\"description\":\"Colgante Lecho Marino con forma trilobulada y fondo arena, decorado con conchas y piezas marinas reales. Hecho a mano, con cord\u00f3n antienredos.\",\"breadcrumb\":{\"@id\":\"https:\\\/\\\/cirsaart.com\\\/product\\\/colgante-lecho-marino\\\/#breadcrumb\"},\"inLanguage\":\"en-GB\",\"potentialAction\":[{\"@type\":\"ReadAction\",\"target\":[\"https:\\\/\\\/cirsaart.com\\\/product\\\/colgante-lecho-marino\\\/\"]}]},{\"@type\":\"ImageObject\",\"inLanguage\":\"en-GB\",\"@id\":\"https:\\\/\\\/cirsaart.com\\\/product\\\/colgante-lecho-marino\\\/#primaryimage\",\"url\":\"https:\\\/\\\/cirsaart.com\\\/wp-content\\\/uploads\\\/2025\\\/07\\\/DSC2149-1-scaled.jpg\",\"contentUrl\":\"https:\\\/\\\/cirsaart.com\\\/wp-content\\\/uploads\\\/2025\\\/07\\\/DSC2149-1-scaled.jpg\",\"width\":2560,\"height\":1708,\"caption\":\"Colgante Lecho Marino\"},{\"@type\":\"BreadcrumbList\",\"@id\":\"https:\\\/\\\/cirsaart.com\\\/product\\\/colgante-lecho-marino\\\/#breadcrumb\",\"itemListElement\":[{\"@type\":\"ListItem\",\"position\":1,\"name\":\"Home\",\"item\":\"https:\\\/\\\/cirsaart.com\\\/\"},{\"@type\":\"ListItem\",\"position\":2,\"name\":\"Tienda Cirsa Art\",\"item\":\"https:\\\/\\\/cirsaart.com\\\/tienda-cirsa-art\\\/\"},{\"@type\":\"ListItem\",\"position\":3,\"name\":\"Colgante Lecho Marino\"}]},{\"@type\":\"WebSite\",\"@id\":\"https:\\\/\\\/cirsaart.com\\\/#website\",\"url\":\"https:\\\/\\\/cirsaart.com\\\/\",\"name\":\"Cirsa Art\",\"description\":\"Bisuter\u00eda artesanal hecha a mano con arcilla polim\u00e9rica. Dise\u00f1os \u00fanicos creados para destacar tu esencia\",\"publisher\":{\"@id\":\"https:\\\/\\\/cirsaart.com\\\/#organization\"},\"alternateName\":\"Cirsa Art, Bisuter\u00eda Artesanal \u00danica\",\"potentialAction\":[{\"@type\":\"SearchAction\",\"target\":{\"@type\":\"EntryPoint\",\"urlTemplate\":\"https:\\\/\\\/cirsaart.com\\\/?s={search_term_string}\"},\"query-input\":{\"@type\":\"PropertyValueSpecification\",\"valueRequired\":true,\"valueName\":\"search_term_string\"}}],\"inLanguage\":\"en-GB\"},{\"@type\":\"Organization\",\"@id\":\"https:\\\/\\\/cirsaart.com\\\/#organization\",\"name\":\"Cirsa Art\",\"alternateName\":\"Cirsa Art, Bisuter\u00eda Artesanal \u00danica\",\"url\":\"https:\\\/\\\/cirsaart.com\\\/\",\"logo\":{\"@type\":\"ImageObject\",\"inLanguage\":\"en-GB\",\"@id\":\"https:\\\/\\\/cirsaart.com\\\/#\\\/schema\\\/logo\\\/image\\\/\",\"url\":\"https:\\\/\\\/cirsaart.com\\\/wp-content\\\/uploads\\\/2025\\\/06\\\/cropped-CIRSA-ART-LOGO-1_page-0001-1.jpg\",\"contentUrl\":\"https:\\\/\\\/cirsaart.com\\\/wp-content\\\/uploads\\\/2025\\\/06\\\/cropped-CIRSA-ART-LOGO-1_page-0001-1.jpg\",\"width\":240,\"height\":243,\"caption\":\"Cirsa Art\"},\"image\":{\"@id\":\"https:\\\/\\\/cirsaart.com\\\/#\\\/schema\\\/logo\\\/image\\\/\"}}]}<\/script>\n<!-- \/ Yoast SEO plugin. -->","yoast_head_json":{"title":"Colgante Lecho Marino -","description":"Colgante Lecho Marino con forma trilobulada y fondo arena, decorado con conchas y piezas marinas reales. Hecho a mano, con cord\u00f3n antienredos.","robots":{"index":"index","follow":"follow","max-snippet":"max-snippet:-1","max-image-preview":"max-image-preview:large","max-video-preview":"max-video-preview:-1"},"canonical":"https:\/\/cirsaart.com\/en\/product\/colgante-lecho-marino\/","og_locale":"en_GB","og_type":"article","og_title":"Colgante Lecho Marino -","og_description":"Colgante Lecho Marino con forma trilobulada y fondo arena, decorado con conchas y piezas marinas reales. Hecho a mano, con cord\u00f3n antienredos.","og_url":"https:\/\/cirsaart.com\/en\/product\/colgante-lecho-marino\/","article_modified_time":"2025-07-26T20:07:33+00:00","og_image":[{"width":2560,"height":1708,"url":"https:\/\/cirsaart.com\/wp-content\/uploads\/2025\/07\/DSC2149-1-scaled.jpg","type":"image\/jpeg"}],"twitter_card":"summary_large_image","twitter_misc":{"Estimated reading time":"1 minute"},"schema":{"@context":"https:\/\/schema.org","@graph":[{"@type":"WebPage","@id":"https:\/\/cirsaart.com\/product\/colgante-lecho-marino\/","url":"https:\/\/cirsaart.com\/product\/colgante-lecho-marino\/","name":"Colgante Lecho Marino -","isPartOf":{"@id":"https:\/\/cirsaart.com\/#website"},"primaryImageOfPage":{"@id":"https:\/\/cirsaart.com\/product\/colgante-lecho-marino\/#primaryimage"},"image":{"@id":"https:\/\/cirsaart.com\/product\/colgante-lecho-marino\/#primaryimage"},"thumbnailUrl":"https:\/\/cirsaart.com\/wp-content\/uploads\/2025\/07\/DSC2149-1-scaled.jpg","datePublished":"2025-07-18T18:14:56+00:00","dateModified":"2025-07-26T20:07:33+00:00","description":"Colgante Lecho Marino con forma trilobulada y fondo arena, decorado con conchas y piezas marinas reales. Hecho a mano, con cord\u00f3n antienredos.","breadcrumb":{"@id":"https:\/\/cirsaart.com\/product\/colgante-lecho-marino\/#breadcrumb"},"inLanguage":"en-GB","potentialAction":[{"@type":"ReadAction","target":["https:\/\/cirsaart.com\/product\/colgante-lecho-marino\/"]}]},{"@type":"ImageObject","inLanguage":"en-GB","@id":"https:\/\/cirsaart.com\/product\/colgante-lecho-marino\/#primaryimage","url":"https:\/\/cirsaart.com\/wp-content\/uploads\/2025\/07\/DSC2149-1-scaled.jpg","contentUrl":"https:\/\/cirsaart.com\/wp-content\/uploads\/2025\/07\/DSC2149-1-scaled.jpg","width":2560,"height":1708,"caption":"Colgante Lecho Marino"},{"@type":"BreadcrumbList","@id":"https:\/\/cirsaart.com\/product\/colgante-lecho-marino\/#breadcrumb","itemListElement":[{"@type":"ListItem","position":1,"name":"Home","item":"https:\/\/cirsaart.com\/"},{"@type":"ListItem","position":2,"name":"Tienda Cirsa Art","item":"https:\/\/cirsaart.com\/tienda-cirsa-art\/"},{"@type":"ListItem","position":3,"name":"Colgante Lecho Marino"}]},{"@type":"WebSite","@id":"https:\/\/cirsaart.com\/#website","url":"https:\/\/cirsaart.com\/","name":"Cirsa Art","description":"Bisuter\u00eda artesanal hecha a mano con arcilla polim\u00e9rica. Dise\u00f1os \u00fanicos creados para destacar tu esencia","publisher":{"@id":"https:\/\/cirsaart.com\/#organization"},"alternateName":"Cirsa Art, Bisuter\u00eda Artesanal \u00danica","potentialAction":[{"@type":"SearchAction","target":{"@type":"EntryPoint","urlTemplate":"https:\/\/cirsaart.com\/?s={search_term_string}"},"query-input":{"@type":"PropertyValueSpecification","valueRequired":true,"valueName":"search_term_string"}}],"inLanguage":"en-GB"},{"@type":"Organization","@id":"https:\/\/cirsaart.com\/#organization","name":"Cirsa Art","alternateName":"Cirsa Art, Bisuter\u00eda Artesanal \u00danica","url":"https:\/\/cirsaart.com\/","logo":{"@type":"ImageObject","inLanguage":"en-GB","@id":"https:\/\/cirsaart.com\/#\/schema\/logo\/image\/","url":"https:\/\/cirsaart.com\/wp-content\/uploads\/2025\/06\/cropped-CIRSA-ART-LOGO-1_page-0001-1.jpg","contentUrl":"https:\/\/cirsaart.com\/wp-content\/uploads\/2025\/06\/cropped-CIRSA-ART-LOGO-1_page-0001-1.jpg","width":240,"height":243,"caption":"Cirsa Art"},"image":{"@id":"https:\/\/cirsaart.com\/#\/schema\/logo\/image\/"}}]}},"_links":{"self":[{"href":"https:\/\/cirsaart.com\/en\/wp-json\/wp\/v2\/product\/1396","targetHints":{"allow":["GET"]}}],"collection":[{"href":"https:\/\/cirsaart.com\/en\/wp-json\/wp\/v2\/product"}],"about":[{"href":"https:\/\/cirsaart.com\/en\/wp-json\/wp\/v2\/types\/product"}],"version-history":[{"count":2,"href":"https:\/\/cirsaart.com\/en\/wp-json\/wp\/v2\/product\/1396\/revisions"}],"predecessor-version":[{"id":1628,"href":"https:\/\/cirsaart.com\/en\/wp-json\/wp\/v2\/product\/1396\/revisions\/1628"}],"wp:featuredmedia":[{"embeddable":true,"href":"https:\/\/cirsaart.com\/en\/wp-json\/wp\/v2\/media\/1399"}],"wp:attachment":[{"href":"https:\/\/cirsaart.com\/en\/wp-json\/wp\/v2\/media?parent=1396"}],"wp:term":[{"taxonomy":"product_brand","embeddable":true,"href":"https:\/\/cirsaart.com\/en\/wp-json\/wp\/v2\/product_brand?post=1396"},{"taxonomy":"product_cat","embeddable":true,"href":"https:\/\/cirsaart.com\/en\/wp-json\/wp\/v2\/product_cat?post=1396"},{"taxonomy":"product_tag","embeddable":true,"href":"https:\/\/cirsaart.com\/en\/wp-json\/wp\/v2\/product_tag?post=1396"}],"curies":[{"name":"wp","href":"https:\/\/api.w.org\/{rel}","templated":true}]}}