{"id":1658,"date":"2025-08-01T10:00:01","date_gmt":"2025-08-01T10:00:01","guid":{"rendered":"https:\/\/cirsaart.com\/?post_type=product&#038;p=1658"},"modified":"2025-08-01T10:08:51","modified_gmt":"2025-08-01T10:08:51","slug":"pendientes-ronda-mediterranea","status":"publish","type":"product","link":"https:\/\/cirsaart.com\/en\/product\/pendientes-ronda-mediterranea\/","title":{"rendered":"Pendientes Ronda Mediterr\u00e1nea"},"content":{"rendered":"<p data-start=\"400\" data-end=\"567\">Pendientes Ronda Mediterr\u00e1nea con fondo efecto arena y pieza marina aut\u00e9ntica recogida en la costa. Lijados cuidadosamente a mano y protegidos con barniz transparente.<\/p>\n<p data-start=\"569\" data-end=\"679\">\u2713 Hechos a mano con arcilla polim\u00e9rica<br data-start=\"607\" data-end=\"610\" \/>\u2713 Dise\u00f1o \u00fanico con elemento natural<br \/>\n\u2713 Enganche de poste de acero inoxidable<br data-start=\"645\" data-end=\"648\" \/>\u2713 Ligeros y c\u00f3modos de llevar<\/p>\n<p data-start=\"681\" data-end=\"913\">Si te gustan los Pendientes Ronda Mediterr\u00e1nea, descubre m\u00e1s sobre la colecci\u00f3n <a class=\"\" href=\"https:\/\/cirsaart.com\/en\/product-category\/bahia\/?v=151bb1da0f86\" target=\"_new\" rel=\"noopener\" data-start=\"767\" data-end=\"834\">aqu\u00ed<\/a>.<br \/>\nDescubre m\u00e1s novedades en <a class=\"\" href=\"https:\/\/www.instagram.com\/cirsa.art\" target=\"_new\" rel=\"noopener\" data-start=\"864\" data-end=\"913\">@cirsa.art<\/a><\/p>","protected":false},"excerpt":{"rendered":"<p>Pendientes redondos con fondo efecto arena y pieza marina real del Mediterr\u00e1neo. Ligeros, artesanales y con dise\u00f1o natural.<\/p>","protected":false},"featured_media":1659,"template":"","meta":[],"product_brand":[],"product_cat":[39],"product_tag":[],"class_list":{"0":"post-1658","1":"product","2":"type-product","3":"status-publish","4":"has-post-thumbnail","6":"product_cat-bahia","8":"first","9":"instock","10":"taxable","11":"shipping-taxable","12":"purchasable","13":"product-type-simple"},"yoast_head":"<!-- This site is optimized with the Yoast SEO plugin v27.4 - https:\/\/yoast.com\/product\/yoast-seo-wordpress\/ -->\n<title>Pendientes Ronda Mediterr\u00e1nea -<\/title>\n<meta name=\"description\" content=\"Pendientes Ronda Mediterr\u00e1nea con fondo efecto arena y pieza marina real. Artesanales, ligeros y \u00fanicos. Desc\u00fabrelos en la colecci\u00f3n Bah\u00eda.\" \/>\n<meta name=\"robots\" content=\"index, follow, max-snippet:-1, max-image-preview:large, max-video-preview:-1\" \/>\n<link rel=\"canonical\" href=\"https:\/\/cirsaart.com\/en\/product\/pendientes-ronda-mediterranea\/\" \/>\n<meta property=\"og:locale\" content=\"en_GB\" \/>\n<meta property=\"og:type\" content=\"article\" \/>\n<meta property=\"og:title\" content=\"Pendientes Ronda Mediterr\u00e1nea -\" \/>\n<meta property=\"og:description\" content=\"Pendientes Ronda Mediterr\u00e1nea con fondo efecto arena y pieza marina real. Artesanales, ligeros y \u00fanicos. Desc\u00fabrelos en la colecci\u00f3n Bah\u00eda.\" \/>\n<meta property=\"og:url\" content=\"https:\/\/cirsaart.com\/en\/product\/pendientes-ronda-mediterranea\/\" \/>\n<meta property=\"article:modified_time\" content=\"2025-08-01T10:08:51+00:00\" \/>\n<meta property=\"og:image\" content=\"https:\/\/cirsaart.com\/wp-content\/uploads\/2025\/08\/DSC2208-scaled.jpg\" \/>\n\t<meta property=\"og:image:width\" content=\"2560\" \/>\n\t<meta property=\"og:image:height\" content=\"1707\" \/>\n\t<meta property=\"og:image:type\" content=\"image\/jpeg\" \/>\n<meta name=\"twitter:card\" content=\"summary_large_image\" \/>\n<meta name=\"twitter:label1\" content=\"Estimated reading time\" \/>\n\t<meta name=\"twitter:data1\" content=\"1 minute\" \/>\n<script type=\"application\/ld+json\" class=\"yoast-schema-graph\">{\"@context\":\"https:\\\/\\\/schema.org\",\"@graph\":[{\"@type\":\"WebPage\",\"@id\":\"https:\\\/\\\/cirsaart.com\\\/product\\\/pendientes-ronda-mediterranea\\\/\",\"url\":\"https:\\\/\\\/cirsaart.com\\\/product\\\/pendientes-ronda-mediterranea\\\/\",\"name\":\"Pendientes Ronda Mediterr\u00e1nea -\",\"isPartOf\":{\"@id\":\"https:\\\/\\\/cirsaart.com\\\/#website\"},\"primaryImageOfPage\":{\"@id\":\"https:\\\/\\\/cirsaart.com\\\/product\\\/pendientes-ronda-mediterranea\\\/#primaryimage\"},\"image\":{\"@id\":\"https:\\\/\\\/cirsaart.com\\\/product\\\/pendientes-ronda-mediterranea\\\/#primaryimage\"},\"thumbnailUrl\":\"https:\\\/\\\/cirsaart.com\\\/wp-content\\\/uploads\\\/2025\\\/08\\\/DSC2208-scaled.jpg\",\"datePublished\":\"2025-08-01T10:00:01+00:00\",\"dateModified\":\"2025-08-01T10:08:51+00:00\",\"description\":\"Pendientes Ronda Mediterr\u00e1nea con fondo efecto arena y pieza marina real. Artesanales, ligeros y \u00fanicos. Desc\u00fabrelos en la colecci\u00f3n Bah\u00eda.\",\"breadcrumb\":{\"@id\":\"https:\\\/\\\/cirsaart.com\\\/product\\\/pendientes-ronda-mediterranea\\\/#breadcrumb\"},\"inLanguage\":\"en-GB\",\"potentialAction\":[{\"@type\":\"ReadAction\",\"target\":[\"https:\\\/\\\/cirsaart.com\\\/product\\\/pendientes-ronda-mediterranea\\\/\"]}]},{\"@type\":\"ImageObject\",\"inLanguage\":\"en-GB\",\"@id\":\"https:\\\/\\\/cirsaart.com\\\/product\\\/pendientes-ronda-mediterranea\\\/#primaryimage\",\"url\":\"https:\\\/\\\/cirsaart.com\\\/wp-content\\\/uploads\\\/2025\\\/08\\\/DSC2208-scaled.jpg\",\"contentUrl\":\"https:\\\/\\\/cirsaart.com\\\/wp-content\\\/uploads\\\/2025\\\/08\\\/DSC2208-scaled.jpg\",\"width\":2560,\"height\":1707,\"caption\":\"Pendientes Ronda Mediterr\u00e1nea\"},{\"@type\":\"BreadcrumbList\",\"@id\":\"https:\\\/\\\/cirsaart.com\\\/product\\\/pendientes-ronda-mediterranea\\\/#breadcrumb\",\"itemListElement\":[{\"@type\":\"ListItem\",\"position\":1,\"name\":\"Home\",\"item\":\"https:\\\/\\\/cirsaart.com\\\/\"},{\"@type\":\"ListItem\",\"position\":2,\"name\":\"Tienda Cirsa Art\",\"item\":\"https:\\\/\\\/cirsaart.com\\\/tienda-cirsa-art\\\/\"},{\"@type\":\"ListItem\",\"position\":3,\"name\":\"Pendientes Ronda Mediterr\u00e1nea\"}]},{\"@type\":\"WebSite\",\"@id\":\"https:\\\/\\\/cirsaart.com\\\/#website\",\"url\":\"https:\\\/\\\/cirsaart.com\\\/\",\"name\":\"Cirsa Art\",\"description\":\"Bisuter\u00eda artesanal hecha a mano con arcilla polim\u00e9rica. Dise\u00f1os \u00fanicos creados para destacar tu esencia\",\"publisher\":{\"@id\":\"https:\\\/\\\/cirsaart.com\\\/#organization\"},\"alternateName\":\"Cirsa Art, Bisuter\u00eda Artesanal \u00danica\",\"potentialAction\":[{\"@type\":\"SearchAction\",\"target\":{\"@type\":\"EntryPoint\",\"urlTemplate\":\"https:\\\/\\\/cirsaart.com\\\/?s={search_term_string}\"},\"query-input\":{\"@type\":\"PropertyValueSpecification\",\"valueRequired\":true,\"valueName\":\"search_term_string\"}}],\"inLanguage\":\"en-GB\"},{\"@type\":\"Organization\",\"@id\":\"https:\\\/\\\/cirsaart.com\\\/#organization\",\"name\":\"Cirsa Art\",\"alternateName\":\"Cirsa Art, Bisuter\u00eda Artesanal \u00danica\",\"url\":\"https:\\\/\\\/cirsaart.com\\\/\",\"logo\":{\"@type\":\"ImageObject\",\"inLanguage\":\"en-GB\",\"@id\":\"https:\\\/\\\/cirsaart.com\\\/#\\\/schema\\\/logo\\\/image\\\/\",\"url\":\"https:\\\/\\\/cirsaart.com\\\/wp-content\\\/uploads\\\/2025\\\/06\\\/cropped-CIRSA-ART-LOGO-1_page-0001-1.jpg\",\"contentUrl\":\"https:\\\/\\\/cirsaart.com\\\/wp-content\\\/uploads\\\/2025\\\/06\\\/cropped-CIRSA-ART-LOGO-1_page-0001-1.jpg\",\"width\":240,\"height\":243,\"caption\":\"Cirsa Art\"},\"image\":{\"@id\":\"https:\\\/\\\/cirsaart.com\\\/#\\\/schema\\\/logo\\\/image\\\/\"}}]}<\/script>\n<!-- \/ Yoast SEO plugin. -->","yoast_head_json":{"title":"Pendientes Ronda Mediterr\u00e1nea -","description":"Pendientes Ronda Mediterr\u00e1nea con fondo efecto arena y pieza marina real. Artesanales, ligeros y \u00fanicos. Desc\u00fabrelos en la colecci\u00f3n Bah\u00eda.","robots":{"index":"index","follow":"follow","max-snippet":"max-snippet:-1","max-image-preview":"max-image-preview:large","max-video-preview":"max-video-preview:-1"},"canonical":"https:\/\/cirsaart.com\/en\/product\/pendientes-ronda-mediterranea\/","og_locale":"en_GB","og_type":"article","og_title":"Pendientes Ronda Mediterr\u00e1nea -","og_description":"Pendientes Ronda Mediterr\u00e1nea con fondo efecto arena y pieza marina real. Artesanales, ligeros y \u00fanicos. Desc\u00fabrelos en la colecci\u00f3n Bah\u00eda.","og_url":"https:\/\/cirsaart.com\/en\/product\/pendientes-ronda-mediterranea\/","article_modified_time":"2025-08-01T10:08:51+00:00","og_image":[{"width":2560,"height":1707,"url":"https:\/\/cirsaart.com\/wp-content\/uploads\/2025\/08\/DSC2208-scaled.jpg","type":"image\/jpeg"}],"twitter_card":"summary_large_image","twitter_misc":{"Estimated reading time":"1 minute"},"schema":{"@context":"https:\/\/schema.org","@graph":[{"@type":"WebPage","@id":"https:\/\/cirsaart.com\/product\/pendientes-ronda-mediterranea\/","url":"https:\/\/cirsaart.com\/product\/pendientes-ronda-mediterranea\/","name":"Pendientes Ronda Mediterr\u00e1nea -","isPartOf":{"@id":"https:\/\/cirsaart.com\/#website"},"primaryImageOfPage":{"@id":"https:\/\/cirsaart.com\/product\/pendientes-ronda-mediterranea\/#primaryimage"},"image":{"@id":"https:\/\/cirsaart.com\/product\/pendientes-ronda-mediterranea\/#primaryimage"},"thumbnailUrl":"https:\/\/cirsaart.com\/wp-content\/uploads\/2025\/08\/DSC2208-scaled.jpg","datePublished":"2025-08-01T10:00:01+00:00","dateModified":"2025-08-01T10:08:51+00:00","description":"Pendientes Ronda Mediterr\u00e1nea con fondo efecto arena y pieza marina real. Artesanales, ligeros y \u00fanicos. Desc\u00fabrelos en la colecci\u00f3n Bah\u00eda.","breadcrumb":{"@id":"https:\/\/cirsaart.com\/product\/pendientes-ronda-mediterranea\/#breadcrumb"},"inLanguage":"en-GB","potentialAction":[{"@type":"ReadAction","target":["https:\/\/cirsaart.com\/product\/pendientes-ronda-mediterranea\/"]}]},{"@type":"ImageObject","inLanguage":"en-GB","@id":"https:\/\/cirsaart.com\/product\/pendientes-ronda-mediterranea\/#primaryimage","url":"https:\/\/cirsaart.com\/wp-content\/uploads\/2025\/08\/DSC2208-scaled.jpg","contentUrl":"https:\/\/cirsaart.com\/wp-content\/uploads\/2025\/08\/DSC2208-scaled.jpg","width":2560,"height":1707,"caption":"Pendientes Ronda Mediterr\u00e1nea"},{"@type":"BreadcrumbList","@id":"https:\/\/cirsaart.com\/product\/pendientes-ronda-mediterranea\/#breadcrumb","itemListElement":[{"@type":"ListItem","position":1,"name":"Home","item":"https:\/\/cirsaart.com\/"},{"@type":"ListItem","position":2,"name":"Tienda Cirsa Art","item":"https:\/\/cirsaart.com\/tienda-cirsa-art\/"},{"@type":"ListItem","position":3,"name":"Pendientes Ronda Mediterr\u00e1nea"}]},{"@type":"WebSite","@id":"https:\/\/cirsaart.com\/#website","url":"https:\/\/cirsaart.com\/","name":"Cirsa Art","description":"Bisuter\u00eda artesanal hecha a mano con arcilla polim\u00e9rica. Dise\u00f1os \u00fanicos creados para destacar tu esencia","publisher":{"@id":"https:\/\/cirsaart.com\/#organization"},"alternateName":"Cirsa Art, Bisuter\u00eda Artesanal \u00danica","potentialAction":[{"@type":"SearchAction","target":{"@type":"EntryPoint","urlTemplate":"https:\/\/cirsaart.com\/?s={search_term_string}"},"query-input":{"@type":"PropertyValueSpecification","valueRequired":true,"valueName":"search_term_string"}}],"inLanguage":"en-GB"},{"@type":"Organization","@id":"https:\/\/cirsaart.com\/#organization","name":"Cirsa Art","alternateName":"Cirsa Art, Bisuter\u00eda Artesanal \u00danica","url":"https:\/\/cirsaart.com\/","logo":{"@type":"ImageObject","inLanguage":"en-GB","@id":"https:\/\/cirsaart.com\/#\/schema\/logo\/image\/","url":"https:\/\/cirsaart.com\/wp-content\/uploads\/2025\/06\/cropped-CIRSA-ART-LOGO-1_page-0001-1.jpg","contentUrl":"https:\/\/cirsaart.com\/wp-content\/uploads\/2025\/06\/cropped-CIRSA-ART-LOGO-1_page-0001-1.jpg","width":240,"height":243,"caption":"Cirsa Art"},"image":{"@id":"https:\/\/cirsaart.com\/#\/schema\/logo\/image\/"}}]}},"_links":{"self":[{"href":"https:\/\/cirsaart.com\/en\/wp-json\/wp\/v2\/product\/1658","targetHints":{"allow":["GET"]}}],"collection":[{"href":"https:\/\/cirsaart.com\/en\/wp-json\/wp\/v2\/product"}],"about":[{"href":"https:\/\/cirsaart.com\/en\/wp-json\/wp\/v2\/types\/product"}],"version-history":[{"count":2,"href":"https:\/\/cirsaart.com\/en\/wp-json\/wp\/v2\/product\/1658\/revisions"}],"predecessor-version":[{"id":1666,"href":"https:\/\/cirsaart.com\/en\/wp-json\/wp\/v2\/product\/1658\/revisions\/1666"}],"wp:featuredmedia":[{"embeddable":true,"href":"https:\/\/cirsaart.com\/en\/wp-json\/wp\/v2\/media\/1659"}],"wp:attachment":[{"href":"https:\/\/cirsaart.com\/en\/wp-json\/wp\/v2\/media?parent=1658"}],"wp:term":[{"taxonomy":"product_brand","embeddable":true,"href":"https:\/\/cirsaart.com\/en\/wp-json\/wp\/v2\/product_brand?post=1658"},{"taxonomy":"product_cat","embeddable":true,"href":"https:\/\/cirsaart.com\/en\/wp-json\/wp\/v2\/product_cat?post=1658"},{"taxonomy":"product_tag","embeddable":true,"href":"https:\/\/cirsaart.com\/en\/wp-json\/wp\/v2\/product_tag?post=1658"}],"curies":[{"name":"wp","href":"https:\/\/api.w.org\/{rel}","templated":true}]}}