{"id":1671,"date":"2025-08-01T10:36:56","date_gmt":"2025-08-01T10:36:56","guid":{"rendered":"https:\/\/cirsaart.com\/?post_type=product&#038;p=1671"},"modified":"2025-08-01T10:36:56","modified_gmt":"2025-08-01T10:36:56","slug":"colgante-caracol-de-mar","status":"publish","type":"product","link":"https:\/\/cirsaart.com\/en\/product\/colgante-caracol-de-mar\/","title":{"rendered":"Colgante Caracol de Mar"},"content":{"rendered":"<p data-start=\"319\" data-end=\"507\">Colgante Caracol de Mar con fondo efecto arena y caracol de mar real en el centro, rodeado de piezas marinas recogidas en la costa. Collar c\u00f3modo y antienredos, lijado y acabado a mano con barniz.<\/p>\n<p data-start=\"509\" data-end=\"642\">\u2713 Hecho a mano con arcilla polim\u00e9rica<br data-start=\"546\" data-end=\"549\" \/>\u2713 Dise\u00f1o \u00fanico con elementos naturales<br data-start=\"587\" data-end=\"590\" \/>\u2713 Ligero y c\u00f3modo de llevar<br data-start=\"617\" data-end=\"620\" \/>\u2713 Collar antienredos<\/p>\n<p data-start=\"644\" data-end=\"677\">Longitud total con cierre: 19\u202fcm.<\/p>\n<p data-start=\"679\" data-end=\"903\">Si te gusta el Colgante Caracol de Mar, descubre m\u00e1s sobre la colecci\u00f3n <a class=\"\" href=\"https:\/\/cirsaart.com\/en\/product-category\/bahia\/?v=151bb1da0f86\" target=\"_new\" rel=\"noopener\" data-start=\"757\" data-end=\"824\">aqu\u00ed<\/a>.<br data-start=\"825\" data-end=\"828\" \/>Descubre m\u00e1s novedades en <a class=\"\" href=\"https:\/\/www.instagram.com\/cirsa.art\" target=\"_new\" rel=\"noopener\" data-start=\"854\" data-end=\"903\">@cirsa.art<\/a><\/p>","protected":false},"excerpt":{"rendered":"<p>Colgante con efecto arena y caracol de mar aut\u00e9ntico en el centro, rodeado de piezas marinas. Collar c\u00f3modo y antienredos.<\/p>","protected":false},"featured_media":1672,"template":"","meta":[],"product_brand":[],"product_cat":[39],"product_tag":[],"class_list":{"0":"post-1671","1":"product","2":"type-product","3":"status-publish","4":"has-post-thumbnail","6":"product_cat-bahia","8":"first","9":"instock","10":"taxable","11":"shipping-taxable","12":"purchasable","13":"product-type-simple"},"yoast_head":"<!-- This site is optimized with the Yoast SEO plugin v27.4 - https:\/\/yoast.com\/product\/yoast-seo-wordpress\/ -->\n<title>Colgante Caracol de Mar -<\/title>\n<meta name=\"description\" content=\"Colgante Caracol de Mar con efecto arena y caracol aut\u00e9ntico y piezas marinas. Collar c\u00f3modo, antienredos. \u00danico en colecci\u00f3n Bah\u00eda.\" \/>\n<meta name=\"robots\" content=\"index, follow, max-snippet:-1, max-image-preview:large, max-video-preview:-1\" \/>\n<link rel=\"canonical\" href=\"https:\/\/cirsaart.com\/en\/product\/colgante-caracol-de-mar\/\" \/>\n<meta property=\"og:locale\" content=\"en_GB\" \/>\n<meta property=\"og:type\" content=\"article\" \/>\n<meta property=\"og:title\" content=\"Colgante Caracol de Mar -\" \/>\n<meta property=\"og:description\" content=\"Colgante Caracol de Mar con efecto arena y caracol aut\u00e9ntico y piezas marinas. Collar c\u00f3modo, antienredos. \u00danico en colecci\u00f3n Bah\u00eda.\" \/>\n<meta property=\"og:url\" content=\"https:\/\/cirsaart.com\/en\/product\/colgante-caracol-de-mar\/\" \/>\n<meta property=\"og:image\" content=\"https:\/\/cirsaart.com\/wp-content\/uploads\/2025\/08\/DSC2243-scaled.jpg\" \/>\n\t<meta property=\"og:image:width\" content=\"2560\" \/>\n\t<meta property=\"og:image:height\" content=\"1774\" \/>\n\t<meta property=\"og:image:type\" content=\"image\/jpeg\" \/>\n<meta name=\"twitter:card\" content=\"summary_large_image\" \/>\n<meta name=\"twitter:label1\" content=\"Estimated reading time\" \/>\n\t<meta name=\"twitter:data1\" content=\"1 minute\" \/>\n<script type=\"application\/ld+json\" class=\"yoast-schema-graph\">{\"@context\":\"https:\\\/\\\/schema.org\",\"@graph\":[{\"@type\":\"WebPage\",\"@id\":\"https:\\\/\\\/cirsaart.com\\\/product\\\/colgante-caracol-de-mar\\\/\",\"url\":\"https:\\\/\\\/cirsaart.com\\\/product\\\/colgante-caracol-de-mar\\\/\",\"name\":\"Colgante Caracol de Mar -\",\"isPartOf\":{\"@id\":\"https:\\\/\\\/cirsaart.com\\\/#website\"},\"primaryImageOfPage\":{\"@id\":\"https:\\\/\\\/cirsaart.com\\\/product\\\/colgante-caracol-de-mar\\\/#primaryimage\"},\"image\":{\"@id\":\"https:\\\/\\\/cirsaart.com\\\/product\\\/colgante-caracol-de-mar\\\/#primaryimage\"},\"thumbnailUrl\":\"https:\\\/\\\/cirsaart.com\\\/wp-content\\\/uploads\\\/2025\\\/08\\\/DSC2243-scaled.jpg\",\"datePublished\":\"2025-08-01T10:36:56+00:00\",\"description\":\"Colgante Caracol de Mar con efecto arena y caracol aut\u00e9ntico y piezas marinas. Collar c\u00f3modo, antienredos. \u00danico en colecci\u00f3n Bah\u00eda.\",\"breadcrumb\":{\"@id\":\"https:\\\/\\\/cirsaart.com\\\/product\\\/colgante-caracol-de-mar\\\/#breadcrumb\"},\"inLanguage\":\"en-GB\",\"potentialAction\":[{\"@type\":\"ReadAction\",\"target\":[\"https:\\\/\\\/cirsaart.com\\\/product\\\/colgante-caracol-de-mar\\\/\"]}]},{\"@type\":\"ImageObject\",\"inLanguage\":\"en-GB\",\"@id\":\"https:\\\/\\\/cirsaart.com\\\/product\\\/colgante-caracol-de-mar\\\/#primaryimage\",\"url\":\"https:\\\/\\\/cirsaart.com\\\/wp-content\\\/uploads\\\/2025\\\/08\\\/DSC2243-scaled.jpg\",\"contentUrl\":\"https:\\\/\\\/cirsaart.com\\\/wp-content\\\/uploads\\\/2025\\\/08\\\/DSC2243-scaled.jpg\",\"width\":2560,\"height\":1774,\"caption\":\"Colgante Caracol de Mar\"},{\"@type\":\"BreadcrumbList\",\"@id\":\"https:\\\/\\\/cirsaart.com\\\/product\\\/colgante-caracol-de-mar\\\/#breadcrumb\",\"itemListElement\":[{\"@type\":\"ListItem\",\"position\":1,\"name\":\"Home\",\"item\":\"https:\\\/\\\/cirsaart.com\\\/\"},{\"@type\":\"ListItem\",\"position\":2,\"name\":\"Tienda Cirsa Art\",\"item\":\"https:\\\/\\\/cirsaart.com\\\/tienda-cirsa-art\\\/\"},{\"@type\":\"ListItem\",\"position\":3,\"name\":\"Colgante Caracol de Mar\"}]},{\"@type\":\"WebSite\",\"@id\":\"https:\\\/\\\/cirsaart.com\\\/#website\",\"url\":\"https:\\\/\\\/cirsaart.com\\\/\",\"name\":\"Cirsa Art\",\"description\":\"Bisuter\u00eda artesanal hecha a mano con arcilla polim\u00e9rica. Dise\u00f1os \u00fanicos creados para destacar tu esencia\",\"publisher\":{\"@id\":\"https:\\\/\\\/cirsaart.com\\\/#organization\"},\"alternateName\":\"Cirsa Art, Bisuter\u00eda Artesanal \u00danica\",\"potentialAction\":[{\"@type\":\"SearchAction\",\"target\":{\"@type\":\"EntryPoint\",\"urlTemplate\":\"https:\\\/\\\/cirsaart.com\\\/?s={search_term_string}\"},\"query-input\":{\"@type\":\"PropertyValueSpecification\",\"valueRequired\":true,\"valueName\":\"search_term_string\"}}],\"inLanguage\":\"en-GB\"},{\"@type\":\"Organization\",\"@id\":\"https:\\\/\\\/cirsaart.com\\\/#organization\",\"name\":\"Cirsa Art\",\"alternateName\":\"Cirsa Art, Bisuter\u00eda Artesanal \u00danica\",\"url\":\"https:\\\/\\\/cirsaart.com\\\/\",\"logo\":{\"@type\":\"ImageObject\",\"inLanguage\":\"en-GB\",\"@id\":\"https:\\\/\\\/cirsaart.com\\\/#\\\/schema\\\/logo\\\/image\\\/\",\"url\":\"https:\\\/\\\/cirsaart.com\\\/wp-content\\\/uploads\\\/2025\\\/06\\\/cropped-CIRSA-ART-LOGO-1_page-0001-1.jpg\",\"contentUrl\":\"https:\\\/\\\/cirsaart.com\\\/wp-content\\\/uploads\\\/2025\\\/06\\\/cropped-CIRSA-ART-LOGO-1_page-0001-1.jpg\",\"width\":240,\"height\":243,\"caption\":\"Cirsa Art\"},\"image\":{\"@id\":\"https:\\\/\\\/cirsaart.com\\\/#\\\/schema\\\/logo\\\/image\\\/\"}}]}<\/script>\n<!-- \/ Yoast SEO plugin. -->","yoast_head_json":{"title":"Colgante Caracol de Mar -","description":"Colgante Caracol de Mar con efecto arena y caracol aut\u00e9ntico y piezas marinas. Collar c\u00f3modo, antienredos. \u00danico en colecci\u00f3n Bah\u00eda.","robots":{"index":"index","follow":"follow","max-snippet":"max-snippet:-1","max-image-preview":"max-image-preview:large","max-video-preview":"max-video-preview:-1"},"canonical":"https:\/\/cirsaart.com\/en\/product\/colgante-caracol-de-mar\/","og_locale":"en_GB","og_type":"article","og_title":"Colgante Caracol de Mar -","og_description":"Colgante Caracol de Mar con efecto arena y caracol aut\u00e9ntico y piezas marinas. Collar c\u00f3modo, antienredos. \u00danico en colecci\u00f3n Bah\u00eda.","og_url":"https:\/\/cirsaart.com\/en\/product\/colgante-caracol-de-mar\/","og_image":[{"width":2560,"height":1774,"url":"https:\/\/cirsaart.com\/wp-content\/uploads\/2025\/08\/DSC2243-scaled.jpg","type":"image\/jpeg"}],"twitter_card":"summary_large_image","twitter_misc":{"Estimated reading time":"1 minute"},"schema":{"@context":"https:\/\/schema.org","@graph":[{"@type":"WebPage","@id":"https:\/\/cirsaart.com\/product\/colgante-caracol-de-mar\/","url":"https:\/\/cirsaart.com\/product\/colgante-caracol-de-mar\/","name":"Colgante Caracol de Mar -","isPartOf":{"@id":"https:\/\/cirsaart.com\/#website"},"primaryImageOfPage":{"@id":"https:\/\/cirsaart.com\/product\/colgante-caracol-de-mar\/#primaryimage"},"image":{"@id":"https:\/\/cirsaart.com\/product\/colgante-caracol-de-mar\/#primaryimage"},"thumbnailUrl":"https:\/\/cirsaart.com\/wp-content\/uploads\/2025\/08\/DSC2243-scaled.jpg","datePublished":"2025-08-01T10:36:56+00:00","description":"Colgante Caracol de Mar con efecto arena y caracol aut\u00e9ntico y piezas marinas. Collar c\u00f3modo, antienredos. \u00danico en colecci\u00f3n Bah\u00eda.","breadcrumb":{"@id":"https:\/\/cirsaart.com\/product\/colgante-caracol-de-mar\/#breadcrumb"},"inLanguage":"en-GB","potentialAction":[{"@type":"ReadAction","target":["https:\/\/cirsaart.com\/product\/colgante-caracol-de-mar\/"]}]},{"@type":"ImageObject","inLanguage":"en-GB","@id":"https:\/\/cirsaart.com\/product\/colgante-caracol-de-mar\/#primaryimage","url":"https:\/\/cirsaart.com\/wp-content\/uploads\/2025\/08\/DSC2243-scaled.jpg","contentUrl":"https:\/\/cirsaart.com\/wp-content\/uploads\/2025\/08\/DSC2243-scaled.jpg","width":2560,"height":1774,"caption":"Colgante Caracol de Mar"},{"@type":"BreadcrumbList","@id":"https:\/\/cirsaart.com\/product\/colgante-caracol-de-mar\/#breadcrumb","itemListElement":[{"@type":"ListItem","position":1,"name":"Home","item":"https:\/\/cirsaart.com\/"},{"@type":"ListItem","position":2,"name":"Tienda Cirsa Art","item":"https:\/\/cirsaart.com\/tienda-cirsa-art\/"},{"@type":"ListItem","position":3,"name":"Colgante Caracol de Mar"}]},{"@type":"WebSite","@id":"https:\/\/cirsaart.com\/#website","url":"https:\/\/cirsaart.com\/","name":"Cirsa Art","description":"Bisuter\u00eda artesanal hecha a mano con arcilla polim\u00e9rica. Dise\u00f1os \u00fanicos creados para destacar tu esencia","publisher":{"@id":"https:\/\/cirsaart.com\/#organization"},"alternateName":"Cirsa Art, Bisuter\u00eda Artesanal \u00danica","potentialAction":[{"@type":"SearchAction","target":{"@type":"EntryPoint","urlTemplate":"https:\/\/cirsaart.com\/?s={search_term_string}"},"query-input":{"@type":"PropertyValueSpecification","valueRequired":true,"valueName":"search_term_string"}}],"inLanguage":"en-GB"},{"@type":"Organization","@id":"https:\/\/cirsaart.com\/#organization","name":"Cirsa Art","alternateName":"Cirsa Art, Bisuter\u00eda Artesanal \u00danica","url":"https:\/\/cirsaart.com\/","logo":{"@type":"ImageObject","inLanguage":"en-GB","@id":"https:\/\/cirsaart.com\/#\/schema\/logo\/image\/","url":"https:\/\/cirsaart.com\/wp-content\/uploads\/2025\/06\/cropped-CIRSA-ART-LOGO-1_page-0001-1.jpg","contentUrl":"https:\/\/cirsaart.com\/wp-content\/uploads\/2025\/06\/cropped-CIRSA-ART-LOGO-1_page-0001-1.jpg","width":240,"height":243,"caption":"Cirsa Art"},"image":{"@id":"https:\/\/cirsaart.com\/#\/schema\/logo\/image\/"}}]}},"_links":{"self":[{"href":"https:\/\/cirsaart.com\/en\/wp-json\/wp\/v2\/product\/1671","targetHints":{"allow":["GET"]}}],"collection":[{"href":"https:\/\/cirsaart.com\/en\/wp-json\/wp\/v2\/product"}],"about":[{"href":"https:\/\/cirsaart.com\/en\/wp-json\/wp\/v2\/types\/product"}],"version-history":[{"count":1,"href":"https:\/\/cirsaart.com\/en\/wp-json\/wp\/v2\/product\/1671\/revisions"}],"predecessor-version":[{"id":1673,"href":"https:\/\/cirsaart.com\/en\/wp-json\/wp\/v2\/product\/1671\/revisions\/1673"}],"wp:featuredmedia":[{"embeddable":true,"href":"https:\/\/cirsaart.com\/en\/wp-json\/wp\/v2\/media\/1672"}],"wp:attachment":[{"href":"https:\/\/cirsaart.com\/en\/wp-json\/wp\/v2\/media?parent=1671"}],"wp:term":[{"taxonomy":"product_brand","embeddable":true,"href":"https:\/\/cirsaart.com\/en\/wp-json\/wp\/v2\/product_brand?post=1671"},{"taxonomy":"product_cat","embeddable":true,"href":"https:\/\/cirsaart.com\/en\/wp-json\/wp\/v2\/product_cat?post=1671"},{"taxonomy":"product_tag","embeddable":true,"href":"https:\/\/cirsaart.com\/en\/wp-json\/wp\/v2\/product_tag?post=1671"}],"curies":[{"name":"wp","href":"https:\/\/api.w.org\/{rel}","templated":true}]}}