{"id":1750,"date":"2025-08-01T19:43:41","date_gmt":"2025-08-01T19:43:41","guid":{"rendered":"https:\/\/cirsaart.com\/?post_type=product&#038;p=1750"},"modified":"2025-08-01T19:46:49","modified_gmt":"2025-08-01T19:46:49","slug":"colgante-luna-gato","status":"publish","type":"product","link":"https:\/\/cirsaart.com\/en\/product\/colgante-luna-gato\/","title":{"rendered":"Colgante Luna Gato"},"content":{"rendered":"<p data-start=\"274\" data-end=\"448\">Colgante Luna Gato con fondo blanco y ondas en verde ne\u00f3n, con peque\u00f1o gato encima de la luna. Collar plateado de acero inoxidable antienredos &#8211; Longitud aproximada de cierre 19 cm.<\/p>\n<p data-start=\"450\" data-end=\"548\">\u2713 Hecho a mano<br data-start=\"464\" data-end=\"467\" \/>\u2713 Dise\u00f1o \u00fanico con arcilla polim\u00e9rica<br data-start=\"504\" data-end=\"507\" \/>\u2713 Acabado brillante<br data-start=\"526\" data-end=\"529\" \/>\u2713 Ligero y c\u00f3modo<\/p>\n<p data-start=\"550\" data-end=\"673\">Puedes elegir solo el colgante o un conjunto con pendientes Estrella Ne\u00f3n o pendientes Gato Ne\u00f3n a un precio \u00a1incre\u00edble.<\/p>\n<p data-start=\"675\" data-end=\"887\">Si te gusta el Colgante Luna Gato, descubre m\u00e1s sobre la colecci\u00f3n <a class=\"\" href=\"https:\/\/cirsaart.com\/en\/product-category\/neon\/?v=151bb1da0f86\" target=\"_new\" rel=\"noopener\" data-start=\"742\" data-end=\"808\">aqu\u00ed<\/a>.<br data-start=\"809\" data-end=\"812\" \/>Descubre m\u00e1s novedades en <a class=\"\" href=\"https:\/\/www.instagram.com\/cirsa.art\" target=\"_new\" rel=\"noopener\" data-start=\"838\" data-end=\"887\">@cirsa.art<\/a><\/p>","protected":false},"excerpt":{"rendered":"<p>Dise\u00f1o de luna y gatito a juego con fondo blanco y ondas verde ne\u00f3n. Collar plateado antienredos. Disponible solo o en conjunto con pendientes Estrella Ne\u00f3n o Gato Ne\u00f3n a un precio especial.<\/p>","protected":false},"featured_media":1754,"template":"","meta":[],"product_brand":[],"product_cat":[40],"product_tag":[],"class_list":{"0":"post-1750","1":"product","2":"type-product","3":"status-publish","4":"has-post-thumbnail","6":"product_cat-neon","8":"first","9":"instock","10":"taxable","11":"shipping-taxable","12":"purchasable","13":"product-type-variable"},"yoast_head":"<!-- This site is optimized with the Yoast SEO plugin v27.4 - https:\/\/yoast.com\/product\/yoast-seo-wordpress\/ -->\n<title>Colgante Luna Gato -<\/title>\n<meta name=\"description\" content=\"Colgante Luna Gato con fondo blanco y ondas verde ne\u00f3n en toda la pieza. Collar plateado antienredos. Disponible solo o en conjunto con pendientes.\" \/>\n<meta name=\"robots\" content=\"index, follow, max-snippet:-1, max-image-preview:large, max-video-preview:-1\" \/>\n<link rel=\"canonical\" href=\"https:\/\/cirsaart.com\/en\/product\/colgante-luna-gato\/\" \/>\n<meta property=\"og:locale\" content=\"en_GB\" \/>\n<meta property=\"og:type\" content=\"article\" \/>\n<meta property=\"og:title\" content=\"Colgante Luna Gato -\" \/>\n<meta property=\"og:description\" content=\"Colgante Luna Gato con fondo blanco y ondas verde ne\u00f3n en toda la pieza. Collar plateado antienredos. Disponible solo o en conjunto con pendientes.\" \/>\n<meta property=\"og:url\" content=\"https:\/\/cirsaart.com\/en\/product\/colgante-luna-gato\/\" \/>\n<meta property=\"article:modified_time\" content=\"2025-08-01T19:46:49+00:00\" \/>\n<meta property=\"og:image\" content=\"https:\/\/cirsaart.com\/wp-content\/uploads\/2025\/08\/DSC2310-scaled.jpg\" \/>\n\t<meta property=\"og:image:width\" content=\"2560\" \/>\n\t<meta property=\"og:image:height\" content=\"1839\" \/>\n\t<meta property=\"og:image:type\" content=\"image\/jpeg\" \/>\n<meta name=\"twitter:card\" content=\"summary_large_image\" \/>\n<meta name=\"twitter:label1\" content=\"Estimated reading time\" \/>\n\t<meta name=\"twitter:data1\" content=\"1 minute\" \/>\n<script type=\"application\/ld+json\" class=\"yoast-schema-graph\">{\"@context\":\"https:\\\/\\\/schema.org\",\"@graph\":[{\"@type\":\"WebPage\",\"@id\":\"https:\\\/\\\/cirsaart.com\\\/product\\\/colgante-luna-gato\\\/\",\"url\":\"https:\\\/\\\/cirsaart.com\\\/product\\\/colgante-luna-gato\\\/\",\"name\":\"Colgante Luna Gato -\",\"isPartOf\":{\"@id\":\"https:\\\/\\\/cirsaart.com\\\/#website\"},\"primaryImageOfPage\":{\"@id\":\"https:\\\/\\\/cirsaart.com\\\/product\\\/colgante-luna-gato\\\/#primaryimage\"},\"image\":{\"@id\":\"https:\\\/\\\/cirsaart.com\\\/product\\\/colgante-luna-gato\\\/#primaryimage\"},\"thumbnailUrl\":\"https:\\\/\\\/cirsaart.com\\\/wp-content\\\/uploads\\\/2025\\\/08\\\/DSC2310-scaled.jpg\",\"datePublished\":\"2025-08-01T19:43:41+00:00\",\"dateModified\":\"2025-08-01T19:46:49+00:00\",\"description\":\"Colgante Luna Gato con fondo blanco y ondas verde ne\u00f3n en toda la pieza. Collar plateado antienredos. Disponible solo o en conjunto con pendientes.\",\"breadcrumb\":{\"@id\":\"https:\\\/\\\/cirsaart.com\\\/product\\\/colgante-luna-gato\\\/#breadcrumb\"},\"inLanguage\":\"en-GB\",\"potentialAction\":[{\"@type\":\"ReadAction\",\"target\":[\"https:\\\/\\\/cirsaart.com\\\/product\\\/colgante-luna-gato\\\/\"]}]},{\"@type\":\"ImageObject\",\"inLanguage\":\"en-GB\",\"@id\":\"https:\\\/\\\/cirsaart.com\\\/product\\\/colgante-luna-gato\\\/#primaryimage\",\"url\":\"https:\\\/\\\/cirsaart.com\\\/wp-content\\\/uploads\\\/2025\\\/08\\\/DSC2310-scaled.jpg\",\"contentUrl\":\"https:\\\/\\\/cirsaart.com\\\/wp-content\\\/uploads\\\/2025\\\/08\\\/DSC2310-scaled.jpg\",\"width\":2560,\"height\":1839,\"caption\":\"Colgante Luna Gato\"},{\"@type\":\"BreadcrumbList\",\"@id\":\"https:\\\/\\\/cirsaart.com\\\/product\\\/colgante-luna-gato\\\/#breadcrumb\",\"itemListElement\":[{\"@type\":\"ListItem\",\"position\":1,\"name\":\"Home\",\"item\":\"https:\\\/\\\/cirsaart.com\\\/\"},{\"@type\":\"ListItem\",\"position\":2,\"name\":\"Tienda Cirsa Art\",\"item\":\"https:\\\/\\\/cirsaart.com\\\/tienda-cirsa-art\\\/\"},{\"@type\":\"ListItem\",\"position\":3,\"name\":\"Colgante Luna Gato\"}]},{\"@type\":\"WebSite\",\"@id\":\"https:\\\/\\\/cirsaart.com\\\/#website\",\"url\":\"https:\\\/\\\/cirsaart.com\\\/\",\"name\":\"Cirsa Art\",\"description\":\"Bisuter\u00eda artesanal hecha a mano con arcilla polim\u00e9rica. Dise\u00f1os \u00fanicos creados para destacar tu esencia\",\"publisher\":{\"@id\":\"https:\\\/\\\/cirsaart.com\\\/#organization\"},\"alternateName\":\"Cirsa Art, Bisuter\u00eda Artesanal \u00danica\",\"potentialAction\":[{\"@type\":\"SearchAction\",\"target\":{\"@type\":\"EntryPoint\",\"urlTemplate\":\"https:\\\/\\\/cirsaart.com\\\/?s={search_term_string}\"},\"query-input\":{\"@type\":\"PropertyValueSpecification\",\"valueRequired\":true,\"valueName\":\"search_term_string\"}}],\"inLanguage\":\"en-GB\"},{\"@type\":\"Organization\",\"@id\":\"https:\\\/\\\/cirsaart.com\\\/#organization\",\"name\":\"Cirsa Art\",\"alternateName\":\"Cirsa Art, Bisuter\u00eda Artesanal \u00danica\",\"url\":\"https:\\\/\\\/cirsaart.com\\\/\",\"logo\":{\"@type\":\"ImageObject\",\"inLanguage\":\"en-GB\",\"@id\":\"https:\\\/\\\/cirsaart.com\\\/#\\\/schema\\\/logo\\\/image\\\/\",\"url\":\"https:\\\/\\\/cirsaart.com\\\/wp-content\\\/uploads\\\/2025\\\/06\\\/cropped-CIRSA-ART-LOGO-1_page-0001-1.jpg\",\"contentUrl\":\"https:\\\/\\\/cirsaart.com\\\/wp-content\\\/uploads\\\/2025\\\/06\\\/cropped-CIRSA-ART-LOGO-1_page-0001-1.jpg\",\"width\":240,\"height\":243,\"caption\":\"Cirsa Art\"},\"image\":{\"@id\":\"https:\\\/\\\/cirsaart.com\\\/#\\\/schema\\\/logo\\\/image\\\/\"}}]}<\/script>\n<!-- \/ Yoast SEO plugin. -->","yoast_head_json":{"title":"Colgante Luna Gato -","description":"Colgante Luna Gato con fondo blanco y ondas verde ne\u00f3n en toda la pieza. Collar plateado antienredos. Disponible solo o en conjunto con pendientes.","robots":{"index":"index","follow":"follow","max-snippet":"max-snippet:-1","max-image-preview":"max-image-preview:large","max-video-preview":"max-video-preview:-1"},"canonical":"https:\/\/cirsaart.com\/en\/product\/colgante-luna-gato\/","og_locale":"en_GB","og_type":"article","og_title":"Colgante Luna Gato -","og_description":"Colgante Luna Gato con fondo blanco y ondas verde ne\u00f3n en toda la pieza. Collar plateado antienredos. Disponible solo o en conjunto con pendientes.","og_url":"https:\/\/cirsaart.com\/en\/product\/colgante-luna-gato\/","article_modified_time":"2025-08-01T19:46:49+00:00","og_image":[{"width":2560,"height":1839,"url":"https:\/\/cirsaart.com\/wp-content\/uploads\/2025\/08\/DSC2310-scaled.jpg","type":"image\/jpeg"}],"twitter_card":"summary_large_image","twitter_misc":{"Estimated reading time":"1 minute"},"schema":{"@context":"https:\/\/schema.org","@graph":[{"@type":"WebPage","@id":"https:\/\/cirsaart.com\/product\/colgante-luna-gato\/","url":"https:\/\/cirsaart.com\/product\/colgante-luna-gato\/","name":"Colgante Luna Gato -","isPartOf":{"@id":"https:\/\/cirsaart.com\/#website"},"primaryImageOfPage":{"@id":"https:\/\/cirsaart.com\/product\/colgante-luna-gato\/#primaryimage"},"image":{"@id":"https:\/\/cirsaart.com\/product\/colgante-luna-gato\/#primaryimage"},"thumbnailUrl":"https:\/\/cirsaart.com\/wp-content\/uploads\/2025\/08\/DSC2310-scaled.jpg","datePublished":"2025-08-01T19:43:41+00:00","dateModified":"2025-08-01T19:46:49+00:00","description":"Colgante Luna Gato con fondo blanco y ondas verde ne\u00f3n en toda la pieza. Collar plateado antienredos. Disponible solo o en conjunto con pendientes.","breadcrumb":{"@id":"https:\/\/cirsaart.com\/product\/colgante-luna-gato\/#breadcrumb"},"inLanguage":"en-GB","potentialAction":[{"@type":"ReadAction","target":["https:\/\/cirsaart.com\/product\/colgante-luna-gato\/"]}]},{"@type":"ImageObject","inLanguage":"en-GB","@id":"https:\/\/cirsaart.com\/product\/colgante-luna-gato\/#primaryimage","url":"https:\/\/cirsaart.com\/wp-content\/uploads\/2025\/08\/DSC2310-scaled.jpg","contentUrl":"https:\/\/cirsaart.com\/wp-content\/uploads\/2025\/08\/DSC2310-scaled.jpg","width":2560,"height":1839,"caption":"Colgante Luna Gato"},{"@type":"BreadcrumbList","@id":"https:\/\/cirsaart.com\/product\/colgante-luna-gato\/#breadcrumb","itemListElement":[{"@type":"ListItem","position":1,"name":"Home","item":"https:\/\/cirsaart.com\/"},{"@type":"ListItem","position":2,"name":"Tienda Cirsa Art","item":"https:\/\/cirsaart.com\/tienda-cirsa-art\/"},{"@type":"ListItem","position":3,"name":"Colgante Luna Gato"}]},{"@type":"WebSite","@id":"https:\/\/cirsaart.com\/#website","url":"https:\/\/cirsaart.com\/","name":"Cirsa Art","description":"Bisuter\u00eda artesanal hecha a mano con arcilla polim\u00e9rica. Dise\u00f1os \u00fanicos creados para destacar tu esencia","publisher":{"@id":"https:\/\/cirsaart.com\/#organization"},"alternateName":"Cirsa Art, Bisuter\u00eda Artesanal \u00danica","potentialAction":[{"@type":"SearchAction","target":{"@type":"EntryPoint","urlTemplate":"https:\/\/cirsaart.com\/?s={search_term_string}"},"query-input":{"@type":"PropertyValueSpecification","valueRequired":true,"valueName":"search_term_string"}}],"inLanguage":"en-GB"},{"@type":"Organization","@id":"https:\/\/cirsaart.com\/#organization","name":"Cirsa Art","alternateName":"Cirsa Art, Bisuter\u00eda Artesanal \u00danica","url":"https:\/\/cirsaart.com\/","logo":{"@type":"ImageObject","inLanguage":"en-GB","@id":"https:\/\/cirsaart.com\/#\/schema\/logo\/image\/","url":"https:\/\/cirsaart.com\/wp-content\/uploads\/2025\/06\/cropped-CIRSA-ART-LOGO-1_page-0001-1.jpg","contentUrl":"https:\/\/cirsaart.com\/wp-content\/uploads\/2025\/06\/cropped-CIRSA-ART-LOGO-1_page-0001-1.jpg","width":240,"height":243,"caption":"Cirsa Art"},"image":{"@id":"https:\/\/cirsaart.com\/#\/schema\/logo\/image\/"}}]}},"_links":{"self":[{"href":"https:\/\/cirsaart.com\/en\/wp-json\/wp\/v2\/product\/1750","targetHints":{"allow":["GET"]}}],"collection":[{"href":"https:\/\/cirsaart.com\/en\/wp-json\/wp\/v2\/product"}],"about":[{"href":"https:\/\/cirsaart.com\/en\/wp-json\/wp\/v2\/types\/product"}],"version-history":[{"count":1,"href":"https:\/\/cirsaart.com\/en\/wp-json\/wp\/v2\/product\/1750\/revisions"}],"predecessor-version":[{"id":1760,"href":"https:\/\/cirsaart.com\/en\/wp-json\/wp\/v2\/product\/1750\/revisions\/1760"}],"wp:featuredmedia":[{"embeddable":true,"href":"https:\/\/cirsaart.com\/en\/wp-json\/wp\/v2\/media\/1754"}],"wp:attachment":[{"href":"https:\/\/cirsaart.com\/en\/wp-json\/wp\/v2\/media?parent=1750"}],"wp:term":[{"taxonomy":"product_brand","embeddable":true,"href":"https:\/\/cirsaart.com\/en\/wp-json\/wp\/v2\/product_brand?post=1750"},{"taxonomy":"product_cat","embeddable":true,"href":"https:\/\/cirsaart.com\/en\/wp-json\/wp\/v2\/product_cat?post=1750"},{"taxonomy":"product_tag","embeddable":true,"href":"https:\/\/cirsaart.com\/en\/wp-json\/wp\/v2\/product_tag?post=1750"}],"curies":[{"name":"wp","href":"https:\/\/api.w.org\/{rel}","templated":true}]}}