{"id":182,"date":"2025-06-05T13:13:46","date_gmt":"2025-06-05T13:13:46","guid":{"rendered":"https:\/\/cirsaart.com\/?post_type=product&#038;p=182"},"modified":"2025-07-26T20:34:46","modified_gmt":"2025-07-26T20:34:46","slug":"pendientes-duo-rombal-%c2%b7-diseno-diptico-geometrico-%c2%b7-burdeos","status":"publish","type":"product","link":"https:\/\/cirsaart.com\/en\/product\/pendientes-duo-rombal-%c2%b7-diseno-diptico-geometrico-%c2%b7-burdeos\/","title":{"rendered":"Pendientes Rombo D\u00edptico Burdeos"},"content":{"rendered":"<p data-start=\"116\" data-end=\"420\">Los Pendientes Rombo D\u00edptico Burdeos combinan formas geom\u00e9tricas con una composici\u00f3n en dos piezas: la parte superior con estampado abstracto en burdeos, rosa perla y ocre; la inferior en burdeos liso. Hechos a mano con arcilla polim\u00e9rica, est\u00e1n lijados y barnizados para un acabado brillante y duradero.<\/p>\n<p data-start=\"422\" data-end=\"545\">\u2713 Dise\u00f1o en rombo asim\u00e9trico<br data-start=\"450\" data-end=\"453\" \/>\u2713 Estampado art\u00edstico y elegante<br data-start=\"485\" data-end=\"488\" \/>\u2713 Ligeros y c\u00f3modos<br data-start=\"507\" data-end=\"510\" \/>\u2713 Enganche de bola en tono plateado 3mm<\/p>\n<p data-start=\"547\" data-end=\"601\">Ideales para cualquier ocasi\u00f3n o como regalo especial.<\/p>\n<p data-start=\"1589\" data-end=\"1837\">Si te gustan los Pendientes Rombo D\u00edptico Burdeos, descubre toda la colecci\u00f3n Rose\u00b7Life <a href=\"https:\/\/cirsaart.com\/en\/product-category\/rose\u00b7life\/\">aqu\u00ed<\/a><\/p>\n<p data-start=\"1589\" data-end=\"1837\">Entra en <a href=\"https:\/\/www.instagram.com\/cirsa.art\/\">instagram<\/a> y no te pierdas novedades.<\/p>","protected":false},"excerpt":{"rendered":"<p>Pendientes con dise\u00f1o d\u00edptico formando un elegante rombo. Parte superior con estampado abstracto en tonos burdeos, rosa perla y ocre; parte inferior en burdeos liso. Enganche de bola en tono plateado. Una pieza ligera, moderna y art\u00edstica.<\/p>","protected":false},"featured_media":1309,"template":"","meta":[],"product_brand":[],"product_cat":[21],"product_tag":[],"class_list":{"0":"post-182","1":"product","2":"type-product","3":"status-publish","4":"has-post-thumbnail","6":"product_cat-roselife","8":"first","9":"instock","10":"taxable","11":"shipping-taxable","12":"purchasable","13":"product-type-simple"},"yoast_head":"<!-- This site is optimized with the Yoast SEO plugin v27.4 - https:\/\/yoast.com\/product\/yoast-seo-wordpress\/ -->\n<title>Pendientes Rombo D\u00edptico Burdeos -<\/title>\n<meta name=\"description\" content=\"Pendientes Rombo D\u00edptico en Burdeos. Estampado abstracto en burdeos, rosa perla y ocre, combinado con burdeos liso. Dise\u00f1o moderno.\" \/>\n<meta name=\"robots\" content=\"index, follow, max-snippet:-1, max-image-preview:large, max-video-preview:-1\" \/>\n<link rel=\"canonical\" href=\"https:\/\/cirsaart.com\/en\/product\/pendientes-duo-rombal-\u00b7-diseno-diptico-geometrico-\u00b7-burdeos\/\" \/>\n<meta property=\"og:locale\" content=\"en_GB\" \/>\n<meta property=\"og:type\" content=\"article\" \/>\n<meta property=\"og:title\" content=\"Pendientes Rombo D\u00edptico Burdeos -\" \/>\n<meta property=\"og:description\" content=\"Pendientes Rombo D\u00edptico en Burdeos. Estampado abstracto en burdeos, rosa perla y ocre, combinado con burdeos liso. Dise\u00f1o moderno.\" \/>\n<meta property=\"og:url\" content=\"https:\/\/cirsaart.com\/en\/product\/pendientes-duo-rombal-\u00b7-diseno-diptico-geometrico-\u00b7-burdeos\/\" \/>\n<meta property=\"article:modified_time\" content=\"2025-07-26T20:34:46+00:00\" \/>\n<meta property=\"og:image\" content=\"https:\/\/cirsaart.com\/wp-content\/uploads\/2025\/06\/DIPTICO-CIRSA2-1-scaled.jpg\" \/>\n\t<meta property=\"og:image:width\" content=\"2560\" \/>\n\t<meta property=\"og:image:height\" content=\"2351\" \/>\n\t<meta property=\"og:image:type\" content=\"image\/jpeg\" \/>\n<meta name=\"twitter:card\" content=\"summary_large_image\" \/>\n<meta name=\"twitter:label1\" content=\"Estimated reading time\" \/>\n\t<meta name=\"twitter:data1\" content=\"1 minute\" \/>\n<script type=\"application\/ld+json\" class=\"yoast-schema-graph\">{\"@context\":\"https:\\\/\\\/schema.org\",\"@graph\":[{\"@type\":\"WebPage\",\"@id\":\"https:\\\/\\\/cirsaart.com\\\/product\\\/pendientes-duo-rombal-%c2%b7-diseno-diptico-geometrico-%c2%b7-burdeos\\\/\",\"url\":\"https:\\\/\\\/cirsaart.com\\\/product\\\/pendientes-duo-rombal-%c2%b7-diseno-diptico-geometrico-%c2%b7-burdeos\\\/\",\"name\":\"Pendientes Rombo D\u00edptico Burdeos -\",\"isPartOf\":{\"@id\":\"https:\\\/\\\/cirsaart.com\\\/#website\"},\"primaryImageOfPage\":{\"@id\":\"https:\\\/\\\/cirsaart.com\\\/product\\\/pendientes-duo-rombal-%c2%b7-diseno-diptico-geometrico-%c2%b7-burdeos\\\/#primaryimage\"},\"image\":{\"@id\":\"https:\\\/\\\/cirsaart.com\\\/product\\\/pendientes-duo-rombal-%c2%b7-diseno-diptico-geometrico-%c2%b7-burdeos\\\/#primaryimage\"},\"thumbnailUrl\":\"https:\\\/\\\/cirsaart.com\\\/wp-content\\\/uploads\\\/2025\\\/06\\\/DIPTICO-CIRSA2-1-scaled.jpg\",\"datePublished\":\"2025-06-05T13:13:46+00:00\",\"dateModified\":\"2025-07-26T20:34:46+00:00\",\"description\":\"Pendientes Rombo D\u00edptico en Burdeos. Estampado abstracto en burdeos, rosa perla y ocre, combinado con burdeos liso. Dise\u00f1o moderno.\",\"breadcrumb\":{\"@id\":\"https:\\\/\\\/cirsaart.com\\\/product\\\/pendientes-duo-rombal-%c2%b7-diseno-diptico-geometrico-%c2%b7-burdeos\\\/#breadcrumb\"},\"inLanguage\":\"en-GB\",\"potentialAction\":[{\"@type\":\"ReadAction\",\"target\":[\"https:\\\/\\\/cirsaart.com\\\/product\\\/pendientes-duo-rombal-%c2%b7-diseno-diptico-geometrico-%c2%b7-burdeos\\\/\"]}]},{\"@type\":\"ImageObject\",\"inLanguage\":\"en-GB\",\"@id\":\"https:\\\/\\\/cirsaart.com\\\/product\\\/pendientes-duo-rombal-%c2%b7-diseno-diptico-geometrico-%c2%b7-burdeos\\\/#primaryimage\",\"url\":\"https:\\\/\\\/cirsaart.com\\\/wp-content\\\/uploads\\\/2025\\\/06\\\/DIPTICO-CIRSA2-1-scaled.jpg\",\"contentUrl\":\"https:\\\/\\\/cirsaart.com\\\/wp-content\\\/uploads\\\/2025\\\/06\\\/DIPTICO-CIRSA2-1-scaled.jpg\",\"width\":2560,\"height\":2351,\"caption\":\"Pendientes Rombo D\u00edptico Burdeos\"},{\"@type\":\"BreadcrumbList\",\"@id\":\"https:\\\/\\\/cirsaart.com\\\/product\\\/pendientes-duo-rombal-%c2%b7-diseno-diptico-geometrico-%c2%b7-burdeos\\\/#breadcrumb\",\"itemListElement\":[{\"@type\":\"ListItem\",\"position\":1,\"name\":\"Home\",\"item\":\"https:\\\/\\\/cirsaart.com\\\/\"},{\"@type\":\"ListItem\",\"position\":2,\"name\":\"Tienda Cirsa Art\",\"item\":\"https:\\\/\\\/cirsaart.com\\\/tienda-cirsa-art\\\/\"},{\"@type\":\"ListItem\",\"position\":3,\"name\":\"Pendientes Rombo D\u00edptico Burdeos\"}]},{\"@type\":\"WebSite\",\"@id\":\"https:\\\/\\\/cirsaart.com\\\/#website\",\"url\":\"https:\\\/\\\/cirsaart.com\\\/\",\"name\":\"Cirsa Art\",\"description\":\"Bisuter\u00eda artesanal hecha a mano con arcilla polim\u00e9rica. Dise\u00f1os \u00fanicos creados para destacar tu esencia\",\"publisher\":{\"@id\":\"https:\\\/\\\/cirsaart.com\\\/#organization\"},\"alternateName\":\"Cirsa Art, Bisuter\u00eda Artesanal \u00danica\",\"potentialAction\":[{\"@type\":\"SearchAction\",\"target\":{\"@type\":\"EntryPoint\",\"urlTemplate\":\"https:\\\/\\\/cirsaart.com\\\/?s={search_term_string}\"},\"query-input\":{\"@type\":\"PropertyValueSpecification\",\"valueRequired\":true,\"valueName\":\"search_term_string\"}}],\"inLanguage\":\"en-GB\"},{\"@type\":\"Organization\",\"@id\":\"https:\\\/\\\/cirsaart.com\\\/#organization\",\"name\":\"Cirsa Art\",\"alternateName\":\"Cirsa Art, Bisuter\u00eda Artesanal \u00danica\",\"url\":\"https:\\\/\\\/cirsaart.com\\\/\",\"logo\":{\"@type\":\"ImageObject\",\"inLanguage\":\"en-GB\",\"@id\":\"https:\\\/\\\/cirsaart.com\\\/#\\\/schema\\\/logo\\\/image\\\/\",\"url\":\"https:\\\/\\\/cirsaart.com\\\/wp-content\\\/uploads\\\/2025\\\/06\\\/cropped-CIRSA-ART-LOGO-1_page-0001-1.jpg\",\"contentUrl\":\"https:\\\/\\\/cirsaart.com\\\/wp-content\\\/uploads\\\/2025\\\/06\\\/cropped-CIRSA-ART-LOGO-1_page-0001-1.jpg\",\"width\":240,\"height\":243,\"caption\":\"Cirsa Art\"},\"image\":{\"@id\":\"https:\\\/\\\/cirsaart.com\\\/#\\\/schema\\\/logo\\\/image\\\/\"}}]}<\/script>\n<!-- \/ Yoast SEO plugin. -->","yoast_head_json":{"title":"Pendientes Rombo D\u00edptico Burdeos -","description":"Pendientes Rombo D\u00edptico en Burdeos. Estampado abstracto en burdeos, rosa perla y ocre, combinado con burdeos liso. Dise\u00f1o moderno.","robots":{"index":"index","follow":"follow","max-snippet":"max-snippet:-1","max-image-preview":"max-image-preview:large","max-video-preview":"max-video-preview:-1"},"canonical":"https:\/\/cirsaart.com\/en\/product\/pendientes-duo-rombal-\u00b7-diseno-diptico-geometrico-\u00b7-burdeos\/","og_locale":"en_GB","og_type":"article","og_title":"Pendientes Rombo D\u00edptico Burdeos -","og_description":"Pendientes Rombo D\u00edptico en Burdeos. Estampado abstracto en burdeos, rosa perla y ocre, combinado con burdeos liso. Dise\u00f1o moderno.","og_url":"https:\/\/cirsaart.com\/en\/product\/pendientes-duo-rombal-\u00b7-diseno-diptico-geometrico-\u00b7-burdeos\/","article_modified_time":"2025-07-26T20:34:46+00:00","og_image":[{"width":2560,"height":2351,"url":"https:\/\/cirsaart.com\/wp-content\/uploads\/2025\/06\/DIPTICO-CIRSA2-1-scaled.jpg","type":"image\/jpeg"}],"twitter_card":"summary_large_image","twitter_misc":{"Estimated reading time":"1 minute"},"schema":{"@context":"https:\/\/schema.org","@graph":[{"@type":"WebPage","@id":"https:\/\/cirsaart.com\/product\/pendientes-duo-rombal-%c2%b7-diseno-diptico-geometrico-%c2%b7-burdeos\/","url":"https:\/\/cirsaart.com\/product\/pendientes-duo-rombal-%c2%b7-diseno-diptico-geometrico-%c2%b7-burdeos\/","name":"Pendientes Rombo D\u00edptico Burdeos -","isPartOf":{"@id":"https:\/\/cirsaart.com\/#website"},"primaryImageOfPage":{"@id":"https:\/\/cirsaart.com\/product\/pendientes-duo-rombal-%c2%b7-diseno-diptico-geometrico-%c2%b7-burdeos\/#primaryimage"},"image":{"@id":"https:\/\/cirsaart.com\/product\/pendientes-duo-rombal-%c2%b7-diseno-diptico-geometrico-%c2%b7-burdeos\/#primaryimage"},"thumbnailUrl":"https:\/\/cirsaart.com\/wp-content\/uploads\/2025\/06\/DIPTICO-CIRSA2-1-scaled.jpg","datePublished":"2025-06-05T13:13:46+00:00","dateModified":"2025-07-26T20:34:46+00:00","description":"Pendientes Rombo D\u00edptico en Burdeos. Estampado abstracto en burdeos, rosa perla y ocre, combinado con burdeos liso. Dise\u00f1o moderno.","breadcrumb":{"@id":"https:\/\/cirsaart.com\/product\/pendientes-duo-rombal-%c2%b7-diseno-diptico-geometrico-%c2%b7-burdeos\/#breadcrumb"},"inLanguage":"en-GB","potentialAction":[{"@type":"ReadAction","target":["https:\/\/cirsaart.com\/product\/pendientes-duo-rombal-%c2%b7-diseno-diptico-geometrico-%c2%b7-burdeos\/"]}]},{"@type":"ImageObject","inLanguage":"en-GB","@id":"https:\/\/cirsaart.com\/product\/pendientes-duo-rombal-%c2%b7-diseno-diptico-geometrico-%c2%b7-burdeos\/#primaryimage","url":"https:\/\/cirsaart.com\/wp-content\/uploads\/2025\/06\/DIPTICO-CIRSA2-1-scaled.jpg","contentUrl":"https:\/\/cirsaart.com\/wp-content\/uploads\/2025\/06\/DIPTICO-CIRSA2-1-scaled.jpg","width":2560,"height":2351,"caption":"Pendientes Rombo D\u00edptico Burdeos"},{"@type":"BreadcrumbList","@id":"https:\/\/cirsaart.com\/product\/pendientes-duo-rombal-%c2%b7-diseno-diptico-geometrico-%c2%b7-burdeos\/#breadcrumb","itemListElement":[{"@type":"ListItem","position":1,"name":"Home","item":"https:\/\/cirsaart.com\/"},{"@type":"ListItem","position":2,"name":"Tienda Cirsa Art","item":"https:\/\/cirsaart.com\/tienda-cirsa-art\/"},{"@type":"ListItem","position":3,"name":"Pendientes Rombo D\u00edptico Burdeos"}]},{"@type":"WebSite","@id":"https:\/\/cirsaart.com\/#website","url":"https:\/\/cirsaart.com\/","name":"Cirsa Art","description":"Bisuter\u00eda artesanal hecha a mano con arcilla polim\u00e9rica. Dise\u00f1os \u00fanicos creados para destacar tu esencia","publisher":{"@id":"https:\/\/cirsaart.com\/#organization"},"alternateName":"Cirsa Art, Bisuter\u00eda Artesanal \u00danica","potentialAction":[{"@type":"SearchAction","target":{"@type":"EntryPoint","urlTemplate":"https:\/\/cirsaart.com\/?s={search_term_string}"},"query-input":{"@type":"PropertyValueSpecification","valueRequired":true,"valueName":"search_term_string"}}],"inLanguage":"en-GB"},{"@type":"Organization","@id":"https:\/\/cirsaart.com\/#organization","name":"Cirsa Art","alternateName":"Cirsa Art, Bisuter\u00eda Artesanal \u00danica","url":"https:\/\/cirsaart.com\/","logo":{"@type":"ImageObject","inLanguage":"en-GB","@id":"https:\/\/cirsaart.com\/#\/schema\/logo\/image\/","url":"https:\/\/cirsaart.com\/wp-content\/uploads\/2025\/06\/cropped-CIRSA-ART-LOGO-1_page-0001-1.jpg","contentUrl":"https:\/\/cirsaart.com\/wp-content\/uploads\/2025\/06\/cropped-CIRSA-ART-LOGO-1_page-0001-1.jpg","width":240,"height":243,"caption":"Cirsa Art"},"image":{"@id":"https:\/\/cirsaart.com\/#\/schema\/logo\/image\/"}}]}},"_links":{"self":[{"href":"https:\/\/cirsaart.com\/en\/wp-json\/wp\/v2\/product\/182","targetHints":{"allow":["GET"]}}],"collection":[{"href":"https:\/\/cirsaart.com\/en\/wp-json\/wp\/v2\/product"}],"about":[{"href":"https:\/\/cirsaart.com\/en\/wp-json\/wp\/v2\/types\/product"}],"version-history":[{"count":6,"href":"https:\/\/cirsaart.com\/en\/wp-json\/wp\/v2\/product\/182\/revisions"}],"predecessor-version":[{"id":1451,"href":"https:\/\/cirsaart.com\/en\/wp-json\/wp\/v2\/product\/182\/revisions\/1451"}],"wp:featuredmedia":[{"embeddable":true,"href":"https:\/\/cirsaart.com\/en\/wp-json\/wp\/v2\/media\/1309"}],"wp:attachment":[{"href":"https:\/\/cirsaart.com\/en\/wp-json\/wp\/v2\/media?parent=182"}],"wp:term":[{"taxonomy":"product_brand","embeddable":true,"href":"https:\/\/cirsaart.com\/en\/wp-json\/wp\/v2\/product_brand?post=182"},{"taxonomy":"product_cat","embeddable":true,"href":"https:\/\/cirsaart.com\/en\/wp-json\/wp\/v2\/product_cat?post=182"},{"taxonomy":"product_tag","embeddable":true,"href":"https:\/\/cirsaart.com\/en\/wp-json\/wp\/v2\/product_tag?post=182"}],"curies":[{"name":"wp","href":"https:\/\/api.w.org\/{rel}","templated":true}]}}