{"id":194,"date":"2025-06-05T15:58:23","date_gmt":"2025-06-05T15:58:23","guid":{"rendered":"https:\/\/cirsaart.com\/?post_type=product&#038;p=194"},"modified":"2025-07-26T20:34:20","modified_gmt":"2025-07-26T20:34:20","slug":"pendientes-hoja-blanco-y-rosa","status":"publish","type":"product","link":"https:\/\/cirsaart.com\/en\/product\/pendientes-hoja-blanco-y-rosa\/","title":{"rendered":"Pendientes Hoja Blanco y Rosa"},"content":{"rendered":"<p data-start=\"93\" data-end=\"392\">Los Pendientes Hoja Blanco y Rosa presentan un dise\u00f1o en dos partes, con una hoja inferior colgante que aporta movimiento. Hechos a mano con arcilla polim\u00e9rica, combinan blanco y rosa perla con un enganche en forma de gota en oro rosa oscuro de acero inoxidable. Lijados con precisi\u00f3n y protegidos con barniz brillante.<\/p>\n<p data-start=\"394\" data-end=\"526\">\u2713 Dise\u00f1o en dos piezas con movimiento<br data-start=\"431\" data-end=\"434\" \/>\u2713 Colores suaves y elegantes<br data-start=\"462\" data-end=\"465\" \/>\u2713 Ligeros y c\u00f3modos<br data-start=\"484\" data-end=\"487\" \/>\u2713 Enganche tipo gota de acero inoxidable<\/p>\n<p data-start=\"1618\" data-end=\"1785\">Si te gustan los pendientes Hoja Blanco y Rosa, descubre toda la colecci\u00f3n <a class=\"cursor-pointer\" href=\"https:\/\/cirsaart.com\/en\/product-category\/rose%c2%b7life\/\" target=\"_new\" rel=\"noopener\" data-start=\"1645\" data-end=\"1701\">Rose\u00b7Life<\/a><\/p>\n<p>Sigue la inspiraci\u00f3n diaria en <a href=\"https:\/\/www.instagram.com\/cirsa.art\/\">@cirsa.art<\/a>.<\/p>","protected":false},"excerpt":{"rendered":"<p data-start=\"98\" data-end=\"380\">Dise\u00f1o en dos partes con hoja que cuelga, en colores blanco y rosa perla. Enganche de gota en oro rosa oscuro. Ideales para cualquier ocasi\u00f3n o como regalo especial.<\/p>","protected":false},"featured_media":1302,"template":"","meta":[],"product_brand":[],"product_cat":[21],"product_tag":[],"class_list":{"0":"post-194","1":"product","2":"type-product","3":"status-publish","4":"has-post-thumbnail","6":"product_cat-roselife","8":"first","9":"instock","10":"taxable","11":"shipping-taxable","12":"purchasable","13":"product-type-simple"},"yoast_head":"<!-- This site is optimized with the Yoast SEO plugin v27.4 - https:\/\/yoast.com\/product\/yoast-seo-wordpress\/ -->\n<title>Pendientes Hoja Blanco y Rosa -<\/title>\n<meta name=\"description\" content=\"Pendientes Hoja Blanco y Rosa hechos a mano con arcilla polim\u00e9rica. Colores blanco y rosa perla, y enganche en gota de oro rosa oscuro.\" \/>\n<meta name=\"robots\" content=\"index, follow, max-snippet:-1, max-image-preview:large, max-video-preview:-1\" \/>\n<link rel=\"canonical\" href=\"https:\/\/cirsaart.com\/en\/product\/pendientes-hoja-blanco-y-rosa\/\" \/>\n<meta property=\"og:locale\" content=\"en_GB\" \/>\n<meta property=\"og:type\" content=\"article\" \/>\n<meta property=\"og:title\" content=\"Pendientes Hoja Blanco y Rosa -\" \/>\n<meta property=\"og:description\" content=\"Pendientes Hoja Blanco y Rosa hechos a mano con arcilla polim\u00e9rica. Colores blanco y rosa perla, y enganche en gota de oro rosa oscuro.\" \/>\n<meta property=\"og:url\" content=\"https:\/\/cirsaart.com\/en\/product\/pendientes-hoja-blanco-y-rosa\/\" \/>\n<meta property=\"article:modified_time\" content=\"2025-07-26T20:34:20+00:00\" \/>\n<meta property=\"og:image\" content=\"https:\/\/cirsaart.com\/wp-content\/uploads\/2025\/06\/HOJA-CERCA1-1-scaled.jpg\" \/>\n\t<meta property=\"og:image:width\" content=\"2560\" \/>\n\t<meta property=\"og:image:height\" content=\"1821\" \/>\n\t<meta property=\"og:image:type\" content=\"image\/jpeg\" \/>\n<meta name=\"twitter:card\" content=\"summary_large_image\" \/>\n<meta name=\"twitter:label1\" content=\"Estimated reading time\" \/>\n\t<meta name=\"twitter:data1\" content=\"1 minute\" \/>\n<script type=\"application\/ld+json\" class=\"yoast-schema-graph\">{\"@context\":\"https:\\\/\\\/schema.org\",\"@graph\":[{\"@type\":\"WebPage\",\"@id\":\"https:\\\/\\\/cirsaart.com\\\/product\\\/pendientes-hoja-blanco-y-rosa\\\/\",\"url\":\"https:\\\/\\\/cirsaart.com\\\/product\\\/pendientes-hoja-blanco-y-rosa\\\/\",\"name\":\"Pendientes Hoja Blanco y Rosa -\",\"isPartOf\":{\"@id\":\"https:\\\/\\\/cirsaart.com\\\/#website\"},\"primaryImageOfPage\":{\"@id\":\"https:\\\/\\\/cirsaart.com\\\/product\\\/pendientes-hoja-blanco-y-rosa\\\/#primaryimage\"},\"image\":{\"@id\":\"https:\\\/\\\/cirsaart.com\\\/product\\\/pendientes-hoja-blanco-y-rosa\\\/#primaryimage\"},\"thumbnailUrl\":\"https:\\\/\\\/cirsaart.com\\\/wp-content\\\/uploads\\\/2025\\\/06\\\/HOJA-CERCA1-1-scaled.jpg\",\"datePublished\":\"2025-06-05T15:58:23+00:00\",\"dateModified\":\"2025-07-26T20:34:20+00:00\",\"description\":\"Pendientes Hoja Blanco y Rosa hechos a mano con arcilla polim\u00e9rica. Colores blanco y rosa perla, y enganche en gota de oro rosa oscuro.\",\"breadcrumb\":{\"@id\":\"https:\\\/\\\/cirsaart.com\\\/product\\\/pendientes-hoja-blanco-y-rosa\\\/#breadcrumb\"},\"inLanguage\":\"en-GB\",\"potentialAction\":[{\"@type\":\"ReadAction\",\"target\":[\"https:\\\/\\\/cirsaart.com\\\/product\\\/pendientes-hoja-blanco-y-rosa\\\/\"]}]},{\"@type\":\"ImageObject\",\"inLanguage\":\"en-GB\",\"@id\":\"https:\\\/\\\/cirsaart.com\\\/product\\\/pendientes-hoja-blanco-y-rosa\\\/#primaryimage\",\"url\":\"https:\\\/\\\/cirsaart.com\\\/wp-content\\\/uploads\\\/2025\\\/06\\\/HOJA-CERCA1-1-scaled.jpg\",\"contentUrl\":\"https:\\\/\\\/cirsaart.com\\\/wp-content\\\/uploads\\\/2025\\\/06\\\/HOJA-CERCA1-1-scaled.jpg\",\"width\":2560,\"height\":1821,\"caption\":\"Pendientes Hoja Blanco y Rosa\"},{\"@type\":\"BreadcrumbList\",\"@id\":\"https:\\\/\\\/cirsaart.com\\\/product\\\/pendientes-hoja-blanco-y-rosa\\\/#breadcrumb\",\"itemListElement\":[{\"@type\":\"ListItem\",\"position\":1,\"name\":\"Home\",\"item\":\"https:\\\/\\\/cirsaart.com\\\/\"},{\"@type\":\"ListItem\",\"position\":2,\"name\":\"Tienda Cirsa Art\",\"item\":\"https:\\\/\\\/cirsaart.com\\\/tienda-cirsa-art\\\/\"},{\"@type\":\"ListItem\",\"position\":3,\"name\":\"Pendientes Hoja Blanco y Rosa\"}]},{\"@type\":\"WebSite\",\"@id\":\"https:\\\/\\\/cirsaart.com\\\/#website\",\"url\":\"https:\\\/\\\/cirsaart.com\\\/\",\"name\":\"Cirsa Art\",\"description\":\"Bisuter\u00eda artesanal hecha a mano con arcilla polim\u00e9rica. Dise\u00f1os \u00fanicos creados para destacar tu esencia\",\"publisher\":{\"@id\":\"https:\\\/\\\/cirsaart.com\\\/#organization\"},\"alternateName\":\"Cirsa Art, Bisuter\u00eda Artesanal \u00danica\",\"potentialAction\":[{\"@type\":\"SearchAction\",\"target\":{\"@type\":\"EntryPoint\",\"urlTemplate\":\"https:\\\/\\\/cirsaart.com\\\/?s={search_term_string}\"},\"query-input\":{\"@type\":\"PropertyValueSpecification\",\"valueRequired\":true,\"valueName\":\"search_term_string\"}}],\"inLanguage\":\"en-GB\"},{\"@type\":\"Organization\",\"@id\":\"https:\\\/\\\/cirsaart.com\\\/#organization\",\"name\":\"Cirsa Art\",\"alternateName\":\"Cirsa Art, Bisuter\u00eda Artesanal \u00danica\",\"url\":\"https:\\\/\\\/cirsaart.com\\\/\",\"logo\":{\"@type\":\"ImageObject\",\"inLanguage\":\"en-GB\",\"@id\":\"https:\\\/\\\/cirsaart.com\\\/#\\\/schema\\\/logo\\\/image\\\/\",\"url\":\"https:\\\/\\\/cirsaart.com\\\/wp-content\\\/uploads\\\/2025\\\/06\\\/cropped-CIRSA-ART-LOGO-1_page-0001-1.jpg\",\"contentUrl\":\"https:\\\/\\\/cirsaart.com\\\/wp-content\\\/uploads\\\/2025\\\/06\\\/cropped-CIRSA-ART-LOGO-1_page-0001-1.jpg\",\"width\":240,\"height\":243,\"caption\":\"Cirsa Art\"},\"image\":{\"@id\":\"https:\\\/\\\/cirsaart.com\\\/#\\\/schema\\\/logo\\\/image\\\/\"}}]}<\/script>\n<!-- \/ Yoast SEO plugin. -->","yoast_head_json":{"title":"Pendientes Hoja Blanco y Rosa -","description":"Pendientes Hoja Blanco y Rosa hechos a mano con arcilla polim\u00e9rica. Colores blanco y rosa perla, y enganche en gota de oro rosa oscuro.","robots":{"index":"index","follow":"follow","max-snippet":"max-snippet:-1","max-image-preview":"max-image-preview:large","max-video-preview":"max-video-preview:-1"},"canonical":"https:\/\/cirsaart.com\/en\/product\/pendientes-hoja-blanco-y-rosa\/","og_locale":"en_GB","og_type":"article","og_title":"Pendientes Hoja Blanco y Rosa -","og_description":"Pendientes Hoja Blanco y Rosa hechos a mano con arcilla polim\u00e9rica. Colores blanco y rosa perla, y enganche en gota de oro rosa oscuro.","og_url":"https:\/\/cirsaart.com\/en\/product\/pendientes-hoja-blanco-y-rosa\/","article_modified_time":"2025-07-26T20:34:20+00:00","og_image":[{"width":2560,"height":1821,"url":"https:\/\/cirsaart.com\/wp-content\/uploads\/2025\/06\/HOJA-CERCA1-1-scaled.jpg","type":"image\/jpeg"}],"twitter_card":"summary_large_image","twitter_misc":{"Estimated reading time":"1 minute"},"schema":{"@context":"https:\/\/schema.org","@graph":[{"@type":"WebPage","@id":"https:\/\/cirsaart.com\/product\/pendientes-hoja-blanco-y-rosa\/","url":"https:\/\/cirsaart.com\/product\/pendientes-hoja-blanco-y-rosa\/","name":"Pendientes Hoja Blanco y Rosa -","isPartOf":{"@id":"https:\/\/cirsaart.com\/#website"},"primaryImageOfPage":{"@id":"https:\/\/cirsaart.com\/product\/pendientes-hoja-blanco-y-rosa\/#primaryimage"},"image":{"@id":"https:\/\/cirsaart.com\/product\/pendientes-hoja-blanco-y-rosa\/#primaryimage"},"thumbnailUrl":"https:\/\/cirsaart.com\/wp-content\/uploads\/2025\/06\/HOJA-CERCA1-1-scaled.jpg","datePublished":"2025-06-05T15:58:23+00:00","dateModified":"2025-07-26T20:34:20+00:00","description":"Pendientes Hoja Blanco y Rosa hechos a mano con arcilla polim\u00e9rica. Colores blanco y rosa perla, y enganche en gota de oro rosa oscuro.","breadcrumb":{"@id":"https:\/\/cirsaart.com\/product\/pendientes-hoja-blanco-y-rosa\/#breadcrumb"},"inLanguage":"en-GB","potentialAction":[{"@type":"ReadAction","target":["https:\/\/cirsaart.com\/product\/pendientes-hoja-blanco-y-rosa\/"]}]},{"@type":"ImageObject","inLanguage":"en-GB","@id":"https:\/\/cirsaart.com\/product\/pendientes-hoja-blanco-y-rosa\/#primaryimage","url":"https:\/\/cirsaart.com\/wp-content\/uploads\/2025\/06\/HOJA-CERCA1-1-scaled.jpg","contentUrl":"https:\/\/cirsaart.com\/wp-content\/uploads\/2025\/06\/HOJA-CERCA1-1-scaled.jpg","width":2560,"height":1821,"caption":"Pendientes Hoja Blanco y Rosa"},{"@type":"BreadcrumbList","@id":"https:\/\/cirsaart.com\/product\/pendientes-hoja-blanco-y-rosa\/#breadcrumb","itemListElement":[{"@type":"ListItem","position":1,"name":"Home","item":"https:\/\/cirsaart.com\/"},{"@type":"ListItem","position":2,"name":"Tienda Cirsa Art","item":"https:\/\/cirsaart.com\/tienda-cirsa-art\/"},{"@type":"ListItem","position":3,"name":"Pendientes Hoja Blanco y Rosa"}]},{"@type":"WebSite","@id":"https:\/\/cirsaart.com\/#website","url":"https:\/\/cirsaart.com\/","name":"Cirsa Art","description":"Bisuter\u00eda artesanal hecha a mano con arcilla polim\u00e9rica. Dise\u00f1os \u00fanicos creados para destacar tu esencia","publisher":{"@id":"https:\/\/cirsaart.com\/#organization"},"alternateName":"Cirsa Art, Bisuter\u00eda Artesanal \u00danica","potentialAction":[{"@type":"SearchAction","target":{"@type":"EntryPoint","urlTemplate":"https:\/\/cirsaart.com\/?s={search_term_string}"},"query-input":{"@type":"PropertyValueSpecification","valueRequired":true,"valueName":"search_term_string"}}],"inLanguage":"en-GB"},{"@type":"Organization","@id":"https:\/\/cirsaart.com\/#organization","name":"Cirsa Art","alternateName":"Cirsa Art, Bisuter\u00eda Artesanal \u00danica","url":"https:\/\/cirsaart.com\/","logo":{"@type":"ImageObject","inLanguage":"en-GB","@id":"https:\/\/cirsaart.com\/#\/schema\/logo\/image\/","url":"https:\/\/cirsaart.com\/wp-content\/uploads\/2025\/06\/cropped-CIRSA-ART-LOGO-1_page-0001-1.jpg","contentUrl":"https:\/\/cirsaart.com\/wp-content\/uploads\/2025\/06\/cropped-CIRSA-ART-LOGO-1_page-0001-1.jpg","width":240,"height":243,"caption":"Cirsa Art"},"image":{"@id":"https:\/\/cirsaart.com\/#\/schema\/logo\/image\/"}}]}},"_links":{"self":[{"href":"https:\/\/cirsaart.com\/en\/wp-json\/wp\/v2\/product\/194","targetHints":{"allow":["GET"]}}],"collection":[{"href":"https:\/\/cirsaart.com\/en\/wp-json\/wp\/v2\/product"}],"about":[{"href":"https:\/\/cirsaart.com\/en\/wp-json\/wp\/v2\/types\/product"}],"version-history":[{"count":4,"href":"https:\/\/cirsaart.com\/en\/wp-json\/wp\/v2\/product\/194\/revisions"}],"predecessor-version":[{"id":1304,"href":"https:\/\/cirsaart.com\/en\/wp-json\/wp\/v2\/product\/194\/revisions\/1304"}],"wp:featuredmedia":[{"embeddable":true,"href":"https:\/\/cirsaart.com\/en\/wp-json\/wp\/v2\/media\/1302"}],"wp:attachment":[{"href":"https:\/\/cirsaart.com\/en\/wp-json\/wp\/v2\/media?parent=194"}],"wp:term":[{"taxonomy":"product_brand","embeddable":true,"href":"https:\/\/cirsaart.com\/en\/wp-json\/wp\/v2\/product_brand?post=194"},{"taxonomy":"product_cat","embeddable":true,"href":"https:\/\/cirsaart.com\/en\/wp-json\/wp\/v2\/product_cat?post=194"},{"taxonomy":"product_tag","embeddable":true,"href":"https:\/\/cirsaart.com\/en\/wp-json\/wp\/v2\/product_tag?post=194"}],"curies":[{"name":"wp","href":"https:\/\/api.w.org\/{rel}","templated":true}]}}