{"id":390,"date":"2025-06-11T18:25:14","date_gmt":"2025-06-11T18:25:14","guid":{"rendered":"https:\/\/cirsaart.com\/?post_type=product&#038;p=390"},"modified":"2025-07-26T20:30:57","modified_gmt":"2025-07-26T20:30:57","slug":"pendientes-gota-burdeos-y-blanco","status":"publish","type":"product","link":"https:\/\/cirsaart.com\/en\/product\/pendientes-gota-burdeos-y-blanco\/","title":{"rendered":"Pendientes Gota Burdeos y Blanco"},"content":{"rendered":"<p data-start=\"145\" data-end=\"436\">Los Pendientes Gota Burdeos y Blanco presentan un estampado en burdeos, blanco y tonos en rosa perla. Hechos a mano con arcilla polim\u00e9rica, est\u00e1n lijados y protegidos con barniz brillante. Llevan enganche de bola plateada de 3\u202fmm para un toque simple y elegante.<\/p>\n<p data-start=\"438\" data-end=\"556\">\u2713 Dise\u00f1o en forma de gota<br data-start=\"463\" data-end=\"466\" \/>\u2713 Estampado delicado y moderno<br data-start=\"496\" data-end=\"499\" \/>\u2713 Ligeros y c\u00f3modos<br data-start=\"518\" data-end=\"521\" \/>\u2713 Enganche de bola plateada de 3\u202fmm<\/p>\n<p data-start=\"558\" data-end=\"612\">Ideales para cualquier ocasi\u00f3n o como regalo especial.<\/p>\n<p data-start=\"1785\" data-end=\"1901\">Si te gustan los Pendientes Gota Burdeos y Blanco, descubre m\u00e1s joyas \u00fanicas en nuestra colecci\u00f3n <a href=\"https:\/\/cirsaart.com\/en\/product-category\/rose%c2%b7life\/\"><strong data-start=\"1887\" data-end=\"1900\">Rose\u00b7Life<\/strong><\/a>.<\/p>\n<p data-start=\"1903\" data-end=\"2016\">Sigue a <a class=\"\" href=\"https:\/\/www.instagram.com\/cirsa.art\/\" target=\"_new\" rel=\"noopener\" data-start=\"1911\" data-end=\"1961\">@cirsa.art<\/a> para estar al d\u00eda de novedades y el proceso artesanal.<\/p>","protected":false},"excerpt":{"rendered":"<p>Dise\u00f1o en forma de gota con estampado en tonos burdeos, blanco y toques en rosa perla. Enganche de bola en tono plateado, ligeros y c\u00f3modos, ideales para dar un toque sofisticado y artesanal a tu look.<\/p>","protected":false},"featured_media":1318,"template":"","meta":[],"product_brand":[],"product_cat":[21],"product_tag":[],"class_list":{"0":"post-390","1":"product","2":"type-product","3":"status-publish","4":"has-post-thumbnail","6":"product_cat-roselife","8":"first","9":"instock","10":"taxable","11":"shipping-taxable","12":"purchasable","13":"product-type-simple"},"yoast_head":"<!-- This site is optimized with the Yoast SEO plugin v27.4 - https:\/\/yoast.com\/product\/yoast-seo-wordpress\/ -->\n<title>Pendientes Gota Burdeos y Blanco -<\/title>\n<meta name=\"description\" content=\"Pendientes Gota Burdeos y Blanco hechos a mano, con estampado en tonos burdeos, blanco y toques en rosa perla. Elegancia ligera con enganche en plateado.\" \/>\n<meta name=\"robots\" content=\"index, follow, max-snippet:-1, max-image-preview:large, max-video-preview:-1\" \/>\n<link rel=\"canonical\" href=\"https:\/\/cirsaart.com\/en\/product\/pendientes-gota-burdeos-y-blanco\/\" \/>\n<meta property=\"og:locale\" content=\"en_GB\" \/>\n<meta property=\"og:type\" content=\"article\" \/>\n<meta property=\"og:title\" content=\"Pendientes Gota Burdeos y Blanco -\" \/>\n<meta property=\"og:description\" content=\"Pendientes Gota Burdeos y Blanco hechos a mano, con estampado en tonos burdeos, blanco y toques en rosa perla. Elegancia ligera con enganche en plateado.\" \/>\n<meta property=\"og:url\" content=\"https:\/\/cirsaart.com\/en\/product\/pendientes-gota-burdeos-y-blanco\/\" \/>\n<meta property=\"article:modified_time\" content=\"2025-07-26T20:30:57+00:00\" \/>\n<meta property=\"og:image\" content=\"https:\/\/cirsaart.com\/wp-content\/uploads\/2025\/06\/DSC_2005-scaled.jpg\" \/>\n\t<meta property=\"og:image:width\" content=\"2560\" \/>\n\t<meta property=\"og:image:height\" content=\"1971\" \/>\n\t<meta property=\"og:image:type\" content=\"image\/jpeg\" \/>\n<meta name=\"twitter:card\" content=\"summary_large_image\" \/>\n<meta name=\"twitter:label1\" content=\"Estimated reading time\" \/>\n\t<meta name=\"twitter:data1\" content=\"1 minute\" \/>\n<script type=\"application\/ld+json\" class=\"yoast-schema-graph\">{\"@context\":\"https:\\\/\\\/schema.org\",\"@graph\":[{\"@type\":\"WebPage\",\"@id\":\"https:\\\/\\\/cirsaart.com\\\/product\\\/pendientes-gota-burdeos-y-blanco\\\/\",\"url\":\"https:\\\/\\\/cirsaart.com\\\/product\\\/pendientes-gota-burdeos-y-blanco\\\/\",\"name\":\"Pendientes Gota Burdeos y Blanco -\",\"isPartOf\":{\"@id\":\"https:\\\/\\\/cirsaart.com\\\/#website\"},\"primaryImageOfPage\":{\"@id\":\"https:\\\/\\\/cirsaart.com\\\/product\\\/pendientes-gota-burdeos-y-blanco\\\/#primaryimage\"},\"image\":{\"@id\":\"https:\\\/\\\/cirsaart.com\\\/product\\\/pendientes-gota-burdeos-y-blanco\\\/#primaryimage\"},\"thumbnailUrl\":\"https:\\\/\\\/cirsaart.com\\\/wp-content\\\/uploads\\\/2025\\\/06\\\/DSC_2005-scaled.jpg\",\"datePublished\":\"2025-06-11T18:25:14+00:00\",\"dateModified\":\"2025-07-26T20:30:57+00:00\",\"description\":\"Pendientes Gota Burdeos y Blanco hechos a mano, con estampado en tonos burdeos, blanco y toques en rosa perla. Elegancia ligera con enganche en plateado.\",\"breadcrumb\":{\"@id\":\"https:\\\/\\\/cirsaart.com\\\/product\\\/pendientes-gota-burdeos-y-blanco\\\/#breadcrumb\"},\"inLanguage\":\"en-GB\",\"potentialAction\":[{\"@type\":\"ReadAction\",\"target\":[\"https:\\\/\\\/cirsaart.com\\\/product\\\/pendientes-gota-burdeos-y-blanco\\\/\"]}]},{\"@type\":\"ImageObject\",\"inLanguage\":\"en-GB\",\"@id\":\"https:\\\/\\\/cirsaart.com\\\/product\\\/pendientes-gota-burdeos-y-blanco\\\/#primaryimage\",\"url\":\"https:\\\/\\\/cirsaart.com\\\/wp-content\\\/uploads\\\/2025\\\/06\\\/DSC_2005-scaled.jpg\",\"contentUrl\":\"https:\\\/\\\/cirsaart.com\\\/wp-content\\\/uploads\\\/2025\\\/06\\\/DSC_2005-scaled.jpg\",\"width\":2560,\"height\":1971,\"caption\":\"Pendientes Gota Burdeos y Blanco\"},{\"@type\":\"BreadcrumbList\",\"@id\":\"https:\\\/\\\/cirsaart.com\\\/product\\\/pendientes-gota-burdeos-y-blanco\\\/#breadcrumb\",\"itemListElement\":[{\"@type\":\"ListItem\",\"position\":1,\"name\":\"Home\",\"item\":\"https:\\\/\\\/cirsaart.com\\\/\"},{\"@type\":\"ListItem\",\"position\":2,\"name\":\"Tienda Cirsa Art\",\"item\":\"https:\\\/\\\/cirsaart.com\\\/tienda-cirsa-art\\\/\"},{\"@type\":\"ListItem\",\"position\":3,\"name\":\"Pendientes Gota Burdeos y Blanco\"}]},{\"@type\":\"WebSite\",\"@id\":\"https:\\\/\\\/cirsaart.com\\\/#website\",\"url\":\"https:\\\/\\\/cirsaart.com\\\/\",\"name\":\"Cirsa Art\",\"description\":\"Bisuter\u00eda artesanal hecha a mano con arcilla polim\u00e9rica. Dise\u00f1os \u00fanicos creados para destacar tu esencia\",\"publisher\":{\"@id\":\"https:\\\/\\\/cirsaart.com\\\/#organization\"},\"alternateName\":\"Cirsa Art, Bisuter\u00eda Artesanal \u00danica\",\"potentialAction\":[{\"@type\":\"SearchAction\",\"target\":{\"@type\":\"EntryPoint\",\"urlTemplate\":\"https:\\\/\\\/cirsaart.com\\\/?s={search_term_string}\"},\"query-input\":{\"@type\":\"PropertyValueSpecification\",\"valueRequired\":true,\"valueName\":\"search_term_string\"}}],\"inLanguage\":\"en-GB\"},{\"@type\":\"Organization\",\"@id\":\"https:\\\/\\\/cirsaart.com\\\/#organization\",\"name\":\"Cirsa Art\",\"alternateName\":\"Cirsa Art, Bisuter\u00eda Artesanal \u00danica\",\"url\":\"https:\\\/\\\/cirsaart.com\\\/\",\"logo\":{\"@type\":\"ImageObject\",\"inLanguage\":\"en-GB\",\"@id\":\"https:\\\/\\\/cirsaart.com\\\/#\\\/schema\\\/logo\\\/image\\\/\",\"url\":\"https:\\\/\\\/cirsaart.com\\\/wp-content\\\/uploads\\\/2025\\\/06\\\/cropped-CIRSA-ART-LOGO-1_page-0001-1.jpg\",\"contentUrl\":\"https:\\\/\\\/cirsaart.com\\\/wp-content\\\/uploads\\\/2025\\\/06\\\/cropped-CIRSA-ART-LOGO-1_page-0001-1.jpg\",\"width\":240,\"height\":243,\"caption\":\"Cirsa Art\"},\"image\":{\"@id\":\"https:\\\/\\\/cirsaart.com\\\/#\\\/schema\\\/logo\\\/image\\\/\"}}]}<\/script>\n<!-- \/ Yoast SEO plugin. -->","yoast_head_json":{"title":"Pendientes Gota Burdeos y Blanco -","description":"Pendientes Gota Burdeos y Blanco hechos a mano, con estampado en tonos burdeos, blanco y toques en rosa perla. Elegancia ligera con enganche en plateado.","robots":{"index":"index","follow":"follow","max-snippet":"max-snippet:-1","max-image-preview":"max-image-preview:large","max-video-preview":"max-video-preview:-1"},"canonical":"https:\/\/cirsaart.com\/en\/product\/pendientes-gota-burdeos-y-blanco\/","og_locale":"en_GB","og_type":"article","og_title":"Pendientes Gota Burdeos y Blanco -","og_description":"Pendientes Gota Burdeos y Blanco hechos a mano, con estampado en tonos burdeos, blanco y toques en rosa perla. Elegancia ligera con enganche en plateado.","og_url":"https:\/\/cirsaart.com\/en\/product\/pendientes-gota-burdeos-y-blanco\/","article_modified_time":"2025-07-26T20:30:57+00:00","og_image":[{"width":2560,"height":1971,"url":"https:\/\/cirsaart.com\/wp-content\/uploads\/2025\/06\/DSC_2005-scaled.jpg","type":"image\/jpeg"}],"twitter_card":"summary_large_image","twitter_misc":{"Estimated reading time":"1 minute"},"schema":{"@context":"https:\/\/schema.org","@graph":[{"@type":"WebPage","@id":"https:\/\/cirsaart.com\/product\/pendientes-gota-burdeos-y-blanco\/","url":"https:\/\/cirsaart.com\/product\/pendientes-gota-burdeos-y-blanco\/","name":"Pendientes Gota Burdeos y Blanco -","isPartOf":{"@id":"https:\/\/cirsaart.com\/#website"},"primaryImageOfPage":{"@id":"https:\/\/cirsaart.com\/product\/pendientes-gota-burdeos-y-blanco\/#primaryimage"},"image":{"@id":"https:\/\/cirsaart.com\/product\/pendientes-gota-burdeos-y-blanco\/#primaryimage"},"thumbnailUrl":"https:\/\/cirsaart.com\/wp-content\/uploads\/2025\/06\/DSC_2005-scaled.jpg","datePublished":"2025-06-11T18:25:14+00:00","dateModified":"2025-07-26T20:30:57+00:00","description":"Pendientes Gota Burdeos y Blanco hechos a mano, con estampado en tonos burdeos, blanco y toques en rosa perla. Elegancia ligera con enganche en plateado.","breadcrumb":{"@id":"https:\/\/cirsaart.com\/product\/pendientes-gota-burdeos-y-blanco\/#breadcrumb"},"inLanguage":"en-GB","potentialAction":[{"@type":"ReadAction","target":["https:\/\/cirsaart.com\/product\/pendientes-gota-burdeos-y-blanco\/"]}]},{"@type":"ImageObject","inLanguage":"en-GB","@id":"https:\/\/cirsaart.com\/product\/pendientes-gota-burdeos-y-blanco\/#primaryimage","url":"https:\/\/cirsaart.com\/wp-content\/uploads\/2025\/06\/DSC_2005-scaled.jpg","contentUrl":"https:\/\/cirsaart.com\/wp-content\/uploads\/2025\/06\/DSC_2005-scaled.jpg","width":2560,"height":1971,"caption":"Pendientes Gota Burdeos y Blanco"},{"@type":"BreadcrumbList","@id":"https:\/\/cirsaart.com\/product\/pendientes-gota-burdeos-y-blanco\/#breadcrumb","itemListElement":[{"@type":"ListItem","position":1,"name":"Home","item":"https:\/\/cirsaart.com\/"},{"@type":"ListItem","position":2,"name":"Tienda Cirsa Art","item":"https:\/\/cirsaart.com\/tienda-cirsa-art\/"},{"@type":"ListItem","position":3,"name":"Pendientes Gota Burdeos y Blanco"}]},{"@type":"WebSite","@id":"https:\/\/cirsaart.com\/#website","url":"https:\/\/cirsaart.com\/","name":"Cirsa Art","description":"Bisuter\u00eda artesanal hecha a mano con arcilla polim\u00e9rica. Dise\u00f1os \u00fanicos creados para destacar tu esencia","publisher":{"@id":"https:\/\/cirsaart.com\/#organization"},"alternateName":"Cirsa Art, Bisuter\u00eda Artesanal \u00danica","potentialAction":[{"@type":"SearchAction","target":{"@type":"EntryPoint","urlTemplate":"https:\/\/cirsaart.com\/?s={search_term_string}"},"query-input":{"@type":"PropertyValueSpecification","valueRequired":true,"valueName":"search_term_string"}}],"inLanguage":"en-GB"},{"@type":"Organization","@id":"https:\/\/cirsaart.com\/#organization","name":"Cirsa Art","alternateName":"Cirsa Art, Bisuter\u00eda Artesanal \u00danica","url":"https:\/\/cirsaart.com\/","logo":{"@type":"ImageObject","inLanguage":"en-GB","@id":"https:\/\/cirsaart.com\/#\/schema\/logo\/image\/","url":"https:\/\/cirsaart.com\/wp-content\/uploads\/2025\/06\/cropped-CIRSA-ART-LOGO-1_page-0001-1.jpg","contentUrl":"https:\/\/cirsaart.com\/wp-content\/uploads\/2025\/06\/cropped-CIRSA-ART-LOGO-1_page-0001-1.jpg","width":240,"height":243,"caption":"Cirsa Art"},"image":{"@id":"https:\/\/cirsaart.com\/#\/schema\/logo\/image\/"}}]}},"_links":{"self":[{"href":"https:\/\/cirsaart.com\/en\/wp-json\/wp\/v2\/product\/390","targetHints":{"allow":["GET"]}}],"collection":[{"href":"https:\/\/cirsaart.com\/en\/wp-json\/wp\/v2\/product"}],"about":[{"href":"https:\/\/cirsaart.com\/en\/wp-json\/wp\/v2\/types\/product"}],"version-history":[{"count":6,"href":"https:\/\/cirsaart.com\/en\/wp-json\/wp\/v2\/product\/390\/revisions"}],"predecessor-version":[{"id":1321,"href":"https:\/\/cirsaart.com\/en\/wp-json\/wp\/v2\/product\/390\/revisions\/1321"}],"wp:featuredmedia":[{"embeddable":true,"href":"https:\/\/cirsaart.com\/en\/wp-json\/wp\/v2\/media\/1318"}],"wp:attachment":[{"href":"https:\/\/cirsaart.com\/en\/wp-json\/wp\/v2\/media?parent=390"}],"wp:term":[{"taxonomy":"product_brand","embeddable":true,"href":"https:\/\/cirsaart.com\/en\/wp-json\/wp\/v2\/product_brand?post=390"},{"taxonomy":"product_cat","embeddable":true,"href":"https:\/\/cirsaart.com\/en\/wp-json\/wp\/v2\/product_cat?post=390"},{"taxonomy":"product_tag","embeddable":true,"href":"https:\/\/cirsaart.com\/en\/wp-json\/wp\/v2\/product_tag?post=390"}],"curies":[{"name":"wp","href":"https:\/\/api.w.org\/{rel}","templated":true}]}}