{"id":423,"date":"2025-06-16T16:53:02","date_gmt":"2025-06-16T16:53:02","guid":{"rendered":"https:\/\/cirsaart.com\/?post_type=product&#038;p=423"},"modified":"2025-07-26T20:29:48","modified_gmt":"2025-07-26T20:29:48","slug":"pendientes-jade-cuadrado","status":"publish","type":"product","link":"https:\/\/cirsaart.com\/en\/product\/pendientes-jade-cuadrado\/","title":{"rendered":"Pendientes Jade Cuadrado"},"content":{"rendered":"<p data-start=\"298\" data-end=\"326\">Los Pendientes Jade Cuadrado de dise\u00f1o cuadrado hueco. Enganche de gota de acero inoxidable dorado. Acabado que resalta los tonos verde perla y ocre arenoso caracter\u00edsticos de esta colecci\u00f3n.<\/p>\n<p data-start=\"298\" data-end=\"326\">\u2714 Arcilla polim\u00e9rica: ligera y resistente<br data-start=\"1434\" data-end=\"1437\" \/>\u2714 Enganche de acero inoxidable<br data-start=\"1467\" data-end=\"1470\" \/>\u2714 Dise\u00f1o exclusivo inspirado en minerales<br data-start=\"1511\" data-end=\"1514\" \/>\u2714 Ideal para cualquier ocasi\u00f3n<\/p>\n<p>Si te han gustado los Pendientes Ventana Verde, <strong data-start=\"1608\" data-end=\"1658\"><a class=\"\" href=\"https:\/\/cirsaart.com\/en\/product-category\/mineralia-pendientes-y-joyas-inspiradas-en-minerales-naturales\/?v=151bb1da0f86\" rel=\"noopener\" data-start=\"1610\" data-end=\"1656\">explora m\u00e1s piezas de esta colecci\u00f3n aqu\u00ed<\/a><\/strong>.<\/p>\n<p data-start=\"1556\" data-end=\"1771\">Descubre nuevas creaciones: <strong data-start=\"1718\" data-end=\"1771\"><a class=\"\" href=\"https:\/\/www.instagram.com\/cirsa.art\" target=\"_new\" rel=\"noopener\" data-start=\"1720\" data-end=\"1769\">@cirsa.art<\/a><\/strong><\/p>","protected":false},"excerpt":{"rendered":"<p>Pendientes con forma cuadrada hueca, suspendidos desde una de sus puntas. Ligeros, elegantes y con enganche de acero inoxidable dorado. Inspirados en las geodas verdes de la colecci\u00f3n Mineralia.<\/p>","protected":false},"featured_media":430,"template":"","meta":[],"product_brand":[],"product_cat":[28],"product_tag":[],"class_list":{"0":"post-423","1":"product","2":"type-product","3":"status-publish","4":"has-post-thumbnail","6":"product_cat-mineralia-pendientes-y-joyas-inspiradas-en-minerales-naturales","8":"first","9":"instock","10":"taxable","11":"shipping-taxable","12":"purchasable","13":"product-type-simple"},"yoast_head":"<!-- This site is optimized with the Yoast SEO plugin v27.4 - https:\/\/yoast.com\/product\/yoast-seo-wordpress\/ -->\n<title>Pendientes Jade Cuadrado -<\/title>\n<meta name=\"description\" content=\"Pendientes Jade Cuadrado hechos a mano. Dise\u00f1o geom\u00e9trico ligero en tonos verdes y dorados. Enganche hipoalerg\u00e9nico de acero inoxidable.\" \/>\n<meta name=\"robots\" content=\"index, follow, max-snippet:-1, max-image-preview:large, max-video-preview:-1\" \/>\n<link rel=\"canonical\" href=\"https:\/\/cirsaart.com\/en\/product\/pendientes-jade-cuadrado\/\" \/>\n<meta property=\"og:locale\" content=\"en_GB\" \/>\n<meta property=\"og:type\" content=\"article\" \/>\n<meta property=\"og:title\" content=\"Pendientes Jade Cuadrado -\" \/>\n<meta property=\"og:description\" content=\"Pendientes Jade Cuadrado hechos a mano. Dise\u00f1o geom\u00e9trico ligero en tonos verdes y dorados. Enganche hipoalerg\u00e9nico de acero inoxidable.\" \/>\n<meta property=\"og:url\" content=\"https:\/\/cirsaart.com\/en\/product\/pendientes-jade-cuadrado\/\" \/>\n<meta property=\"article:modified_time\" content=\"2025-07-26T20:29:48+00:00\" \/>\n<meta property=\"og:image\" content=\"https:\/\/cirsaart.com\/wp-content\/uploads\/2025\/06\/DSC_1853-1-scaled.jpg\" \/>\n\t<meta property=\"og:image:width\" content=\"2560\" \/>\n\t<meta property=\"og:image:height\" content=\"2306\" \/>\n\t<meta property=\"og:image:type\" content=\"image\/jpeg\" \/>\n<meta name=\"twitter:card\" content=\"summary_large_image\" \/>\n<meta name=\"twitter:label1\" content=\"Estimated reading time\" \/>\n\t<meta name=\"twitter:data1\" content=\"1 minute\" \/>\n<script type=\"application\/ld+json\" class=\"yoast-schema-graph\">{\"@context\":\"https:\\\/\\\/schema.org\",\"@graph\":[{\"@type\":\"WebPage\",\"@id\":\"https:\\\/\\\/cirsaart.com\\\/product\\\/pendientes-jade-cuadrado\\\/\",\"url\":\"https:\\\/\\\/cirsaart.com\\\/product\\\/pendientes-jade-cuadrado\\\/\",\"name\":\"Pendientes Jade Cuadrado -\",\"isPartOf\":{\"@id\":\"https:\\\/\\\/cirsaart.com\\\/#website\"},\"primaryImageOfPage\":{\"@id\":\"https:\\\/\\\/cirsaart.com\\\/product\\\/pendientes-jade-cuadrado\\\/#primaryimage\"},\"image\":{\"@id\":\"https:\\\/\\\/cirsaart.com\\\/product\\\/pendientes-jade-cuadrado\\\/#primaryimage\"},\"thumbnailUrl\":\"https:\\\/\\\/cirsaart.com\\\/wp-content\\\/uploads\\\/2025\\\/06\\\/DSC_1853-1-scaled.jpg\",\"datePublished\":\"2025-06-16T16:53:02+00:00\",\"dateModified\":\"2025-07-26T20:29:48+00:00\",\"description\":\"Pendientes Jade Cuadrado hechos a mano. Dise\u00f1o geom\u00e9trico ligero en tonos verdes y dorados. Enganche hipoalerg\u00e9nico de acero inoxidable.\",\"breadcrumb\":{\"@id\":\"https:\\\/\\\/cirsaart.com\\\/product\\\/pendientes-jade-cuadrado\\\/#breadcrumb\"},\"inLanguage\":\"en-GB\",\"potentialAction\":[{\"@type\":\"ReadAction\",\"target\":[\"https:\\\/\\\/cirsaart.com\\\/product\\\/pendientes-jade-cuadrado\\\/\"]}]},{\"@type\":\"ImageObject\",\"inLanguage\":\"en-GB\",\"@id\":\"https:\\\/\\\/cirsaart.com\\\/product\\\/pendientes-jade-cuadrado\\\/#primaryimage\",\"url\":\"https:\\\/\\\/cirsaart.com\\\/wp-content\\\/uploads\\\/2025\\\/06\\\/DSC_1853-1-scaled.jpg\",\"contentUrl\":\"https:\\\/\\\/cirsaart.com\\\/wp-content\\\/uploads\\\/2025\\\/06\\\/DSC_1853-1-scaled.jpg\",\"width\":2560,\"height\":2306,\"caption\":\"Pendientes Ventana Verde\"},{\"@type\":\"BreadcrumbList\",\"@id\":\"https:\\\/\\\/cirsaart.com\\\/product\\\/pendientes-jade-cuadrado\\\/#breadcrumb\",\"itemListElement\":[{\"@type\":\"ListItem\",\"position\":1,\"name\":\"Home\",\"item\":\"https:\\\/\\\/cirsaart.com\\\/\"},{\"@type\":\"ListItem\",\"position\":2,\"name\":\"Tienda Cirsa Art\",\"item\":\"https:\\\/\\\/cirsaart.com\\\/tienda-cirsa-art\\\/\"},{\"@type\":\"ListItem\",\"position\":3,\"name\":\"Pendientes Jade Cuadrado\"}]},{\"@type\":\"WebSite\",\"@id\":\"https:\\\/\\\/cirsaart.com\\\/#website\",\"url\":\"https:\\\/\\\/cirsaart.com\\\/\",\"name\":\"Cirsa Art\",\"description\":\"Bisuter\u00eda artesanal hecha a mano con arcilla polim\u00e9rica. Dise\u00f1os \u00fanicos creados para destacar tu esencia\",\"publisher\":{\"@id\":\"https:\\\/\\\/cirsaart.com\\\/#organization\"},\"alternateName\":\"Cirsa Art, Bisuter\u00eda Artesanal \u00danica\",\"potentialAction\":[{\"@type\":\"SearchAction\",\"target\":{\"@type\":\"EntryPoint\",\"urlTemplate\":\"https:\\\/\\\/cirsaart.com\\\/?s={search_term_string}\"},\"query-input\":{\"@type\":\"PropertyValueSpecification\",\"valueRequired\":true,\"valueName\":\"search_term_string\"}}],\"inLanguage\":\"en-GB\"},{\"@type\":\"Organization\",\"@id\":\"https:\\\/\\\/cirsaart.com\\\/#organization\",\"name\":\"Cirsa Art\",\"alternateName\":\"Cirsa Art, Bisuter\u00eda Artesanal \u00danica\",\"url\":\"https:\\\/\\\/cirsaart.com\\\/\",\"logo\":{\"@type\":\"ImageObject\",\"inLanguage\":\"en-GB\",\"@id\":\"https:\\\/\\\/cirsaart.com\\\/#\\\/schema\\\/logo\\\/image\\\/\",\"url\":\"https:\\\/\\\/cirsaart.com\\\/wp-content\\\/uploads\\\/2025\\\/06\\\/cropped-CIRSA-ART-LOGO-1_page-0001-1.jpg\",\"contentUrl\":\"https:\\\/\\\/cirsaart.com\\\/wp-content\\\/uploads\\\/2025\\\/06\\\/cropped-CIRSA-ART-LOGO-1_page-0001-1.jpg\",\"width\":240,\"height\":243,\"caption\":\"Cirsa Art\"},\"image\":{\"@id\":\"https:\\\/\\\/cirsaart.com\\\/#\\\/schema\\\/logo\\\/image\\\/\"}}]}<\/script>\n<!-- \/ Yoast SEO plugin. -->","yoast_head_json":{"title":"Pendientes Jade Cuadrado -","description":"Pendientes Jade Cuadrado hechos a mano. Dise\u00f1o geom\u00e9trico ligero en tonos verdes y dorados. Enganche hipoalerg\u00e9nico de acero inoxidable.","robots":{"index":"index","follow":"follow","max-snippet":"max-snippet:-1","max-image-preview":"max-image-preview:large","max-video-preview":"max-video-preview:-1"},"canonical":"https:\/\/cirsaart.com\/en\/product\/pendientes-jade-cuadrado\/","og_locale":"en_GB","og_type":"article","og_title":"Pendientes Jade Cuadrado -","og_description":"Pendientes Jade Cuadrado hechos a mano. Dise\u00f1o geom\u00e9trico ligero en tonos verdes y dorados. Enganche hipoalerg\u00e9nico de acero inoxidable.","og_url":"https:\/\/cirsaart.com\/en\/product\/pendientes-jade-cuadrado\/","article_modified_time":"2025-07-26T20:29:48+00:00","og_image":[{"width":2560,"height":2306,"url":"https:\/\/cirsaart.com\/wp-content\/uploads\/2025\/06\/DSC_1853-1-scaled.jpg","type":"image\/jpeg"}],"twitter_card":"summary_large_image","twitter_misc":{"Estimated reading time":"1 minute"},"schema":{"@context":"https:\/\/schema.org","@graph":[{"@type":"WebPage","@id":"https:\/\/cirsaart.com\/product\/pendientes-jade-cuadrado\/","url":"https:\/\/cirsaart.com\/product\/pendientes-jade-cuadrado\/","name":"Pendientes Jade Cuadrado -","isPartOf":{"@id":"https:\/\/cirsaart.com\/#website"},"primaryImageOfPage":{"@id":"https:\/\/cirsaart.com\/product\/pendientes-jade-cuadrado\/#primaryimage"},"image":{"@id":"https:\/\/cirsaart.com\/product\/pendientes-jade-cuadrado\/#primaryimage"},"thumbnailUrl":"https:\/\/cirsaart.com\/wp-content\/uploads\/2025\/06\/DSC_1853-1-scaled.jpg","datePublished":"2025-06-16T16:53:02+00:00","dateModified":"2025-07-26T20:29:48+00:00","description":"Pendientes Jade Cuadrado hechos a mano. Dise\u00f1o geom\u00e9trico ligero en tonos verdes y dorados. Enganche hipoalerg\u00e9nico de acero inoxidable.","breadcrumb":{"@id":"https:\/\/cirsaart.com\/product\/pendientes-jade-cuadrado\/#breadcrumb"},"inLanguage":"en-GB","potentialAction":[{"@type":"ReadAction","target":["https:\/\/cirsaart.com\/product\/pendientes-jade-cuadrado\/"]}]},{"@type":"ImageObject","inLanguage":"en-GB","@id":"https:\/\/cirsaart.com\/product\/pendientes-jade-cuadrado\/#primaryimage","url":"https:\/\/cirsaart.com\/wp-content\/uploads\/2025\/06\/DSC_1853-1-scaled.jpg","contentUrl":"https:\/\/cirsaart.com\/wp-content\/uploads\/2025\/06\/DSC_1853-1-scaled.jpg","width":2560,"height":2306,"caption":"Pendientes Ventana Verde"},{"@type":"BreadcrumbList","@id":"https:\/\/cirsaart.com\/product\/pendientes-jade-cuadrado\/#breadcrumb","itemListElement":[{"@type":"ListItem","position":1,"name":"Home","item":"https:\/\/cirsaart.com\/"},{"@type":"ListItem","position":2,"name":"Tienda Cirsa Art","item":"https:\/\/cirsaart.com\/tienda-cirsa-art\/"},{"@type":"ListItem","position":3,"name":"Pendientes Jade Cuadrado"}]},{"@type":"WebSite","@id":"https:\/\/cirsaart.com\/#website","url":"https:\/\/cirsaart.com\/","name":"Cirsa Art","description":"Bisuter\u00eda artesanal hecha a mano con arcilla polim\u00e9rica. Dise\u00f1os \u00fanicos creados para destacar tu esencia","publisher":{"@id":"https:\/\/cirsaart.com\/#organization"},"alternateName":"Cirsa Art, Bisuter\u00eda Artesanal \u00danica","potentialAction":[{"@type":"SearchAction","target":{"@type":"EntryPoint","urlTemplate":"https:\/\/cirsaart.com\/?s={search_term_string}"},"query-input":{"@type":"PropertyValueSpecification","valueRequired":true,"valueName":"search_term_string"}}],"inLanguage":"en-GB"},{"@type":"Organization","@id":"https:\/\/cirsaart.com\/#organization","name":"Cirsa Art","alternateName":"Cirsa Art, Bisuter\u00eda Artesanal \u00danica","url":"https:\/\/cirsaart.com\/","logo":{"@type":"ImageObject","inLanguage":"en-GB","@id":"https:\/\/cirsaart.com\/#\/schema\/logo\/image\/","url":"https:\/\/cirsaart.com\/wp-content\/uploads\/2025\/06\/cropped-CIRSA-ART-LOGO-1_page-0001-1.jpg","contentUrl":"https:\/\/cirsaart.com\/wp-content\/uploads\/2025\/06\/cropped-CIRSA-ART-LOGO-1_page-0001-1.jpg","width":240,"height":243,"caption":"Cirsa Art"},"image":{"@id":"https:\/\/cirsaart.com\/#\/schema\/logo\/image\/"}}]}},"_links":{"self":[{"href":"https:\/\/cirsaart.com\/en\/wp-json\/wp\/v2\/product\/423","targetHints":{"allow":["GET"]}}],"collection":[{"href":"https:\/\/cirsaart.com\/en\/wp-json\/wp\/v2\/product"}],"about":[{"href":"https:\/\/cirsaart.com\/en\/wp-json\/wp\/v2\/types\/product"}],"version-history":[{"count":6,"href":"https:\/\/cirsaart.com\/en\/wp-json\/wp\/v2\/product\/423\/revisions"}],"predecessor-version":[{"id":1436,"href":"https:\/\/cirsaart.com\/en\/wp-json\/wp\/v2\/product\/423\/revisions\/1436"}],"wp:featuredmedia":[{"embeddable":true,"href":"https:\/\/cirsaart.com\/en\/wp-json\/wp\/v2\/media\/430"}],"wp:attachment":[{"href":"https:\/\/cirsaart.com\/en\/wp-json\/wp\/v2\/media?parent=423"}],"wp:term":[{"taxonomy":"product_brand","embeddable":true,"href":"https:\/\/cirsaart.com\/en\/wp-json\/wp\/v2\/product_brand?post=423"},{"taxonomy":"product_cat","embeddable":true,"href":"https:\/\/cirsaart.com\/en\/wp-json\/wp\/v2\/product_cat?post=423"},{"taxonomy":"product_tag","embeddable":true,"href":"https:\/\/cirsaart.com\/en\/wp-json\/wp\/v2\/product_tag?post=423"}],"curies":[{"name":"wp","href":"https:\/\/api.w.org\/{rel}","templated":true}]}}