{"id":453,"date":"2025-06-16T19:00:46","date_gmt":"2025-06-16T19:00:46","guid":{"rendered":"https:\/\/cirsaart.com\/?post_type=product&#038;p=453"},"modified":"2025-07-26T20:27:48","modified_gmt":"2025-07-26T20:27:48","slug":"pendientes-estrella-perla","status":"publish","type":"product","link":"https:\/\/cirsaart.com\/en\/product\/pendientes-estrella-perla\/","title":{"rendered":"Pendientes Estrella Perla"},"content":{"rendered":"<p data-start=\"102\" data-end=\"1092\">Pendientes Estrella Perla es una pieza delicada y \u00fanica. El dise\u00f1o representa una estrella con brazos redondeados que aporta suavidad y elegancia, predominando el blanco perla con sutiles pinceladas de verde perla. El enganche es un aro dorado de acero inoxidable.<\/p>\n<p>\u2713 Hechos a mano con arcilla polim\u00e9rica<br data-start=\"926\" data-end=\"929\" \/>\u2713 Lijados y barnizados para un acabado brillante<br data-start=\"986\" data-end=\"989\" \/>\u2713 Enganche aro dorado de acero inoxidable<\/p>\n<p data-start=\"1094\" data-end=\"1256\">\u00bfTe gustan los Pendientes Estrella Perla? Explora m\u00e1s de esta colecci\u00f3n <a class=\"\" href=\"https:\/\/cirsaart.com\/en\/product-category\/mineralia-pendientes-y-joyas-inspiradas-en-minerales-naturales\/?v=151bb1da0f86\" rel=\"noopener\" data-start=\"1166\" data-end=\"1175\">aqu\u00ed<\/a>.<\/p>\n<p data-start=\"1094\" data-end=\"1256\"><br data-start=\"1176\" data-end=\"1179\" \/>Sigue a <a class=\"\" href=\"https:\/\/www.instagram.com\/cirsa.art\/\" target=\"_new\" rel=\"noopener\" data-start=\"1187\" data-end=\"1236\">@cirsa.art<\/a> para m\u00e1s novedades.<\/p>","protected":false},"excerpt":{"rendered":"<p>Pendientes con dise\u00f1o de estrella de brazos redondeados en blanco perla con toques de verde perla. Enganche aro dorado de acero inoxidable.<\/p>","protected":false},"featured_media":557,"template":"","meta":[],"product_brand":[],"product_cat":[28],"product_tag":[],"class_list":{"0":"post-453","1":"product","2":"type-product","3":"status-publish","4":"has-post-thumbnail","6":"product_cat-mineralia-pendientes-y-joyas-inspiradas-en-minerales-naturales","8":"first","9":"instock","10":"taxable","11":"shipping-taxable","12":"purchasable","13":"product-type-simple"},"yoast_head":"<!-- This site is optimized with the Yoast SEO plugin v27.4 - https:\/\/yoast.com\/product\/yoast-seo-wordpress\/ -->\n<title>Pendientes Estrella Perla -<\/title>\n<meta name=\"description\" content=\"Compra Pendientes Estrella Perla, dise\u00f1o artesanal en arcilla polim\u00e9rica con enganche aro dorado de acero inoxidable. Elegancia y brillo mineral.\" \/>\n<meta name=\"robots\" content=\"index, follow, max-snippet:-1, max-image-preview:large, max-video-preview:-1\" \/>\n<link rel=\"canonical\" href=\"https:\/\/cirsaart.com\/en\/product\/pendientes-estrella-perla\/\" \/>\n<meta property=\"og:locale\" content=\"en_GB\" \/>\n<meta property=\"og:type\" content=\"article\" \/>\n<meta property=\"og:title\" content=\"Pendientes Estrella Perla -\" \/>\n<meta property=\"og:description\" content=\"Compra Pendientes Estrella Perla, dise\u00f1o artesanal en arcilla polim\u00e9rica con enganche aro dorado de acero inoxidable. Elegancia y brillo mineral.\" \/>\n<meta property=\"og:url\" content=\"https:\/\/cirsaart.com\/en\/product\/pendientes-estrella-perla\/\" \/>\n<meta property=\"article:modified_time\" content=\"2025-07-26T20:27:48+00:00\" \/>\n<meta property=\"og:image\" content=\"https:\/\/cirsaart.com\/wp-content\/uploads\/2025\/06\/DSC_1795-scaled.jpg\" \/>\n\t<meta property=\"og:image:width\" content=\"2560\" \/>\n\t<meta property=\"og:image:height\" content=\"1997\" \/>\n\t<meta property=\"og:image:type\" content=\"image\/jpeg\" \/>\n<meta name=\"twitter:card\" content=\"summary_large_image\" \/>\n<meta name=\"twitter:label1\" content=\"Estimated reading time\" \/>\n\t<meta name=\"twitter:data1\" content=\"1 minute\" \/>\n<script type=\"application\/ld+json\" class=\"yoast-schema-graph\">{\"@context\":\"https:\\\/\\\/schema.org\",\"@graph\":[{\"@type\":\"WebPage\",\"@id\":\"https:\\\/\\\/cirsaart.com\\\/product\\\/pendientes-estrella-perla\\\/\",\"url\":\"https:\\\/\\\/cirsaart.com\\\/product\\\/pendientes-estrella-perla\\\/\",\"name\":\"Pendientes Estrella Perla -\",\"isPartOf\":{\"@id\":\"https:\\\/\\\/cirsaart.com\\\/#website\"},\"primaryImageOfPage\":{\"@id\":\"https:\\\/\\\/cirsaart.com\\\/product\\\/pendientes-estrella-perla\\\/#primaryimage\"},\"image\":{\"@id\":\"https:\\\/\\\/cirsaart.com\\\/product\\\/pendientes-estrella-perla\\\/#primaryimage\"},\"thumbnailUrl\":\"https:\\\/\\\/cirsaart.com\\\/wp-content\\\/uploads\\\/2025\\\/06\\\/DSC_1795-scaled.jpg\",\"datePublished\":\"2025-06-16T19:00:46+00:00\",\"dateModified\":\"2025-07-26T20:27:48+00:00\",\"description\":\"Compra Pendientes Estrella Perla, dise\u00f1o artesanal en arcilla polim\u00e9rica con enganche aro dorado de acero inoxidable. Elegancia y brillo mineral.\",\"breadcrumb\":{\"@id\":\"https:\\\/\\\/cirsaart.com\\\/product\\\/pendientes-estrella-perla\\\/#breadcrumb\"},\"inLanguage\":\"en-GB\",\"potentialAction\":[{\"@type\":\"ReadAction\",\"target\":[\"https:\\\/\\\/cirsaart.com\\\/product\\\/pendientes-estrella-perla\\\/\"]}]},{\"@type\":\"ImageObject\",\"inLanguage\":\"en-GB\",\"@id\":\"https:\\\/\\\/cirsaart.com\\\/product\\\/pendientes-estrella-perla\\\/#primaryimage\",\"url\":\"https:\\\/\\\/cirsaart.com\\\/wp-content\\\/uploads\\\/2025\\\/06\\\/DSC_1795-scaled.jpg\",\"contentUrl\":\"https:\\\/\\\/cirsaart.com\\\/wp-content\\\/uploads\\\/2025\\\/06\\\/DSC_1795-scaled.jpg\",\"width\":2560,\"height\":1997,\"caption\":\"Pendientes Estrella Perla\"},{\"@type\":\"BreadcrumbList\",\"@id\":\"https:\\\/\\\/cirsaart.com\\\/product\\\/pendientes-estrella-perla\\\/#breadcrumb\",\"itemListElement\":[{\"@type\":\"ListItem\",\"position\":1,\"name\":\"Home\",\"item\":\"https:\\\/\\\/cirsaart.com\\\/\"},{\"@type\":\"ListItem\",\"position\":2,\"name\":\"Tienda Cirsa Art\",\"item\":\"https:\\\/\\\/cirsaart.com\\\/tienda-cirsa-art\\\/\"},{\"@type\":\"ListItem\",\"position\":3,\"name\":\"Pendientes Estrella Perla\"}]},{\"@type\":\"WebSite\",\"@id\":\"https:\\\/\\\/cirsaart.com\\\/#website\",\"url\":\"https:\\\/\\\/cirsaart.com\\\/\",\"name\":\"Cirsa Art\",\"description\":\"Bisuter\u00eda artesanal hecha a mano con arcilla polim\u00e9rica. Dise\u00f1os \u00fanicos creados para destacar tu esencia\",\"publisher\":{\"@id\":\"https:\\\/\\\/cirsaart.com\\\/#organization\"},\"alternateName\":\"Cirsa Art, Bisuter\u00eda Artesanal \u00danica\",\"potentialAction\":[{\"@type\":\"SearchAction\",\"target\":{\"@type\":\"EntryPoint\",\"urlTemplate\":\"https:\\\/\\\/cirsaart.com\\\/?s={search_term_string}\"},\"query-input\":{\"@type\":\"PropertyValueSpecification\",\"valueRequired\":true,\"valueName\":\"search_term_string\"}}],\"inLanguage\":\"en-GB\"},{\"@type\":\"Organization\",\"@id\":\"https:\\\/\\\/cirsaart.com\\\/#organization\",\"name\":\"Cirsa Art\",\"alternateName\":\"Cirsa Art, Bisuter\u00eda Artesanal \u00danica\",\"url\":\"https:\\\/\\\/cirsaart.com\\\/\",\"logo\":{\"@type\":\"ImageObject\",\"inLanguage\":\"en-GB\",\"@id\":\"https:\\\/\\\/cirsaart.com\\\/#\\\/schema\\\/logo\\\/image\\\/\",\"url\":\"https:\\\/\\\/cirsaart.com\\\/wp-content\\\/uploads\\\/2025\\\/06\\\/cropped-CIRSA-ART-LOGO-1_page-0001-1.jpg\",\"contentUrl\":\"https:\\\/\\\/cirsaart.com\\\/wp-content\\\/uploads\\\/2025\\\/06\\\/cropped-CIRSA-ART-LOGO-1_page-0001-1.jpg\",\"width\":240,\"height\":243,\"caption\":\"Cirsa Art\"},\"image\":{\"@id\":\"https:\\\/\\\/cirsaart.com\\\/#\\\/schema\\\/logo\\\/image\\\/\"}}]}<\/script>\n<!-- \/ Yoast SEO plugin. -->","yoast_head_json":{"title":"Pendientes Estrella Perla -","description":"Compra Pendientes Estrella Perla, dise\u00f1o artesanal en arcilla polim\u00e9rica con enganche aro dorado de acero inoxidable. Elegancia y brillo mineral.","robots":{"index":"index","follow":"follow","max-snippet":"max-snippet:-1","max-image-preview":"max-image-preview:large","max-video-preview":"max-video-preview:-1"},"canonical":"https:\/\/cirsaart.com\/en\/product\/pendientes-estrella-perla\/","og_locale":"en_GB","og_type":"article","og_title":"Pendientes Estrella Perla -","og_description":"Compra Pendientes Estrella Perla, dise\u00f1o artesanal en arcilla polim\u00e9rica con enganche aro dorado de acero inoxidable. Elegancia y brillo mineral.","og_url":"https:\/\/cirsaart.com\/en\/product\/pendientes-estrella-perla\/","article_modified_time":"2025-07-26T20:27:48+00:00","og_image":[{"width":2560,"height":1997,"url":"https:\/\/cirsaart.com\/wp-content\/uploads\/2025\/06\/DSC_1795-scaled.jpg","type":"image\/jpeg"}],"twitter_card":"summary_large_image","twitter_misc":{"Estimated reading time":"1 minute"},"schema":{"@context":"https:\/\/schema.org","@graph":[{"@type":"WebPage","@id":"https:\/\/cirsaart.com\/product\/pendientes-estrella-perla\/","url":"https:\/\/cirsaart.com\/product\/pendientes-estrella-perla\/","name":"Pendientes Estrella Perla -","isPartOf":{"@id":"https:\/\/cirsaart.com\/#website"},"primaryImageOfPage":{"@id":"https:\/\/cirsaart.com\/product\/pendientes-estrella-perla\/#primaryimage"},"image":{"@id":"https:\/\/cirsaart.com\/product\/pendientes-estrella-perla\/#primaryimage"},"thumbnailUrl":"https:\/\/cirsaart.com\/wp-content\/uploads\/2025\/06\/DSC_1795-scaled.jpg","datePublished":"2025-06-16T19:00:46+00:00","dateModified":"2025-07-26T20:27:48+00:00","description":"Compra Pendientes Estrella Perla, dise\u00f1o artesanal en arcilla polim\u00e9rica con enganche aro dorado de acero inoxidable. Elegancia y brillo mineral.","breadcrumb":{"@id":"https:\/\/cirsaart.com\/product\/pendientes-estrella-perla\/#breadcrumb"},"inLanguage":"en-GB","potentialAction":[{"@type":"ReadAction","target":["https:\/\/cirsaart.com\/product\/pendientes-estrella-perla\/"]}]},{"@type":"ImageObject","inLanguage":"en-GB","@id":"https:\/\/cirsaart.com\/product\/pendientes-estrella-perla\/#primaryimage","url":"https:\/\/cirsaart.com\/wp-content\/uploads\/2025\/06\/DSC_1795-scaled.jpg","contentUrl":"https:\/\/cirsaart.com\/wp-content\/uploads\/2025\/06\/DSC_1795-scaled.jpg","width":2560,"height":1997,"caption":"Pendientes Estrella Perla"},{"@type":"BreadcrumbList","@id":"https:\/\/cirsaart.com\/product\/pendientes-estrella-perla\/#breadcrumb","itemListElement":[{"@type":"ListItem","position":1,"name":"Home","item":"https:\/\/cirsaart.com\/"},{"@type":"ListItem","position":2,"name":"Tienda Cirsa Art","item":"https:\/\/cirsaart.com\/tienda-cirsa-art\/"},{"@type":"ListItem","position":3,"name":"Pendientes Estrella Perla"}]},{"@type":"WebSite","@id":"https:\/\/cirsaart.com\/#website","url":"https:\/\/cirsaart.com\/","name":"Cirsa Art","description":"Bisuter\u00eda artesanal hecha a mano con arcilla polim\u00e9rica. Dise\u00f1os \u00fanicos creados para destacar tu esencia","publisher":{"@id":"https:\/\/cirsaart.com\/#organization"},"alternateName":"Cirsa Art, Bisuter\u00eda Artesanal \u00danica","potentialAction":[{"@type":"SearchAction","target":{"@type":"EntryPoint","urlTemplate":"https:\/\/cirsaart.com\/?s={search_term_string}"},"query-input":{"@type":"PropertyValueSpecification","valueRequired":true,"valueName":"search_term_string"}}],"inLanguage":"en-GB"},{"@type":"Organization","@id":"https:\/\/cirsaart.com\/#organization","name":"Cirsa Art","alternateName":"Cirsa Art, Bisuter\u00eda Artesanal \u00danica","url":"https:\/\/cirsaart.com\/","logo":{"@type":"ImageObject","inLanguage":"en-GB","@id":"https:\/\/cirsaart.com\/#\/schema\/logo\/image\/","url":"https:\/\/cirsaart.com\/wp-content\/uploads\/2025\/06\/cropped-CIRSA-ART-LOGO-1_page-0001-1.jpg","contentUrl":"https:\/\/cirsaart.com\/wp-content\/uploads\/2025\/06\/cropped-CIRSA-ART-LOGO-1_page-0001-1.jpg","width":240,"height":243,"caption":"Cirsa Art"},"image":{"@id":"https:\/\/cirsaart.com\/#\/schema\/logo\/image\/"}}]}},"_links":{"self":[{"href":"https:\/\/cirsaart.com\/en\/wp-json\/wp\/v2\/product\/453","targetHints":{"allow":["GET"]}}],"collection":[{"href":"https:\/\/cirsaart.com\/en\/wp-json\/wp\/v2\/product"}],"about":[{"href":"https:\/\/cirsaart.com\/en\/wp-json\/wp\/v2\/types\/product"}],"version-history":[{"count":6,"href":"https:\/\/cirsaart.com\/en\/wp-json\/wp\/v2\/product\/453\/revisions"}],"predecessor-version":[{"id":1440,"href":"https:\/\/cirsaart.com\/en\/wp-json\/wp\/v2\/product\/453\/revisions\/1440"}],"wp:featuredmedia":[{"embeddable":true,"href":"https:\/\/cirsaart.com\/en\/wp-json\/wp\/v2\/media\/557"}],"wp:attachment":[{"href":"https:\/\/cirsaart.com\/en\/wp-json\/wp\/v2\/media?parent=453"}],"wp:term":[{"taxonomy":"product_brand","embeddable":true,"href":"https:\/\/cirsaart.com\/en\/wp-json\/wp\/v2\/product_brand?post=453"},{"taxonomy":"product_cat","embeddable":true,"href":"https:\/\/cirsaart.com\/en\/wp-json\/wp\/v2\/product_cat?post=453"},{"taxonomy":"product_tag","embeddable":true,"href":"https:\/\/cirsaart.com\/en\/wp-json\/wp\/v2\/product_tag?post=453"}],"curies":[{"name":"wp","href":"https:\/\/api.w.org\/{rel}","templated":true}]}}