{"id":462,"date":"2025-06-16T21:06:14","date_gmt":"2025-06-16T21:06:14","guid":{"rendered":"https:\/\/cirsaart.com\/?post_type=product&#038;p=462"},"modified":"2025-07-26T20:27:19","modified_gmt":"2025-07-26T20:27:19","slug":"conjunto-de-pendientes-y-colgante-ovalados","status":"publish","type":"product","link":"https:\/\/cirsaart.com\/en\/product\/conjunto-de-pendientes-y-colgante-ovalados\/","title":{"rendered":"Conjunto Pendientes y Colgante \u00d3valo Gea"},"content":{"rendered":"<p data-start=\"114\" data-end=\"318\">Conjunto Pendientes y Colgante \u00d3valo Gea, inspirados en la belleza natural de las geodas. El dise\u00f1o suave y elegante, con una forma ovalada que aporta sofisticaci\u00f3n y armon\u00eda visual. Los colores combinan blanco perla en el centro, un delicado verde perla y un tono dorado sutil. Enganches de bola plateada. Cadena especial que impide enredos y mantiene la pieza perfecta., facilitando su uso diario.<\/p>\n<p data-start=\"1011\" data-end=\"1282\">\u2713 Hecho a mano con arcilla polim\u00e9rica<br data-start=\"1064\" data-end=\"1067\" \/>\u2713 Lijado, pulido y barnizado<br data-start=\"1120\" data-end=\"1123\" \/>\u2713 Enganches de bola plateada<br data-start=\"1171\" data-end=\"1174\" \/>\u2713 Dise\u00f1o inspirado en geodas<br data-start=\"1238\" data-end=\"1241\" \/>\u2713 Colgante antienredos<\/p>\n<p data-start=\"1284\" data-end=\"1437\">Si te gusta el Conjunto Pendientes y Colgante \u00d3valo Gea,\u00a0 explora m\u00e1s de esta colecci\u00f3n <a href=\"https:\/\/cirsaart.com\/en\/product-category\/mineralia-pendientes-y-joyas-inspiradas-en-minerales-naturales\/?v=151bb1da0f86\">aqu\u00ed<\/a>.<\/p>\n<p data-start=\"1284\" data-end=\"1437\">Sigue a <a href=\"https:\/\/www.instagram.com\/cirsa.art\/\">@cirsa.art<\/a> \u00a0para m\u00e1s novedades.<\/p>","protected":false},"excerpt":{"rendered":"<p>Conjunto de pendientes y colgante ovalados con dise\u00f1o inspirado en geodas. Colores blanco perla, verde perla y dorado. Enganches de bola plateada y colgante plateado antienredos. Elegancia y brillo en cada detalle.<\/p>","protected":false},"featured_media":463,"template":"","meta":[],"product_brand":[],"product_cat":[28],"product_tag":[],"class_list":{"0":"post-462","1":"product","2":"type-product","3":"status-publish","4":"has-post-thumbnail","6":"product_cat-mineralia-pendientes-y-joyas-inspiradas-en-minerales-naturales","8":"first","9":"instock","10":"taxable","11":"shipping-taxable","12":"purchasable","13":"product-type-simple"},"yoast_head":"<!-- This site is optimized with the Yoast SEO plugin v27.4 - https:\/\/yoast.com\/product\/yoast-seo-wordpress\/ -->\n<title>Conjunto Pendientes y Colgante \u00d3valo Gea -<\/title>\n<meta name=\"description\" content=\"Conjunto Pendientes y Colgante \u00d3valo Gea. Inspirado en geodas con colores blanco perla, verde perla y dorado. Enganches de bola plateada y aro antienredos.\" \/>\n<meta name=\"robots\" content=\"index, follow, max-snippet:-1, max-image-preview:large, max-video-preview:-1\" \/>\n<link rel=\"canonical\" href=\"https:\/\/cirsaart.com\/en\/product\/conjunto-de-pendientes-y-colgante-ovalados\/\" \/>\n<meta property=\"og:locale\" content=\"en_GB\" \/>\n<meta property=\"og:type\" content=\"article\" \/>\n<meta property=\"og:title\" content=\"Conjunto Pendientes y Colgante \u00d3valo Gea -\" \/>\n<meta property=\"og:description\" content=\"Conjunto Pendientes y Colgante \u00d3valo Gea. Inspirado en geodas con colores blanco perla, verde perla y dorado. Enganches de bola plateada y aro antienredos.\" \/>\n<meta property=\"og:url\" content=\"https:\/\/cirsaart.com\/en\/product\/conjunto-de-pendientes-y-colgante-ovalados\/\" \/>\n<meta property=\"article:modified_time\" content=\"2025-07-26T20:27:19+00:00\" \/>\n<meta property=\"og:image\" content=\"https:\/\/cirsaart.com\/wp-content\/uploads\/2025\/06\/evalo-scaled.jpg\" \/>\n\t<meta property=\"og:image:width\" content=\"2560\" \/>\n\t<meta property=\"og:image:height\" content=\"1768\" \/>\n\t<meta property=\"og:image:type\" content=\"image\/jpeg\" \/>\n<meta name=\"twitter:card\" content=\"summary_large_image\" \/>\n<meta name=\"twitter:label1\" content=\"Estimated reading time\" \/>\n\t<meta name=\"twitter:data1\" content=\"1 minute\" \/>\n<script type=\"application\/ld+json\" class=\"yoast-schema-graph\">{\"@context\":\"https:\\\/\\\/schema.org\",\"@graph\":[{\"@type\":\"WebPage\",\"@id\":\"https:\\\/\\\/cirsaart.com\\\/product\\\/conjunto-de-pendientes-y-colgante-ovalados\\\/\",\"url\":\"https:\\\/\\\/cirsaart.com\\\/product\\\/conjunto-de-pendientes-y-colgante-ovalados\\\/\",\"name\":\"Conjunto Pendientes y Colgante \u00d3valo Gea -\",\"isPartOf\":{\"@id\":\"https:\\\/\\\/cirsaart.com\\\/#website\"},\"primaryImageOfPage\":{\"@id\":\"https:\\\/\\\/cirsaart.com\\\/product\\\/conjunto-de-pendientes-y-colgante-ovalados\\\/#primaryimage\"},\"image\":{\"@id\":\"https:\\\/\\\/cirsaart.com\\\/product\\\/conjunto-de-pendientes-y-colgante-ovalados\\\/#primaryimage\"},\"thumbnailUrl\":\"https:\\\/\\\/cirsaart.com\\\/wp-content\\\/uploads\\\/2025\\\/06\\\/evalo-scaled.jpg\",\"datePublished\":\"2025-06-16T21:06:14+00:00\",\"dateModified\":\"2025-07-26T20:27:19+00:00\",\"description\":\"Conjunto Pendientes y Colgante \u00d3valo Gea. Inspirado en geodas con colores blanco perla, verde perla y dorado. Enganches de bola plateada y aro antienredos.\",\"breadcrumb\":{\"@id\":\"https:\\\/\\\/cirsaart.com\\\/product\\\/conjunto-de-pendientes-y-colgante-ovalados\\\/#breadcrumb\"},\"inLanguage\":\"en-GB\",\"potentialAction\":[{\"@type\":\"ReadAction\",\"target\":[\"https:\\\/\\\/cirsaart.com\\\/product\\\/conjunto-de-pendientes-y-colgante-ovalados\\\/\"]}]},{\"@type\":\"ImageObject\",\"inLanguage\":\"en-GB\",\"@id\":\"https:\\\/\\\/cirsaart.com\\\/product\\\/conjunto-de-pendientes-y-colgante-ovalados\\\/#primaryimage\",\"url\":\"https:\\\/\\\/cirsaart.com\\\/wp-content\\\/uploads\\\/2025\\\/06\\\/evalo-scaled.jpg\",\"contentUrl\":\"https:\\\/\\\/cirsaart.com\\\/wp-content\\\/uploads\\\/2025\\\/06\\\/evalo-scaled.jpg\",\"width\":2560,\"height\":1768,\"caption\":\"Conjunto Pendientes y Colgante Ovalados\"},{\"@type\":\"BreadcrumbList\",\"@id\":\"https:\\\/\\\/cirsaart.com\\\/product\\\/conjunto-de-pendientes-y-colgante-ovalados\\\/#breadcrumb\",\"itemListElement\":[{\"@type\":\"ListItem\",\"position\":1,\"name\":\"Home\",\"item\":\"https:\\\/\\\/cirsaart.com\\\/\"},{\"@type\":\"ListItem\",\"position\":2,\"name\":\"Tienda Cirsa Art\",\"item\":\"https:\\\/\\\/cirsaart.com\\\/tienda-cirsa-art\\\/\"},{\"@type\":\"ListItem\",\"position\":3,\"name\":\"Conjunto Pendientes y Colgante \u00d3valo Gea\"}]},{\"@type\":\"WebSite\",\"@id\":\"https:\\\/\\\/cirsaart.com\\\/#website\",\"url\":\"https:\\\/\\\/cirsaart.com\\\/\",\"name\":\"Cirsa Art\",\"description\":\"Bisuter\u00eda artesanal hecha a mano con arcilla polim\u00e9rica. Dise\u00f1os \u00fanicos creados para destacar tu esencia\",\"publisher\":{\"@id\":\"https:\\\/\\\/cirsaart.com\\\/#organization\"},\"alternateName\":\"Cirsa Art, Bisuter\u00eda Artesanal \u00danica\",\"potentialAction\":[{\"@type\":\"SearchAction\",\"target\":{\"@type\":\"EntryPoint\",\"urlTemplate\":\"https:\\\/\\\/cirsaart.com\\\/?s={search_term_string}\"},\"query-input\":{\"@type\":\"PropertyValueSpecification\",\"valueRequired\":true,\"valueName\":\"search_term_string\"}}],\"inLanguage\":\"en-GB\"},{\"@type\":\"Organization\",\"@id\":\"https:\\\/\\\/cirsaart.com\\\/#organization\",\"name\":\"Cirsa Art\",\"alternateName\":\"Cirsa Art, Bisuter\u00eda Artesanal \u00danica\",\"url\":\"https:\\\/\\\/cirsaart.com\\\/\",\"logo\":{\"@type\":\"ImageObject\",\"inLanguage\":\"en-GB\",\"@id\":\"https:\\\/\\\/cirsaart.com\\\/#\\\/schema\\\/logo\\\/image\\\/\",\"url\":\"https:\\\/\\\/cirsaart.com\\\/wp-content\\\/uploads\\\/2025\\\/06\\\/cropped-CIRSA-ART-LOGO-1_page-0001-1.jpg\",\"contentUrl\":\"https:\\\/\\\/cirsaart.com\\\/wp-content\\\/uploads\\\/2025\\\/06\\\/cropped-CIRSA-ART-LOGO-1_page-0001-1.jpg\",\"width\":240,\"height\":243,\"caption\":\"Cirsa Art\"},\"image\":{\"@id\":\"https:\\\/\\\/cirsaart.com\\\/#\\\/schema\\\/logo\\\/image\\\/\"}}]}<\/script>\n<!-- \/ Yoast SEO plugin. -->","yoast_head_json":{"title":"Conjunto Pendientes y Colgante \u00d3valo Gea -","description":"Conjunto Pendientes y Colgante \u00d3valo Gea. Inspirado en geodas con colores blanco perla, verde perla y dorado. Enganches de bola plateada y aro antienredos.","robots":{"index":"index","follow":"follow","max-snippet":"max-snippet:-1","max-image-preview":"max-image-preview:large","max-video-preview":"max-video-preview:-1"},"canonical":"https:\/\/cirsaart.com\/en\/product\/conjunto-de-pendientes-y-colgante-ovalados\/","og_locale":"en_GB","og_type":"article","og_title":"Conjunto Pendientes y Colgante \u00d3valo Gea -","og_description":"Conjunto Pendientes y Colgante \u00d3valo Gea. Inspirado en geodas con colores blanco perla, verde perla y dorado. Enganches de bola plateada y aro antienredos.","og_url":"https:\/\/cirsaart.com\/en\/product\/conjunto-de-pendientes-y-colgante-ovalados\/","article_modified_time":"2025-07-26T20:27:19+00:00","og_image":[{"width":2560,"height":1768,"url":"https:\/\/cirsaart.com\/wp-content\/uploads\/2025\/06\/evalo-scaled.jpg","type":"image\/jpeg"}],"twitter_card":"summary_large_image","twitter_misc":{"Estimated reading time":"1 minute"},"schema":{"@context":"https:\/\/schema.org","@graph":[{"@type":"WebPage","@id":"https:\/\/cirsaart.com\/product\/conjunto-de-pendientes-y-colgante-ovalados\/","url":"https:\/\/cirsaart.com\/product\/conjunto-de-pendientes-y-colgante-ovalados\/","name":"Conjunto Pendientes y Colgante \u00d3valo Gea -","isPartOf":{"@id":"https:\/\/cirsaart.com\/#website"},"primaryImageOfPage":{"@id":"https:\/\/cirsaart.com\/product\/conjunto-de-pendientes-y-colgante-ovalados\/#primaryimage"},"image":{"@id":"https:\/\/cirsaart.com\/product\/conjunto-de-pendientes-y-colgante-ovalados\/#primaryimage"},"thumbnailUrl":"https:\/\/cirsaart.com\/wp-content\/uploads\/2025\/06\/evalo-scaled.jpg","datePublished":"2025-06-16T21:06:14+00:00","dateModified":"2025-07-26T20:27:19+00:00","description":"Conjunto Pendientes y Colgante \u00d3valo Gea. Inspirado en geodas con colores blanco perla, verde perla y dorado. Enganches de bola plateada y aro antienredos.","breadcrumb":{"@id":"https:\/\/cirsaart.com\/product\/conjunto-de-pendientes-y-colgante-ovalados\/#breadcrumb"},"inLanguage":"en-GB","potentialAction":[{"@type":"ReadAction","target":["https:\/\/cirsaart.com\/product\/conjunto-de-pendientes-y-colgante-ovalados\/"]}]},{"@type":"ImageObject","inLanguage":"en-GB","@id":"https:\/\/cirsaart.com\/product\/conjunto-de-pendientes-y-colgante-ovalados\/#primaryimage","url":"https:\/\/cirsaart.com\/wp-content\/uploads\/2025\/06\/evalo-scaled.jpg","contentUrl":"https:\/\/cirsaart.com\/wp-content\/uploads\/2025\/06\/evalo-scaled.jpg","width":2560,"height":1768,"caption":"Conjunto Pendientes y Colgante Ovalados"},{"@type":"BreadcrumbList","@id":"https:\/\/cirsaart.com\/product\/conjunto-de-pendientes-y-colgante-ovalados\/#breadcrumb","itemListElement":[{"@type":"ListItem","position":1,"name":"Home","item":"https:\/\/cirsaart.com\/"},{"@type":"ListItem","position":2,"name":"Tienda Cirsa Art","item":"https:\/\/cirsaart.com\/tienda-cirsa-art\/"},{"@type":"ListItem","position":3,"name":"Conjunto Pendientes y Colgante \u00d3valo Gea"}]},{"@type":"WebSite","@id":"https:\/\/cirsaart.com\/#website","url":"https:\/\/cirsaart.com\/","name":"Cirsa Art","description":"Bisuter\u00eda artesanal hecha a mano con arcilla polim\u00e9rica. Dise\u00f1os \u00fanicos creados para destacar tu esencia","publisher":{"@id":"https:\/\/cirsaart.com\/#organization"},"alternateName":"Cirsa Art, Bisuter\u00eda Artesanal \u00danica","potentialAction":[{"@type":"SearchAction","target":{"@type":"EntryPoint","urlTemplate":"https:\/\/cirsaart.com\/?s={search_term_string}"},"query-input":{"@type":"PropertyValueSpecification","valueRequired":true,"valueName":"search_term_string"}}],"inLanguage":"en-GB"},{"@type":"Organization","@id":"https:\/\/cirsaart.com\/#organization","name":"Cirsa Art","alternateName":"Cirsa Art, Bisuter\u00eda Artesanal \u00danica","url":"https:\/\/cirsaart.com\/","logo":{"@type":"ImageObject","inLanguage":"en-GB","@id":"https:\/\/cirsaart.com\/#\/schema\/logo\/image\/","url":"https:\/\/cirsaart.com\/wp-content\/uploads\/2025\/06\/cropped-CIRSA-ART-LOGO-1_page-0001-1.jpg","contentUrl":"https:\/\/cirsaart.com\/wp-content\/uploads\/2025\/06\/cropped-CIRSA-ART-LOGO-1_page-0001-1.jpg","width":240,"height":243,"caption":"Cirsa Art"},"image":{"@id":"https:\/\/cirsaart.com\/#\/schema\/logo\/image\/"}}]}},"_links":{"self":[{"href":"https:\/\/cirsaart.com\/en\/wp-json\/wp\/v2\/product\/462","targetHints":{"allow":["GET"]}}],"collection":[{"href":"https:\/\/cirsaart.com\/en\/wp-json\/wp\/v2\/product"}],"about":[{"href":"https:\/\/cirsaart.com\/en\/wp-json\/wp\/v2\/types\/product"}],"version-history":[{"count":7,"href":"https:\/\/cirsaart.com\/en\/wp-json\/wp\/v2\/product\/462\/revisions"}],"predecessor-version":[{"id":1441,"href":"https:\/\/cirsaart.com\/en\/wp-json\/wp\/v2\/product\/462\/revisions\/1441"}],"wp:featuredmedia":[{"embeddable":true,"href":"https:\/\/cirsaart.com\/en\/wp-json\/wp\/v2\/media\/463"}],"wp:attachment":[{"href":"https:\/\/cirsaart.com\/en\/wp-json\/wp\/v2\/media?parent=462"}],"wp:term":[{"taxonomy":"product_brand","embeddable":true,"href":"https:\/\/cirsaart.com\/en\/wp-json\/wp\/v2\/product_brand?post=462"},{"taxonomy":"product_cat","embeddable":true,"href":"https:\/\/cirsaart.com\/en\/wp-json\/wp\/v2\/product_cat?post=462"},{"taxonomy":"product_tag","embeddable":true,"href":"https:\/\/cirsaart.com\/en\/wp-json\/wp\/v2\/product_tag?post=462"}],"curies":[{"name":"wp","href":"https:\/\/api.w.org\/{rel}","templated":true}]}}