{"id":475,"date":"2025-06-17T16:29:05","date_gmt":"2025-06-17T16:29:05","guid":{"rendered":"https:\/\/cirsaart.com\/?post_type=product&#038;p=475"},"modified":"2025-07-26T20:24:09","modified_gmt":"2025-07-26T20:24:09","slug":"pendientes-rombo-gea","status":"publish","type":"product","link":"https:\/\/cirsaart.com\/en\/product\/pendientes-rombo-gea\/","title":{"rendered":"Pendientes Rombo Gea"},"content":{"rendered":"<p data-start=\"177\" data-end=\"353\">Los Pendientes Rombo Gea destacan por su asimetr\u00eda y armon\u00eda visual. Los colores se combinan entre blanco perla, verde transl\u00facido, verde perla y toques de oro. El enganche plateado en forma de gota de acero inoxidable.<\/p>\n<p data-start=\"748\" data-end=\"989\">\u2713 Hechos a mano con arcilla polim\u00e9rica<br data-start=\"836\" data-end=\"839\" \/>\u2713 Combinaci\u00f3n de blanco, verdes perlados y oro<br data-start=\"885\" data-end=\"888\" \/>\u2713 Enganches de gota en acero inoxidable<br data-start=\"927\" data-end=\"930\" \/>\u2713 Lijados y barnizados<\/p>\n<p data-start=\"1303\" data-end=\"1432\">\ud83d\udca1 <em data-start=\"1306\" data-end=\"1430\">Si te gustan los pendientes rombo gea, puedes adquirir el <a href=\"https:\/\/cirsaart.com\/en\/product\/conjunto-pendientes-y-colgante-rombo-gea\/\">conjunto completo<\/a> con colgante por 25 \u20ac.<\/em><\/p>\n<p data-start=\"1434\" data-end=\"1523\">Descubre m\u00e1s en Instagram: <a href=\"https:\/\/www.instagram.com\/cirsa.art\/\"><strong data-start=\"1509\" data-end=\"1523\">@cirsa.art<\/strong><\/a><\/p>","protected":false},"excerpt":{"rendered":"<p>Dise\u00f1o asim\u00e9trico en blanco perla, verde transl\u00facido, verde perla y oro. Enganches de gota en acero inoxidable. Perfectos para un look \u00fanico y sofisticado.<\/p>","protected":false},"featured_media":476,"template":"","meta":[],"product_brand":[],"product_cat":[28],"product_tag":[],"class_list":{"0":"post-475","1":"product","2":"type-product","3":"status-publish","4":"has-post-thumbnail","6":"product_cat-mineralia-pendientes-y-joyas-inspiradas-en-minerales-naturales","8":"first","9":"instock","10":"taxable","11":"shipping-taxable","12":"purchasable","13":"product-type-simple"},"yoast_head":"<!-- This site is optimized with the Yoast SEO plugin v27.4 - https:\/\/yoast.com\/product\/yoast-seo-wordpress\/ -->\n<title>Pendientes Rombo Gea -<\/title>\n<meta name=\"description\" content=\"Pendientes Rombo Gea hechos a mano con arcilla polim\u00e9rica. Dise\u00f1o asim\u00e9trico, colores minerales y enganches de acero inoxidable.\" \/>\n<meta name=\"robots\" content=\"index, follow, max-snippet:-1, max-image-preview:large, max-video-preview:-1\" \/>\n<link rel=\"canonical\" href=\"https:\/\/cirsaart.com\/en\/product\/pendientes-rombo-gea\/\" \/>\n<meta property=\"og:locale\" content=\"en_GB\" \/>\n<meta property=\"og:type\" content=\"article\" \/>\n<meta property=\"og:title\" content=\"Pendientes Rombo Gea -\" \/>\n<meta property=\"og:description\" content=\"Pendientes Rombo Gea hechos a mano con arcilla polim\u00e9rica. Dise\u00f1o asim\u00e9trico, colores minerales y enganches de acero inoxidable.\" \/>\n<meta property=\"og:url\" content=\"https:\/\/cirsaart.com\/en\/product\/pendientes-rombo-gea\/\" \/>\n<meta property=\"article:modified_time\" content=\"2025-07-26T20:24:09+00:00\" \/>\n<meta property=\"og:image\" content=\"https:\/\/cirsaart.com\/wp-content\/uploads\/2025\/06\/DSC_1783-scaled.jpg\" \/>\n\t<meta property=\"og:image:width\" content=\"2560\" \/>\n\t<meta property=\"og:image:height\" content=\"1828\" \/>\n\t<meta property=\"og:image:type\" content=\"image\/jpeg\" \/>\n<meta name=\"twitter:card\" content=\"summary_large_image\" \/>\n<meta name=\"twitter:label1\" content=\"Estimated reading time\" \/>\n\t<meta name=\"twitter:data1\" content=\"1 minute\" \/>\n<script type=\"application\/ld+json\" class=\"yoast-schema-graph\">{\"@context\":\"https:\\\/\\\/schema.org\",\"@graph\":[{\"@type\":\"WebPage\",\"@id\":\"https:\\\/\\\/cirsaart.com\\\/product\\\/pendientes-rombo-gea\\\/\",\"url\":\"https:\\\/\\\/cirsaart.com\\\/product\\\/pendientes-rombo-gea\\\/\",\"name\":\"Pendientes Rombo Gea -\",\"isPartOf\":{\"@id\":\"https:\\\/\\\/cirsaart.com\\\/#website\"},\"primaryImageOfPage\":{\"@id\":\"https:\\\/\\\/cirsaart.com\\\/product\\\/pendientes-rombo-gea\\\/#primaryimage\"},\"image\":{\"@id\":\"https:\\\/\\\/cirsaart.com\\\/product\\\/pendientes-rombo-gea\\\/#primaryimage\"},\"thumbnailUrl\":\"https:\\\/\\\/cirsaart.com\\\/wp-content\\\/uploads\\\/2025\\\/06\\\/DSC_1783-scaled.jpg\",\"datePublished\":\"2025-06-17T16:29:05+00:00\",\"dateModified\":\"2025-07-26T20:24:09+00:00\",\"description\":\"Pendientes Rombo Gea hechos a mano con arcilla polim\u00e9rica. Dise\u00f1o asim\u00e9trico, colores minerales y enganches de acero inoxidable.\",\"breadcrumb\":{\"@id\":\"https:\\\/\\\/cirsaart.com\\\/product\\\/pendientes-rombo-gea\\\/#breadcrumb\"},\"inLanguage\":\"en-GB\",\"potentialAction\":[{\"@type\":\"ReadAction\",\"target\":[\"https:\\\/\\\/cirsaart.com\\\/product\\\/pendientes-rombo-gea\\\/\"]}]},{\"@type\":\"ImageObject\",\"inLanguage\":\"en-GB\",\"@id\":\"https:\\\/\\\/cirsaart.com\\\/product\\\/pendientes-rombo-gea\\\/#primaryimage\",\"url\":\"https:\\\/\\\/cirsaart.com\\\/wp-content\\\/uploads\\\/2025\\\/06\\\/DSC_1783-scaled.jpg\",\"contentUrl\":\"https:\\\/\\\/cirsaart.com\\\/wp-content\\\/uploads\\\/2025\\\/06\\\/DSC_1783-scaled.jpg\",\"width\":2560,\"height\":1828,\"caption\":\"pendientes rombo gea\"},{\"@type\":\"BreadcrumbList\",\"@id\":\"https:\\\/\\\/cirsaart.com\\\/product\\\/pendientes-rombo-gea\\\/#breadcrumb\",\"itemListElement\":[{\"@type\":\"ListItem\",\"position\":1,\"name\":\"Home\",\"item\":\"https:\\\/\\\/cirsaart.com\\\/\"},{\"@type\":\"ListItem\",\"position\":2,\"name\":\"Tienda Cirsa Art\",\"item\":\"https:\\\/\\\/cirsaart.com\\\/tienda-cirsa-art\\\/\"},{\"@type\":\"ListItem\",\"position\":3,\"name\":\"Pendientes Rombo Gea\"}]},{\"@type\":\"WebSite\",\"@id\":\"https:\\\/\\\/cirsaart.com\\\/#website\",\"url\":\"https:\\\/\\\/cirsaart.com\\\/\",\"name\":\"Cirsa Art\",\"description\":\"Bisuter\u00eda artesanal hecha a mano con arcilla polim\u00e9rica. Dise\u00f1os \u00fanicos creados para destacar tu esencia\",\"publisher\":{\"@id\":\"https:\\\/\\\/cirsaart.com\\\/#organization\"},\"alternateName\":\"Cirsa Art, Bisuter\u00eda Artesanal \u00danica\",\"potentialAction\":[{\"@type\":\"SearchAction\",\"target\":{\"@type\":\"EntryPoint\",\"urlTemplate\":\"https:\\\/\\\/cirsaart.com\\\/?s={search_term_string}\"},\"query-input\":{\"@type\":\"PropertyValueSpecification\",\"valueRequired\":true,\"valueName\":\"search_term_string\"}}],\"inLanguage\":\"en-GB\"},{\"@type\":\"Organization\",\"@id\":\"https:\\\/\\\/cirsaart.com\\\/#organization\",\"name\":\"Cirsa Art\",\"alternateName\":\"Cirsa Art, Bisuter\u00eda Artesanal \u00danica\",\"url\":\"https:\\\/\\\/cirsaart.com\\\/\",\"logo\":{\"@type\":\"ImageObject\",\"inLanguage\":\"en-GB\",\"@id\":\"https:\\\/\\\/cirsaart.com\\\/#\\\/schema\\\/logo\\\/image\\\/\",\"url\":\"https:\\\/\\\/cirsaart.com\\\/wp-content\\\/uploads\\\/2025\\\/06\\\/cropped-CIRSA-ART-LOGO-1_page-0001-1.jpg\",\"contentUrl\":\"https:\\\/\\\/cirsaart.com\\\/wp-content\\\/uploads\\\/2025\\\/06\\\/cropped-CIRSA-ART-LOGO-1_page-0001-1.jpg\",\"width\":240,\"height\":243,\"caption\":\"Cirsa Art\"},\"image\":{\"@id\":\"https:\\\/\\\/cirsaart.com\\\/#\\\/schema\\\/logo\\\/image\\\/\"}}]}<\/script>\n<!-- \/ Yoast SEO plugin. -->","yoast_head_json":{"title":"Pendientes Rombo Gea -","description":"Pendientes Rombo Gea hechos a mano con arcilla polim\u00e9rica. Dise\u00f1o asim\u00e9trico, colores minerales y enganches de acero inoxidable.","robots":{"index":"index","follow":"follow","max-snippet":"max-snippet:-1","max-image-preview":"max-image-preview:large","max-video-preview":"max-video-preview:-1"},"canonical":"https:\/\/cirsaart.com\/en\/product\/pendientes-rombo-gea\/","og_locale":"en_GB","og_type":"article","og_title":"Pendientes Rombo Gea -","og_description":"Pendientes Rombo Gea hechos a mano con arcilla polim\u00e9rica. Dise\u00f1o asim\u00e9trico, colores minerales y enganches de acero inoxidable.","og_url":"https:\/\/cirsaart.com\/en\/product\/pendientes-rombo-gea\/","article_modified_time":"2025-07-26T20:24:09+00:00","og_image":[{"width":2560,"height":1828,"url":"https:\/\/cirsaart.com\/wp-content\/uploads\/2025\/06\/DSC_1783-scaled.jpg","type":"image\/jpeg"}],"twitter_card":"summary_large_image","twitter_misc":{"Estimated reading time":"1 minute"},"schema":{"@context":"https:\/\/schema.org","@graph":[{"@type":"WebPage","@id":"https:\/\/cirsaart.com\/product\/pendientes-rombo-gea\/","url":"https:\/\/cirsaart.com\/product\/pendientes-rombo-gea\/","name":"Pendientes Rombo Gea -","isPartOf":{"@id":"https:\/\/cirsaart.com\/#website"},"primaryImageOfPage":{"@id":"https:\/\/cirsaart.com\/product\/pendientes-rombo-gea\/#primaryimage"},"image":{"@id":"https:\/\/cirsaart.com\/product\/pendientes-rombo-gea\/#primaryimage"},"thumbnailUrl":"https:\/\/cirsaart.com\/wp-content\/uploads\/2025\/06\/DSC_1783-scaled.jpg","datePublished":"2025-06-17T16:29:05+00:00","dateModified":"2025-07-26T20:24:09+00:00","description":"Pendientes Rombo Gea hechos a mano con arcilla polim\u00e9rica. Dise\u00f1o asim\u00e9trico, colores minerales y enganches de acero inoxidable.","breadcrumb":{"@id":"https:\/\/cirsaart.com\/product\/pendientes-rombo-gea\/#breadcrumb"},"inLanguage":"en-GB","potentialAction":[{"@type":"ReadAction","target":["https:\/\/cirsaart.com\/product\/pendientes-rombo-gea\/"]}]},{"@type":"ImageObject","inLanguage":"en-GB","@id":"https:\/\/cirsaart.com\/product\/pendientes-rombo-gea\/#primaryimage","url":"https:\/\/cirsaart.com\/wp-content\/uploads\/2025\/06\/DSC_1783-scaled.jpg","contentUrl":"https:\/\/cirsaart.com\/wp-content\/uploads\/2025\/06\/DSC_1783-scaled.jpg","width":2560,"height":1828,"caption":"pendientes rombo gea"},{"@type":"BreadcrumbList","@id":"https:\/\/cirsaart.com\/product\/pendientes-rombo-gea\/#breadcrumb","itemListElement":[{"@type":"ListItem","position":1,"name":"Home","item":"https:\/\/cirsaart.com\/"},{"@type":"ListItem","position":2,"name":"Tienda Cirsa Art","item":"https:\/\/cirsaart.com\/tienda-cirsa-art\/"},{"@type":"ListItem","position":3,"name":"Pendientes Rombo Gea"}]},{"@type":"WebSite","@id":"https:\/\/cirsaart.com\/#website","url":"https:\/\/cirsaart.com\/","name":"Cirsa Art","description":"Bisuter\u00eda artesanal hecha a mano con arcilla polim\u00e9rica. Dise\u00f1os \u00fanicos creados para destacar tu esencia","publisher":{"@id":"https:\/\/cirsaart.com\/#organization"},"alternateName":"Cirsa Art, Bisuter\u00eda Artesanal \u00danica","potentialAction":[{"@type":"SearchAction","target":{"@type":"EntryPoint","urlTemplate":"https:\/\/cirsaart.com\/?s={search_term_string}"},"query-input":{"@type":"PropertyValueSpecification","valueRequired":true,"valueName":"search_term_string"}}],"inLanguage":"en-GB"},{"@type":"Organization","@id":"https:\/\/cirsaart.com\/#organization","name":"Cirsa Art","alternateName":"Cirsa Art, Bisuter\u00eda Artesanal \u00danica","url":"https:\/\/cirsaart.com\/","logo":{"@type":"ImageObject","inLanguage":"en-GB","@id":"https:\/\/cirsaart.com\/#\/schema\/logo\/image\/","url":"https:\/\/cirsaart.com\/wp-content\/uploads\/2025\/06\/cropped-CIRSA-ART-LOGO-1_page-0001-1.jpg","contentUrl":"https:\/\/cirsaart.com\/wp-content\/uploads\/2025\/06\/cropped-CIRSA-ART-LOGO-1_page-0001-1.jpg","width":240,"height":243,"caption":"Cirsa Art"},"image":{"@id":"https:\/\/cirsaart.com\/#\/schema\/logo\/image\/"}}]}},"_links":{"self":[{"href":"https:\/\/cirsaart.com\/en\/wp-json\/wp\/v2\/product\/475","targetHints":{"allow":["GET"]}}],"collection":[{"href":"https:\/\/cirsaart.com\/en\/wp-json\/wp\/v2\/product"}],"about":[{"href":"https:\/\/cirsaart.com\/en\/wp-json\/wp\/v2\/types\/product"}],"version-history":[{"count":4,"href":"https:\/\/cirsaart.com\/en\/wp-json\/wp\/v2\/product\/475\/revisions"}],"predecessor-version":[{"id":1444,"href":"https:\/\/cirsaart.com\/en\/wp-json\/wp\/v2\/product\/475\/revisions\/1444"}],"wp:featuredmedia":[{"embeddable":true,"href":"https:\/\/cirsaart.com\/en\/wp-json\/wp\/v2\/media\/476"}],"wp:attachment":[{"href":"https:\/\/cirsaart.com\/en\/wp-json\/wp\/v2\/media?parent=475"}],"wp:term":[{"taxonomy":"product_brand","embeddable":true,"href":"https:\/\/cirsaart.com\/en\/wp-json\/wp\/v2\/product_brand?post=475"},{"taxonomy":"product_cat","embeddable":true,"href":"https:\/\/cirsaart.com\/en\/wp-json\/wp\/v2\/product_cat?post=475"},{"taxonomy":"product_tag","embeddable":true,"href":"https:\/\/cirsaart.com\/en\/wp-json\/wp\/v2\/product_tag?post=475"}],"curies":[{"name":"wp","href":"https:\/\/api.w.org\/{rel}","templated":true}]}}