{"id":483,"date":"2025-06-17T16:59:49","date_gmt":"2025-06-17T16:59:49","guid":{"rendered":"https:\/\/cirsaart.com\/?post_type=product&#038;p=483"},"modified":"2025-07-26T20:24:08","modified_gmt":"2025-07-26T20:24:08","slug":"pendientes-ovalo-gea","status":"publish","type":"product","link":"https:\/\/cirsaart.com\/en\/product\/pendientes-ovalo-gea\/","title":{"rendered":"Pendientes \u00d3valo Gea"},"content":{"rendered":"<p data-start=\"242\" data-end=\"579\">Los Pendientes \u00d3valo Gea, de forma ovalada, presentan un elegante degradado de colores que recuerda al interior de una geoda. En la parte central, el blanco perla brilla seguido del verde perla intenso, y una pincelada en color oro en la parte de arriba que enmarca la pieza con un acabado c\u00e1lido y luminoso.<\/p>\n<p data-start=\"581\" data-end=\"817\">Cada pendiente ha sido lijado cuidadosamente y pulido a mano para lograr una superficie suave y uniforme. El acabado final incluye una capa de barniz protector que realza los colores y aporta brillo, asegurando adem\u00e1s mayor durabilidad.<\/p>\n<p data-start=\"819\" data-end=\"1029\">Enganche en forma de bola plateada.<\/p>\n<p data-start=\"1274\" data-end=\"1521\">\u2713 Dise\u00f1o ovalado con efecto geoda<br data-start=\"1307\" data-end=\"1310\" \/>\u2713 Blanco perla, verde perla y oro<br data-start=\"1358\" data-end=\"1361\" \/>\u2713 Acabado con barniz protector brillante<br data-start=\"1401\" data-end=\"1404\" \/>\u2713 Lijado y pulido a mano<br data-start=\"1428\" data-end=\"1431\" \/>\u2713 Enganche de bola plateada\u00a0<br data-start=\"1478\" data-end=\"1481\" \/>\u2713 Ligereza y comodidad para uso diario<\/p>\n<p data-start=\"1523\" data-end=\"1796\">Si te gustan los Pendientes \u00d3valo Gea, descubre el conjunto completo<a href=\"https:\/\/cirsaart.com\/en\/product\/conjunto-de-pendientes-y-colgante-ovalados\/?v=151bb1da0f86\"> aqu\u00ed<\/a>.<\/p>\n<p>Sigue a <a href=\"https:\/\/www.instagram.com\/cirsa.art\/\">@cirsa.art<\/a> para m\u00e1s novedades y procesos creativos.<\/p>","protected":false},"excerpt":{"rendered":"<p>Dise\u00f1o ovalado en blanco perla, verde perla y oro. Acabado brillante con barniz. Enganche de bola plateada. Elegantes y c\u00f3modos.<\/p>","protected":false},"featured_media":484,"template":"","meta":[],"product_brand":[],"product_cat":[28],"product_tag":[],"class_list":{"0":"post-483","1":"product","2":"type-product","3":"status-publish","4":"has-post-thumbnail","6":"product_cat-mineralia-pendientes-y-joyas-inspiradas-en-minerales-naturales","8":"first","9":"instock","10":"taxable","11":"shipping-taxable","12":"purchasable","13":"product-type-simple"},"yoast_head":"<!-- This site is optimized with the Yoast SEO plugin v27.4 - https:\/\/yoast.com\/product\/yoast-seo-wordpress\/ -->\n<title>Pendientes \u00d3valo Gea -<\/title>\n<meta name=\"description\" content=\"Pendientes \u00d3valo Gea con dise\u00f1o ovalado en blanco perla, verde perla y oro. Acabado con barniz y enganche de bola. Elegancia y ligereza artesanal.\" \/>\n<meta name=\"robots\" content=\"index, follow, max-snippet:-1, max-image-preview:large, max-video-preview:-1\" \/>\n<link rel=\"canonical\" href=\"https:\/\/cirsaart.com\/en\/product\/pendientes-ovalo-gea\/\" \/>\n<meta property=\"og:locale\" content=\"en_GB\" \/>\n<meta property=\"og:type\" content=\"article\" \/>\n<meta property=\"og:title\" content=\"Pendientes \u00d3valo Gea -\" \/>\n<meta property=\"og:description\" content=\"Pendientes \u00d3valo Gea con dise\u00f1o ovalado en blanco perla, verde perla y oro. Acabado con barniz y enganche de bola. Elegancia y ligereza artesanal.\" \/>\n<meta property=\"og:url\" content=\"https:\/\/cirsaart.com\/en\/product\/pendientes-ovalo-gea\/\" \/>\n<meta property=\"article:modified_time\" content=\"2025-07-26T20:24:08+00:00\" \/>\n<meta property=\"og:image\" content=\"https:\/\/cirsaart.com\/wp-content\/uploads\/2025\/06\/DSC_1691-scaled.jpg\" \/>\n\t<meta property=\"og:image:width\" content=\"2560\" \/>\n\t<meta property=\"og:image:height\" content=\"1841\" \/>\n\t<meta property=\"og:image:type\" content=\"image\/jpeg\" \/>\n<meta name=\"twitter:card\" content=\"summary_large_image\" \/>\n<meta name=\"twitter:label1\" content=\"Estimated reading time\" \/>\n\t<meta name=\"twitter:data1\" content=\"1 minute\" \/>\n<script type=\"application\/ld+json\" class=\"yoast-schema-graph\">{\"@context\":\"https:\\\/\\\/schema.org\",\"@graph\":[{\"@type\":\"WebPage\",\"@id\":\"https:\\\/\\\/cirsaart.com\\\/product\\\/pendientes-ovalo-gea\\\/\",\"url\":\"https:\\\/\\\/cirsaart.com\\\/product\\\/pendientes-ovalo-gea\\\/\",\"name\":\"Pendientes \u00d3valo Gea -\",\"isPartOf\":{\"@id\":\"https:\\\/\\\/cirsaart.com\\\/#website\"},\"primaryImageOfPage\":{\"@id\":\"https:\\\/\\\/cirsaart.com\\\/product\\\/pendientes-ovalo-gea\\\/#primaryimage\"},\"image\":{\"@id\":\"https:\\\/\\\/cirsaart.com\\\/product\\\/pendientes-ovalo-gea\\\/#primaryimage\"},\"thumbnailUrl\":\"https:\\\/\\\/cirsaart.com\\\/wp-content\\\/uploads\\\/2025\\\/06\\\/DSC_1691-scaled.jpg\",\"datePublished\":\"2025-06-17T16:59:49+00:00\",\"dateModified\":\"2025-07-26T20:24:08+00:00\",\"description\":\"Pendientes \u00d3valo Gea con dise\u00f1o ovalado en blanco perla, verde perla y oro. Acabado con barniz y enganche de bola. Elegancia y ligereza artesanal.\",\"breadcrumb\":{\"@id\":\"https:\\\/\\\/cirsaart.com\\\/product\\\/pendientes-ovalo-gea\\\/#breadcrumb\"},\"inLanguage\":\"en-GB\",\"potentialAction\":[{\"@type\":\"ReadAction\",\"target\":[\"https:\\\/\\\/cirsaart.com\\\/product\\\/pendientes-ovalo-gea\\\/\"]}]},{\"@type\":\"ImageObject\",\"inLanguage\":\"en-GB\",\"@id\":\"https:\\\/\\\/cirsaart.com\\\/product\\\/pendientes-ovalo-gea\\\/#primaryimage\",\"url\":\"https:\\\/\\\/cirsaart.com\\\/wp-content\\\/uploads\\\/2025\\\/06\\\/DSC_1691-scaled.jpg\",\"contentUrl\":\"https:\\\/\\\/cirsaart.com\\\/wp-content\\\/uploads\\\/2025\\\/06\\\/DSC_1691-scaled.jpg\",\"width\":2560,\"height\":1841,\"caption\":\"Pendientes \u00f3valo gea\"},{\"@type\":\"BreadcrumbList\",\"@id\":\"https:\\\/\\\/cirsaart.com\\\/product\\\/pendientes-ovalo-gea\\\/#breadcrumb\",\"itemListElement\":[{\"@type\":\"ListItem\",\"position\":1,\"name\":\"Home\",\"item\":\"https:\\\/\\\/cirsaart.com\\\/\"},{\"@type\":\"ListItem\",\"position\":2,\"name\":\"Tienda Cirsa Art\",\"item\":\"https:\\\/\\\/cirsaart.com\\\/tienda-cirsa-art\\\/\"},{\"@type\":\"ListItem\",\"position\":3,\"name\":\"Pendientes \u00d3valo Gea\"}]},{\"@type\":\"WebSite\",\"@id\":\"https:\\\/\\\/cirsaart.com\\\/#website\",\"url\":\"https:\\\/\\\/cirsaart.com\\\/\",\"name\":\"Cirsa Art\",\"description\":\"Bisuter\u00eda artesanal hecha a mano con arcilla polim\u00e9rica. Dise\u00f1os \u00fanicos creados para destacar tu esencia\",\"publisher\":{\"@id\":\"https:\\\/\\\/cirsaart.com\\\/#organization\"},\"alternateName\":\"Cirsa Art, Bisuter\u00eda Artesanal \u00danica\",\"potentialAction\":[{\"@type\":\"SearchAction\",\"target\":{\"@type\":\"EntryPoint\",\"urlTemplate\":\"https:\\\/\\\/cirsaart.com\\\/?s={search_term_string}\"},\"query-input\":{\"@type\":\"PropertyValueSpecification\",\"valueRequired\":true,\"valueName\":\"search_term_string\"}}],\"inLanguage\":\"en-GB\"},{\"@type\":\"Organization\",\"@id\":\"https:\\\/\\\/cirsaart.com\\\/#organization\",\"name\":\"Cirsa Art\",\"alternateName\":\"Cirsa Art, Bisuter\u00eda Artesanal \u00danica\",\"url\":\"https:\\\/\\\/cirsaart.com\\\/\",\"logo\":{\"@type\":\"ImageObject\",\"inLanguage\":\"en-GB\",\"@id\":\"https:\\\/\\\/cirsaart.com\\\/#\\\/schema\\\/logo\\\/image\\\/\",\"url\":\"https:\\\/\\\/cirsaart.com\\\/wp-content\\\/uploads\\\/2025\\\/06\\\/cropped-CIRSA-ART-LOGO-1_page-0001-1.jpg\",\"contentUrl\":\"https:\\\/\\\/cirsaart.com\\\/wp-content\\\/uploads\\\/2025\\\/06\\\/cropped-CIRSA-ART-LOGO-1_page-0001-1.jpg\",\"width\":240,\"height\":243,\"caption\":\"Cirsa Art\"},\"image\":{\"@id\":\"https:\\\/\\\/cirsaart.com\\\/#\\\/schema\\\/logo\\\/image\\\/\"}}]}<\/script>\n<!-- \/ Yoast SEO plugin. -->","yoast_head_json":{"title":"Pendientes \u00d3valo Gea -","description":"Pendientes \u00d3valo Gea con dise\u00f1o ovalado en blanco perla, verde perla y oro. Acabado con barniz y enganche de bola. Elegancia y ligereza artesanal.","robots":{"index":"index","follow":"follow","max-snippet":"max-snippet:-1","max-image-preview":"max-image-preview:large","max-video-preview":"max-video-preview:-1"},"canonical":"https:\/\/cirsaart.com\/en\/product\/pendientes-ovalo-gea\/","og_locale":"en_GB","og_type":"article","og_title":"Pendientes \u00d3valo Gea -","og_description":"Pendientes \u00d3valo Gea con dise\u00f1o ovalado en blanco perla, verde perla y oro. Acabado con barniz y enganche de bola. Elegancia y ligereza artesanal.","og_url":"https:\/\/cirsaart.com\/en\/product\/pendientes-ovalo-gea\/","article_modified_time":"2025-07-26T20:24:08+00:00","og_image":[{"width":2560,"height":1841,"url":"https:\/\/cirsaart.com\/wp-content\/uploads\/2025\/06\/DSC_1691-scaled.jpg","type":"image\/jpeg"}],"twitter_card":"summary_large_image","twitter_misc":{"Estimated reading time":"1 minute"},"schema":{"@context":"https:\/\/schema.org","@graph":[{"@type":"WebPage","@id":"https:\/\/cirsaart.com\/product\/pendientes-ovalo-gea\/","url":"https:\/\/cirsaart.com\/product\/pendientes-ovalo-gea\/","name":"Pendientes \u00d3valo Gea -","isPartOf":{"@id":"https:\/\/cirsaart.com\/#website"},"primaryImageOfPage":{"@id":"https:\/\/cirsaart.com\/product\/pendientes-ovalo-gea\/#primaryimage"},"image":{"@id":"https:\/\/cirsaart.com\/product\/pendientes-ovalo-gea\/#primaryimage"},"thumbnailUrl":"https:\/\/cirsaart.com\/wp-content\/uploads\/2025\/06\/DSC_1691-scaled.jpg","datePublished":"2025-06-17T16:59:49+00:00","dateModified":"2025-07-26T20:24:08+00:00","description":"Pendientes \u00d3valo Gea con dise\u00f1o ovalado en blanco perla, verde perla y oro. Acabado con barniz y enganche de bola. Elegancia y ligereza artesanal.","breadcrumb":{"@id":"https:\/\/cirsaart.com\/product\/pendientes-ovalo-gea\/#breadcrumb"},"inLanguage":"en-GB","potentialAction":[{"@type":"ReadAction","target":["https:\/\/cirsaart.com\/product\/pendientes-ovalo-gea\/"]}]},{"@type":"ImageObject","inLanguage":"en-GB","@id":"https:\/\/cirsaart.com\/product\/pendientes-ovalo-gea\/#primaryimage","url":"https:\/\/cirsaart.com\/wp-content\/uploads\/2025\/06\/DSC_1691-scaled.jpg","contentUrl":"https:\/\/cirsaart.com\/wp-content\/uploads\/2025\/06\/DSC_1691-scaled.jpg","width":2560,"height":1841,"caption":"Pendientes \u00f3valo gea"},{"@type":"BreadcrumbList","@id":"https:\/\/cirsaart.com\/product\/pendientes-ovalo-gea\/#breadcrumb","itemListElement":[{"@type":"ListItem","position":1,"name":"Home","item":"https:\/\/cirsaart.com\/"},{"@type":"ListItem","position":2,"name":"Tienda Cirsa Art","item":"https:\/\/cirsaart.com\/tienda-cirsa-art\/"},{"@type":"ListItem","position":3,"name":"Pendientes \u00d3valo Gea"}]},{"@type":"WebSite","@id":"https:\/\/cirsaart.com\/#website","url":"https:\/\/cirsaart.com\/","name":"Cirsa Art","description":"Bisuter\u00eda artesanal hecha a mano con arcilla polim\u00e9rica. Dise\u00f1os \u00fanicos creados para destacar tu esencia","publisher":{"@id":"https:\/\/cirsaart.com\/#organization"},"alternateName":"Cirsa Art, Bisuter\u00eda Artesanal \u00danica","potentialAction":[{"@type":"SearchAction","target":{"@type":"EntryPoint","urlTemplate":"https:\/\/cirsaart.com\/?s={search_term_string}"},"query-input":{"@type":"PropertyValueSpecification","valueRequired":true,"valueName":"search_term_string"}}],"inLanguage":"en-GB"},{"@type":"Organization","@id":"https:\/\/cirsaart.com\/#organization","name":"Cirsa Art","alternateName":"Cirsa Art, Bisuter\u00eda Artesanal \u00danica","url":"https:\/\/cirsaart.com\/","logo":{"@type":"ImageObject","inLanguage":"en-GB","@id":"https:\/\/cirsaart.com\/#\/schema\/logo\/image\/","url":"https:\/\/cirsaart.com\/wp-content\/uploads\/2025\/06\/cropped-CIRSA-ART-LOGO-1_page-0001-1.jpg","contentUrl":"https:\/\/cirsaart.com\/wp-content\/uploads\/2025\/06\/cropped-CIRSA-ART-LOGO-1_page-0001-1.jpg","width":240,"height":243,"caption":"Cirsa Art"},"image":{"@id":"https:\/\/cirsaart.com\/#\/schema\/logo\/image\/"}}]}},"_links":{"self":[{"href":"https:\/\/cirsaart.com\/en\/wp-json\/wp\/v2\/product\/483","targetHints":{"allow":["GET"]}}],"collection":[{"href":"https:\/\/cirsaart.com\/en\/wp-json\/wp\/v2\/product"}],"about":[{"href":"https:\/\/cirsaart.com\/en\/wp-json\/wp\/v2\/types\/product"}],"version-history":[{"count":6,"href":"https:\/\/cirsaart.com\/en\/wp-json\/wp\/v2\/product\/483\/revisions"}],"predecessor-version":[{"id":1629,"href":"https:\/\/cirsaart.com\/en\/wp-json\/wp\/v2\/product\/483\/revisions\/1629"}],"wp:featuredmedia":[{"embeddable":true,"href":"https:\/\/cirsaart.com\/en\/wp-json\/wp\/v2\/media\/484"}],"wp:attachment":[{"href":"https:\/\/cirsaart.com\/en\/wp-json\/wp\/v2\/media?parent=483"}],"wp:term":[{"taxonomy":"product_brand","embeddable":true,"href":"https:\/\/cirsaart.com\/en\/wp-json\/wp\/v2\/product_brand?post=483"},{"taxonomy":"product_cat","embeddable":true,"href":"https:\/\/cirsaart.com\/en\/wp-json\/wp\/v2\/product_cat?post=483"},{"taxonomy":"product_tag","embeddable":true,"href":"https:\/\/cirsaart.com\/en\/wp-json\/wp\/v2\/product_tag?post=483"}],"curies":[{"name":"wp","href":"https:\/\/api.w.org\/{rel}","templated":true}]}}