{"id":488,"date":"2025-06-17T17:07:17","date_gmt":"2025-06-17T17:07:17","guid":{"rendered":"https:\/\/cirsaart.com\/?post_type=product&#038;p=488"},"modified":"2025-07-26T20:25:26","modified_gmt":"2025-07-26T20:25:26","slug":"colgante-ovalo-gea","status":"publish","type":"product","link":"https:\/\/cirsaart.com\/en\/product\/colgante-ovalo-gea\/","title":{"rendered":"Colgante \u00d3valo Gea"},"content":{"rendered":"<p data-start=\"207\" data-end=\"566\">El Colgante \u00d3valo Gea combina la delicadeza de los colores minerales con un dise\u00f1o arm\u00f3nico y elegante. La pieza presenta un degradado que comienza con blanco perla en la parte central, seguido por un verde perla y un contorno en oro que enmarca el \u00f3valo como si fuera el coraz\u00f3n de una geoda.<\/p>\n<p data-start=\"568\" data-end=\"836\">El acabado brillante se logra gracias a un barniz protector que realza los colores y aporta un tacto suave y sedoso. Como todas las piezas en Cirsa Art, ha sido lijado y pulido a mano con esmero para conseguir una superficie impecable y profesional.<\/p>\n<p data-start=\"838\" data-end=\"1069\">El colgante se presenta sobre un collar antienredos, pr\u00e1ctico y c\u00f3modo para el d\u00eda a d\u00eda, que garantiza resistencia y durabilidad.<\/p>\n<p data-start=\"1071\" data-end=\"1232\">Una joya artesanal que invita a conectar con la belleza natural y los matices de la tierra. Ideal para quienes buscan un dise\u00f1o lleno de personalidad.<\/p>\n<p data-start=\"1234\" data-end=\"1512\">\u2713 Dise\u00f1o ovalado con efecto geoda<br data-start=\"1267\" data-end=\"1270\" \/>\u2713 Blanco perla, verde perla y oro<br data-start=\"1318\" data-end=\"1321\" \/>\u2713 Lijado y pulido a mano para acabado profesional<br data-start=\"1370\" data-end=\"1373\" \/>\u2713 Barniz brillante para proteger y embellecer<br data-start=\"1418\" data-end=\"1421\" \/>\u2713 Collar antienredos para comodidad diaria<\/p>\n<p data-start=\"1514\" data-end=\"1798\">Si te gusta el Colgante \u00d3valo Gea, descubre el conjunto completo <a href=\"https:\/\/cirsaart.com\/en\/product\/conjunto-de-pendientes-y-colgante-ovalados\/?v=151bb1da0f86\">aqu\u00ed<\/a>.<br data-start=\"1612\" data-end=\"1615\" \/><br data-start=\"1707\" data-end=\"1710\" \/>Conoce el proceso creativo y nuevos lanzamientos: <a href=\"https:\/\/www.instagram.com\/cirsa.art\/\">@cirsa.art<\/a><\/p>","protected":false},"excerpt":{"rendered":"<p>Colgante ovalado inspirado en geoda. Blanco perla, verde perla y oro. Collar antienredos. Ideal para realzar cualquier look con un toque de naturaleza y elegancia.<\/p>","protected":false},"featured_media":465,"template":"","meta":[],"product_brand":[],"product_cat":[28],"product_tag":[],"class_list":{"0":"post-488","1":"product","2":"type-product","3":"status-publish","4":"has-post-thumbnail","6":"product_cat-mineralia-pendientes-y-joyas-inspiradas-en-minerales-naturales","8":"first","9":"instock","10":"taxable","11":"shipping-taxable","12":"purchasable","13":"product-type-simple"},"yoast_head":"<!-- This site is optimized with the Yoast SEO plugin v27.4 - https:\/\/yoast.com\/product\/yoast-seo-wordpress\/ -->\n<title>Colgante \u00d3valo Gea -<\/title>\n<meta name=\"description\" content=\"Colgante \u00d3valo Gea con dise\u00f1o ovalado en blanco perla, verde perla y oro. Acabado brillante. Collar antienredos incluido.\" \/>\n<meta name=\"robots\" content=\"index, follow, max-snippet:-1, max-image-preview:large, max-video-preview:-1\" \/>\n<link rel=\"canonical\" href=\"https:\/\/cirsaart.com\/en\/product\/colgante-ovalo-gea\/\" \/>\n<meta property=\"og:locale\" content=\"en_GB\" \/>\n<meta property=\"og:type\" content=\"article\" \/>\n<meta property=\"og:title\" content=\"Colgante \u00d3valo Gea -\" \/>\n<meta property=\"og:description\" content=\"Colgante \u00d3valo Gea con dise\u00f1o ovalado en blanco perla, verde perla y oro. Acabado brillante. Collar antienredos incluido.\" \/>\n<meta property=\"og:url\" content=\"https:\/\/cirsaart.com\/en\/product\/colgante-ovalo-gea\/\" \/>\n<meta property=\"article:modified_time\" content=\"2025-07-26T20:25:26+00:00\" \/>\n<meta property=\"og:image\" content=\"https:\/\/cirsaart.com\/wp-content\/uploads\/2025\/06\/ovalo-2-scaled.jpg\" \/>\n\t<meta property=\"og:image:width\" content=\"2560\" \/>\n\t<meta property=\"og:image:height\" content=\"1707\" \/>\n\t<meta property=\"og:image:type\" content=\"image\/jpeg\" \/>\n<meta name=\"twitter:card\" content=\"summary_large_image\" \/>\n<meta name=\"twitter:label1\" content=\"Estimated reading time\" \/>\n\t<meta name=\"twitter:data1\" content=\"2 minutes\" \/>\n<script type=\"application\/ld+json\" class=\"yoast-schema-graph\">{\"@context\":\"https:\\\/\\\/schema.org\",\"@graph\":[{\"@type\":\"WebPage\",\"@id\":\"https:\\\/\\\/cirsaart.com\\\/product\\\/colgante-ovalo-gea\\\/\",\"url\":\"https:\\\/\\\/cirsaart.com\\\/product\\\/colgante-ovalo-gea\\\/\",\"name\":\"Colgante \u00d3valo Gea -\",\"isPartOf\":{\"@id\":\"https:\\\/\\\/cirsaart.com\\\/#website\"},\"primaryImageOfPage\":{\"@id\":\"https:\\\/\\\/cirsaart.com\\\/product\\\/colgante-ovalo-gea\\\/#primaryimage\"},\"image\":{\"@id\":\"https:\\\/\\\/cirsaart.com\\\/product\\\/colgante-ovalo-gea\\\/#primaryimage\"},\"thumbnailUrl\":\"https:\\\/\\\/cirsaart.com\\\/wp-content\\\/uploads\\\/2025\\\/06\\\/ovalo-2-scaled.jpg\",\"datePublished\":\"2025-06-17T17:07:17+00:00\",\"dateModified\":\"2025-07-26T20:25:26+00:00\",\"description\":\"Colgante \u00d3valo Gea con dise\u00f1o ovalado en blanco perla, verde perla y oro. Acabado brillante. Collar antienredos incluido.\",\"breadcrumb\":{\"@id\":\"https:\\\/\\\/cirsaart.com\\\/product\\\/colgante-ovalo-gea\\\/#breadcrumb\"},\"inLanguage\":\"en-GB\",\"potentialAction\":[{\"@type\":\"ReadAction\",\"target\":[\"https:\\\/\\\/cirsaart.com\\\/product\\\/colgante-ovalo-gea\\\/\"]}]},{\"@type\":\"ImageObject\",\"inLanguage\":\"en-GB\",\"@id\":\"https:\\\/\\\/cirsaart.com\\\/product\\\/colgante-ovalo-gea\\\/#primaryimage\",\"url\":\"https:\\\/\\\/cirsaart.com\\\/wp-content\\\/uploads\\\/2025\\\/06\\\/ovalo-2-scaled.jpg\",\"contentUrl\":\"https:\\\/\\\/cirsaart.com\\\/wp-content\\\/uploads\\\/2025\\\/06\\\/ovalo-2-scaled.jpg\",\"width\":2560,\"height\":1707,\"caption\":\"Colgante \u00f3valo gea\"},{\"@type\":\"BreadcrumbList\",\"@id\":\"https:\\\/\\\/cirsaart.com\\\/product\\\/colgante-ovalo-gea\\\/#breadcrumb\",\"itemListElement\":[{\"@type\":\"ListItem\",\"position\":1,\"name\":\"Home\",\"item\":\"https:\\\/\\\/cirsaart.com\\\/\"},{\"@type\":\"ListItem\",\"position\":2,\"name\":\"Tienda Cirsa Art\",\"item\":\"https:\\\/\\\/cirsaart.com\\\/tienda-cirsa-art\\\/\"},{\"@type\":\"ListItem\",\"position\":3,\"name\":\"Colgante \u00d3valo Gea\"}]},{\"@type\":\"WebSite\",\"@id\":\"https:\\\/\\\/cirsaart.com\\\/#website\",\"url\":\"https:\\\/\\\/cirsaart.com\\\/\",\"name\":\"Cirsa Art\",\"description\":\"Bisuter\u00eda artesanal hecha a mano con arcilla polim\u00e9rica. Dise\u00f1os \u00fanicos creados para destacar tu esencia\",\"publisher\":{\"@id\":\"https:\\\/\\\/cirsaart.com\\\/#organization\"},\"alternateName\":\"Cirsa Art, Bisuter\u00eda Artesanal \u00danica\",\"potentialAction\":[{\"@type\":\"SearchAction\",\"target\":{\"@type\":\"EntryPoint\",\"urlTemplate\":\"https:\\\/\\\/cirsaart.com\\\/?s={search_term_string}\"},\"query-input\":{\"@type\":\"PropertyValueSpecification\",\"valueRequired\":true,\"valueName\":\"search_term_string\"}}],\"inLanguage\":\"en-GB\"},{\"@type\":\"Organization\",\"@id\":\"https:\\\/\\\/cirsaart.com\\\/#organization\",\"name\":\"Cirsa Art\",\"alternateName\":\"Cirsa Art, Bisuter\u00eda Artesanal \u00danica\",\"url\":\"https:\\\/\\\/cirsaart.com\\\/\",\"logo\":{\"@type\":\"ImageObject\",\"inLanguage\":\"en-GB\",\"@id\":\"https:\\\/\\\/cirsaart.com\\\/#\\\/schema\\\/logo\\\/image\\\/\",\"url\":\"https:\\\/\\\/cirsaart.com\\\/wp-content\\\/uploads\\\/2025\\\/06\\\/cropped-CIRSA-ART-LOGO-1_page-0001-1.jpg\",\"contentUrl\":\"https:\\\/\\\/cirsaart.com\\\/wp-content\\\/uploads\\\/2025\\\/06\\\/cropped-CIRSA-ART-LOGO-1_page-0001-1.jpg\",\"width\":240,\"height\":243,\"caption\":\"Cirsa Art\"},\"image\":{\"@id\":\"https:\\\/\\\/cirsaart.com\\\/#\\\/schema\\\/logo\\\/image\\\/\"}}]}<\/script>\n<!-- \/ Yoast SEO plugin. -->","yoast_head_json":{"title":"Colgante \u00d3valo Gea -","description":"Colgante \u00d3valo Gea con dise\u00f1o ovalado en blanco perla, verde perla y oro. Acabado brillante. Collar antienredos incluido.","robots":{"index":"index","follow":"follow","max-snippet":"max-snippet:-1","max-image-preview":"max-image-preview:large","max-video-preview":"max-video-preview:-1"},"canonical":"https:\/\/cirsaart.com\/en\/product\/colgante-ovalo-gea\/","og_locale":"en_GB","og_type":"article","og_title":"Colgante \u00d3valo Gea -","og_description":"Colgante \u00d3valo Gea con dise\u00f1o ovalado en blanco perla, verde perla y oro. Acabado brillante. Collar antienredos incluido.","og_url":"https:\/\/cirsaart.com\/en\/product\/colgante-ovalo-gea\/","article_modified_time":"2025-07-26T20:25:26+00:00","og_image":[{"width":2560,"height":1707,"url":"https:\/\/cirsaart.com\/wp-content\/uploads\/2025\/06\/ovalo-2-scaled.jpg","type":"image\/jpeg"}],"twitter_card":"summary_large_image","twitter_misc":{"Estimated reading time":"2 minutes"},"schema":{"@context":"https:\/\/schema.org","@graph":[{"@type":"WebPage","@id":"https:\/\/cirsaart.com\/product\/colgante-ovalo-gea\/","url":"https:\/\/cirsaart.com\/product\/colgante-ovalo-gea\/","name":"Colgante \u00d3valo Gea -","isPartOf":{"@id":"https:\/\/cirsaart.com\/#website"},"primaryImageOfPage":{"@id":"https:\/\/cirsaart.com\/product\/colgante-ovalo-gea\/#primaryimage"},"image":{"@id":"https:\/\/cirsaart.com\/product\/colgante-ovalo-gea\/#primaryimage"},"thumbnailUrl":"https:\/\/cirsaart.com\/wp-content\/uploads\/2025\/06\/ovalo-2-scaled.jpg","datePublished":"2025-06-17T17:07:17+00:00","dateModified":"2025-07-26T20:25:26+00:00","description":"Colgante \u00d3valo Gea con dise\u00f1o ovalado en blanco perla, verde perla y oro. Acabado brillante. Collar antienredos incluido.","breadcrumb":{"@id":"https:\/\/cirsaart.com\/product\/colgante-ovalo-gea\/#breadcrumb"},"inLanguage":"en-GB","potentialAction":[{"@type":"ReadAction","target":["https:\/\/cirsaart.com\/product\/colgante-ovalo-gea\/"]}]},{"@type":"ImageObject","inLanguage":"en-GB","@id":"https:\/\/cirsaart.com\/product\/colgante-ovalo-gea\/#primaryimage","url":"https:\/\/cirsaart.com\/wp-content\/uploads\/2025\/06\/ovalo-2-scaled.jpg","contentUrl":"https:\/\/cirsaart.com\/wp-content\/uploads\/2025\/06\/ovalo-2-scaled.jpg","width":2560,"height":1707,"caption":"Colgante \u00f3valo gea"},{"@type":"BreadcrumbList","@id":"https:\/\/cirsaart.com\/product\/colgante-ovalo-gea\/#breadcrumb","itemListElement":[{"@type":"ListItem","position":1,"name":"Home","item":"https:\/\/cirsaart.com\/"},{"@type":"ListItem","position":2,"name":"Tienda Cirsa Art","item":"https:\/\/cirsaart.com\/tienda-cirsa-art\/"},{"@type":"ListItem","position":3,"name":"Colgante \u00d3valo Gea"}]},{"@type":"WebSite","@id":"https:\/\/cirsaart.com\/#website","url":"https:\/\/cirsaart.com\/","name":"Cirsa Art","description":"Bisuter\u00eda artesanal hecha a mano con arcilla polim\u00e9rica. Dise\u00f1os \u00fanicos creados para destacar tu esencia","publisher":{"@id":"https:\/\/cirsaart.com\/#organization"},"alternateName":"Cirsa Art, Bisuter\u00eda Artesanal \u00danica","potentialAction":[{"@type":"SearchAction","target":{"@type":"EntryPoint","urlTemplate":"https:\/\/cirsaart.com\/?s={search_term_string}"},"query-input":{"@type":"PropertyValueSpecification","valueRequired":true,"valueName":"search_term_string"}}],"inLanguage":"en-GB"},{"@type":"Organization","@id":"https:\/\/cirsaart.com\/#organization","name":"Cirsa Art","alternateName":"Cirsa Art, Bisuter\u00eda Artesanal \u00danica","url":"https:\/\/cirsaart.com\/","logo":{"@type":"ImageObject","inLanguage":"en-GB","@id":"https:\/\/cirsaart.com\/#\/schema\/logo\/image\/","url":"https:\/\/cirsaart.com\/wp-content\/uploads\/2025\/06\/cropped-CIRSA-ART-LOGO-1_page-0001-1.jpg","contentUrl":"https:\/\/cirsaart.com\/wp-content\/uploads\/2025\/06\/cropped-CIRSA-ART-LOGO-1_page-0001-1.jpg","width":240,"height":243,"caption":"Cirsa Art"},"image":{"@id":"https:\/\/cirsaart.com\/#\/schema\/logo\/image\/"}}]}},"_links":{"self":[{"href":"https:\/\/cirsaart.com\/en\/wp-json\/wp\/v2\/product\/488","targetHints":{"allow":["GET"]}}],"collection":[{"href":"https:\/\/cirsaart.com\/en\/wp-json\/wp\/v2\/product"}],"about":[{"href":"https:\/\/cirsaart.com\/en\/wp-json\/wp\/v2\/types\/product"}],"version-history":[{"count":3,"href":"https:\/\/cirsaart.com\/en\/wp-json\/wp\/v2\/product\/488\/revisions"}],"predecessor-version":[{"id":1146,"href":"https:\/\/cirsaart.com\/en\/wp-json\/wp\/v2\/product\/488\/revisions\/1146"}],"wp:featuredmedia":[{"embeddable":true,"href":"https:\/\/cirsaart.com\/en\/wp-json\/wp\/v2\/media\/465"}],"wp:attachment":[{"href":"https:\/\/cirsaart.com\/en\/wp-json\/wp\/v2\/media?parent=488"}],"wp:term":[{"taxonomy":"product_brand","embeddable":true,"href":"https:\/\/cirsaart.com\/en\/wp-json\/wp\/v2\/product_brand?post=488"},{"taxonomy":"product_cat","embeddable":true,"href":"https:\/\/cirsaart.com\/en\/wp-json\/wp\/v2\/product_cat?post=488"},{"taxonomy":"product_tag","embeddable":true,"href":"https:\/\/cirsaart.com\/en\/wp-json\/wp\/v2\/product_tag?post=488"}],"curies":[{"name":"wp","href":"https:\/\/api.w.org\/{rel}","templated":true}]}}