{"id":609,"date":"2025-06-24T17:58:45","date_gmt":"2025-06-24T17:58:45","guid":{"rendered":"https:\/\/cirsaart.com\/?post_type=product&#038;p=609"},"modified":"2025-07-26T20:21:28","modified_gmt":"2025-07-26T20:21:28","slug":"pendientes-gota-especial-marmol","status":"publish","type":"product","link":"https:\/\/cirsaart.com\/en\/product\/pendientes-gota-especial-marmol\/","title":{"rendered":"Pendientes Gota Especial M\u00e1rmol"},"content":{"rendered":"<p data-start=\"139\" data-end=\"437\">Los Pendientes Gota Especial M\u00e1rmol con dise\u00f1o en forma de gota. El enganche es una peque\u00f1a gota colocada mirando hacia abajo, unida a un poste de acero inoxidable.<\/p>\n<p data-start=\"755\" data-end=\"1068\">\u2713 Hechos a mano con arcilla polim\u00e9rica<br data-start=\"814\" data-end=\"817\" \/>\u2713 Dise\u00f1o en forma de gota con abertura interior<br data-start=\"884\" data-end=\"887\" \/>\u2713 Lijados y barnizados<br data-start=\"950\" data-end=\"953\" \/>\u2713 Enganche tipo poste de acero inoxidable<br data-start=\"1011\" data-end=\"1014\" \/>\u2713 Ligeros y perfectos para cualquier momento del d\u00eda<\/p>\n<p data-start=\"1070\" data-end=\"1405\">Si te gustan los Pendientes Gota Especial M\u00e1rmol descubre m\u00e1s aqu\u00ed: <a class=\"\" href=\"https:\/\/cirsaart.com\/en\/product-category\/mineralia-pendientes-y-joyas-inspiradas-en-minerales-naturales\/?v=151bb1da0f86\" target=\"_new\" rel=\"noopener\" data-start=\"1138\" data-end=\"1270\">Ver colecci\u00f3n<\/a><br data-start=\"1270\" data-end=\"1273\" \/>Descubre nuevas novedades y el proceso creativo: <a class=\"\" href=\"https:\/\/www.instagram.com\/cirsaart\" target=\"_new\" rel=\"noopener\" data-start=\"1358\" data-end=\"1405\">@cirsaart<\/a><\/p>","protected":false},"excerpt":{"rendered":"<p>Dise\u00f1o de gota efecto m\u00e1rmol blanco con abertura interior y enganche tipo poste de acero inoxidable. Ligeros, originales y perfectos para cualquier ocasi\u00f3n.<\/p>","protected":false},"featured_media":610,"template":"","meta":[],"product_brand":[],"product_cat":[28],"product_tag":[],"class_list":{"0":"post-609","1":"product","2":"type-product","3":"status-publish","4":"has-post-thumbnail","6":"product_cat-mineralia-pendientes-y-joyas-inspiradas-en-minerales-naturales","8":"first","9":"instock","10":"taxable","11":"shipping-taxable","12":"purchasable","13":"product-type-simple"},"yoast_head":"<!-- This site is optimized with the Yoast SEO plugin v27.4 - https:\/\/yoast.com\/product\/yoast-seo-wordpress\/ -->\n<title>Pendientes Gota Especial M\u00e1rmol -<\/title>\n<meta name=\"description\" content=\"Pendientes Gota Especial M\u00e1rmol hechos a mano en arcilla polim\u00e9rica efecto m\u00e1rmol blanco, con enganche tipo poste de acero inoxidable.\" \/>\n<meta name=\"robots\" content=\"index, follow, max-snippet:-1, max-image-preview:large, max-video-preview:-1\" \/>\n<link rel=\"canonical\" href=\"https:\/\/cirsaart.com\/en\/product\/pendientes-gota-especial-marmol\/\" \/>\n<meta property=\"og:locale\" content=\"en_GB\" \/>\n<meta property=\"og:type\" content=\"article\" \/>\n<meta property=\"og:title\" content=\"Pendientes Gota Especial M\u00e1rmol -\" \/>\n<meta property=\"og:description\" content=\"Pendientes Gota Especial M\u00e1rmol hechos a mano en arcilla polim\u00e9rica efecto m\u00e1rmol blanco, con enganche tipo poste de acero inoxidable.\" \/>\n<meta property=\"og:url\" content=\"https:\/\/cirsaart.com\/en\/product\/pendientes-gota-especial-marmol\/\" \/>\n<meta property=\"article:modified_time\" content=\"2025-07-26T20:21:28+00:00\" \/>\n<meta property=\"og:image\" content=\"https:\/\/cirsaart.com\/wp-content\/uploads\/2025\/06\/DSC_1786-1-scaled.jpg\" \/>\n\t<meta property=\"og:image:width\" content=\"2560\" \/>\n\t<meta property=\"og:image:height\" content=\"2167\" \/>\n\t<meta property=\"og:image:type\" content=\"image\/jpeg\" \/>\n<meta name=\"twitter:card\" content=\"summary_large_image\" \/>\n<meta name=\"twitter:label1\" content=\"Estimated reading time\" \/>\n\t<meta name=\"twitter:data1\" content=\"1 minute\" \/>\n<script type=\"application\/ld+json\" class=\"yoast-schema-graph\">{\"@context\":\"https:\\\/\\\/schema.org\",\"@graph\":[{\"@type\":\"WebPage\",\"@id\":\"https:\\\/\\\/cirsaart.com\\\/product\\\/pendientes-gota-especial-marmol\\\/\",\"url\":\"https:\\\/\\\/cirsaart.com\\\/product\\\/pendientes-gota-especial-marmol\\\/\",\"name\":\"Pendientes Gota Especial M\u00e1rmol -\",\"isPartOf\":{\"@id\":\"https:\\\/\\\/cirsaart.com\\\/#website\"},\"primaryImageOfPage\":{\"@id\":\"https:\\\/\\\/cirsaart.com\\\/product\\\/pendientes-gota-especial-marmol\\\/#primaryimage\"},\"image\":{\"@id\":\"https:\\\/\\\/cirsaart.com\\\/product\\\/pendientes-gota-especial-marmol\\\/#primaryimage\"},\"thumbnailUrl\":\"https:\\\/\\\/cirsaart.com\\\/wp-content\\\/uploads\\\/2025\\\/06\\\/DSC_1786-1-scaled.jpg\",\"datePublished\":\"2025-06-24T17:58:45+00:00\",\"dateModified\":\"2025-07-26T20:21:28+00:00\",\"description\":\"Pendientes Gota Especial M\u00e1rmol hechos a mano en arcilla polim\u00e9rica efecto m\u00e1rmol blanco, con enganche tipo poste de acero inoxidable.\",\"breadcrumb\":{\"@id\":\"https:\\\/\\\/cirsaart.com\\\/product\\\/pendientes-gota-especial-marmol\\\/#breadcrumb\"},\"inLanguage\":\"en-GB\",\"potentialAction\":[{\"@type\":\"ReadAction\",\"target\":[\"https:\\\/\\\/cirsaart.com\\\/product\\\/pendientes-gota-especial-marmol\\\/\"]}]},{\"@type\":\"ImageObject\",\"inLanguage\":\"en-GB\",\"@id\":\"https:\\\/\\\/cirsaart.com\\\/product\\\/pendientes-gota-especial-marmol\\\/#primaryimage\",\"url\":\"https:\\\/\\\/cirsaart.com\\\/wp-content\\\/uploads\\\/2025\\\/06\\\/DSC_1786-1-scaled.jpg\",\"contentUrl\":\"https:\\\/\\\/cirsaart.com\\\/wp-content\\\/uploads\\\/2025\\\/06\\\/DSC_1786-1-scaled.jpg\",\"width\":2560,\"height\":2167,\"caption\":\"Pendientes Gota Especial M\u00e1rmol\"},{\"@type\":\"BreadcrumbList\",\"@id\":\"https:\\\/\\\/cirsaart.com\\\/product\\\/pendientes-gota-especial-marmol\\\/#breadcrumb\",\"itemListElement\":[{\"@type\":\"ListItem\",\"position\":1,\"name\":\"Home\",\"item\":\"https:\\\/\\\/cirsaart.com\\\/\"},{\"@type\":\"ListItem\",\"position\":2,\"name\":\"Tienda Cirsa Art\",\"item\":\"https:\\\/\\\/cirsaart.com\\\/tienda-cirsa-art\\\/\"},{\"@type\":\"ListItem\",\"position\":3,\"name\":\"Pendientes Gota Especial M\u00e1rmol\"}]},{\"@type\":\"WebSite\",\"@id\":\"https:\\\/\\\/cirsaart.com\\\/#website\",\"url\":\"https:\\\/\\\/cirsaart.com\\\/\",\"name\":\"Cirsa Art\",\"description\":\"Bisuter\u00eda artesanal hecha a mano con arcilla polim\u00e9rica. Dise\u00f1os \u00fanicos creados para destacar tu esencia\",\"publisher\":{\"@id\":\"https:\\\/\\\/cirsaart.com\\\/#organization\"},\"alternateName\":\"Cirsa Art, Bisuter\u00eda Artesanal \u00danica\",\"potentialAction\":[{\"@type\":\"SearchAction\",\"target\":{\"@type\":\"EntryPoint\",\"urlTemplate\":\"https:\\\/\\\/cirsaart.com\\\/?s={search_term_string}\"},\"query-input\":{\"@type\":\"PropertyValueSpecification\",\"valueRequired\":true,\"valueName\":\"search_term_string\"}}],\"inLanguage\":\"en-GB\"},{\"@type\":\"Organization\",\"@id\":\"https:\\\/\\\/cirsaart.com\\\/#organization\",\"name\":\"Cirsa Art\",\"alternateName\":\"Cirsa Art, Bisuter\u00eda Artesanal \u00danica\",\"url\":\"https:\\\/\\\/cirsaart.com\\\/\",\"logo\":{\"@type\":\"ImageObject\",\"inLanguage\":\"en-GB\",\"@id\":\"https:\\\/\\\/cirsaart.com\\\/#\\\/schema\\\/logo\\\/image\\\/\",\"url\":\"https:\\\/\\\/cirsaart.com\\\/wp-content\\\/uploads\\\/2025\\\/06\\\/cropped-CIRSA-ART-LOGO-1_page-0001-1.jpg\",\"contentUrl\":\"https:\\\/\\\/cirsaart.com\\\/wp-content\\\/uploads\\\/2025\\\/06\\\/cropped-CIRSA-ART-LOGO-1_page-0001-1.jpg\",\"width\":240,\"height\":243,\"caption\":\"Cirsa Art\"},\"image\":{\"@id\":\"https:\\\/\\\/cirsaart.com\\\/#\\\/schema\\\/logo\\\/image\\\/\"}}]}<\/script>\n<!-- \/ Yoast SEO plugin. -->","yoast_head_json":{"title":"Pendientes Gota Especial M\u00e1rmol -","description":"Pendientes Gota Especial M\u00e1rmol hechos a mano en arcilla polim\u00e9rica efecto m\u00e1rmol blanco, con enganche tipo poste de acero inoxidable.","robots":{"index":"index","follow":"follow","max-snippet":"max-snippet:-1","max-image-preview":"max-image-preview:large","max-video-preview":"max-video-preview:-1"},"canonical":"https:\/\/cirsaart.com\/en\/product\/pendientes-gota-especial-marmol\/","og_locale":"en_GB","og_type":"article","og_title":"Pendientes Gota Especial M\u00e1rmol -","og_description":"Pendientes Gota Especial M\u00e1rmol hechos a mano en arcilla polim\u00e9rica efecto m\u00e1rmol blanco, con enganche tipo poste de acero inoxidable.","og_url":"https:\/\/cirsaart.com\/en\/product\/pendientes-gota-especial-marmol\/","article_modified_time":"2025-07-26T20:21:28+00:00","og_image":[{"width":2560,"height":2167,"url":"https:\/\/cirsaart.com\/wp-content\/uploads\/2025\/06\/DSC_1786-1-scaled.jpg","type":"image\/jpeg"}],"twitter_card":"summary_large_image","twitter_misc":{"Estimated reading time":"1 minute"},"schema":{"@context":"https:\/\/schema.org","@graph":[{"@type":"WebPage","@id":"https:\/\/cirsaart.com\/product\/pendientes-gota-especial-marmol\/","url":"https:\/\/cirsaart.com\/product\/pendientes-gota-especial-marmol\/","name":"Pendientes Gota Especial M\u00e1rmol -","isPartOf":{"@id":"https:\/\/cirsaart.com\/#website"},"primaryImageOfPage":{"@id":"https:\/\/cirsaart.com\/product\/pendientes-gota-especial-marmol\/#primaryimage"},"image":{"@id":"https:\/\/cirsaart.com\/product\/pendientes-gota-especial-marmol\/#primaryimage"},"thumbnailUrl":"https:\/\/cirsaart.com\/wp-content\/uploads\/2025\/06\/DSC_1786-1-scaled.jpg","datePublished":"2025-06-24T17:58:45+00:00","dateModified":"2025-07-26T20:21:28+00:00","description":"Pendientes Gota Especial M\u00e1rmol hechos a mano en arcilla polim\u00e9rica efecto m\u00e1rmol blanco, con enganche tipo poste de acero inoxidable.","breadcrumb":{"@id":"https:\/\/cirsaart.com\/product\/pendientes-gota-especial-marmol\/#breadcrumb"},"inLanguage":"en-GB","potentialAction":[{"@type":"ReadAction","target":["https:\/\/cirsaart.com\/product\/pendientes-gota-especial-marmol\/"]}]},{"@type":"ImageObject","inLanguage":"en-GB","@id":"https:\/\/cirsaart.com\/product\/pendientes-gota-especial-marmol\/#primaryimage","url":"https:\/\/cirsaart.com\/wp-content\/uploads\/2025\/06\/DSC_1786-1-scaled.jpg","contentUrl":"https:\/\/cirsaart.com\/wp-content\/uploads\/2025\/06\/DSC_1786-1-scaled.jpg","width":2560,"height":2167,"caption":"Pendientes Gota Especial M\u00e1rmol"},{"@type":"BreadcrumbList","@id":"https:\/\/cirsaart.com\/product\/pendientes-gota-especial-marmol\/#breadcrumb","itemListElement":[{"@type":"ListItem","position":1,"name":"Home","item":"https:\/\/cirsaart.com\/"},{"@type":"ListItem","position":2,"name":"Tienda Cirsa Art","item":"https:\/\/cirsaart.com\/tienda-cirsa-art\/"},{"@type":"ListItem","position":3,"name":"Pendientes Gota Especial M\u00e1rmol"}]},{"@type":"WebSite","@id":"https:\/\/cirsaart.com\/#website","url":"https:\/\/cirsaart.com\/","name":"Cirsa Art","description":"Bisuter\u00eda artesanal hecha a mano con arcilla polim\u00e9rica. Dise\u00f1os \u00fanicos creados para destacar tu esencia","publisher":{"@id":"https:\/\/cirsaart.com\/#organization"},"alternateName":"Cirsa Art, Bisuter\u00eda Artesanal \u00danica","potentialAction":[{"@type":"SearchAction","target":{"@type":"EntryPoint","urlTemplate":"https:\/\/cirsaart.com\/?s={search_term_string}"},"query-input":{"@type":"PropertyValueSpecification","valueRequired":true,"valueName":"search_term_string"}}],"inLanguage":"en-GB"},{"@type":"Organization","@id":"https:\/\/cirsaart.com\/#organization","name":"Cirsa Art","alternateName":"Cirsa Art, Bisuter\u00eda Artesanal \u00danica","url":"https:\/\/cirsaart.com\/","logo":{"@type":"ImageObject","inLanguage":"en-GB","@id":"https:\/\/cirsaart.com\/#\/schema\/logo\/image\/","url":"https:\/\/cirsaart.com\/wp-content\/uploads\/2025\/06\/cropped-CIRSA-ART-LOGO-1_page-0001-1.jpg","contentUrl":"https:\/\/cirsaart.com\/wp-content\/uploads\/2025\/06\/cropped-CIRSA-ART-LOGO-1_page-0001-1.jpg","width":240,"height":243,"caption":"Cirsa Art"},"image":{"@id":"https:\/\/cirsaart.com\/#\/schema\/logo\/image\/"}}]}},"_links":{"self":[{"href":"https:\/\/cirsaart.com\/en\/wp-json\/wp\/v2\/product\/609","targetHints":{"allow":["GET"]}}],"collection":[{"href":"https:\/\/cirsaart.com\/en\/wp-json\/wp\/v2\/product"}],"about":[{"href":"https:\/\/cirsaart.com\/en\/wp-json\/wp\/v2\/types\/product"}],"version-history":[{"count":4,"href":"https:\/\/cirsaart.com\/en\/wp-json\/wp\/v2\/product\/609\/revisions"}],"predecessor-version":[{"id":1459,"href":"https:\/\/cirsaart.com\/en\/wp-json\/wp\/v2\/product\/609\/revisions\/1459"}],"wp:featuredmedia":[{"embeddable":true,"href":"https:\/\/cirsaart.com\/en\/wp-json\/wp\/v2\/media\/610"}],"wp:attachment":[{"href":"https:\/\/cirsaart.com\/en\/wp-json\/wp\/v2\/media?parent=609"}],"wp:term":[{"taxonomy":"product_brand","embeddable":true,"href":"https:\/\/cirsaart.com\/en\/wp-json\/wp\/v2\/product_brand?post=609"},{"taxonomy":"product_cat","embeddable":true,"href":"https:\/\/cirsaart.com\/en\/wp-json\/wp\/v2\/product_cat?post=609"},{"taxonomy":"product_tag","embeddable":true,"href":"https:\/\/cirsaart.com\/en\/wp-json\/wp\/v2\/product_tag?post=609"}],"curies":[{"name":"wp","href":"https:\/\/api.w.org\/{rel}","templated":true}]}}