{"id":618,"date":"2025-06-24T18:27:21","date_gmt":"2025-06-24T18:27:21","guid":{"rendered":"https:\/\/cirsaart.com\/?post_type=product&#038;p=618"},"modified":"2025-07-26T20:20:33","modified_gmt":"2025-07-26T20:20:33","slug":"pendientes-orbita-marmol","status":"publish","type":"product","link":"https:\/\/cirsaart.com\/en\/product\/pendientes-orbita-marmol\/","title":{"rendered":"Pendientes \u00d3rbita M\u00e1rmol"},"content":{"rendered":"<p data-start=\"92\" data-end=\"371\">Los Pendientes \u00d3rbita M\u00e1rmol son una pieza artesanal \u00fanica hecha a mano con arcilla polim\u00e9rica que recrea un elegante efecto m\u00e1rmol blanco. Su dise\u00f1o redondo con un agujero central simula un donut minimalista, aportando ligereza y un toque contempor\u00e1neo.<\/p>\n<p data-start=\"373\" data-end=\"645\">El enganche es un aro de acero inoxidable que pasa a trav\u00e9s del agujero, combinando comodidad y seguridad con estilo moderno. Cada pendiente ha sido lijado y barnizado a mano para conseguir un acabado suave, brillante y resistente que realza el veteado natural del m\u00e1rmol.<\/p>\n<p data-start=\"647\" data-end=\"960\">\u2713 Hechos a mano con arcilla polim\u00e9rica efecto m\u00e1rmol blanco<br data-start=\"706\" data-end=\"709\" \/>\u2713 Dise\u00f1o redondo con agujero central, ligero y original<br data-start=\"764\" data-end=\"767\" \/>\u2713 Lijados y barnizados a mano para mayor suavidad y durabilidad<br data-start=\"830\" data-end=\"833\" \/>\u2713 Enganche de aro de acero inoxidable, c\u00f3modo y seguro<br data-start=\"887\" data-end=\"890\" \/>\u2713 Perfectos para lucir en cualquier ocasi\u00f3n, desde el d\u00eda a la noche<\/p>\n<p data-start=\"962\" data-end=\"1290\">Si te gustan los Pendientes \u00d3rbita M\u00e1rmol descubre m\u00e1s aqu\u00ed: <a class=\"\" href=\"https:\/\/cirsaart.com\/en\/product-category\/mineralia-pendientes-y-joyas-inspiradas-en-minerales-naturales\/marmol\/\" target=\"_new\" rel=\"noopener\" data-start=\"1023\" data-end=\"1155\">Ver colecci\u00f3n<\/a><br data-start=\"1155\" data-end=\"1158\" \/>Descubre nuevas novedades y el proceso creativo: <a class=\"\" href=\"https:\/\/www.instagram.com\/cirsaart\" target=\"_new\" rel=\"noopener\" data-start=\"1243\" data-end=\"1290\">@cirsaart<\/a><\/p>","protected":false},"excerpt":{"rendered":"<p data-start=\"1297\" data-end=\"1468\">Dise\u00f1o redondo tipo donut con efecto m\u00e1rmol blanco y enganche de aro de acero inoxidable. Ligeros, originales y vers\u00e1tiles para cualquier ocasi\u00f3n.<\/p>","protected":false},"featured_media":619,"template":"","meta":[],"product_brand":[],"product_cat":[28],"product_tag":[],"class_list":{"0":"post-618","1":"product","2":"type-product","3":"status-publish","4":"has-post-thumbnail","6":"product_cat-mineralia-pendientes-y-joyas-inspiradas-en-minerales-naturales","8":"first","9":"instock","10":"taxable","11":"shipping-taxable","12":"purchasable","13":"product-type-simple"},"yoast_head":"<!-- This site is optimized with the Yoast SEO plugin v27.4 - https:\/\/yoast.com\/product\/yoast-seo-wordpress\/ -->\n<title>Pendientes \u00d3rbita M\u00e1rmol -<\/title>\n<meta name=\"description\" content=\"Pendientes \u00d3rbita M\u00e1rmol hechos a mano efecto m\u00e1rmol blanco. Dise\u00f1o donut con enganche de aro de acero inoxidable. Elegancia y ligereza.\" \/>\n<meta name=\"robots\" content=\"index, follow, max-snippet:-1, max-image-preview:large, max-video-preview:-1\" \/>\n<link rel=\"canonical\" href=\"https:\/\/cirsaart.com\/en\/product\/pendientes-orbita-marmol\/\" \/>\n<meta property=\"og:locale\" content=\"en_GB\" \/>\n<meta property=\"og:type\" content=\"article\" \/>\n<meta property=\"og:title\" content=\"Pendientes \u00d3rbita M\u00e1rmol -\" \/>\n<meta property=\"og:description\" content=\"Pendientes \u00d3rbita M\u00e1rmol hechos a mano efecto m\u00e1rmol blanco. Dise\u00f1o donut con enganche de aro de acero inoxidable. Elegancia y ligereza.\" \/>\n<meta property=\"og:url\" content=\"https:\/\/cirsaart.com\/en\/product\/pendientes-orbita-marmol\/\" \/>\n<meta property=\"article:modified_time\" content=\"2025-07-26T20:20:33+00:00\" \/>\n<meta property=\"og:image\" content=\"https:\/\/cirsaart.com\/wp-content\/uploads\/2025\/06\/DSC_1806-scaled.jpg\" \/>\n\t<meta property=\"og:image:width\" content=\"2560\" \/>\n\t<meta property=\"og:image:height\" content=\"1768\" \/>\n\t<meta property=\"og:image:type\" content=\"image\/jpeg\" \/>\n<meta name=\"twitter:card\" content=\"summary_large_image\" \/>\n<meta name=\"twitter:label1\" content=\"Estimated reading time\" \/>\n\t<meta name=\"twitter:data1\" content=\"1 minute\" \/>\n<script type=\"application\/ld+json\" class=\"yoast-schema-graph\">{\"@context\":\"https:\\\/\\\/schema.org\",\"@graph\":[{\"@type\":\"WebPage\",\"@id\":\"https:\\\/\\\/cirsaart.com\\\/product\\\/pendientes-orbita-marmol\\\/\",\"url\":\"https:\\\/\\\/cirsaart.com\\\/product\\\/pendientes-orbita-marmol\\\/\",\"name\":\"Pendientes \u00d3rbita M\u00e1rmol -\",\"isPartOf\":{\"@id\":\"https:\\\/\\\/cirsaart.com\\\/#website\"},\"primaryImageOfPage\":{\"@id\":\"https:\\\/\\\/cirsaart.com\\\/product\\\/pendientes-orbita-marmol\\\/#primaryimage\"},\"image\":{\"@id\":\"https:\\\/\\\/cirsaart.com\\\/product\\\/pendientes-orbita-marmol\\\/#primaryimage\"},\"thumbnailUrl\":\"https:\\\/\\\/cirsaart.com\\\/wp-content\\\/uploads\\\/2025\\\/06\\\/DSC_1806-scaled.jpg\",\"datePublished\":\"2025-06-24T18:27:21+00:00\",\"dateModified\":\"2025-07-26T20:20:33+00:00\",\"description\":\"Pendientes \u00d3rbita M\u00e1rmol hechos a mano efecto m\u00e1rmol blanco. Dise\u00f1o donut con enganche de aro de acero inoxidable. Elegancia y ligereza.\",\"breadcrumb\":{\"@id\":\"https:\\\/\\\/cirsaart.com\\\/product\\\/pendientes-orbita-marmol\\\/#breadcrumb\"},\"inLanguage\":\"en-GB\",\"potentialAction\":[{\"@type\":\"ReadAction\",\"target\":[\"https:\\\/\\\/cirsaart.com\\\/product\\\/pendientes-orbita-marmol\\\/\"]}]},{\"@type\":\"ImageObject\",\"inLanguage\":\"en-GB\",\"@id\":\"https:\\\/\\\/cirsaart.com\\\/product\\\/pendientes-orbita-marmol\\\/#primaryimage\",\"url\":\"https:\\\/\\\/cirsaart.com\\\/wp-content\\\/uploads\\\/2025\\\/06\\\/DSC_1806-scaled.jpg\",\"contentUrl\":\"https:\\\/\\\/cirsaart.com\\\/wp-content\\\/uploads\\\/2025\\\/06\\\/DSC_1806-scaled.jpg\",\"width\":2560,\"height\":1768,\"caption\":\"Pendientes \u00d3rbita M\u00e1rmol\"},{\"@type\":\"BreadcrumbList\",\"@id\":\"https:\\\/\\\/cirsaart.com\\\/product\\\/pendientes-orbita-marmol\\\/#breadcrumb\",\"itemListElement\":[{\"@type\":\"ListItem\",\"position\":1,\"name\":\"Home\",\"item\":\"https:\\\/\\\/cirsaart.com\\\/\"},{\"@type\":\"ListItem\",\"position\":2,\"name\":\"Tienda Cirsa Art\",\"item\":\"https:\\\/\\\/cirsaart.com\\\/tienda-cirsa-art\\\/\"},{\"@type\":\"ListItem\",\"position\":3,\"name\":\"Pendientes \u00d3rbita M\u00e1rmol\"}]},{\"@type\":\"WebSite\",\"@id\":\"https:\\\/\\\/cirsaart.com\\\/#website\",\"url\":\"https:\\\/\\\/cirsaart.com\\\/\",\"name\":\"Cirsa Art\",\"description\":\"Bisuter\u00eda artesanal hecha a mano con arcilla polim\u00e9rica. Dise\u00f1os \u00fanicos creados para destacar tu esencia\",\"publisher\":{\"@id\":\"https:\\\/\\\/cirsaart.com\\\/#organization\"},\"alternateName\":\"Cirsa Art, Bisuter\u00eda Artesanal \u00danica\",\"potentialAction\":[{\"@type\":\"SearchAction\",\"target\":{\"@type\":\"EntryPoint\",\"urlTemplate\":\"https:\\\/\\\/cirsaart.com\\\/?s={search_term_string}\"},\"query-input\":{\"@type\":\"PropertyValueSpecification\",\"valueRequired\":true,\"valueName\":\"search_term_string\"}}],\"inLanguage\":\"en-GB\"},{\"@type\":\"Organization\",\"@id\":\"https:\\\/\\\/cirsaart.com\\\/#organization\",\"name\":\"Cirsa Art\",\"alternateName\":\"Cirsa Art, Bisuter\u00eda Artesanal \u00danica\",\"url\":\"https:\\\/\\\/cirsaart.com\\\/\",\"logo\":{\"@type\":\"ImageObject\",\"inLanguage\":\"en-GB\",\"@id\":\"https:\\\/\\\/cirsaart.com\\\/#\\\/schema\\\/logo\\\/image\\\/\",\"url\":\"https:\\\/\\\/cirsaart.com\\\/wp-content\\\/uploads\\\/2025\\\/06\\\/cropped-CIRSA-ART-LOGO-1_page-0001-1.jpg\",\"contentUrl\":\"https:\\\/\\\/cirsaart.com\\\/wp-content\\\/uploads\\\/2025\\\/06\\\/cropped-CIRSA-ART-LOGO-1_page-0001-1.jpg\",\"width\":240,\"height\":243,\"caption\":\"Cirsa Art\"},\"image\":{\"@id\":\"https:\\\/\\\/cirsaart.com\\\/#\\\/schema\\\/logo\\\/image\\\/\"}}]}<\/script>\n<!-- \/ Yoast SEO plugin. -->","yoast_head_json":{"title":"Pendientes \u00d3rbita M\u00e1rmol -","description":"Pendientes \u00d3rbita M\u00e1rmol hechos a mano efecto m\u00e1rmol blanco. Dise\u00f1o donut con enganche de aro de acero inoxidable. Elegancia y ligereza.","robots":{"index":"index","follow":"follow","max-snippet":"max-snippet:-1","max-image-preview":"max-image-preview:large","max-video-preview":"max-video-preview:-1"},"canonical":"https:\/\/cirsaart.com\/en\/product\/pendientes-orbita-marmol\/","og_locale":"en_GB","og_type":"article","og_title":"Pendientes \u00d3rbita M\u00e1rmol -","og_description":"Pendientes \u00d3rbita M\u00e1rmol hechos a mano efecto m\u00e1rmol blanco. Dise\u00f1o donut con enganche de aro de acero inoxidable. Elegancia y ligereza.","og_url":"https:\/\/cirsaart.com\/en\/product\/pendientes-orbita-marmol\/","article_modified_time":"2025-07-26T20:20:33+00:00","og_image":[{"width":2560,"height":1768,"url":"https:\/\/cirsaart.com\/wp-content\/uploads\/2025\/06\/DSC_1806-scaled.jpg","type":"image\/jpeg"}],"twitter_card":"summary_large_image","twitter_misc":{"Estimated reading time":"1 minute"},"schema":{"@context":"https:\/\/schema.org","@graph":[{"@type":"WebPage","@id":"https:\/\/cirsaart.com\/product\/pendientes-orbita-marmol\/","url":"https:\/\/cirsaart.com\/product\/pendientes-orbita-marmol\/","name":"Pendientes \u00d3rbita M\u00e1rmol -","isPartOf":{"@id":"https:\/\/cirsaart.com\/#website"},"primaryImageOfPage":{"@id":"https:\/\/cirsaart.com\/product\/pendientes-orbita-marmol\/#primaryimage"},"image":{"@id":"https:\/\/cirsaart.com\/product\/pendientes-orbita-marmol\/#primaryimage"},"thumbnailUrl":"https:\/\/cirsaart.com\/wp-content\/uploads\/2025\/06\/DSC_1806-scaled.jpg","datePublished":"2025-06-24T18:27:21+00:00","dateModified":"2025-07-26T20:20:33+00:00","description":"Pendientes \u00d3rbita M\u00e1rmol hechos a mano efecto m\u00e1rmol blanco. Dise\u00f1o donut con enganche de aro de acero inoxidable. Elegancia y ligereza.","breadcrumb":{"@id":"https:\/\/cirsaart.com\/product\/pendientes-orbita-marmol\/#breadcrumb"},"inLanguage":"en-GB","potentialAction":[{"@type":"ReadAction","target":["https:\/\/cirsaart.com\/product\/pendientes-orbita-marmol\/"]}]},{"@type":"ImageObject","inLanguage":"en-GB","@id":"https:\/\/cirsaart.com\/product\/pendientes-orbita-marmol\/#primaryimage","url":"https:\/\/cirsaart.com\/wp-content\/uploads\/2025\/06\/DSC_1806-scaled.jpg","contentUrl":"https:\/\/cirsaart.com\/wp-content\/uploads\/2025\/06\/DSC_1806-scaled.jpg","width":2560,"height":1768,"caption":"Pendientes \u00d3rbita M\u00e1rmol"},{"@type":"BreadcrumbList","@id":"https:\/\/cirsaart.com\/product\/pendientes-orbita-marmol\/#breadcrumb","itemListElement":[{"@type":"ListItem","position":1,"name":"Home","item":"https:\/\/cirsaart.com\/"},{"@type":"ListItem","position":2,"name":"Tienda Cirsa Art","item":"https:\/\/cirsaart.com\/tienda-cirsa-art\/"},{"@type":"ListItem","position":3,"name":"Pendientes \u00d3rbita M\u00e1rmol"}]},{"@type":"WebSite","@id":"https:\/\/cirsaart.com\/#website","url":"https:\/\/cirsaart.com\/","name":"Cirsa Art","description":"Bisuter\u00eda artesanal hecha a mano con arcilla polim\u00e9rica. Dise\u00f1os \u00fanicos creados para destacar tu esencia","publisher":{"@id":"https:\/\/cirsaart.com\/#organization"},"alternateName":"Cirsa Art, Bisuter\u00eda Artesanal \u00danica","potentialAction":[{"@type":"SearchAction","target":{"@type":"EntryPoint","urlTemplate":"https:\/\/cirsaart.com\/?s={search_term_string}"},"query-input":{"@type":"PropertyValueSpecification","valueRequired":true,"valueName":"search_term_string"}}],"inLanguage":"en-GB"},{"@type":"Organization","@id":"https:\/\/cirsaart.com\/#organization","name":"Cirsa Art","alternateName":"Cirsa Art, Bisuter\u00eda Artesanal \u00danica","url":"https:\/\/cirsaart.com\/","logo":{"@type":"ImageObject","inLanguage":"en-GB","@id":"https:\/\/cirsaart.com\/#\/schema\/logo\/image\/","url":"https:\/\/cirsaart.com\/wp-content\/uploads\/2025\/06\/cropped-CIRSA-ART-LOGO-1_page-0001-1.jpg","contentUrl":"https:\/\/cirsaart.com\/wp-content\/uploads\/2025\/06\/cropped-CIRSA-ART-LOGO-1_page-0001-1.jpg","width":240,"height":243,"caption":"Cirsa Art"},"image":{"@id":"https:\/\/cirsaart.com\/#\/schema\/logo\/image\/"}}]}},"_links":{"self":[{"href":"https:\/\/cirsaart.com\/en\/wp-json\/wp\/v2\/product\/618","targetHints":{"allow":["GET"]}}],"collection":[{"href":"https:\/\/cirsaart.com\/en\/wp-json\/wp\/v2\/product"}],"about":[{"href":"https:\/\/cirsaart.com\/en\/wp-json\/wp\/v2\/types\/product"}],"version-history":[{"count":2,"href":"https:\/\/cirsaart.com\/en\/wp-json\/wp\/v2\/product\/618\/revisions"}],"predecessor-version":[{"id":1132,"href":"https:\/\/cirsaart.com\/en\/wp-json\/wp\/v2\/product\/618\/revisions\/1132"}],"wp:featuredmedia":[{"embeddable":true,"href":"https:\/\/cirsaart.com\/en\/wp-json\/wp\/v2\/media\/619"}],"wp:attachment":[{"href":"https:\/\/cirsaart.com\/en\/wp-json\/wp\/v2\/media?parent=618"}],"wp:term":[{"taxonomy":"product_brand","embeddable":true,"href":"https:\/\/cirsaart.com\/en\/wp-json\/wp\/v2\/product_brand?post=618"},{"taxonomy":"product_cat","embeddable":true,"href":"https:\/\/cirsaart.com\/en\/wp-json\/wp\/v2\/product_cat?post=618"},{"taxonomy":"product_tag","embeddable":true,"href":"https:\/\/cirsaart.com\/en\/wp-json\/wp\/v2\/product_tag?post=618"}],"curies":[{"name":"wp","href":"https:\/\/api.w.org\/{rel}","templated":true}]}}