{"id":770,"date":"2025-06-29T16:35:27","date_gmt":"2025-06-29T16:35:27","guid":{"rendered":"https:\/\/cirsaart.com\/?post_type=product&#038;p=770"},"modified":"2025-07-26T20:20:10","modified_gmt":"2025-07-26T20:20:10","slug":"pendientes-rayo-gea-copia","status":"publish","type":"product","link":"https:\/\/cirsaart.com\/en\/product\/pendientes-rayo-gea-copia\/","title":{"rendered":"Pendientes Rayo Gea (copia)"},"content":{"rendered":"<p data-start=\"170\" data-end=\"549\">Pendientes Rayo Gea presentan un dise\u00f1o que combina tonos blanco perla, verde perla y detalles dorados en el centro, inspirados en el brillo y la energ\u00eda de los minerales naturales. El enganche es un aro dorado de acero inoxidable.<\/p>\n<p data-start=\"810\" data-end=\"1110\">\u2713 Material ligero y duradero<br data-start=\"926\" data-end=\"929\" \/>\u2713 Protegido y realzado con barniz<br data-start=\"978\" data-end=\"981\" \/>\u2713 Enganche aro dorado de acero inoxidable<br data-start=\"1044\" data-end=\"1047\" \/>\u2713 Inspirado en la belleza y brillo de los minerales naturales<\/p>\n<p data-start=\"1112\" data-end=\"1193\">Si te gustan los Pendientes Rayo Gea, explora m\u00e1s de esta colecci\u00f3n<a href=\"https:\/\/cirsaart.com\/en\/product-category\/mineralia-pendientes-y-joyas-inspiradas-en-minerales-naturales\/?v=151bb1da0f86\"> aqu\u00ed<\/a>.<\/p>\n<p data-start=\"1042\" data-end=\"1119\">Sigue a <a href=\"https:\/\/www.instagram.com\/cirsa.art\/\">@cirsa.art<\/a> para descubrir las novedades y m\u00e1s creaciones artesanales.<\/p>","protected":false},"excerpt":{"rendered":"<p>Pendientes con dise\u00f1o en forma de rayo, combinando blanco perla, verde perla y detalles dorados. Cuelgan de un aro dorado de acero inoxidable, ligeros y elegantes.<\/p>","protected":false},"featured_media":450,"template":"","meta":[],"product_brand":[],"product_cat":[28],"product_tag":[],"class_list":{"0":"post-770","1":"product","2":"type-product","3":"status-publish","4":"has-post-thumbnail","6":"product_cat-mineralia-pendientes-y-joyas-inspiradas-en-minerales-naturales","8":"first","9":"instock","10":"taxable","11":"shipping-taxable","12":"purchasable","13":"product-type-simple"},"yoast_head":"<!-- This site is optimized with the Yoast SEO plugin v27.4 - https:\/\/yoast.com\/product\/yoast-seo-wordpress\/ -->\n<title>Pendientes Rayo Gea (copia) -<\/title>\n<meta name=\"description\" content=\"Pendientes Rayo Gea: pendientes artesanales con enganche aro dorado de acero inoxidable. Dise\u00f1o en blanco y verde perla con detalles dorados.\" \/>\n<meta name=\"robots\" content=\"index, follow, max-snippet:-1, max-image-preview:large, max-video-preview:-1\" \/>\n<link rel=\"canonical\" href=\"https:\/\/cirsaart.com\/en\/product\/pendientes-rayo-gea-copia\/\" \/>\n<meta property=\"og:locale\" content=\"en_GB\" \/>\n<meta property=\"og:type\" content=\"article\" \/>\n<meta property=\"og:title\" content=\"Pendientes Rayo Gea (copia) -\" \/>\n<meta property=\"og:description\" content=\"Pendientes Rayo Gea: pendientes artesanales con enganche aro dorado de acero inoxidable. Dise\u00f1o en blanco y verde perla con detalles dorados.\" \/>\n<meta property=\"og:url\" content=\"https:\/\/cirsaart.com\/en\/product\/pendientes-rayo-gea-copia\/\" \/>\n<meta property=\"article:modified_time\" content=\"2025-07-26T20:20:10+00:00\" \/>\n<meta property=\"og:image\" content=\"https:\/\/cirsaart.com\/wp-content\/uploads\/2025\/06\/RAYO-AGATA-scaled.jpg\" \/>\n\t<meta property=\"og:image:width\" content=\"2560\" \/>\n\t<meta property=\"og:image:height\" content=\"2048\" \/>\n\t<meta property=\"og:image:type\" content=\"image\/jpeg\" \/>\n<meta name=\"twitter:card\" content=\"summary_large_image\" \/>\n<meta name=\"twitter:label1\" content=\"Estimated reading time\" \/>\n\t<meta name=\"twitter:data1\" content=\"1 minute\" \/>\n<script type=\"application\/ld+json\" class=\"yoast-schema-graph\">{\"@context\":\"https:\\\/\\\/schema.org\",\"@graph\":[{\"@type\":\"WebPage\",\"@id\":\"https:\\\/\\\/cirsaart.com\\\/product\\\/pendientes-rayo-gea-copia\\\/\",\"url\":\"https:\\\/\\\/cirsaart.com\\\/product\\\/pendientes-rayo-gea-copia\\\/\",\"name\":\"Pendientes Rayo Gea (copia) -\",\"isPartOf\":{\"@id\":\"https:\\\/\\\/cirsaart.com\\\/#website\"},\"primaryImageOfPage\":{\"@id\":\"https:\\\/\\\/cirsaart.com\\\/product\\\/pendientes-rayo-gea-copia\\\/#primaryimage\"},\"image\":{\"@id\":\"https:\\\/\\\/cirsaart.com\\\/product\\\/pendientes-rayo-gea-copia\\\/#primaryimage\"},\"thumbnailUrl\":\"https:\\\/\\\/cirsaart.com\\\/wp-content\\\/uploads\\\/2025\\\/06\\\/RAYO-AGATA-scaled.jpg\",\"datePublished\":\"2025-06-29T16:35:27+00:00\",\"dateModified\":\"2025-07-26T20:20:10+00:00\",\"description\":\"Pendientes Rayo Gea: pendientes artesanales con enganche aro dorado de acero inoxidable. Dise\u00f1o en blanco y verde perla con detalles dorados.\",\"breadcrumb\":{\"@id\":\"https:\\\/\\\/cirsaart.com\\\/product\\\/pendientes-rayo-gea-copia\\\/#breadcrumb\"},\"inLanguage\":\"en-GB\",\"potentialAction\":[{\"@type\":\"ReadAction\",\"target\":[\"https:\\\/\\\/cirsaart.com\\\/product\\\/pendientes-rayo-gea-copia\\\/\"]}]},{\"@type\":\"ImageObject\",\"inLanguage\":\"en-GB\",\"@id\":\"https:\\\/\\\/cirsaart.com\\\/product\\\/pendientes-rayo-gea-copia\\\/#primaryimage\",\"url\":\"https:\\\/\\\/cirsaart.com\\\/wp-content\\\/uploads\\\/2025\\\/06\\\/RAYO-AGATA-scaled.jpg\",\"contentUrl\":\"https:\\\/\\\/cirsaart.com\\\/wp-content\\\/uploads\\\/2025\\\/06\\\/RAYO-AGATA-scaled.jpg\",\"width\":2560,\"height\":2048,\"caption\":\"Pendientes Rayo Gea\"},{\"@type\":\"BreadcrumbList\",\"@id\":\"https:\\\/\\\/cirsaart.com\\\/product\\\/pendientes-rayo-gea-copia\\\/#breadcrumb\",\"itemListElement\":[{\"@type\":\"ListItem\",\"position\":1,\"name\":\"Home\",\"item\":\"https:\\\/\\\/cirsaart.com\\\/\"},{\"@type\":\"ListItem\",\"position\":2,\"name\":\"Tienda Cirsa Art\",\"item\":\"https:\\\/\\\/cirsaart.com\\\/tienda-cirsa-art\\\/\"},{\"@type\":\"ListItem\",\"position\":3,\"name\":\"Pendientes Rayo Gea (copia)\"}]},{\"@type\":\"WebSite\",\"@id\":\"https:\\\/\\\/cirsaart.com\\\/#website\",\"url\":\"https:\\\/\\\/cirsaart.com\\\/\",\"name\":\"Cirsa Art\",\"description\":\"Bisuter\u00eda artesanal hecha a mano con arcilla polim\u00e9rica. Dise\u00f1os \u00fanicos creados para destacar tu esencia\",\"publisher\":{\"@id\":\"https:\\\/\\\/cirsaart.com\\\/#organization\"},\"alternateName\":\"Cirsa Art, Bisuter\u00eda Artesanal \u00danica\",\"potentialAction\":[{\"@type\":\"SearchAction\",\"target\":{\"@type\":\"EntryPoint\",\"urlTemplate\":\"https:\\\/\\\/cirsaart.com\\\/?s={search_term_string}\"},\"query-input\":{\"@type\":\"PropertyValueSpecification\",\"valueRequired\":true,\"valueName\":\"search_term_string\"}}],\"inLanguage\":\"en-GB\"},{\"@type\":\"Organization\",\"@id\":\"https:\\\/\\\/cirsaart.com\\\/#organization\",\"name\":\"Cirsa Art\",\"alternateName\":\"Cirsa Art, Bisuter\u00eda Artesanal \u00danica\",\"url\":\"https:\\\/\\\/cirsaart.com\\\/\",\"logo\":{\"@type\":\"ImageObject\",\"inLanguage\":\"en-GB\",\"@id\":\"https:\\\/\\\/cirsaart.com\\\/#\\\/schema\\\/logo\\\/image\\\/\",\"url\":\"https:\\\/\\\/cirsaart.com\\\/wp-content\\\/uploads\\\/2025\\\/06\\\/cropped-CIRSA-ART-LOGO-1_page-0001-1.jpg\",\"contentUrl\":\"https:\\\/\\\/cirsaart.com\\\/wp-content\\\/uploads\\\/2025\\\/06\\\/cropped-CIRSA-ART-LOGO-1_page-0001-1.jpg\",\"width\":240,\"height\":243,\"caption\":\"Cirsa Art\"},\"image\":{\"@id\":\"https:\\\/\\\/cirsaart.com\\\/#\\\/schema\\\/logo\\\/image\\\/\"}}]}<\/script>\n<!-- \/ Yoast SEO plugin. -->","yoast_head_json":{"title":"Pendientes Rayo Gea (copia) -","description":"Pendientes Rayo Gea: pendientes artesanales con enganche aro dorado de acero inoxidable. Dise\u00f1o en blanco y verde perla con detalles dorados.","robots":{"index":"index","follow":"follow","max-snippet":"max-snippet:-1","max-image-preview":"max-image-preview:large","max-video-preview":"max-video-preview:-1"},"canonical":"https:\/\/cirsaart.com\/en\/product\/pendientes-rayo-gea-copia\/","og_locale":"en_GB","og_type":"article","og_title":"Pendientes Rayo Gea (copia) -","og_description":"Pendientes Rayo Gea: pendientes artesanales con enganche aro dorado de acero inoxidable. Dise\u00f1o en blanco y verde perla con detalles dorados.","og_url":"https:\/\/cirsaart.com\/en\/product\/pendientes-rayo-gea-copia\/","article_modified_time":"2025-07-26T20:20:10+00:00","og_image":[{"width":2560,"height":2048,"url":"https:\/\/cirsaart.com\/wp-content\/uploads\/2025\/06\/RAYO-AGATA-scaled.jpg","type":"image\/jpeg"}],"twitter_card":"summary_large_image","twitter_misc":{"Estimated reading time":"1 minute"},"schema":{"@context":"https:\/\/schema.org","@graph":[{"@type":"WebPage","@id":"https:\/\/cirsaart.com\/product\/pendientes-rayo-gea-copia\/","url":"https:\/\/cirsaart.com\/product\/pendientes-rayo-gea-copia\/","name":"Pendientes Rayo Gea (copia) -","isPartOf":{"@id":"https:\/\/cirsaart.com\/#website"},"primaryImageOfPage":{"@id":"https:\/\/cirsaart.com\/product\/pendientes-rayo-gea-copia\/#primaryimage"},"image":{"@id":"https:\/\/cirsaart.com\/product\/pendientes-rayo-gea-copia\/#primaryimage"},"thumbnailUrl":"https:\/\/cirsaart.com\/wp-content\/uploads\/2025\/06\/RAYO-AGATA-scaled.jpg","datePublished":"2025-06-29T16:35:27+00:00","dateModified":"2025-07-26T20:20:10+00:00","description":"Pendientes Rayo Gea: pendientes artesanales con enganche aro dorado de acero inoxidable. Dise\u00f1o en blanco y verde perla con detalles dorados.","breadcrumb":{"@id":"https:\/\/cirsaart.com\/product\/pendientes-rayo-gea-copia\/#breadcrumb"},"inLanguage":"en-GB","potentialAction":[{"@type":"ReadAction","target":["https:\/\/cirsaart.com\/product\/pendientes-rayo-gea-copia\/"]}]},{"@type":"ImageObject","inLanguage":"en-GB","@id":"https:\/\/cirsaart.com\/product\/pendientes-rayo-gea-copia\/#primaryimage","url":"https:\/\/cirsaart.com\/wp-content\/uploads\/2025\/06\/RAYO-AGATA-scaled.jpg","contentUrl":"https:\/\/cirsaart.com\/wp-content\/uploads\/2025\/06\/RAYO-AGATA-scaled.jpg","width":2560,"height":2048,"caption":"Pendientes Rayo Gea"},{"@type":"BreadcrumbList","@id":"https:\/\/cirsaart.com\/product\/pendientes-rayo-gea-copia\/#breadcrumb","itemListElement":[{"@type":"ListItem","position":1,"name":"Home","item":"https:\/\/cirsaart.com\/"},{"@type":"ListItem","position":2,"name":"Tienda Cirsa Art","item":"https:\/\/cirsaart.com\/tienda-cirsa-art\/"},{"@type":"ListItem","position":3,"name":"Pendientes Rayo Gea (copia)"}]},{"@type":"WebSite","@id":"https:\/\/cirsaart.com\/#website","url":"https:\/\/cirsaart.com\/","name":"Cirsa Art","description":"Bisuter\u00eda artesanal hecha a mano con arcilla polim\u00e9rica. Dise\u00f1os \u00fanicos creados para destacar tu esencia","publisher":{"@id":"https:\/\/cirsaart.com\/#organization"},"alternateName":"Cirsa Art, Bisuter\u00eda Artesanal \u00danica","potentialAction":[{"@type":"SearchAction","target":{"@type":"EntryPoint","urlTemplate":"https:\/\/cirsaart.com\/?s={search_term_string}"},"query-input":{"@type":"PropertyValueSpecification","valueRequired":true,"valueName":"search_term_string"}}],"inLanguage":"en-GB"},{"@type":"Organization","@id":"https:\/\/cirsaart.com\/#organization","name":"Cirsa Art","alternateName":"Cirsa Art, Bisuter\u00eda Artesanal \u00danica","url":"https:\/\/cirsaart.com\/","logo":{"@type":"ImageObject","inLanguage":"en-GB","@id":"https:\/\/cirsaart.com\/#\/schema\/logo\/image\/","url":"https:\/\/cirsaart.com\/wp-content\/uploads\/2025\/06\/cropped-CIRSA-ART-LOGO-1_page-0001-1.jpg","contentUrl":"https:\/\/cirsaart.com\/wp-content\/uploads\/2025\/06\/cropped-CIRSA-ART-LOGO-1_page-0001-1.jpg","width":240,"height":243,"caption":"Cirsa Art"},"image":{"@id":"https:\/\/cirsaart.com\/#\/schema\/logo\/image\/"}}]}},"_links":{"self":[{"href":"https:\/\/cirsaart.com\/en\/wp-json\/wp\/v2\/product\/770","targetHints":{"allow":["GET"]}}],"collection":[{"href":"https:\/\/cirsaart.com\/en\/wp-json\/wp\/v2\/product"}],"about":[{"href":"https:\/\/cirsaart.com\/en\/wp-json\/wp\/v2\/types\/product"}],"version-history":[{"count":4,"href":"https:\/\/cirsaart.com\/en\/wp-json\/wp\/v2\/product\/770\/revisions"}],"predecessor-version":[{"id":1462,"href":"https:\/\/cirsaart.com\/en\/wp-json\/wp\/v2\/product\/770\/revisions\/1462"}],"wp:featuredmedia":[{"embeddable":true,"href":"https:\/\/cirsaart.com\/en\/wp-json\/wp\/v2\/media\/450"}],"wp:attachment":[{"href":"https:\/\/cirsaart.com\/en\/wp-json\/wp\/v2\/media?parent=770"}],"wp:term":[{"taxonomy":"product_brand","embeddable":true,"href":"https:\/\/cirsaart.com\/en\/wp-json\/wp\/v2\/product_brand?post=770"},{"taxonomy":"product_cat","embeddable":true,"href":"https:\/\/cirsaart.com\/en\/wp-json\/wp\/v2\/product_cat?post=770"},{"taxonomy":"product_tag","embeddable":true,"href":"https:\/\/cirsaart.com\/en\/wp-json\/wp\/v2\/product_tag?post=770"}],"curies":[{"name":"wp","href":"https:\/\/api.w.org\/{rel}","templated":true}]}}