{"id":803,"date":"2025-06-30T14:10:54","date_gmt":"2025-06-30T14:10:54","guid":{"rendered":"https:\/\/cirsaart.com\/?post_type=product&#038;p=803"},"modified":"2025-07-26T20:19:04","modified_gmt":"2025-07-26T20:19:04","slug":"pendientes-corazon-dorado","status":"publish","type":"product","link":"https:\/\/cirsaart.com\/en\/product\/pendientes-corazon-dorado\/","title":{"rendered":"Pendientes Coraz\u00f3n Dorado"},"content":{"rendered":"<p data-start=\"152\" data-end=\"389\">Los pendientes coraz\u00f3n dorado con enganche de poste de acero inoxidable. Un dise\u00f1o sencillo y simb\u00f3lico que destaca por su comodidad y ligereza.<\/p>\n<p data-start=\"391\" data-end=\"537\">\u2713 Hechos a mano con arcilla polim\u00e9rica<br data-start=\"429\" data-end=\"432\" \/>\u2713 Dise\u00f1o de coraz\u00f3n en color dorado<br data-start=\"467\" data-end=\"470\" \/>\u2713 Enganche de poste de acero inoxidable<br data-start=\"509\" data-end=\"512\" \/>\u2713 Ligeros y resistentes<\/p>\n<p data-start=\"539\" data-end=\"627\">Ideales para cualquier ocasi\u00f3n, un detalle elegante que a\u00f1ade calidez y estilo a tu d\u00eda.<\/p>\n<p data-start=\"629\" data-end=\"875\">Si te gustan los pendientes coraz\u00f3n dorado, explora m\u00e1s de la colecci\u00f3n Gold <a class=\"\" href=\"https:\/\/cirsaart.com\/en\/product-category\/gold\/?v=151bb1da0f86\" target=\"_new\" rel=\"noopener\" data-start=\"706\" data-end=\"772\">aqu\u00ed<\/a>.<br data-start=\"773\" data-end=\"776\" \/>Descubre novedades y sobre el proceso creativo en <a class=\"\" href=\"https:\/\/www.instagram.com\/cirsa.art\" target=\"_new\" rel=\"noopener\" data-start=\"826\" data-end=\"875\">@cirsa.art<\/a><\/p>","protected":false},"excerpt":{"rendered":"<p data-start=\"908\" data-end=\"1074\">Pendientes de bot\u00f3n en forma de coraz\u00f3n color\u00a0 dorado. Enganche de poste de acero inoxidable. Ligeros, c\u00f3modos y perfectos para cualquier ocasi\u00f3n.<\/p>","protected":false},"featured_media":804,"template":"","meta":[],"product_brand":[],"product_cat":[34],"product_tag":[],"class_list":{"0":"post-803","1":"product","2":"type-product","3":"status-publish","4":"has-post-thumbnail","6":"product_cat-gold","8":"first","9":"instock","10":"taxable","11":"shipping-taxable","12":"purchasable","13":"product-type-simple"},"yoast_head":"<!-- This site is optimized with the Yoast SEO plugin v27.4 - https:\/\/yoast.com\/product\/yoast-seo-wordpress\/ -->\n<title>Pendientes Coraz\u00f3n Dorado -<\/title>\n<meta name=\"description\" content=\"Pendientes coraz\u00f3n dorado hechos a mano en arcilla polim\u00e9rica con poste de acero inoxidable. C\u00f3modos, ligeros y con dise\u00f1o simb\u00f3lico.\" \/>\n<meta name=\"robots\" content=\"index, follow, max-snippet:-1, max-image-preview:large, max-video-preview:-1\" \/>\n<link rel=\"canonical\" href=\"https:\/\/cirsaart.com\/en\/product\/pendientes-corazon-dorado\/\" \/>\n<meta property=\"og:locale\" content=\"en_GB\" \/>\n<meta property=\"og:type\" content=\"article\" \/>\n<meta property=\"og:title\" content=\"Pendientes Coraz\u00f3n Dorado -\" \/>\n<meta property=\"og:description\" content=\"Pendientes coraz\u00f3n dorado hechos a mano en arcilla polim\u00e9rica con poste de acero inoxidable. C\u00f3modos, ligeros y con dise\u00f1o simb\u00f3lico.\" \/>\n<meta property=\"og:url\" content=\"https:\/\/cirsaart.com\/en\/product\/pendientes-corazon-dorado\/\" \/>\n<meta property=\"article:modified_time\" content=\"2025-07-26T20:19:04+00:00\" \/>\n<meta property=\"og:image\" content=\"https:\/\/cirsaart.com\/wp-content\/uploads\/2025\/06\/DSC_1874-scaled.jpg\" \/>\n\t<meta property=\"og:image:width\" content=\"2560\" \/>\n\t<meta property=\"og:image:height\" content=\"1884\" \/>\n\t<meta property=\"og:image:type\" content=\"image\/jpeg\" \/>\n<meta name=\"twitter:card\" content=\"summary_large_image\" \/>\n<meta name=\"twitter:label1\" content=\"Estimated reading time\" \/>\n\t<meta name=\"twitter:data1\" content=\"1 minute\" \/>\n<script type=\"application\/ld+json\" class=\"yoast-schema-graph\">{\"@context\":\"https:\\\/\\\/schema.org\",\"@graph\":[{\"@type\":\"WebPage\",\"@id\":\"https:\\\/\\\/cirsaart.com\\\/product\\\/pendientes-corazon-dorado\\\/\",\"url\":\"https:\\\/\\\/cirsaart.com\\\/product\\\/pendientes-corazon-dorado\\\/\",\"name\":\"Pendientes Coraz\u00f3n Dorado -\",\"isPartOf\":{\"@id\":\"https:\\\/\\\/cirsaart.com\\\/#website\"},\"primaryImageOfPage\":{\"@id\":\"https:\\\/\\\/cirsaart.com\\\/product\\\/pendientes-corazon-dorado\\\/#primaryimage\"},\"image\":{\"@id\":\"https:\\\/\\\/cirsaart.com\\\/product\\\/pendientes-corazon-dorado\\\/#primaryimage\"},\"thumbnailUrl\":\"https:\\\/\\\/cirsaart.com\\\/wp-content\\\/uploads\\\/2025\\\/06\\\/DSC_1874-scaled.jpg\",\"datePublished\":\"2025-06-30T14:10:54+00:00\",\"dateModified\":\"2025-07-26T20:19:04+00:00\",\"description\":\"Pendientes coraz\u00f3n dorado hechos a mano en arcilla polim\u00e9rica con poste de acero inoxidable. C\u00f3modos, ligeros y con dise\u00f1o simb\u00f3lico.\",\"breadcrumb\":{\"@id\":\"https:\\\/\\\/cirsaart.com\\\/product\\\/pendientes-corazon-dorado\\\/#breadcrumb\"},\"inLanguage\":\"en-GB\",\"potentialAction\":[{\"@type\":\"ReadAction\",\"target\":[\"https:\\\/\\\/cirsaart.com\\\/product\\\/pendientes-corazon-dorado\\\/\"]}]},{\"@type\":\"ImageObject\",\"inLanguage\":\"en-GB\",\"@id\":\"https:\\\/\\\/cirsaart.com\\\/product\\\/pendientes-corazon-dorado\\\/#primaryimage\",\"url\":\"https:\\\/\\\/cirsaart.com\\\/wp-content\\\/uploads\\\/2025\\\/06\\\/DSC_1874-scaled.jpg\",\"contentUrl\":\"https:\\\/\\\/cirsaart.com\\\/wp-content\\\/uploads\\\/2025\\\/06\\\/DSC_1874-scaled.jpg\",\"width\":2560,\"height\":1884,\"caption\":\"Pendientes coraz\u00f3n dorado\"},{\"@type\":\"BreadcrumbList\",\"@id\":\"https:\\\/\\\/cirsaart.com\\\/product\\\/pendientes-corazon-dorado\\\/#breadcrumb\",\"itemListElement\":[{\"@type\":\"ListItem\",\"position\":1,\"name\":\"Home\",\"item\":\"https:\\\/\\\/cirsaart.com\\\/\"},{\"@type\":\"ListItem\",\"position\":2,\"name\":\"Tienda Cirsa Art\",\"item\":\"https:\\\/\\\/cirsaart.com\\\/tienda-cirsa-art\\\/\"},{\"@type\":\"ListItem\",\"position\":3,\"name\":\"Pendientes Coraz\u00f3n Dorado\"}]},{\"@type\":\"WebSite\",\"@id\":\"https:\\\/\\\/cirsaart.com\\\/#website\",\"url\":\"https:\\\/\\\/cirsaart.com\\\/\",\"name\":\"Cirsa Art\",\"description\":\"Bisuter\u00eda artesanal hecha a mano con arcilla polim\u00e9rica. Dise\u00f1os \u00fanicos creados para destacar tu esencia\",\"publisher\":{\"@id\":\"https:\\\/\\\/cirsaart.com\\\/#organization\"},\"alternateName\":\"Cirsa Art, Bisuter\u00eda Artesanal \u00danica\",\"potentialAction\":[{\"@type\":\"SearchAction\",\"target\":{\"@type\":\"EntryPoint\",\"urlTemplate\":\"https:\\\/\\\/cirsaart.com\\\/?s={search_term_string}\"},\"query-input\":{\"@type\":\"PropertyValueSpecification\",\"valueRequired\":true,\"valueName\":\"search_term_string\"}}],\"inLanguage\":\"en-GB\"},{\"@type\":\"Organization\",\"@id\":\"https:\\\/\\\/cirsaart.com\\\/#organization\",\"name\":\"Cirsa Art\",\"alternateName\":\"Cirsa Art, Bisuter\u00eda Artesanal \u00danica\",\"url\":\"https:\\\/\\\/cirsaart.com\\\/\",\"logo\":{\"@type\":\"ImageObject\",\"inLanguage\":\"en-GB\",\"@id\":\"https:\\\/\\\/cirsaart.com\\\/#\\\/schema\\\/logo\\\/image\\\/\",\"url\":\"https:\\\/\\\/cirsaart.com\\\/wp-content\\\/uploads\\\/2025\\\/06\\\/cropped-CIRSA-ART-LOGO-1_page-0001-1.jpg\",\"contentUrl\":\"https:\\\/\\\/cirsaart.com\\\/wp-content\\\/uploads\\\/2025\\\/06\\\/cropped-CIRSA-ART-LOGO-1_page-0001-1.jpg\",\"width\":240,\"height\":243,\"caption\":\"Cirsa Art\"},\"image\":{\"@id\":\"https:\\\/\\\/cirsaart.com\\\/#\\\/schema\\\/logo\\\/image\\\/\"}}]}<\/script>\n<!-- \/ Yoast SEO plugin. -->","yoast_head_json":{"title":"Pendientes Coraz\u00f3n Dorado -","description":"Pendientes coraz\u00f3n dorado hechos a mano en arcilla polim\u00e9rica con poste de acero inoxidable. C\u00f3modos, ligeros y con dise\u00f1o simb\u00f3lico.","robots":{"index":"index","follow":"follow","max-snippet":"max-snippet:-1","max-image-preview":"max-image-preview:large","max-video-preview":"max-video-preview:-1"},"canonical":"https:\/\/cirsaart.com\/en\/product\/pendientes-corazon-dorado\/","og_locale":"en_GB","og_type":"article","og_title":"Pendientes Coraz\u00f3n Dorado -","og_description":"Pendientes coraz\u00f3n dorado hechos a mano en arcilla polim\u00e9rica con poste de acero inoxidable. C\u00f3modos, ligeros y con dise\u00f1o simb\u00f3lico.","og_url":"https:\/\/cirsaart.com\/en\/product\/pendientes-corazon-dorado\/","article_modified_time":"2025-07-26T20:19:04+00:00","og_image":[{"width":2560,"height":1884,"url":"https:\/\/cirsaart.com\/wp-content\/uploads\/2025\/06\/DSC_1874-scaled.jpg","type":"image\/jpeg"}],"twitter_card":"summary_large_image","twitter_misc":{"Estimated reading time":"1 minute"},"schema":{"@context":"https:\/\/schema.org","@graph":[{"@type":"WebPage","@id":"https:\/\/cirsaart.com\/product\/pendientes-corazon-dorado\/","url":"https:\/\/cirsaart.com\/product\/pendientes-corazon-dorado\/","name":"Pendientes Coraz\u00f3n Dorado -","isPartOf":{"@id":"https:\/\/cirsaart.com\/#website"},"primaryImageOfPage":{"@id":"https:\/\/cirsaart.com\/product\/pendientes-corazon-dorado\/#primaryimage"},"image":{"@id":"https:\/\/cirsaart.com\/product\/pendientes-corazon-dorado\/#primaryimage"},"thumbnailUrl":"https:\/\/cirsaart.com\/wp-content\/uploads\/2025\/06\/DSC_1874-scaled.jpg","datePublished":"2025-06-30T14:10:54+00:00","dateModified":"2025-07-26T20:19:04+00:00","description":"Pendientes coraz\u00f3n dorado hechos a mano en arcilla polim\u00e9rica con poste de acero inoxidable. C\u00f3modos, ligeros y con dise\u00f1o simb\u00f3lico.","breadcrumb":{"@id":"https:\/\/cirsaart.com\/product\/pendientes-corazon-dorado\/#breadcrumb"},"inLanguage":"en-GB","potentialAction":[{"@type":"ReadAction","target":["https:\/\/cirsaart.com\/product\/pendientes-corazon-dorado\/"]}]},{"@type":"ImageObject","inLanguage":"en-GB","@id":"https:\/\/cirsaart.com\/product\/pendientes-corazon-dorado\/#primaryimage","url":"https:\/\/cirsaart.com\/wp-content\/uploads\/2025\/06\/DSC_1874-scaled.jpg","contentUrl":"https:\/\/cirsaart.com\/wp-content\/uploads\/2025\/06\/DSC_1874-scaled.jpg","width":2560,"height":1884,"caption":"Pendientes coraz\u00f3n dorado"},{"@type":"BreadcrumbList","@id":"https:\/\/cirsaart.com\/product\/pendientes-corazon-dorado\/#breadcrumb","itemListElement":[{"@type":"ListItem","position":1,"name":"Home","item":"https:\/\/cirsaart.com\/"},{"@type":"ListItem","position":2,"name":"Tienda Cirsa Art","item":"https:\/\/cirsaart.com\/tienda-cirsa-art\/"},{"@type":"ListItem","position":3,"name":"Pendientes Coraz\u00f3n Dorado"}]},{"@type":"WebSite","@id":"https:\/\/cirsaart.com\/#website","url":"https:\/\/cirsaart.com\/","name":"Cirsa Art","description":"Bisuter\u00eda artesanal hecha a mano con arcilla polim\u00e9rica. Dise\u00f1os \u00fanicos creados para destacar tu esencia","publisher":{"@id":"https:\/\/cirsaart.com\/#organization"},"alternateName":"Cirsa Art, Bisuter\u00eda Artesanal \u00danica","potentialAction":[{"@type":"SearchAction","target":{"@type":"EntryPoint","urlTemplate":"https:\/\/cirsaart.com\/?s={search_term_string}"},"query-input":{"@type":"PropertyValueSpecification","valueRequired":true,"valueName":"search_term_string"}}],"inLanguage":"en-GB"},{"@type":"Organization","@id":"https:\/\/cirsaart.com\/#organization","name":"Cirsa Art","alternateName":"Cirsa Art, Bisuter\u00eda Artesanal \u00danica","url":"https:\/\/cirsaart.com\/","logo":{"@type":"ImageObject","inLanguage":"en-GB","@id":"https:\/\/cirsaart.com\/#\/schema\/logo\/image\/","url":"https:\/\/cirsaart.com\/wp-content\/uploads\/2025\/06\/cropped-CIRSA-ART-LOGO-1_page-0001-1.jpg","contentUrl":"https:\/\/cirsaart.com\/wp-content\/uploads\/2025\/06\/cropped-CIRSA-ART-LOGO-1_page-0001-1.jpg","width":240,"height":243,"caption":"Cirsa Art"},"image":{"@id":"https:\/\/cirsaart.com\/#\/schema\/logo\/image\/"}}]}},"_links":{"self":[{"href":"https:\/\/cirsaart.com\/en\/wp-json\/wp\/v2\/product\/803","targetHints":{"allow":["GET"]}}],"collection":[{"href":"https:\/\/cirsaart.com\/en\/wp-json\/wp\/v2\/product"}],"about":[{"href":"https:\/\/cirsaart.com\/en\/wp-json\/wp\/v2\/types\/product"}],"version-history":[{"count":2,"href":"https:\/\/cirsaart.com\/en\/wp-json\/wp\/v2\/product\/803\/revisions"}],"predecessor-version":[{"id":1464,"href":"https:\/\/cirsaart.com\/en\/wp-json\/wp\/v2\/product\/803\/revisions\/1464"}],"wp:featuredmedia":[{"embeddable":true,"href":"https:\/\/cirsaart.com\/en\/wp-json\/wp\/v2\/media\/804"}],"wp:attachment":[{"href":"https:\/\/cirsaart.com\/en\/wp-json\/wp\/v2\/media?parent=803"}],"wp:term":[{"taxonomy":"product_brand","embeddable":true,"href":"https:\/\/cirsaart.com\/en\/wp-json\/wp\/v2\/product_brand?post=803"},{"taxonomy":"product_cat","embeddable":true,"href":"https:\/\/cirsaart.com\/en\/wp-json\/wp\/v2\/product_cat?post=803"},{"taxonomy":"product_tag","embeddable":true,"href":"https:\/\/cirsaart.com\/en\/wp-json\/wp\/v2\/product_tag?post=803"}],"curies":[{"name":"wp","href":"https:\/\/api.w.org\/{rel}","templated":true}]}}