{"id":807,"date":"2025-06-30T14:21:00","date_gmt":"2025-06-30T14:21:00","guid":{"rendered":"https:\/\/cirsaart.com\/?post_type=product&#038;p=807"},"modified":"2025-07-26T20:18:23","modified_gmt":"2025-07-26T20:18:23","slug":"pendientes-boton-blanco-y-dorado","status":"publish","type":"product","link":"https:\/\/cirsaart.com\/en\/product\/pendientes-boton-blanco-y-dorado\/","title":{"rendered":"Pendientes Bot\u00f3n Blanco y Dorado"},"content":{"rendered":"<p data-start=\"163\" data-end=\"455\">Los pendientes bot\u00f3n blanco y dorado con un dise\u00f1o redondo y una ligera textura que recuerda al bordado. Llevan enganche de poste de acero inoxidable. Ligeros, c\u00f3modos y f\u00e1ciles de combinar.<\/p>\n<p data-start=\"457\" data-end=\"634\">\u2713 Hechos a mano con arcilla polim\u00e9rica<br data-start=\"495\" data-end=\"498\" \/>\u2713 Dise\u00f1o redondo en blanco y dorado<br data-start=\"533\" data-end=\"536\" \/>\u2713 Textura con efecto bordado<br data-start=\"564\" data-end=\"567\" \/>\u2713 Enganche de poste de acero inoxidable<br data-start=\"606\" data-end=\"609\" \/>\u2713 Ligeros y resistentes<\/p>\n<p data-start=\"636\" data-end=\"727\">Perfectos para cualquier ocasi\u00f3n, aportan un toque artesanal y luminoso a tu estilo diario.<\/p>\n<p data-start=\"729\" data-end=\"982\">Si te gustan los pendientes bot\u00f3n blanco y dorado, explora m\u00e1s de la colecci\u00f3n Gold <a class=\"\" href=\"https:\/\/cirsaart.com\/en\/product-category\/gold\/?v=151bb1da0f86\" target=\"_new\" rel=\"noopener\" data-start=\"813\" data-end=\"879\">aqu\u00ed<\/a>.<br data-start=\"880\" data-end=\"883\" \/>Descubre novedades y sobre el proceso creativo en <a class=\"\" href=\"https:\/\/www.instagram.com\/cirsa.art\" target=\"_new\" rel=\"noopener\" data-start=\"933\" data-end=\"982\">@cirsa.art<\/a><\/p>","protected":false},"excerpt":{"rendered":"<p data-start=\"1015\" data-end=\"1165\">Pendientes redondos de bot\u00f3n en blanco y dorado, con textura tipo bordado. Enganche de poste de acero inoxidable. Ligeros, c\u00f3modos y f\u00e1ciles de combinar.<\/p>","protected":false},"featured_media":835,"template":"","meta":[],"product_brand":[],"product_cat":[34],"product_tag":[],"class_list":{"0":"post-807","1":"product","2":"type-product","3":"status-publish","4":"has-post-thumbnail","6":"product_cat-gold","8":"first","9":"instock","10":"taxable","11":"shipping-taxable","12":"purchasable","13":"product-type-simple"},"yoast_head":"<!-- This site is optimized with the Yoast SEO plugin v27.4 - https:\/\/yoast.com\/product\/yoast-seo-wordpress\/ -->\n<title>Pendientes Bot\u00f3n Blanco y Dorado -<\/title>\n<meta name=\"description\" content=\"Pendientes bot\u00f3n blanco y dorado hechos a mano con arcilla polim\u00e9rica y poste de acero inoxidable. Dise\u00f1o redondo, texturizado y muy ligero.\" \/>\n<meta name=\"robots\" content=\"index, follow, max-snippet:-1, max-image-preview:large, max-video-preview:-1\" \/>\n<link rel=\"canonical\" href=\"https:\/\/cirsaart.com\/en\/product\/pendientes-boton-blanco-y-dorado\/\" \/>\n<meta property=\"og:locale\" content=\"en_GB\" \/>\n<meta property=\"og:type\" content=\"article\" \/>\n<meta property=\"og:title\" content=\"Pendientes Bot\u00f3n Blanco y Dorado -\" \/>\n<meta property=\"og:description\" content=\"Pendientes bot\u00f3n blanco y dorado hechos a mano con arcilla polim\u00e9rica y poste de acero inoxidable. Dise\u00f1o redondo, texturizado y muy ligero.\" \/>\n<meta property=\"og:url\" content=\"https:\/\/cirsaart.com\/en\/product\/pendientes-boton-blanco-y-dorado\/\" \/>\n<meta property=\"article:modified_time\" content=\"2025-07-26T20:18:23+00:00\" \/>\n<meta property=\"og:image\" content=\"https:\/\/cirsaart.com\/wp-content\/uploads\/2025\/06\/DSC_1892-1-scaled.jpg\" \/>\n\t<meta property=\"og:image:width\" content=\"2560\" \/>\n\t<meta property=\"og:image:height\" content=\"1782\" \/>\n\t<meta property=\"og:image:type\" content=\"image\/jpeg\" \/>\n<meta name=\"twitter:card\" content=\"summary_large_image\" \/>\n<meta name=\"twitter:label1\" content=\"Estimated reading time\" \/>\n\t<meta name=\"twitter:data1\" content=\"1 minute\" \/>\n<script type=\"application\/ld+json\" class=\"yoast-schema-graph\">{\"@context\":\"https:\\\/\\\/schema.org\",\"@graph\":[{\"@type\":\"WebPage\",\"@id\":\"https:\\\/\\\/cirsaart.com\\\/product\\\/pendientes-boton-blanco-y-dorado\\\/\",\"url\":\"https:\\\/\\\/cirsaart.com\\\/product\\\/pendientes-boton-blanco-y-dorado\\\/\",\"name\":\"Pendientes Bot\u00f3n Blanco y Dorado -\",\"isPartOf\":{\"@id\":\"https:\\\/\\\/cirsaart.com\\\/#website\"},\"primaryImageOfPage\":{\"@id\":\"https:\\\/\\\/cirsaart.com\\\/product\\\/pendientes-boton-blanco-y-dorado\\\/#primaryimage\"},\"image\":{\"@id\":\"https:\\\/\\\/cirsaart.com\\\/product\\\/pendientes-boton-blanco-y-dorado\\\/#primaryimage\"},\"thumbnailUrl\":\"https:\\\/\\\/cirsaart.com\\\/wp-content\\\/uploads\\\/2025\\\/06\\\/DSC_1892-1-scaled.jpg\",\"datePublished\":\"2025-06-30T14:21:00+00:00\",\"dateModified\":\"2025-07-26T20:18:23+00:00\",\"description\":\"Pendientes bot\u00f3n blanco y dorado hechos a mano con arcilla polim\u00e9rica y poste de acero inoxidable. Dise\u00f1o redondo, texturizado y muy ligero.\",\"breadcrumb\":{\"@id\":\"https:\\\/\\\/cirsaart.com\\\/product\\\/pendientes-boton-blanco-y-dorado\\\/#breadcrumb\"},\"inLanguage\":\"en-GB\",\"potentialAction\":[{\"@type\":\"ReadAction\",\"target\":[\"https:\\\/\\\/cirsaart.com\\\/product\\\/pendientes-boton-blanco-y-dorado\\\/\"]}]},{\"@type\":\"ImageObject\",\"inLanguage\":\"en-GB\",\"@id\":\"https:\\\/\\\/cirsaart.com\\\/product\\\/pendientes-boton-blanco-y-dorado\\\/#primaryimage\",\"url\":\"https:\\\/\\\/cirsaart.com\\\/wp-content\\\/uploads\\\/2025\\\/06\\\/DSC_1892-1-scaled.jpg\",\"contentUrl\":\"https:\\\/\\\/cirsaart.com\\\/wp-content\\\/uploads\\\/2025\\\/06\\\/DSC_1892-1-scaled.jpg\",\"width\":2560,\"height\":1782,\"caption\":\"Pendientes bot\u00f3n blanco y dorado\"},{\"@type\":\"BreadcrumbList\",\"@id\":\"https:\\\/\\\/cirsaart.com\\\/product\\\/pendientes-boton-blanco-y-dorado\\\/#breadcrumb\",\"itemListElement\":[{\"@type\":\"ListItem\",\"position\":1,\"name\":\"Home\",\"item\":\"https:\\\/\\\/cirsaart.com\\\/\"},{\"@type\":\"ListItem\",\"position\":2,\"name\":\"Tienda Cirsa Art\",\"item\":\"https:\\\/\\\/cirsaart.com\\\/tienda-cirsa-art\\\/\"},{\"@type\":\"ListItem\",\"position\":3,\"name\":\"Pendientes Bot\u00f3n Blanco y Dorado\"}]},{\"@type\":\"WebSite\",\"@id\":\"https:\\\/\\\/cirsaart.com\\\/#website\",\"url\":\"https:\\\/\\\/cirsaart.com\\\/\",\"name\":\"Cirsa Art\",\"description\":\"Bisuter\u00eda artesanal hecha a mano con arcilla polim\u00e9rica. Dise\u00f1os \u00fanicos creados para destacar tu esencia\",\"publisher\":{\"@id\":\"https:\\\/\\\/cirsaart.com\\\/#organization\"},\"alternateName\":\"Cirsa Art, Bisuter\u00eda Artesanal \u00danica\",\"potentialAction\":[{\"@type\":\"SearchAction\",\"target\":{\"@type\":\"EntryPoint\",\"urlTemplate\":\"https:\\\/\\\/cirsaart.com\\\/?s={search_term_string}\"},\"query-input\":{\"@type\":\"PropertyValueSpecification\",\"valueRequired\":true,\"valueName\":\"search_term_string\"}}],\"inLanguage\":\"en-GB\"},{\"@type\":\"Organization\",\"@id\":\"https:\\\/\\\/cirsaart.com\\\/#organization\",\"name\":\"Cirsa Art\",\"alternateName\":\"Cirsa Art, Bisuter\u00eda Artesanal \u00danica\",\"url\":\"https:\\\/\\\/cirsaart.com\\\/\",\"logo\":{\"@type\":\"ImageObject\",\"inLanguage\":\"en-GB\",\"@id\":\"https:\\\/\\\/cirsaart.com\\\/#\\\/schema\\\/logo\\\/image\\\/\",\"url\":\"https:\\\/\\\/cirsaart.com\\\/wp-content\\\/uploads\\\/2025\\\/06\\\/cropped-CIRSA-ART-LOGO-1_page-0001-1.jpg\",\"contentUrl\":\"https:\\\/\\\/cirsaart.com\\\/wp-content\\\/uploads\\\/2025\\\/06\\\/cropped-CIRSA-ART-LOGO-1_page-0001-1.jpg\",\"width\":240,\"height\":243,\"caption\":\"Cirsa Art\"},\"image\":{\"@id\":\"https:\\\/\\\/cirsaart.com\\\/#\\\/schema\\\/logo\\\/image\\\/\"}}]}<\/script>\n<!-- \/ Yoast SEO plugin. -->","yoast_head_json":{"title":"Pendientes Bot\u00f3n Blanco y Dorado -","description":"Pendientes bot\u00f3n blanco y dorado hechos a mano con arcilla polim\u00e9rica y poste de acero inoxidable. Dise\u00f1o redondo, texturizado y muy ligero.","robots":{"index":"index","follow":"follow","max-snippet":"max-snippet:-1","max-image-preview":"max-image-preview:large","max-video-preview":"max-video-preview:-1"},"canonical":"https:\/\/cirsaart.com\/en\/product\/pendientes-boton-blanco-y-dorado\/","og_locale":"en_GB","og_type":"article","og_title":"Pendientes Bot\u00f3n Blanco y Dorado -","og_description":"Pendientes bot\u00f3n blanco y dorado hechos a mano con arcilla polim\u00e9rica y poste de acero inoxidable. Dise\u00f1o redondo, texturizado y muy ligero.","og_url":"https:\/\/cirsaart.com\/en\/product\/pendientes-boton-blanco-y-dorado\/","article_modified_time":"2025-07-26T20:18:23+00:00","og_image":[{"width":2560,"height":1782,"url":"https:\/\/cirsaart.com\/wp-content\/uploads\/2025\/06\/DSC_1892-1-scaled.jpg","type":"image\/jpeg"}],"twitter_card":"summary_large_image","twitter_misc":{"Estimated reading time":"1 minute"},"schema":{"@context":"https:\/\/schema.org","@graph":[{"@type":"WebPage","@id":"https:\/\/cirsaart.com\/product\/pendientes-boton-blanco-y-dorado\/","url":"https:\/\/cirsaart.com\/product\/pendientes-boton-blanco-y-dorado\/","name":"Pendientes Bot\u00f3n Blanco y Dorado -","isPartOf":{"@id":"https:\/\/cirsaart.com\/#website"},"primaryImageOfPage":{"@id":"https:\/\/cirsaart.com\/product\/pendientes-boton-blanco-y-dorado\/#primaryimage"},"image":{"@id":"https:\/\/cirsaart.com\/product\/pendientes-boton-blanco-y-dorado\/#primaryimage"},"thumbnailUrl":"https:\/\/cirsaart.com\/wp-content\/uploads\/2025\/06\/DSC_1892-1-scaled.jpg","datePublished":"2025-06-30T14:21:00+00:00","dateModified":"2025-07-26T20:18:23+00:00","description":"Pendientes bot\u00f3n blanco y dorado hechos a mano con arcilla polim\u00e9rica y poste de acero inoxidable. Dise\u00f1o redondo, texturizado y muy ligero.","breadcrumb":{"@id":"https:\/\/cirsaart.com\/product\/pendientes-boton-blanco-y-dorado\/#breadcrumb"},"inLanguage":"en-GB","potentialAction":[{"@type":"ReadAction","target":["https:\/\/cirsaart.com\/product\/pendientes-boton-blanco-y-dorado\/"]}]},{"@type":"ImageObject","inLanguage":"en-GB","@id":"https:\/\/cirsaart.com\/product\/pendientes-boton-blanco-y-dorado\/#primaryimage","url":"https:\/\/cirsaart.com\/wp-content\/uploads\/2025\/06\/DSC_1892-1-scaled.jpg","contentUrl":"https:\/\/cirsaart.com\/wp-content\/uploads\/2025\/06\/DSC_1892-1-scaled.jpg","width":2560,"height":1782,"caption":"Pendientes bot\u00f3n blanco y dorado"},{"@type":"BreadcrumbList","@id":"https:\/\/cirsaart.com\/product\/pendientes-boton-blanco-y-dorado\/#breadcrumb","itemListElement":[{"@type":"ListItem","position":1,"name":"Home","item":"https:\/\/cirsaart.com\/"},{"@type":"ListItem","position":2,"name":"Tienda Cirsa Art","item":"https:\/\/cirsaart.com\/tienda-cirsa-art\/"},{"@type":"ListItem","position":3,"name":"Pendientes Bot\u00f3n Blanco y Dorado"}]},{"@type":"WebSite","@id":"https:\/\/cirsaart.com\/#website","url":"https:\/\/cirsaart.com\/","name":"Cirsa Art","description":"Bisuter\u00eda artesanal hecha a mano con arcilla polim\u00e9rica. Dise\u00f1os \u00fanicos creados para destacar tu esencia","publisher":{"@id":"https:\/\/cirsaart.com\/#organization"},"alternateName":"Cirsa Art, Bisuter\u00eda Artesanal \u00danica","potentialAction":[{"@type":"SearchAction","target":{"@type":"EntryPoint","urlTemplate":"https:\/\/cirsaart.com\/?s={search_term_string}"},"query-input":{"@type":"PropertyValueSpecification","valueRequired":true,"valueName":"search_term_string"}}],"inLanguage":"en-GB"},{"@type":"Organization","@id":"https:\/\/cirsaart.com\/#organization","name":"Cirsa Art","alternateName":"Cirsa Art, Bisuter\u00eda Artesanal \u00danica","url":"https:\/\/cirsaart.com\/","logo":{"@type":"ImageObject","inLanguage":"en-GB","@id":"https:\/\/cirsaart.com\/#\/schema\/logo\/image\/","url":"https:\/\/cirsaart.com\/wp-content\/uploads\/2025\/06\/cropped-CIRSA-ART-LOGO-1_page-0001-1.jpg","contentUrl":"https:\/\/cirsaart.com\/wp-content\/uploads\/2025\/06\/cropped-CIRSA-ART-LOGO-1_page-0001-1.jpg","width":240,"height":243,"caption":"Cirsa Art"},"image":{"@id":"https:\/\/cirsaart.com\/#\/schema\/logo\/image\/"}}]}},"_links":{"self":[{"href":"https:\/\/cirsaart.com\/en\/wp-json\/wp\/v2\/product\/807","targetHints":{"allow":["GET"]}}],"collection":[{"href":"https:\/\/cirsaart.com\/en\/wp-json\/wp\/v2\/product"}],"about":[{"href":"https:\/\/cirsaart.com\/en\/wp-json\/wp\/v2\/types\/product"}],"version-history":[{"count":2,"href":"https:\/\/cirsaart.com\/en\/wp-json\/wp\/v2\/product\/807\/revisions"}],"predecessor-version":[{"id":1465,"href":"https:\/\/cirsaart.com\/en\/wp-json\/wp\/v2\/product\/807\/revisions\/1465"}],"wp:featuredmedia":[{"embeddable":true,"href":"https:\/\/cirsaart.com\/en\/wp-json\/wp\/v2\/media\/835"}],"wp:attachment":[{"href":"https:\/\/cirsaart.com\/en\/wp-json\/wp\/v2\/media?parent=807"}],"wp:term":[{"taxonomy":"product_brand","embeddable":true,"href":"https:\/\/cirsaart.com\/en\/wp-json\/wp\/v2\/product_brand?post=807"},{"taxonomy":"product_cat","embeddable":true,"href":"https:\/\/cirsaart.com\/en\/wp-json\/wp\/v2\/product_cat?post=807"},{"taxonomy":"product_tag","embeddable":true,"href":"https:\/\/cirsaart.com\/en\/wp-json\/wp\/v2\/product_tag?post=807"}],"curies":[{"name":"wp","href":"https:\/\/api.w.org\/{rel}","templated":true}]}}