{"id":811,"date":"2025-06-30T14:33:06","date_gmt":"2025-06-30T14:33:06","guid":{"rendered":"https:\/\/cirsaart.com\/?post_type=product&#038;p=811"},"modified":"2025-07-26T20:17:58","modified_gmt":"2025-07-26T20:17:58","slug":"pendientes-triangulo-gold","status":"publish","type":"product","link":"https:\/\/cirsaart.com\/en\/product\/pendientes-triangulo-gold\/","title":{"rendered":"Pendientes Tri\u00e1ngulo Gold"},"content":{"rendered":"<p data-start=\"158\" data-end=\"479\">Pendientes Tri\u00e1ngulo Gold en dise\u00f1o triangular calado. Su forma geom\u00e9trica con hueco central aporta ligereza visual y un estilo moderno. Llevan enganche en forma de gota dorada de acero inoxidable.<\/p>\n<p data-start=\"481\" data-end=\"658\">\u2713 Hechos a mano con arcilla polim\u00e9rica<br data-start=\"519\" data-end=\"522\" \/>\u2713 Dise\u00f1o triangular calado en blanco y dorado<br data-start=\"567\" data-end=\"570\" \/>\u2713 Enganche en forma de gota de acero inoxidable<br data-start=\"617\" data-end=\"620\" \/>\u2713 Ligeros y con estilo contempor\u00e1neo<\/p>\n<p data-start=\"660\" data-end=\"742\">Ideales para elevar cualquier look, desde el d\u00eda a d\u00eda hasta una ocasi\u00f3n especial.<\/p>\n<p data-start=\"744\" data-end=\"990\">Si te gustan los pendientes Tri\u00e1ngulo Gold, explora m\u00e1s de la colecci\u00f3n <a class=\"\" href=\"https:\/\/cirsaart.com\/en\/product-category\/gold\/?v=151bb1da0f86\" target=\"_new\" rel=\"noopener\" data-start=\"821\" data-end=\"887\">aqu\u00ed<\/a>.<br data-start=\"888\" data-end=\"891\" \/>Descubre novedades y sobre el proceso creativo en <a class=\"\" href=\"https:\/\/www.instagram.com\/cirsa.art\" target=\"_new\" rel=\"noopener\" data-start=\"941\" data-end=\"990\">@cirsa.art<\/a><\/p>","protected":false},"excerpt":{"rendered":"<p data-start=\"1023\" data-end=\"1190\">Pendientes triangulares calados en blanco y dorado. Enganche en forma de gota dorada de acero inoxidable. Ligeros y con car\u00e1cter.<\/p>","protected":false},"featured_media":834,"template":"","meta":[],"product_brand":[],"product_cat":[34],"product_tag":[],"class_list":{"0":"post-811","1":"product","2":"type-product","3":"status-publish","4":"has-post-thumbnail","6":"product_cat-gold","8":"first","9":"instock","10":"taxable","11":"shipping-taxable","12":"purchasable","13":"product-type-simple"},"yoast_head":"<!-- This site is optimized with the Yoast SEO plugin v27.4 - https:\/\/yoast.com\/product\/yoast-seo-wordpress\/ -->\n<title>Pendientes Tri\u00e1ngulo Gold -<\/title>\n<meta name=\"description\" content=\"Pendientes Tri\u00e1ngulo Gold hechos a mano en arcilla polim\u00e9rica blanca y dorada, con enganche de gota de acero inoxidable. Dise\u00f1o moderno, ligero y elegante.\" \/>\n<meta name=\"robots\" content=\"index, follow, max-snippet:-1, max-image-preview:large, max-video-preview:-1\" \/>\n<link rel=\"canonical\" href=\"https:\/\/cirsaart.com\/en\/product\/pendientes-triangulo-gold\/\" \/>\n<meta property=\"og:locale\" content=\"en_GB\" \/>\n<meta property=\"og:type\" content=\"article\" \/>\n<meta property=\"og:title\" content=\"Pendientes Tri\u00e1ngulo Gold -\" \/>\n<meta property=\"og:description\" content=\"Pendientes Tri\u00e1ngulo Gold hechos a mano en arcilla polim\u00e9rica blanca y dorada, con enganche de gota de acero inoxidable. Dise\u00f1o moderno, ligero y elegante.\" \/>\n<meta property=\"og:url\" content=\"https:\/\/cirsaart.com\/en\/product\/pendientes-triangulo-gold\/\" \/>\n<meta property=\"article:modified_time\" content=\"2025-07-26T20:17:58+00:00\" \/>\n<meta property=\"og:image\" content=\"https:\/\/cirsaart.com\/wp-content\/uploads\/2025\/06\/DSC_1837-1-scaled.jpg\" \/>\n\t<meta property=\"og:image:width\" content=\"2560\" \/>\n\t<meta property=\"og:image:height\" content=\"2035\" \/>\n\t<meta property=\"og:image:type\" content=\"image\/jpeg\" \/>\n<meta name=\"twitter:card\" content=\"summary_large_image\" \/>\n<meta name=\"twitter:label1\" content=\"Estimated reading time\" \/>\n\t<meta name=\"twitter:data1\" content=\"1 minute\" \/>\n<script type=\"application\/ld+json\" class=\"yoast-schema-graph\">{\"@context\":\"https:\\\/\\\/schema.org\",\"@graph\":[{\"@type\":\"WebPage\",\"@id\":\"https:\\\/\\\/cirsaart.com\\\/product\\\/pendientes-triangulo-gold\\\/\",\"url\":\"https:\\\/\\\/cirsaart.com\\\/product\\\/pendientes-triangulo-gold\\\/\",\"name\":\"Pendientes Tri\u00e1ngulo Gold -\",\"isPartOf\":{\"@id\":\"https:\\\/\\\/cirsaart.com\\\/#website\"},\"primaryImageOfPage\":{\"@id\":\"https:\\\/\\\/cirsaart.com\\\/product\\\/pendientes-triangulo-gold\\\/#primaryimage\"},\"image\":{\"@id\":\"https:\\\/\\\/cirsaart.com\\\/product\\\/pendientes-triangulo-gold\\\/#primaryimage\"},\"thumbnailUrl\":\"https:\\\/\\\/cirsaart.com\\\/wp-content\\\/uploads\\\/2025\\\/06\\\/DSC_1837-1-scaled.jpg\",\"datePublished\":\"2025-06-30T14:33:06+00:00\",\"dateModified\":\"2025-07-26T20:17:58+00:00\",\"description\":\"Pendientes Tri\u00e1ngulo Gold hechos a mano en arcilla polim\u00e9rica blanca y dorada, con enganche de gota de acero inoxidable. Dise\u00f1o moderno, ligero y elegante.\",\"breadcrumb\":{\"@id\":\"https:\\\/\\\/cirsaart.com\\\/product\\\/pendientes-triangulo-gold\\\/#breadcrumb\"},\"inLanguage\":\"en-GB\",\"potentialAction\":[{\"@type\":\"ReadAction\",\"target\":[\"https:\\\/\\\/cirsaart.com\\\/product\\\/pendientes-triangulo-gold\\\/\"]}]},{\"@type\":\"ImageObject\",\"inLanguage\":\"en-GB\",\"@id\":\"https:\\\/\\\/cirsaart.com\\\/product\\\/pendientes-triangulo-gold\\\/#primaryimage\",\"url\":\"https:\\\/\\\/cirsaart.com\\\/wp-content\\\/uploads\\\/2025\\\/06\\\/DSC_1837-1-scaled.jpg\",\"contentUrl\":\"https:\\\/\\\/cirsaart.com\\\/wp-content\\\/uploads\\\/2025\\\/06\\\/DSC_1837-1-scaled.jpg\",\"width\":2560,\"height\":2035,\"caption\":\"Pendientes tri\u00e1ngulo gold\"},{\"@type\":\"BreadcrumbList\",\"@id\":\"https:\\\/\\\/cirsaart.com\\\/product\\\/pendientes-triangulo-gold\\\/#breadcrumb\",\"itemListElement\":[{\"@type\":\"ListItem\",\"position\":1,\"name\":\"Home\",\"item\":\"https:\\\/\\\/cirsaart.com\\\/\"},{\"@type\":\"ListItem\",\"position\":2,\"name\":\"Tienda Cirsa Art\",\"item\":\"https:\\\/\\\/cirsaart.com\\\/tienda-cirsa-art\\\/\"},{\"@type\":\"ListItem\",\"position\":3,\"name\":\"Pendientes Tri\u00e1ngulo Gold\"}]},{\"@type\":\"WebSite\",\"@id\":\"https:\\\/\\\/cirsaart.com\\\/#website\",\"url\":\"https:\\\/\\\/cirsaart.com\\\/\",\"name\":\"Cirsa Art\",\"description\":\"Bisuter\u00eda artesanal hecha a mano con arcilla polim\u00e9rica. Dise\u00f1os \u00fanicos creados para destacar tu esencia\",\"publisher\":{\"@id\":\"https:\\\/\\\/cirsaart.com\\\/#organization\"},\"alternateName\":\"Cirsa Art, Bisuter\u00eda Artesanal \u00danica\",\"potentialAction\":[{\"@type\":\"SearchAction\",\"target\":{\"@type\":\"EntryPoint\",\"urlTemplate\":\"https:\\\/\\\/cirsaart.com\\\/?s={search_term_string}\"},\"query-input\":{\"@type\":\"PropertyValueSpecification\",\"valueRequired\":true,\"valueName\":\"search_term_string\"}}],\"inLanguage\":\"en-GB\"},{\"@type\":\"Organization\",\"@id\":\"https:\\\/\\\/cirsaart.com\\\/#organization\",\"name\":\"Cirsa Art\",\"alternateName\":\"Cirsa Art, Bisuter\u00eda Artesanal \u00danica\",\"url\":\"https:\\\/\\\/cirsaart.com\\\/\",\"logo\":{\"@type\":\"ImageObject\",\"inLanguage\":\"en-GB\",\"@id\":\"https:\\\/\\\/cirsaart.com\\\/#\\\/schema\\\/logo\\\/image\\\/\",\"url\":\"https:\\\/\\\/cirsaart.com\\\/wp-content\\\/uploads\\\/2025\\\/06\\\/cropped-CIRSA-ART-LOGO-1_page-0001-1.jpg\",\"contentUrl\":\"https:\\\/\\\/cirsaart.com\\\/wp-content\\\/uploads\\\/2025\\\/06\\\/cropped-CIRSA-ART-LOGO-1_page-0001-1.jpg\",\"width\":240,\"height\":243,\"caption\":\"Cirsa Art\"},\"image\":{\"@id\":\"https:\\\/\\\/cirsaart.com\\\/#\\\/schema\\\/logo\\\/image\\\/\"}}]}<\/script>\n<!-- \/ Yoast SEO plugin. -->","yoast_head_json":{"title":"Pendientes Tri\u00e1ngulo Gold -","description":"Pendientes Tri\u00e1ngulo Gold hechos a mano en arcilla polim\u00e9rica blanca y dorada, con enganche de gota de acero inoxidable. Dise\u00f1o moderno, ligero y elegante.","robots":{"index":"index","follow":"follow","max-snippet":"max-snippet:-1","max-image-preview":"max-image-preview:large","max-video-preview":"max-video-preview:-1"},"canonical":"https:\/\/cirsaart.com\/en\/product\/pendientes-triangulo-gold\/","og_locale":"en_GB","og_type":"article","og_title":"Pendientes Tri\u00e1ngulo Gold -","og_description":"Pendientes Tri\u00e1ngulo Gold hechos a mano en arcilla polim\u00e9rica blanca y dorada, con enganche de gota de acero inoxidable. Dise\u00f1o moderno, ligero y elegante.","og_url":"https:\/\/cirsaart.com\/en\/product\/pendientes-triangulo-gold\/","article_modified_time":"2025-07-26T20:17:58+00:00","og_image":[{"width":2560,"height":2035,"url":"https:\/\/cirsaart.com\/wp-content\/uploads\/2025\/06\/DSC_1837-1-scaled.jpg","type":"image\/jpeg"}],"twitter_card":"summary_large_image","twitter_misc":{"Estimated reading time":"1 minute"},"schema":{"@context":"https:\/\/schema.org","@graph":[{"@type":"WebPage","@id":"https:\/\/cirsaart.com\/product\/pendientes-triangulo-gold\/","url":"https:\/\/cirsaart.com\/product\/pendientes-triangulo-gold\/","name":"Pendientes Tri\u00e1ngulo Gold -","isPartOf":{"@id":"https:\/\/cirsaart.com\/#website"},"primaryImageOfPage":{"@id":"https:\/\/cirsaart.com\/product\/pendientes-triangulo-gold\/#primaryimage"},"image":{"@id":"https:\/\/cirsaart.com\/product\/pendientes-triangulo-gold\/#primaryimage"},"thumbnailUrl":"https:\/\/cirsaart.com\/wp-content\/uploads\/2025\/06\/DSC_1837-1-scaled.jpg","datePublished":"2025-06-30T14:33:06+00:00","dateModified":"2025-07-26T20:17:58+00:00","description":"Pendientes Tri\u00e1ngulo Gold hechos a mano en arcilla polim\u00e9rica blanca y dorada, con enganche de gota de acero inoxidable. Dise\u00f1o moderno, ligero y elegante.","breadcrumb":{"@id":"https:\/\/cirsaart.com\/product\/pendientes-triangulo-gold\/#breadcrumb"},"inLanguage":"en-GB","potentialAction":[{"@type":"ReadAction","target":["https:\/\/cirsaart.com\/product\/pendientes-triangulo-gold\/"]}]},{"@type":"ImageObject","inLanguage":"en-GB","@id":"https:\/\/cirsaart.com\/product\/pendientes-triangulo-gold\/#primaryimage","url":"https:\/\/cirsaart.com\/wp-content\/uploads\/2025\/06\/DSC_1837-1-scaled.jpg","contentUrl":"https:\/\/cirsaart.com\/wp-content\/uploads\/2025\/06\/DSC_1837-1-scaled.jpg","width":2560,"height":2035,"caption":"Pendientes tri\u00e1ngulo gold"},{"@type":"BreadcrumbList","@id":"https:\/\/cirsaart.com\/product\/pendientes-triangulo-gold\/#breadcrumb","itemListElement":[{"@type":"ListItem","position":1,"name":"Home","item":"https:\/\/cirsaart.com\/"},{"@type":"ListItem","position":2,"name":"Tienda Cirsa Art","item":"https:\/\/cirsaart.com\/tienda-cirsa-art\/"},{"@type":"ListItem","position":3,"name":"Pendientes Tri\u00e1ngulo Gold"}]},{"@type":"WebSite","@id":"https:\/\/cirsaart.com\/#website","url":"https:\/\/cirsaart.com\/","name":"Cirsa Art","description":"Bisuter\u00eda artesanal hecha a mano con arcilla polim\u00e9rica. Dise\u00f1os \u00fanicos creados para destacar tu esencia","publisher":{"@id":"https:\/\/cirsaart.com\/#organization"},"alternateName":"Cirsa Art, Bisuter\u00eda Artesanal \u00danica","potentialAction":[{"@type":"SearchAction","target":{"@type":"EntryPoint","urlTemplate":"https:\/\/cirsaart.com\/?s={search_term_string}"},"query-input":{"@type":"PropertyValueSpecification","valueRequired":true,"valueName":"search_term_string"}}],"inLanguage":"en-GB"},{"@type":"Organization","@id":"https:\/\/cirsaart.com\/#organization","name":"Cirsa Art","alternateName":"Cirsa Art, Bisuter\u00eda Artesanal \u00danica","url":"https:\/\/cirsaart.com\/","logo":{"@type":"ImageObject","inLanguage":"en-GB","@id":"https:\/\/cirsaart.com\/#\/schema\/logo\/image\/","url":"https:\/\/cirsaart.com\/wp-content\/uploads\/2025\/06\/cropped-CIRSA-ART-LOGO-1_page-0001-1.jpg","contentUrl":"https:\/\/cirsaart.com\/wp-content\/uploads\/2025\/06\/cropped-CIRSA-ART-LOGO-1_page-0001-1.jpg","width":240,"height":243,"caption":"Cirsa Art"},"image":{"@id":"https:\/\/cirsaart.com\/#\/schema\/logo\/image\/"}}]}},"_links":{"self":[{"href":"https:\/\/cirsaart.com\/en\/wp-json\/wp\/v2\/product\/811","targetHints":{"allow":["GET"]}}],"collection":[{"href":"https:\/\/cirsaart.com\/en\/wp-json\/wp\/v2\/product"}],"about":[{"href":"https:\/\/cirsaart.com\/en\/wp-json\/wp\/v2\/types\/product"}],"version-history":[{"count":2,"href":"https:\/\/cirsaart.com\/en\/wp-json\/wp\/v2\/product\/811\/revisions"}],"predecessor-version":[{"id":1466,"href":"https:\/\/cirsaart.com\/en\/wp-json\/wp\/v2\/product\/811\/revisions\/1466"}],"wp:featuredmedia":[{"embeddable":true,"href":"https:\/\/cirsaart.com\/en\/wp-json\/wp\/v2\/media\/834"}],"wp:attachment":[{"href":"https:\/\/cirsaart.com\/en\/wp-json\/wp\/v2\/media?parent=811"}],"wp:term":[{"taxonomy":"product_brand","embeddable":true,"href":"https:\/\/cirsaart.com\/en\/wp-json\/wp\/v2\/product_brand?post=811"},{"taxonomy":"product_cat","embeddable":true,"href":"https:\/\/cirsaart.com\/en\/wp-json\/wp\/v2\/product_cat?post=811"},{"taxonomy":"product_tag","embeddable":true,"href":"https:\/\/cirsaart.com\/en\/wp-json\/wp\/v2\/product_tag?post=811"}],"curies":[{"name":"wp","href":"https:\/\/api.w.org\/{rel}","templated":true}]}}