{"id":815,"date":"2025-06-30T15:03:10","date_gmt":"2025-06-30T15:03:10","guid":{"rendered":"https:\/\/cirsaart.com\/?post_type=product&#038;p=815"},"modified":"2025-07-26T20:17:34","modified_gmt":"2025-07-26T20:17:34","slug":"pendientes-ondula-gold","status":"publish","type":"product","link":"https:\/\/cirsaart.com\/en\/product\/pendientes-ondula-gold\/","title":{"rendered":"Pendientes Ondula Gold"},"content":{"rendered":"<p data-start=\"164\" data-end=\"488\">Pendientes Ondula Gold con forma de \u00f3valo irregular. Su superficie lleva grabado un dise\u00f1o fluido con espirales y ondas horizontales que recorren la pieza de arriba abajo. Llevan enganche de bola dorada de acero inoxidable.<\/p>\n<p data-start=\"490\" data-end=\"712\">\u2713 Hechos a mano con arcilla polim\u00e9rica<br data-start=\"528\" data-end=\"531\" \/>\u2713 Dise\u00f1o ovalado irregular con grabado en espiral y ondas<br data-start=\"588\" data-end=\"591\" \/>\u2713 Color dorado con acabado artesanal<br data-start=\"627\" data-end=\"630\" \/>\u2713 Enganche de bola dorada de acero inoxidable<br data-start=\"675\" data-end=\"678\" \/>\u2713 Ligeros y con presencia visual<\/p>\n<p data-start=\"714\" data-end=\"820\">Perfectos para quienes buscan piezas distintas, con car\u00e1cter y movimiento. Ideales para cualquier ocasi\u00f3n.<\/p>\n<p data-start=\"822\" data-end=\"1065\">Si te gustan los pendientes Ondula Gold, explora m\u00e1s de la colecci\u00f3n Gold <a class=\"\" href=\"https:\/\/cirsaart.com\/en\/product-category\/gold\/?v=151bb1da0f86\" target=\"_new\" rel=\"noopener\" data-start=\"896\" data-end=\"962\">aqu\u00ed<\/a>.<br data-start=\"963\" data-end=\"966\" \/>Descubre novedades y sobre el proceso creativo en <a class=\"\" href=\"https:\/\/www.instagram.com\/cirsa.art\" target=\"_new\" rel=\"noopener\" data-start=\"1016\" data-end=\"1065\">@cirsa.art<\/a><\/p>","protected":false},"excerpt":{"rendered":"<p>Pendientes en forma de \u00f3valo irregular con dise\u00f1o grabado en espirales y ondas horizontales. Color dorado, ocre y blanco. Enganche de bola dorada de acero inoxidable. C\u00f3modos y ligeros.<\/p>","protected":false},"featured_media":824,"template":"","meta":[],"product_brand":[],"product_cat":[34],"product_tag":[],"class_list":{"0":"post-815","1":"product","2":"type-product","3":"status-publish","4":"has-post-thumbnail","6":"product_cat-gold","8":"first","9":"instock","10":"taxable","11":"shipping-taxable","12":"purchasable","13":"product-type-simple"},"yoast_head":"<!-- This site is optimized with the Yoast SEO plugin v27.4 - https:\/\/yoast.com\/product\/yoast-seo-wordpress\/ -->\n<title>Pendientes Ondula Gold -<\/title>\n<meta name=\"description\" content=\"Pendientes Ondula Gold, dise\u00f1o ovalado irregular con espirales y ondas, en color dorado y blanco con enganche de bola dorada de acero inoxidable.\" \/>\n<meta name=\"robots\" content=\"index, follow, max-snippet:-1, max-image-preview:large, max-video-preview:-1\" \/>\n<link rel=\"canonical\" href=\"https:\/\/cirsaart.com\/en\/product\/pendientes-ondula-gold\/\" \/>\n<meta property=\"og:locale\" content=\"en_GB\" \/>\n<meta property=\"og:type\" content=\"article\" \/>\n<meta property=\"og:title\" content=\"Pendientes Ondula Gold -\" \/>\n<meta property=\"og:description\" content=\"Pendientes Ondula Gold, dise\u00f1o ovalado irregular con espirales y ondas, en color dorado y blanco con enganche de bola dorada de acero inoxidable.\" \/>\n<meta property=\"og:url\" content=\"https:\/\/cirsaart.com\/en\/product\/pendientes-ondula-gold\/\" \/>\n<meta property=\"article:modified_time\" content=\"2025-07-26T20:17:34+00:00\" \/>\n<meta property=\"og:image\" content=\"https:\/\/cirsaart.com\/wp-content\/uploads\/2025\/06\/DSC_1865-scaled.jpg\" \/>\n\t<meta property=\"og:image:width\" content=\"2560\" \/>\n\t<meta property=\"og:image:height\" content=\"2016\" \/>\n\t<meta property=\"og:image:type\" content=\"image\/jpeg\" \/>\n<meta name=\"twitter:card\" content=\"summary_large_image\" \/>\n<meta name=\"twitter:label1\" content=\"Estimated reading time\" \/>\n\t<meta name=\"twitter:data1\" content=\"1 minute\" \/>\n<script type=\"application\/ld+json\" class=\"yoast-schema-graph\">{\"@context\":\"https:\\\/\\\/schema.org\",\"@graph\":[{\"@type\":\"WebPage\",\"@id\":\"https:\\\/\\\/cirsaart.com\\\/product\\\/pendientes-ondula-gold\\\/\",\"url\":\"https:\\\/\\\/cirsaart.com\\\/product\\\/pendientes-ondula-gold\\\/\",\"name\":\"Pendientes Ondula Gold -\",\"isPartOf\":{\"@id\":\"https:\\\/\\\/cirsaart.com\\\/#website\"},\"primaryImageOfPage\":{\"@id\":\"https:\\\/\\\/cirsaart.com\\\/product\\\/pendientes-ondula-gold\\\/#primaryimage\"},\"image\":{\"@id\":\"https:\\\/\\\/cirsaart.com\\\/product\\\/pendientes-ondula-gold\\\/#primaryimage\"},\"thumbnailUrl\":\"https:\\\/\\\/cirsaart.com\\\/wp-content\\\/uploads\\\/2025\\\/06\\\/DSC_1865-scaled.jpg\",\"datePublished\":\"2025-06-30T15:03:10+00:00\",\"dateModified\":\"2025-07-26T20:17:34+00:00\",\"description\":\"Pendientes Ondula Gold, dise\u00f1o ovalado irregular con espirales y ondas, en color dorado y blanco con enganche de bola dorada de acero inoxidable.\",\"breadcrumb\":{\"@id\":\"https:\\\/\\\/cirsaart.com\\\/product\\\/pendientes-ondula-gold\\\/#breadcrumb\"},\"inLanguage\":\"en-GB\",\"potentialAction\":[{\"@type\":\"ReadAction\",\"target\":[\"https:\\\/\\\/cirsaart.com\\\/product\\\/pendientes-ondula-gold\\\/\"]}]},{\"@type\":\"ImageObject\",\"inLanguage\":\"en-GB\",\"@id\":\"https:\\\/\\\/cirsaart.com\\\/product\\\/pendientes-ondula-gold\\\/#primaryimage\",\"url\":\"https:\\\/\\\/cirsaart.com\\\/wp-content\\\/uploads\\\/2025\\\/06\\\/DSC_1865-scaled.jpg\",\"contentUrl\":\"https:\\\/\\\/cirsaart.com\\\/wp-content\\\/uploads\\\/2025\\\/06\\\/DSC_1865-scaled.jpg\",\"width\":2560,\"height\":2016,\"caption\":\"pendientes Ondula Gold\"},{\"@type\":\"BreadcrumbList\",\"@id\":\"https:\\\/\\\/cirsaart.com\\\/product\\\/pendientes-ondula-gold\\\/#breadcrumb\",\"itemListElement\":[{\"@type\":\"ListItem\",\"position\":1,\"name\":\"Home\",\"item\":\"https:\\\/\\\/cirsaart.com\\\/\"},{\"@type\":\"ListItem\",\"position\":2,\"name\":\"Tienda Cirsa Art\",\"item\":\"https:\\\/\\\/cirsaart.com\\\/tienda-cirsa-art\\\/\"},{\"@type\":\"ListItem\",\"position\":3,\"name\":\"Pendientes Ondula Gold\"}]},{\"@type\":\"WebSite\",\"@id\":\"https:\\\/\\\/cirsaart.com\\\/#website\",\"url\":\"https:\\\/\\\/cirsaart.com\\\/\",\"name\":\"Cirsa Art\",\"description\":\"Bisuter\u00eda artesanal hecha a mano con arcilla polim\u00e9rica. Dise\u00f1os \u00fanicos creados para destacar tu esencia\",\"publisher\":{\"@id\":\"https:\\\/\\\/cirsaart.com\\\/#organization\"},\"alternateName\":\"Cirsa Art, Bisuter\u00eda Artesanal \u00danica\",\"potentialAction\":[{\"@type\":\"SearchAction\",\"target\":{\"@type\":\"EntryPoint\",\"urlTemplate\":\"https:\\\/\\\/cirsaart.com\\\/?s={search_term_string}\"},\"query-input\":{\"@type\":\"PropertyValueSpecification\",\"valueRequired\":true,\"valueName\":\"search_term_string\"}}],\"inLanguage\":\"en-GB\"},{\"@type\":\"Organization\",\"@id\":\"https:\\\/\\\/cirsaart.com\\\/#organization\",\"name\":\"Cirsa Art\",\"alternateName\":\"Cirsa Art, Bisuter\u00eda Artesanal \u00danica\",\"url\":\"https:\\\/\\\/cirsaart.com\\\/\",\"logo\":{\"@type\":\"ImageObject\",\"inLanguage\":\"en-GB\",\"@id\":\"https:\\\/\\\/cirsaart.com\\\/#\\\/schema\\\/logo\\\/image\\\/\",\"url\":\"https:\\\/\\\/cirsaart.com\\\/wp-content\\\/uploads\\\/2025\\\/06\\\/cropped-CIRSA-ART-LOGO-1_page-0001-1.jpg\",\"contentUrl\":\"https:\\\/\\\/cirsaart.com\\\/wp-content\\\/uploads\\\/2025\\\/06\\\/cropped-CIRSA-ART-LOGO-1_page-0001-1.jpg\",\"width\":240,\"height\":243,\"caption\":\"Cirsa Art\"},\"image\":{\"@id\":\"https:\\\/\\\/cirsaart.com\\\/#\\\/schema\\\/logo\\\/image\\\/\"}}]}<\/script>\n<!-- \/ Yoast SEO plugin. -->","yoast_head_json":{"title":"Pendientes Ondula Gold -","description":"Pendientes Ondula Gold, dise\u00f1o ovalado irregular con espirales y ondas, en color dorado y blanco con enganche de bola dorada de acero inoxidable.","robots":{"index":"index","follow":"follow","max-snippet":"max-snippet:-1","max-image-preview":"max-image-preview:large","max-video-preview":"max-video-preview:-1"},"canonical":"https:\/\/cirsaart.com\/en\/product\/pendientes-ondula-gold\/","og_locale":"en_GB","og_type":"article","og_title":"Pendientes Ondula Gold -","og_description":"Pendientes Ondula Gold, dise\u00f1o ovalado irregular con espirales y ondas, en color dorado y blanco con enganche de bola dorada de acero inoxidable.","og_url":"https:\/\/cirsaart.com\/en\/product\/pendientes-ondula-gold\/","article_modified_time":"2025-07-26T20:17:34+00:00","og_image":[{"width":2560,"height":2016,"url":"https:\/\/cirsaart.com\/wp-content\/uploads\/2025\/06\/DSC_1865-scaled.jpg","type":"image\/jpeg"}],"twitter_card":"summary_large_image","twitter_misc":{"Estimated reading time":"1 minute"},"schema":{"@context":"https:\/\/schema.org","@graph":[{"@type":"WebPage","@id":"https:\/\/cirsaart.com\/product\/pendientes-ondula-gold\/","url":"https:\/\/cirsaart.com\/product\/pendientes-ondula-gold\/","name":"Pendientes Ondula Gold -","isPartOf":{"@id":"https:\/\/cirsaart.com\/#website"},"primaryImageOfPage":{"@id":"https:\/\/cirsaart.com\/product\/pendientes-ondula-gold\/#primaryimage"},"image":{"@id":"https:\/\/cirsaart.com\/product\/pendientes-ondula-gold\/#primaryimage"},"thumbnailUrl":"https:\/\/cirsaart.com\/wp-content\/uploads\/2025\/06\/DSC_1865-scaled.jpg","datePublished":"2025-06-30T15:03:10+00:00","dateModified":"2025-07-26T20:17:34+00:00","description":"Pendientes Ondula Gold, dise\u00f1o ovalado irregular con espirales y ondas, en color dorado y blanco con enganche de bola dorada de acero inoxidable.","breadcrumb":{"@id":"https:\/\/cirsaart.com\/product\/pendientes-ondula-gold\/#breadcrumb"},"inLanguage":"en-GB","potentialAction":[{"@type":"ReadAction","target":["https:\/\/cirsaart.com\/product\/pendientes-ondula-gold\/"]}]},{"@type":"ImageObject","inLanguage":"en-GB","@id":"https:\/\/cirsaart.com\/product\/pendientes-ondula-gold\/#primaryimage","url":"https:\/\/cirsaart.com\/wp-content\/uploads\/2025\/06\/DSC_1865-scaled.jpg","contentUrl":"https:\/\/cirsaart.com\/wp-content\/uploads\/2025\/06\/DSC_1865-scaled.jpg","width":2560,"height":2016,"caption":"pendientes Ondula Gold"},{"@type":"BreadcrumbList","@id":"https:\/\/cirsaart.com\/product\/pendientes-ondula-gold\/#breadcrumb","itemListElement":[{"@type":"ListItem","position":1,"name":"Home","item":"https:\/\/cirsaart.com\/"},{"@type":"ListItem","position":2,"name":"Tienda Cirsa Art","item":"https:\/\/cirsaart.com\/tienda-cirsa-art\/"},{"@type":"ListItem","position":3,"name":"Pendientes Ondula Gold"}]},{"@type":"WebSite","@id":"https:\/\/cirsaart.com\/#website","url":"https:\/\/cirsaart.com\/","name":"Cirsa Art","description":"Bisuter\u00eda artesanal hecha a mano con arcilla polim\u00e9rica. Dise\u00f1os \u00fanicos creados para destacar tu esencia","publisher":{"@id":"https:\/\/cirsaart.com\/#organization"},"alternateName":"Cirsa Art, Bisuter\u00eda Artesanal \u00danica","potentialAction":[{"@type":"SearchAction","target":{"@type":"EntryPoint","urlTemplate":"https:\/\/cirsaart.com\/?s={search_term_string}"},"query-input":{"@type":"PropertyValueSpecification","valueRequired":true,"valueName":"search_term_string"}}],"inLanguage":"en-GB"},{"@type":"Organization","@id":"https:\/\/cirsaart.com\/#organization","name":"Cirsa Art","alternateName":"Cirsa Art, Bisuter\u00eda Artesanal \u00danica","url":"https:\/\/cirsaart.com\/","logo":{"@type":"ImageObject","inLanguage":"en-GB","@id":"https:\/\/cirsaart.com\/#\/schema\/logo\/image\/","url":"https:\/\/cirsaart.com\/wp-content\/uploads\/2025\/06\/cropped-CIRSA-ART-LOGO-1_page-0001-1.jpg","contentUrl":"https:\/\/cirsaart.com\/wp-content\/uploads\/2025\/06\/cropped-CIRSA-ART-LOGO-1_page-0001-1.jpg","width":240,"height":243,"caption":"Cirsa Art"},"image":{"@id":"https:\/\/cirsaart.com\/#\/schema\/logo\/image\/"}}]}},"_links":{"self":[{"href":"https:\/\/cirsaart.com\/en\/wp-json\/wp\/v2\/product\/815","targetHints":{"allow":["GET"]}}],"collection":[{"href":"https:\/\/cirsaart.com\/en\/wp-json\/wp\/v2\/product"}],"about":[{"href":"https:\/\/cirsaart.com\/en\/wp-json\/wp\/v2\/types\/product"}],"version-history":[{"count":3,"href":"https:\/\/cirsaart.com\/en\/wp-json\/wp\/v2\/product\/815\/revisions"}],"predecessor-version":[{"id":1467,"href":"https:\/\/cirsaart.com\/en\/wp-json\/wp\/v2\/product\/815\/revisions\/1467"}],"wp:featuredmedia":[{"embeddable":true,"href":"https:\/\/cirsaart.com\/en\/wp-json\/wp\/v2\/media\/824"}],"wp:attachment":[{"href":"https:\/\/cirsaart.com\/en\/wp-json\/wp\/v2\/media?parent=815"}],"wp:term":[{"taxonomy":"product_brand","embeddable":true,"href":"https:\/\/cirsaart.com\/en\/wp-json\/wp\/v2\/product_brand?post=815"},{"taxonomy":"product_cat","embeddable":true,"href":"https:\/\/cirsaart.com\/en\/wp-json\/wp\/v2\/product_cat?post=815"},{"taxonomy":"product_tag","embeddable":true,"href":"https:\/\/cirsaart.com\/en\/wp-json\/wp\/v2\/product_tag?post=815"}],"curies":[{"name":"wp","href":"https:\/\/api.w.org\/{rel}","templated":true}]}}