{"id":837,"date":"2025-06-30T16:09:53","date_gmt":"2025-06-30T16:09:53","guid":{"rendered":"https:\/\/cirsaart.com\/?post_type=product&#038;p=837"},"modified":"2025-07-26T20:16:29","modified_gmt":"2025-07-26T20:16:29","slug":"pendientes-orbita-gold","status":"publish","type":"product","link":"https:\/\/cirsaart.com\/en\/product\/pendientes-orbita-gold\/","title":{"rendered":"Pendientes \u00d3rbita Gold"},"content":{"rendered":"<p data-start=\"145\" data-end=\"509\">Pendientes \u00d3rbita Gold en forma de donut con textura en blanco y dorado. Cuelgan de un aro dorado de acero inoxidable, creando un dise\u00f1o moderno y elegante.<\/p>\n<p data-start=\"511\" data-end=\"736\">\u2713 Hechos a mano con arcilla polim\u00e9rica<br data-start=\"549\" data-end=\"552\" \/>\u2713 Dise\u00f1o en forma de donut con textura bordada<br data-start=\"598\" data-end=\"601\" \/>\u2713 Color blanco con manchas doradas<br data-start=\"655\" data-end=\"658\" \/>\u2713 Aro de acero inoxidable dorado<br data-start=\"690\" data-end=\"693\" \/>\u2713 Ligeros, c\u00f3modos y con presencia visual<\/p>\n<p data-start=\"738\" data-end=\"834\">Perfectos para quienes buscan piezas con estilo y sofisticaci\u00f3n. Ideales para cualquier ocasi\u00f3n.<\/p>\n<p data-start=\"836\" data-end=\"1079\">Si te gustan los Pendientes \u00d3rbita Gold, explora m\u00e1s de la colecci\u00f3n Gold <a class=\"\" href=\"https:\/\/cirsaart.com\/en\/product-category\/gold\/?v=151bb1da0f86\" target=\"_new\" rel=\"noopener\" data-start=\"910\" data-end=\"976\">aqu\u00ed<\/a>.<br data-start=\"977\" data-end=\"980\" \/>Descubre novedades y sobre el proceso creativo en <a class=\"\" href=\"https:\/\/www.instagram.com\/cirsa.art\" target=\"_new\" rel=\"noopener\" data-start=\"1030\" data-end=\"1079\">@cirsa.art<\/a><\/p>","protected":false},"excerpt":{"rendered":"<p>Pendientes donut blancos con manchas doradas y textura bordada, colgando de aro dorado de acero inoxidable. Ligeros y elegantes.<\/p>","protected":false},"featured_media":838,"template":"","meta":[],"product_brand":[],"product_cat":[34],"product_tag":[],"class_list":{"0":"post-837","1":"product","2":"type-product","3":"status-publish","4":"has-post-thumbnail","6":"product_cat-gold","8":"first","9":"instock","10":"taxable","11":"shipping-taxable","12":"purchasable","13":"product-type-simple"},"yoast_head":"<!-- This site is optimized with the Yoast SEO plugin v27.4 - https:\/\/yoast.com\/product\/yoast-seo-wordpress\/ -->\n<title>Pendientes \u00d3rbita Gold -<\/title>\n<meta name=\"description\" content=\"Pendientes \u00d3rbita Gold hechos, dise\u00f1o donut con textura bordada en blanco con manchas doradas, colgando de aro dorado de acero inoxidable.\" \/>\n<meta name=\"robots\" content=\"index, follow, max-snippet:-1, max-image-preview:large, max-video-preview:-1\" \/>\n<link rel=\"canonical\" href=\"https:\/\/cirsaart.com\/en\/product\/pendientes-orbita-gold\/\" \/>\n<meta property=\"og:locale\" content=\"en_GB\" \/>\n<meta property=\"og:type\" content=\"article\" \/>\n<meta property=\"og:title\" content=\"Pendientes \u00d3rbita Gold -\" \/>\n<meta property=\"og:description\" content=\"Pendientes \u00d3rbita Gold hechos, dise\u00f1o donut con textura bordada en blanco con manchas doradas, colgando de aro dorado de acero inoxidable.\" \/>\n<meta property=\"og:url\" content=\"https:\/\/cirsaart.com\/en\/product\/pendientes-orbita-gold\/\" \/>\n<meta property=\"article:modified_time\" content=\"2025-07-26T20:16:29+00:00\" \/>\n<meta property=\"og:image\" content=\"https:\/\/cirsaart.com\/wp-content\/uploads\/2025\/06\/DSC_1799-1-scaled.jpg\" \/>\n\t<meta property=\"og:image:width\" content=\"2560\" \/>\n\t<meta property=\"og:image:height\" content=\"1748\" \/>\n\t<meta property=\"og:image:type\" content=\"image\/jpeg\" \/>\n<meta name=\"twitter:card\" content=\"summary_large_image\" \/>\n<meta name=\"twitter:label1\" content=\"Estimated reading time\" \/>\n\t<meta name=\"twitter:data1\" content=\"1 minute\" \/>\n<script type=\"application\/ld+json\" class=\"yoast-schema-graph\">{\"@context\":\"https:\\\/\\\/schema.org\",\"@graph\":[{\"@type\":\"WebPage\",\"@id\":\"https:\\\/\\\/cirsaart.com\\\/product\\\/pendientes-orbita-gold\\\/\",\"url\":\"https:\\\/\\\/cirsaart.com\\\/product\\\/pendientes-orbita-gold\\\/\",\"name\":\"Pendientes \u00d3rbita Gold -\",\"isPartOf\":{\"@id\":\"https:\\\/\\\/cirsaart.com\\\/#website\"},\"primaryImageOfPage\":{\"@id\":\"https:\\\/\\\/cirsaart.com\\\/product\\\/pendientes-orbita-gold\\\/#primaryimage\"},\"image\":{\"@id\":\"https:\\\/\\\/cirsaart.com\\\/product\\\/pendientes-orbita-gold\\\/#primaryimage\"},\"thumbnailUrl\":\"https:\\\/\\\/cirsaart.com\\\/wp-content\\\/uploads\\\/2025\\\/06\\\/DSC_1799-1-scaled.jpg\",\"datePublished\":\"2025-06-30T16:09:53+00:00\",\"dateModified\":\"2025-07-26T20:16:29+00:00\",\"description\":\"Pendientes \u00d3rbita Gold hechos, dise\u00f1o donut con textura bordada en blanco con manchas doradas, colgando de aro dorado de acero inoxidable.\",\"breadcrumb\":{\"@id\":\"https:\\\/\\\/cirsaart.com\\\/product\\\/pendientes-orbita-gold\\\/#breadcrumb\"},\"inLanguage\":\"en-GB\",\"potentialAction\":[{\"@type\":\"ReadAction\",\"target\":[\"https:\\\/\\\/cirsaart.com\\\/product\\\/pendientes-orbita-gold\\\/\"]}]},{\"@type\":\"ImageObject\",\"inLanguage\":\"en-GB\",\"@id\":\"https:\\\/\\\/cirsaart.com\\\/product\\\/pendientes-orbita-gold\\\/#primaryimage\",\"url\":\"https:\\\/\\\/cirsaart.com\\\/wp-content\\\/uploads\\\/2025\\\/06\\\/DSC_1799-1-scaled.jpg\",\"contentUrl\":\"https:\\\/\\\/cirsaart.com\\\/wp-content\\\/uploads\\\/2025\\\/06\\\/DSC_1799-1-scaled.jpg\",\"width\":2560,\"height\":1748,\"caption\":\"Pendientes \u00d3rbita Gold\"},{\"@type\":\"BreadcrumbList\",\"@id\":\"https:\\\/\\\/cirsaart.com\\\/product\\\/pendientes-orbita-gold\\\/#breadcrumb\",\"itemListElement\":[{\"@type\":\"ListItem\",\"position\":1,\"name\":\"Home\",\"item\":\"https:\\\/\\\/cirsaart.com\\\/\"},{\"@type\":\"ListItem\",\"position\":2,\"name\":\"Tienda Cirsa Art\",\"item\":\"https:\\\/\\\/cirsaart.com\\\/tienda-cirsa-art\\\/\"},{\"@type\":\"ListItem\",\"position\":3,\"name\":\"Pendientes \u00d3rbita Gold\"}]},{\"@type\":\"WebSite\",\"@id\":\"https:\\\/\\\/cirsaart.com\\\/#website\",\"url\":\"https:\\\/\\\/cirsaart.com\\\/\",\"name\":\"Cirsa Art\",\"description\":\"Bisuter\u00eda artesanal hecha a mano con arcilla polim\u00e9rica. Dise\u00f1os \u00fanicos creados para destacar tu esencia\",\"publisher\":{\"@id\":\"https:\\\/\\\/cirsaart.com\\\/#organization\"},\"alternateName\":\"Cirsa Art, Bisuter\u00eda Artesanal \u00danica\",\"potentialAction\":[{\"@type\":\"SearchAction\",\"target\":{\"@type\":\"EntryPoint\",\"urlTemplate\":\"https:\\\/\\\/cirsaart.com\\\/?s={search_term_string}\"},\"query-input\":{\"@type\":\"PropertyValueSpecification\",\"valueRequired\":true,\"valueName\":\"search_term_string\"}}],\"inLanguage\":\"en-GB\"},{\"@type\":\"Organization\",\"@id\":\"https:\\\/\\\/cirsaart.com\\\/#organization\",\"name\":\"Cirsa Art\",\"alternateName\":\"Cirsa Art, Bisuter\u00eda Artesanal \u00danica\",\"url\":\"https:\\\/\\\/cirsaart.com\\\/\",\"logo\":{\"@type\":\"ImageObject\",\"inLanguage\":\"en-GB\",\"@id\":\"https:\\\/\\\/cirsaart.com\\\/#\\\/schema\\\/logo\\\/image\\\/\",\"url\":\"https:\\\/\\\/cirsaart.com\\\/wp-content\\\/uploads\\\/2025\\\/06\\\/cropped-CIRSA-ART-LOGO-1_page-0001-1.jpg\",\"contentUrl\":\"https:\\\/\\\/cirsaart.com\\\/wp-content\\\/uploads\\\/2025\\\/06\\\/cropped-CIRSA-ART-LOGO-1_page-0001-1.jpg\",\"width\":240,\"height\":243,\"caption\":\"Cirsa Art\"},\"image\":{\"@id\":\"https:\\\/\\\/cirsaart.com\\\/#\\\/schema\\\/logo\\\/image\\\/\"}}]}<\/script>\n<!-- \/ Yoast SEO plugin. -->","yoast_head_json":{"title":"Pendientes \u00d3rbita Gold -","description":"Pendientes \u00d3rbita Gold hechos, dise\u00f1o donut con textura bordada en blanco con manchas doradas, colgando de aro dorado de acero inoxidable.","robots":{"index":"index","follow":"follow","max-snippet":"max-snippet:-1","max-image-preview":"max-image-preview:large","max-video-preview":"max-video-preview:-1"},"canonical":"https:\/\/cirsaart.com\/en\/product\/pendientes-orbita-gold\/","og_locale":"en_GB","og_type":"article","og_title":"Pendientes \u00d3rbita Gold -","og_description":"Pendientes \u00d3rbita Gold hechos, dise\u00f1o donut con textura bordada en blanco con manchas doradas, colgando de aro dorado de acero inoxidable.","og_url":"https:\/\/cirsaart.com\/en\/product\/pendientes-orbita-gold\/","article_modified_time":"2025-07-26T20:16:29+00:00","og_image":[{"width":2560,"height":1748,"url":"https:\/\/cirsaart.com\/wp-content\/uploads\/2025\/06\/DSC_1799-1-scaled.jpg","type":"image\/jpeg"}],"twitter_card":"summary_large_image","twitter_misc":{"Estimated reading time":"1 minute"},"schema":{"@context":"https:\/\/schema.org","@graph":[{"@type":"WebPage","@id":"https:\/\/cirsaart.com\/product\/pendientes-orbita-gold\/","url":"https:\/\/cirsaart.com\/product\/pendientes-orbita-gold\/","name":"Pendientes \u00d3rbita Gold -","isPartOf":{"@id":"https:\/\/cirsaart.com\/#website"},"primaryImageOfPage":{"@id":"https:\/\/cirsaart.com\/product\/pendientes-orbita-gold\/#primaryimage"},"image":{"@id":"https:\/\/cirsaart.com\/product\/pendientes-orbita-gold\/#primaryimage"},"thumbnailUrl":"https:\/\/cirsaart.com\/wp-content\/uploads\/2025\/06\/DSC_1799-1-scaled.jpg","datePublished":"2025-06-30T16:09:53+00:00","dateModified":"2025-07-26T20:16:29+00:00","description":"Pendientes \u00d3rbita Gold hechos, dise\u00f1o donut con textura bordada en blanco con manchas doradas, colgando de aro dorado de acero inoxidable.","breadcrumb":{"@id":"https:\/\/cirsaart.com\/product\/pendientes-orbita-gold\/#breadcrumb"},"inLanguage":"en-GB","potentialAction":[{"@type":"ReadAction","target":["https:\/\/cirsaart.com\/product\/pendientes-orbita-gold\/"]}]},{"@type":"ImageObject","inLanguage":"en-GB","@id":"https:\/\/cirsaart.com\/product\/pendientes-orbita-gold\/#primaryimage","url":"https:\/\/cirsaart.com\/wp-content\/uploads\/2025\/06\/DSC_1799-1-scaled.jpg","contentUrl":"https:\/\/cirsaart.com\/wp-content\/uploads\/2025\/06\/DSC_1799-1-scaled.jpg","width":2560,"height":1748,"caption":"Pendientes \u00d3rbita Gold"},{"@type":"BreadcrumbList","@id":"https:\/\/cirsaart.com\/product\/pendientes-orbita-gold\/#breadcrumb","itemListElement":[{"@type":"ListItem","position":1,"name":"Home","item":"https:\/\/cirsaart.com\/"},{"@type":"ListItem","position":2,"name":"Tienda Cirsa Art","item":"https:\/\/cirsaart.com\/tienda-cirsa-art\/"},{"@type":"ListItem","position":3,"name":"Pendientes \u00d3rbita Gold"}]},{"@type":"WebSite","@id":"https:\/\/cirsaart.com\/#website","url":"https:\/\/cirsaart.com\/","name":"Cirsa Art","description":"Bisuter\u00eda artesanal hecha a mano con arcilla polim\u00e9rica. Dise\u00f1os \u00fanicos creados para destacar tu esencia","publisher":{"@id":"https:\/\/cirsaart.com\/#organization"},"alternateName":"Cirsa Art, Bisuter\u00eda Artesanal \u00danica","potentialAction":[{"@type":"SearchAction","target":{"@type":"EntryPoint","urlTemplate":"https:\/\/cirsaart.com\/?s={search_term_string}"},"query-input":{"@type":"PropertyValueSpecification","valueRequired":true,"valueName":"search_term_string"}}],"inLanguage":"en-GB"},{"@type":"Organization","@id":"https:\/\/cirsaart.com\/#organization","name":"Cirsa Art","alternateName":"Cirsa Art, Bisuter\u00eda Artesanal \u00danica","url":"https:\/\/cirsaart.com\/","logo":{"@type":"ImageObject","inLanguage":"en-GB","@id":"https:\/\/cirsaart.com\/#\/schema\/logo\/image\/","url":"https:\/\/cirsaart.com\/wp-content\/uploads\/2025\/06\/cropped-CIRSA-ART-LOGO-1_page-0001-1.jpg","contentUrl":"https:\/\/cirsaart.com\/wp-content\/uploads\/2025\/06\/cropped-CIRSA-ART-LOGO-1_page-0001-1.jpg","width":240,"height":243,"caption":"Cirsa Art"},"image":{"@id":"https:\/\/cirsaart.com\/#\/schema\/logo\/image\/"}}]}},"_links":{"self":[{"href":"https:\/\/cirsaart.com\/en\/wp-json\/wp\/v2\/product\/837","targetHints":{"allow":["GET"]}}],"collection":[{"href":"https:\/\/cirsaart.com\/en\/wp-json\/wp\/v2\/product"}],"about":[{"href":"https:\/\/cirsaart.com\/en\/wp-json\/wp\/v2\/types\/product"}],"version-history":[{"count":3,"href":"https:\/\/cirsaart.com\/en\/wp-json\/wp\/v2\/product\/837\/revisions"}],"predecessor-version":[{"id":1472,"href":"https:\/\/cirsaart.com\/en\/wp-json\/wp\/v2\/product\/837\/revisions\/1472"}],"wp:featuredmedia":[{"embeddable":true,"href":"https:\/\/cirsaart.com\/en\/wp-json\/wp\/v2\/media\/838"}],"wp:attachment":[{"href":"https:\/\/cirsaart.com\/en\/wp-json\/wp\/v2\/media?parent=837"}],"wp:term":[{"taxonomy":"product_brand","embeddable":true,"href":"https:\/\/cirsaart.com\/en\/wp-json\/wp\/v2\/product_brand?post=837"},{"taxonomy":"product_cat","embeddable":true,"href":"https:\/\/cirsaart.com\/en\/wp-json\/wp\/v2\/product_cat?post=837"},{"taxonomy":"product_tag","embeddable":true,"href":"https:\/\/cirsaart.com\/en\/wp-json\/wp\/v2\/product_tag?post=837"}],"curies":[{"name":"wp","href":"https:\/\/api.w.org\/{rel}","templated":true}]}}