{"id":851,"date":"2025-07-04T10:03:17","date_gmt":"2025-07-04T10:03:17","guid":{"rendered":"https:\/\/cirsaart.com\/?post_type=product&#038;p=851"},"modified":"2025-07-26T20:15:47","modified_gmt":"2025-07-26T20:15:47","slug":"pendientes-rombe-gold","status":"publish","type":"product","link":"https:\/\/cirsaart.com\/en\/product\/pendientes-rombe-gold\/","title":{"rendered":"Pendientes Romb\u00e9 Gold"},"content":{"rendered":"<p data-start=\"267\" data-end=\"586\">Los Pendientes Romb\u00e9 Gold tienen un tono dorado sofisticado y luminoso. Su forma de rombo alargado destaca por un dise\u00f1o con finas l\u00edneas en relieve que aportan textura y profundidad visual. El enganche superior, tambi\u00e9n con forma de rombo redondeado y en acero inoxidable dorado.<\/p>\n<p data-start=\"836\" data-end=\"1060\">\u2713 Hechos a mano con arcilla polim\u00e9rica<br data-start=\"885\" data-end=\"888\" \/>\u2713 Dise\u00f1o en forma de rombo con textura en relieve<br data-start=\"924\" data-end=\"927\" \/>\u2713 Enganche de rombo dorado en acero inoxidable<br data-start=\"973\" data-end=\"976\" \/>\u2713 Ligeros, modernos y con presencia visual<\/p>\n<p data-start=\"1062\" data-end=\"1171\">Perfectos para quienes buscan sofisticaci\u00f3n y originalidad en una sola pieza. Ideales para cualquier ocasi\u00f3n.<\/p>\n<p data-start=\"1173\" data-end=\"1419\"><em data-start=\"1173\" data-end=\"1315\">Si te gustan los Pendientes Romb\u00e9 Gold, explora m\u00e1s de la colecci\u00f3n Gold <a class=\"\" href=\"https:\/\/cirsaart.com\/en\/product-category\/gold\/?v=151bb1da0f86\" target=\"_new\" rel=\"noopener\" data-start=\"1247\" data-end=\"1313\">aqu\u00ed<\/a>.<\/em><br data-start=\"1315\" data-end=\"1318\" \/><em data-start=\"1318\" data-end=\"1419\">Descubre novedades y sobre el proceso creativo en <a class=\"\" href=\"https:\/\/www.instagram.com\/cirsa.art\" target=\"_new\" rel=\"noopener\" data-start=\"1369\" data-end=\"1418\">@cirsa.art<\/a><\/em><\/p>","protected":false},"excerpt":{"rendered":"<p>Rombo dorado con textura en relieve y enganche geom\u00e9trico de acero inoxidable. Sofisticaci\u00f3n artesanal para cualquier ocasi\u00f3n.<\/p>","protected":false},"featured_media":869,"template":"","meta":[],"product_brand":[],"product_cat":[34],"product_tag":[],"class_list":{"0":"post-851","1":"product","2":"type-product","3":"status-publish","4":"has-post-thumbnail","6":"product_cat-gold","8":"first","9":"instock","10":"taxable","11":"shipping-taxable","12":"purchasable","13":"product-type-simple"},"yoast_head":"<!-- This site is optimized with the Yoast SEO plugin v27.4 - https:\/\/yoast.com\/product\/yoast-seo-wordpress\/ -->\n<title>Pendientes Romb\u00e9 Gold -<\/title>\n<meta name=\"description\" content=\"Pendientes Romb\u00e9 Gold en forma de rombo con textura dorada y enganche geom\u00e9trico. Dise\u00f1o artesanal elegante y moderno. Una joya ligera con car\u00e1cter.\" \/>\n<meta name=\"robots\" content=\"index, follow, max-snippet:-1, max-image-preview:large, max-video-preview:-1\" \/>\n<link rel=\"canonical\" href=\"https:\/\/cirsaart.com\/en\/product\/pendientes-rombe-gold\/\" \/>\n<meta property=\"og:locale\" content=\"en_GB\" \/>\n<meta property=\"og:type\" content=\"article\" \/>\n<meta property=\"og:title\" content=\"Pendientes Romb\u00e9 Gold -\" \/>\n<meta property=\"og:description\" content=\"Pendientes Romb\u00e9 Gold en forma de rombo con textura dorada y enganche geom\u00e9trico. Dise\u00f1o artesanal elegante y moderno. Una joya ligera con car\u00e1cter.\" \/>\n<meta property=\"og:url\" content=\"https:\/\/cirsaart.com\/en\/product\/pendientes-rombe-gold\/\" \/>\n<meta property=\"article:modified_time\" content=\"2025-07-26T20:15:47+00:00\" \/>\n<meta property=\"og:image\" content=\"https:\/\/cirsaart.com\/wp-content\/uploads\/2025\/07\/DSC_1933-scaled.jpg\" \/>\n\t<meta property=\"og:image:width\" content=\"2560\" \/>\n\t<meta property=\"og:image:height\" content=\"2058\" \/>\n\t<meta property=\"og:image:type\" content=\"image\/jpeg\" \/>\n<meta name=\"twitter:card\" content=\"summary_large_image\" \/>\n<meta name=\"twitter:label1\" content=\"Estimated reading time\" \/>\n\t<meta name=\"twitter:data1\" content=\"1 minute\" \/>\n<script type=\"application\/ld+json\" class=\"yoast-schema-graph\">{\"@context\":\"https:\\\/\\\/schema.org\",\"@graph\":[{\"@type\":\"WebPage\",\"@id\":\"https:\\\/\\\/cirsaart.com\\\/product\\\/pendientes-rombe-gold\\\/\",\"url\":\"https:\\\/\\\/cirsaart.com\\\/product\\\/pendientes-rombe-gold\\\/\",\"name\":\"Pendientes Romb\u00e9 Gold -\",\"isPartOf\":{\"@id\":\"https:\\\/\\\/cirsaart.com\\\/#website\"},\"primaryImageOfPage\":{\"@id\":\"https:\\\/\\\/cirsaart.com\\\/product\\\/pendientes-rombe-gold\\\/#primaryimage\"},\"image\":{\"@id\":\"https:\\\/\\\/cirsaart.com\\\/product\\\/pendientes-rombe-gold\\\/#primaryimage\"},\"thumbnailUrl\":\"https:\\\/\\\/cirsaart.com\\\/wp-content\\\/uploads\\\/2025\\\/07\\\/DSC_1933-scaled.jpg\",\"datePublished\":\"2025-07-04T10:03:17+00:00\",\"dateModified\":\"2025-07-26T20:15:47+00:00\",\"description\":\"Pendientes Romb\u00e9 Gold en forma de rombo con textura dorada y enganche geom\u00e9trico. Dise\u00f1o artesanal elegante y moderno. Una joya ligera con car\u00e1cter.\",\"breadcrumb\":{\"@id\":\"https:\\\/\\\/cirsaart.com\\\/product\\\/pendientes-rombe-gold\\\/#breadcrumb\"},\"inLanguage\":\"en-GB\",\"potentialAction\":[{\"@type\":\"ReadAction\",\"target\":[\"https:\\\/\\\/cirsaart.com\\\/product\\\/pendientes-rombe-gold\\\/\"]}]},{\"@type\":\"ImageObject\",\"inLanguage\":\"en-GB\",\"@id\":\"https:\\\/\\\/cirsaart.com\\\/product\\\/pendientes-rombe-gold\\\/#primaryimage\",\"url\":\"https:\\\/\\\/cirsaart.com\\\/wp-content\\\/uploads\\\/2025\\\/07\\\/DSC_1933-scaled.jpg\",\"contentUrl\":\"https:\\\/\\\/cirsaart.com\\\/wp-content\\\/uploads\\\/2025\\\/07\\\/DSC_1933-scaled.jpg\",\"width\":2560,\"height\":2058,\"caption\":\"Pendientes Romb\u00e9 Gold\"},{\"@type\":\"BreadcrumbList\",\"@id\":\"https:\\\/\\\/cirsaart.com\\\/product\\\/pendientes-rombe-gold\\\/#breadcrumb\",\"itemListElement\":[{\"@type\":\"ListItem\",\"position\":1,\"name\":\"Home\",\"item\":\"https:\\\/\\\/cirsaart.com\\\/\"},{\"@type\":\"ListItem\",\"position\":2,\"name\":\"Tienda Cirsa Art\",\"item\":\"https:\\\/\\\/cirsaart.com\\\/tienda-cirsa-art\\\/\"},{\"@type\":\"ListItem\",\"position\":3,\"name\":\"Pendientes Romb\u00e9 Gold\"}]},{\"@type\":\"WebSite\",\"@id\":\"https:\\\/\\\/cirsaart.com\\\/#website\",\"url\":\"https:\\\/\\\/cirsaart.com\\\/\",\"name\":\"Cirsa Art\",\"description\":\"Bisuter\u00eda artesanal hecha a mano con arcilla polim\u00e9rica. Dise\u00f1os \u00fanicos creados para destacar tu esencia\",\"publisher\":{\"@id\":\"https:\\\/\\\/cirsaart.com\\\/#organization\"},\"alternateName\":\"Cirsa Art, Bisuter\u00eda Artesanal \u00danica\",\"potentialAction\":[{\"@type\":\"SearchAction\",\"target\":{\"@type\":\"EntryPoint\",\"urlTemplate\":\"https:\\\/\\\/cirsaart.com\\\/?s={search_term_string}\"},\"query-input\":{\"@type\":\"PropertyValueSpecification\",\"valueRequired\":true,\"valueName\":\"search_term_string\"}}],\"inLanguage\":\"en-GB\"},{\"@type\":\"Organization\",\"@id\":\"https:\\\/\\\/cirsaart.com\\\/#organization\",\"name\":\"Cirsa Art\",\"alternateName\":\"Cirsa Art, Bisuter\u00eda Artesanal \u00danica\",\"url\":\"https:\\\/\\\/cirsaart.com\\\/\",\"logo\":{\"@type\":\"ImageObject\",\"inLanguage\":\"en-GB\",\"@id\":\"https:\\\/\\\/cirsaart.com\\\/#\\\/schema\\\/logo\\\/image\\\/\",\"url\":\"https:\\\/\\\/cirsaart.com\\\/wp-content\\\/uploads\\\/2025\\\/06\\\/cropped-CIRSA-ART-LOGO-1_page-0001-1.jpg\",\"contentUrl\":\"https:\\\/\\\/cirsaart.com\\\/wp-content\\\/uploads\\\/2025\\\/06\\\/cropped-CIRSA-ART-LOGO-1_page-0001-1.jpg\",\"width\":240,\"height\":243,\"caption\":\"Cirsa Art\"},\"image\":{\"@id\":\"https:\\\/\\\/cirsaart.com\\\/#\\\/schema\\\/logo\\\/image\\\/\"}}]}<\/script>\n<!-- \/ Yoast SEO plugin. -->","yoast_head_json":{"title":"Pendientes Romb\u00e9 Gold -","description":"Pendientes Romb\u00e9 Gold en forma de rombo con textura dorada y enganche geom\u00e9trico. Dise\u00f1o artesanal elegante y moderno. Una joya ligera con car\u00e1cter.","robots":{"index":"index","follow":"follow","max-snippet":"max-snippet:-1","max-image-preview":"max-image-preview:large","max-video-preview":"max-video-preview:-1"},"canonical":"https:\/\/cirsaart.com\/en\/product\/pendientes-rombe-gold\/","og_locale":"en_GB","og_type":"article","og_title":"Pendientes Romb\u00e9 Gold -","og_description":"Pendientes Romb\u00e9 Gold en forma de rombo con textura dorada y enganche geom\u00e9trico. Dise\u00f1o artesanal elegante y moderno. Una joya ligera con car\u00e1cter.","og_url":"https:\/\/cirsaart.com\/en\/product\/pendientes-rombe-gold\/","article_modified_time":"2025-07-26T20:15:47+00:00","og_image":[{"width":2560,"height":2058,"url":"https:\/\/cirsaart.com\/wp-content\/uploads\/2025\/07\/DSC_1933-scaled.jpg","type":"image\/jpeg"}],"twitter_card":"summary_large_image","twitter_misc":{"Estimated reading time":"1 minute"},"schema":{"@context":"https:\/\/schema.org","@graph":[{"@type":"WebPage","@id":"https:\/\/cirsaart.com\/product\/pendientes-rombe-gold\/","url":"https:\/\/cirsaart.com\/product\/pendientes-rombe-gold\/","name":"Pendientes Romb\u00e9 Gold -","isPartOf":{"@id":"https:\/\/cirsaart.com\/#website"},"primaryImageOfPage":{"@id":"https:\/\/cirsaart.com\/product\/pendientes-rombe-gold\/#primaryimage"},"image":{"@id":"https:\/\/cirsaart.com\/product\/pendientes-rombe-gold\/#primaryimage"},"thumbnailUrl":"https:\/\/cirsaart.com\/wp-content\/uploads\/2025\/07\/DSC_1933-scaled.jpg","datePublished":"2025-07-04T10:03:17+00:00","dateModified":"2025-07-26T20:15:47+00:00","description":"Pendientes Romb\u00e9 Gold en forma de rombo con textura dorada y enganche geom\u00e9trico. Dise\u00f1o artesanal elegante y moderno. Una joya ligera con car\u00e1cter.","breadcrumb":{"@id":"https:\/\/cirsaart.com\/product\/pendientes-rombe-gold\/#breadcrumb"},"inLanguage":"en-GB","potentialAction":[{"@type":"ReadAction","target":["https:\/\/cirsaart.com\/product\/pendientes-rombe-gold\/"]}]},{"@type":"ImageObject","inLanguage":"en-GB","@id":"https:\/\/cirsaart.com\/product\/pendientes-rombe-gold\/#primaryimage","url":"https:\/\/cirsaart.com\/wp-content\/uploads\/2025\/07\/DSC_1933-scaled.jpg","contentUrl":"https:\/\/cirsaart.com\/wp-content\/uploads\/2025\/07\/DSC_1933-scaled.jpg","width":2560,"height":2058,"caption":"Pendientes Romb\u00e9 Gold"},{"@type":"BreadcrumbList","@id":"https:\/\/cirsaart.com\/product\/pendientes-rombe-gold\/#breadcrumb","itemListElement":[{"@type":"ListItem","position":1,"name":"Home","item":"https:\/\/cirsaart.com\/"},{"@type":"ListItem","position":2,"name":"Tienda Cirsa Art","item":"https:\/\/cirsaart.com\/tienda-cirsa-art\/"},{"@type":"ListItem","position":3,"name":"Pendientes Romb\u00e9 Gold"}]},{"@type":"WebSite","@id":"https:\/\/cirsaart.com\/#website","url":"https:\/\/cirsaart.com\/","name":"Cirsa Art","description":"Bisuter\u00eda artesanal hecha a mano con arcilla polim\u00e9rica. Dise\u00f1os \u00fanicos creados para destacar tu esencia","publisher":{"@id":"https:\/\/cirsaart.com\/#organization"},"alternateName":"Cirsa Art, Bisuter\u00eda Artesanal \u00danica","potentialAction":[{"@type":"SearchAction","target":{"@type":"EntryPoint","urlTemplate":"https:\/\/cirsaart.com\/?s={search_term_string}"},"query-input":{"@type":"PropertyValueSpecification","valueRequired":true,"valueName":"search_term_string"}}],"inLanguage":"en-GB"},{"@type":"Organization","@id":"https:\/\/cirsaart.com\/#organization","name":"Cirsa Art","alternateName":"Cirsa Art, Bisuter\u00eda Artesanal \u00danica","url":"https:\/\/cirsaart.com\/","logo":{"@type":"ImageObject","inLanguage":"en-GB","@id":"https:\/\/cirsaart.com\/#\/schema\/logo\/image\/","url":"https:\/\/cirsaart.com\/wp-content\/uploads\/2025\/06\/cropped-CIRSA-ART-LOGO-1_page-0001-1.jpg","contentUrl":"https:\/\/cirsaart.com\/wp-content\/uploads\/2025\/06\/cropped-CIRSA-ART-LOGO-1_page-0001-1.jpg","width":240,"height":243,"caption":"Cirsa Art"},"image":{"@id":"https:\/\/cirsaart.com\/#\/schema\/logo\/image\/"}}]}},"_links":{"self":[{"href":"https:\/\/cirsaart.com\/en\/wp-json\/wp\/v2\/product\/851","targetHints":{"allow":["GET"]}}],"collection":[{"href":"https:\/\/cirsaart.com\/en\/wp-json\/wp\/v2\/product"}],"about":[{"href":"https:\/\/cirsaart.com\/en\/wp-json\/wp\/v2\/types\/product"}],"version-history":[{"count":3,"href":"https:\/\/cirsaart.com\/en\/wp-json\/wp\/v2\/product\/851\/revisions"}],"predecessor-version":[{"id":1487,"href":"https:\/\/cirsaart.com\/en\/wp-json\/wp\/v2\/product\/851\/revisions\/1487"}],"wp:featuredmedia":[{"embeddable":true,"href":"https:\/\/cirsaart.com\/en\/wp-json\/wp\/v2\/media\/869"}],"wp:attachment":[{"href":"https:\/\/cirsaart.com\/en\/wp-json\/wp\/v2\/media?parent=851"}],"wp:term":[{"taxonomy":"product_brand","embeddable":true,"href":"https:\/\/cirsaart.com\/en\/wp-json\/wp\/v2\/product_brand?post=851"},{"taxonomy":"product_cat","embeddable":true,"href":"https:\/\/cirsaart.com\/en\/wp-json\/wp\/v2\/product_cat?post=851"},{"taxonomy":"product_tag","embeddable":true,"href":"https:\/\/cirsaart.com\/en\/wp-json\/wp\/v2\/product_tag?post=851"}],"curies":[{"name":"wp","href":"https:\/\/api.w.org\/{rel}","templated":true}]}}