{"id":864,"date":"2025-07-04T11:32:26","date_gmt":"2025-07-04T11:32:26","guid":{"rendered":"https:\/\/cirsaart.com\/?post_type=product&#038;p=864"},"modified":"2025-07-26T20:12:38","modified_gmt":"2025-07-26T20:12:38","slug":"pendientes-rayo-gold","status":"publish","type":"product","link":"https:\/\/cirsaart.com\/en\/product\/pendientes-rayo-gold\/","title":{"rendered":"Pendientes Rayo Gold"},"content":{"rendered":"<p data-start=\"262\" data-end=\"633\">Pendientes Rayo Gold en un fondo blanco y decorados con formas doradas que cubren toda la superficie. Dise\u00f1o en forma de rayo que aporta energ\u00eda y originalidad. Enganche de aro dorado en acero inoxidable.<\/p>\n<p data-start=\"771\" data-end=\"978\">\u2713 Dise\u00f1o en forma de rayo con estampado dorado sobre fondo blanco<br data-start=\"836\" data-end=\"839\" \/>\u2713 Enganche de aro dorado en acero inoxidable<br data-start=\"883\" data-end=\"886\" \/>\u2713 Acabado artesanal con barniz suave y duradero<br data-start=\"933\" data-end=\"936\" \/>\u2713 Ligeros, modernos y con presencia visual<\/p>\n<p data-start=\"980\" data-end=\"1080\">Perfectos para quienes buscan una pieza con car\u00e1cter y estilo \u00fanico. Ideales para cualquier ocasi\u00f3n.<\/p>\n<p data-start=\"1082\" data-end=\"1327\"><em data-start=\"1082\" data-end=\"1223\">Si te gustan los Pendientes Rayo Gold, explora m\u00e1s de la colecci\u00f3n Gold <a class=\"\" href=\"https:\/\/cirsaart.com\/en\/product-category\/gold\/?v=151bb1da0f86\" target=\"_new\" rel=\"noopener\" data-start=\"1155\" data-end=\"1221\">aqu\u00ed<\/a>.<\/em><br data-start=\"1223\" data-end=\"1226\" \/><em data-start=\"1226\" data-end=\"1327\">Descubre novedades y sobre el proceso creativo en <a class=\"\" href=\"https:\/\/www.instagram.com\/cirsa.art\" target=\"_new\" rel=\"noopener\" data-start=\"1277\" data-end=\"1326\">@cirsa.art<\/a><\/em><\/p>","protected":false},"excerpt":{"rendered":"<p>Dise\u00f1o en forma de rayo y estampado dorado sobre fondo blanco. Enganche de aro dorado en acero inoxidable. Ligeros y modernos.<\/p>","protected":false},"featured_media":865,"template":"","meta":[],"product_brand":[],"product_cat":[34],"product_tag":[],"class_list":{"0":"post-864","1":"product","2":"type-product","3":"status-publish","4":"has-post-thumbnail","6":"product_cat-gold","8":"first","9":"instock","10":"taxable","11":"shipping-taxable","12":"purchasable","13":"product-type-simple"},"yoast_head":"<!-- This site is optimized with the Yoast SEO plugin v27.4 - https:\/\/yoast.com\/product\/yoast-seo-wordpress\/ -->\n<title>Pendientes Rayo Gold -<\/title>\n<meta name=\"description\" content=\"Pendientes Rayo Gold con dise\u00f1o din\u00e1mico en forma de rayo, estampado dorado sobre fondo blanco y enganche dorado. Elegancia artesanal con energ\u00eda.\" \/>\n<meta name=\"robots\" content=\"index, follow, max-snippet:-1, max-image-preview:large, max-video-preview:-1\" \/>\n<link rel=\"canonical\" href=\"https:\/\/cirsaart.com\/en\/product\/pendientes-rayo-gold\/\" \/>\n<meta property=\"og:locale\" content=\"en_GB\" \/>\n<meta property=\"og:type\" content=\"article\" \/>\n<meta property=\"og:title\" content=\"Pendientes Rayo Gold -\" \/>\n<meta property=\"og:description\" content=\"Pendientes Rayo Gold con dise\u00f1o din\u00e1mico en forma de rayo, estampado dorado sobre fondo blanco y enganche dorado. Elegancia artesanal con energ\u00eda.\" \/>\n<meta property=\"og:url\" content=\"https:\/\/cirsaart.com\/en\/product\/pendientes-rayo-gold\/\" \/>\n<meta property=\"article:modified_time\" content=\"2025-07-26T20:12:38+00:00\" \/>\n<meta property=\"og:image\" content=\"https:\/\/cirsaart.com\/wp-content\/uploads\/2025\/07\/DSC_1831-scaled.jpg\" \/>\n\t<meta property=\"og:image:width\" content=\"2560\" \/>\n\t<meta property=\"og:image:height\" content=\"1707\" \/>\n\t<meta property=\"og:image:type\" content=\"image\/jpeg\" \/>\n<meta name=\"twitter:card\" content=\"summary_large_image\" \/>\n<meta name=\"twitter:label1\" content=\"Estimated reading time\" \/>\n\t<meta name=\"twitter:data1\" content=\"1 minute\" \/>\n<script type=\"application\/ld+json\" class=\"yoast-schema-graph\">{\"@context\":\"https:\\\/\\\/schema.org\",\"@graph\":[{\"@type\":\"WebPage\",\"@id\":\"https:\\\/\\\/cirsaart.com\\\/product\\\/pendientes-rayo-gold\\\/\",\"url\":\"https:\\\/\\\/cirsaart.com\\\/product\\\/pendientes-rayo-gold\\\/\",\"name\":\"Pendientes Rayo Gold -\",\"isPartOf\":{\"@id\":\"https:\\\/\\\/cirsaart.com\\\/#website\"},\"primaryImageOfPage\":{\"@id\":\"https:\\\/\\\/cirsaart.com\\\/product\\\/pendientes-rayo-gold\\\/#primaryimage\"},\"image\":{\"@id\":\"https:\\\/\\\/cirsaart.com\\\/product\\\/pendientes-rayo-gold\\\/#primaryimage\"},\"thumbnailUrl\":\"https:\\\/\\\/cirsaart.com\\\/wp-content\\\/uploads\\\/2025\\\/07\\\/DSC_1831-scaled.jpg\",\"datePublished\":\"2025-07-04T11:32:26+00:00\",\"dateModified\":\"2025-07-26T20:12:38+00:00\",\"description\":\"Pendientes Rayo Gold con dise\u00f1o din\u00e1mico en forma de rayo, estampado dorado sobre fondo blanco y enganche dorado. Elegancia artesanal con energ\u00eda.\",\"breadcrumb\":{\"@id\":\"https:\\\/\\\/cirsaart.com\\\/product\\\/pendientes-rayo-gold\\\/#breadcrumb\"},\"inLanguage\":\"en-GB\",\"potentialAction\":[{\"@type\":\"ReadAction\",\"target\":[\"https:\\\/\\\/cirsaart.com\\\/product\\\/pendientes-rayo-gold\\\/\"]}]},{\"@type\":\"ImageObject\",\"inLanguage\":\"en-GB\",\"@id\":\"https:\\\/\\\/cirsaart.com\\\/product\\\/pendientes-rayo-gold\\\/#primaryimage\",\"url\":\"https:\\\/\\\/cirsaart.com\\\/wp-content\\\/uploads\\\/2025\\\/07\\\/DSC_1831-scaled.jpg\",\"contentUrl\":\"https:\\\/\\\/cirsaart.com\\\/wp-content\\\/uploads\\\/2025\\\/07\\\/DSC_1831-scaled.jpg\",\"width\":2560,\"height\":1707,\"caption\":\"Pendientes Rayo Gold\"},{\"@type\":\"BreadcrumbList\",\"@id\":\"https:\\\/\\\/cirsaart.com\\\/product\\\/pendientes-rayo-gold\\\/#breadcrumb\",\"itemListElement\":[{\"@type\":\"ListItem\",\"position\":1,\"name\":\"Home\",\"item\":\"https:\\\/\\\/cirsaart.com\\\/\"},{\"@type\":\"ListItem\",\"position\":2,\"name\":\"Tienda Cirsa Art\",\"item\":\"https:\\\/\\\/cirsaart.com\\\/tienda-cirsa-art\\\/\"},{\"@type\":\"ListItem\",\"position\":3,\"name\":\"Pendientes Rayo Gold\"}]},{\"@type\":\"WebSite\",\"@id\":\"https:\\\/\\\/cirsaart.com\\\/#website\",\"url\":\"https:\\\/\\\/cirsaart.com\\\/\",\"name\":\"Cirsa Art\",\"description\":\"Bisuter\u00eda artesanal hecha a mano con arcilla polim\u00e9rica. Dise\u00f1os \u00fanicos creados para destacar tu esencia\",\"publisher\":{\"@id\":\"https:\\\/\\\/cirsaart.com\\\/#organization\"},\"alternateName\":\"Cirsa Art, Bisuter\u00eda Artesanal \u00danica\",\"potentialAction\":[{\"@type\":\"SearchAction\",\"target\":{\"@type\":\"EntryPoint\",\"urlTemplate\":\"https:\\\/\\\/cirsaart.com\\\/?s={search_term_string}\"},\"query-input\":{\"@type\":\"PropertyValueSpecification\",\"valueRequired\":true,\"valueName\":\"search_term_string\"}}],\"inLanguage\":\"en-GB\"},{\"@type\":\"Organization\",\"@id\":\"https:\\\/\\\/cirsaart.com\\\/#organization\",\"name\":\"Cirsa Art\",\"alternateName\":\"Cirsa Art, Bisuter\u00eda Artesanal \u00danica\",\"url\":\"https:\\\/\\\/cirsaart.com\\\/\",\"logo\":{\"@type\":\"ImageObject\",\"inLanguage\":\"en-GB\",\"@id\":\"https:\\\/\\\/cirsaart.com\\\/#\\\/schema\\\/logo\\\/image\\\/\",\"url\":\"https:\\\/\\\/cirsaart.com\\\/wp-content\\\/uploads\\\/2025\\\/06\\\/cropped-CIRSA-ART-LOGO-1_page-0001-1.jpg\",\"contentUrl\":\"https:\\\/\\\/cirsaart.com\\\/wp-content\\\/uploads\\\/2025\\\/06\\\/cropped-CIRSA-ART-LOGO-1_page-0001-1.jpg\",\"width\":240,\"height\":243,\"caption\":\"Cirsa Art\"},\"image\":{\"@id\":\"https:\\\/\\\/cirsaart.com\\\/#\\\/schema\\\/logo\\\/image\\\/\"}}]}<\/script>\n<!-- \/ Yoast SEO plugin. -->","yoast_head_json":{"title":"Pendientes Rayo Gold -","description":"Pendientes Rayo Gold con dise\u00f1o din\u00e1mico en forma de rayo, estampado dorado sobre fondo blanco y enganche dorado. Elegancia artesanal con energ\u00eda.","robots":{"index":"index","follow":"follow","max-snippet":"max-snippet:-1","max-image-preview":"max-image-preview:large","max-video-preview":"max-video-preview:-1"},"canonical":"https:\/\/cirsaart.com\/en\/product\/pendientes-rayo-gold\/","og_locale":"en_GB","og_type":"article","og_title":"Pendientes Rayo Gold -","og_description":"Pendientes Rayo Gold con dise\u00f1o din\u00e1mico en forma de rayo, estampado dorado sobre fondo blanco y enganche dorado. Elegancia artesanal con energ\u00eda.","og_url":"https:\/\/cirsaart.com\/en\/product\/pendientes-rayo-gold\/","article_modified_time":"2025-07-26T20:12:38+00:00","og_image":[{"width":2560,"height":1707,"url":"https:\/\/cirsaart.com\/wp-content\/uploads\/2025\/07\/DSC_1831-scaled.jpg","type":"image\/jpeg"}],"twitter_card":"summary_large_image","twitter_misc":{"Estimated reading time":"1 minute"},"schema":{"@context":"https:\/\/schema.org","@graph":[{"@type":"WebPage","@id":"https:\/\/cirsaart.com\/product\/pendientes-rayo-gold\/","url":"https:\/\/cirsaart.com\/product\/pendientes-rayo-gold\/","name":"Pendientes Rayo Gold -","isPartOf":{"@id":"https:\/\/cirsaart.com\/#website"},"primaryImageOfPage":{"@id":"https:\/\/cirsaart.com\/product\/pendientes-rayo-gold\/#primaryimage"},"image":{"@id":"https:\/\/cirsaart.com\/product\/pendientes-rayo-gold\/#primaryimage"},"thumbnailUrl":"https:\/\/cirsaart.com\/wp-content\/uploads\/2025\/07\/DSC_1831-scaled.jpg","datePublished":"2025-07-04T11:32:26+00:00","dateModified":"2025-07-26T20:12:38+00:00","description":"Pendientes Rayo Gold con dise\u00f1o din\u00e1mico en forma de rayo, estampado dorado sobre fondo blanco y enganche dorado. Elegancia artesanal con energ\u00eda.","breadcrumb":{"@id":"https:\/\/cirsaart.com\/product\/pendientes-rayo-gold\/#breadcrumb"},"inLanguage":"en-GB","potentialAction":[{"@type":"ReadAction","target":["https:\/\/cirsaart.com\/product\/pendientes-rayo-gold\/"]}]},{"@type":"ImageObject","inLanguage":"en-GB","@id":"https:\/\/cirsaart.com\/product\/pendientes-rayo-gold\/#primaryimage","url":"https:\/\/cirsaart.com\/wp-content\/uploads\/2025\/07\/DSC_1831-scaled.jpg","contentUrl":"https:\/\/cirsaart.com\/wp-content\/uploads\/2025\/07\/DSC_1831-scaled.jpg","width":2560,"height":1707,"caption":"Pendientes Rayo Gold"},{"@type":"BreadcrumbList","@id":"https:\/\/cirsaart.com\/product\/pendientes-rayo-gold\/#breadcrumb","itemListElement":[{"@type":"ListItem","position":1,"name":"Home","item":"https:\/\/cirsaart.com\/"},{"@type":"ListItem","position":2,"name":"Tienda Cirsa Art","item":"https:\/\/cirsaart.com\/tienda-cirsa-art\/"},{"@type":"ListItem","position":3,"name":"Pendientes Rayo Gold"}]},{"@type":"WebSite","@id":"https:\/\/cirsaart.com\/#website","url":"https:\/\/cirsaart.com\/","name":"Cirsa Art","description":"Bisuter\u00eda artesanal hecha a mano con arcilla polim\u00e9rica. Dise\u00f1os \u00fanicos creados para destacar tu esencia","publisher":{"@id":"https:\/\/cirsaart.com\/#organization"},"alternateName":"Cirsa Art, Bisuter\u00eda Artesanal \u00danica","potentialAction":[{"@type":"SearchAction","target":{"@type":"EntryPoint","urlTemplate":"https:\/\/cirsaart.com\/?s={search_term_string}"},"query-input":{"@type":"PropertyValueSpecification","valueRequired":true,"valueName":"search_term_string"}}],"inLanguage":"en-GB"},{"@type":"Organization","@id":"https:\/\/cirsaart.com\/#organization","name":"Cirsa Art","alternateName":"Cirsa Art, Bisuter\u00eda Artesanal \u00danica","url":"https:\/\/cirsaart.com\/","logo":{"@type":"ImageObject","inLanguage":"en-GB","@id":"https:\/\/cirsaart.com\/#\/schema\/logo\/image\/","url":"https:\/\/cirsaart.com\/wp-content\/uploads\/2025\/06\/cropped-CIRSA-ART-LOGO-1_page-0001-1.jpg","contentUrl":"https:\/\/cirsaart.com\/wp-content\/uploads\/2025\/06\/cropped-CIRSA-ART-LOGO-1_page-0001-1.jpg","width":240,"height":243,"caption":"Cirsa Art"},"image":{"@id":"https:\/\/cirsaart.com\/#\/schema\/logo\/image\/"}}]}},"_links":{"self":[{"href":"https:\/\/cirsaart.com\/en\/wp-json\/wp\/v2\/product\/864","targetHints":{"allow":["GET"]}}],"collection":[{"href":"https:\/\/cirsaart.com\/en\/wp-json\/wp\/v2\/product"}],"about":[{"href":"https:\/\/cirsaart.com\/en\/wp-json\/wp\/v2\/types\/product"}],"version-history":[{"count":2,"href":"https:\/\/cirsaart.com\/en\/wp-json\/wp\/v2\/product\/864\/revisions"}],"predecessor-version":[{"id":1475,"href":"https:\/\/cirsaart.com\/en\/wp-json\/wp\/v2\/product\/864\/revisions\/1475"}],"wp:featuredmedia":[{"embeddable":true,"href":"https:\/\/cirsaart.com\/en\/wp-json\/wp\/v2\/media\/865"}],"wp:attachment":[{"href":"https:\/\/cirsaart.com\/en\/wp-json\/wp\/v2\/media?parent=864"}],"wp:term":[{"taxonomy":"product_brand","embeddable":true,"href":"https:\/\/cirsaart.com\/en\/wp-json\/wp\/v2\/product_brand?post=864"},{"taxonomy":"product_cat","embeddable":true,"href":"https:\/\/cirsaart.com\/en\/wp-json\/wp\/v2\/product_cat?post=864"},{"taxonomy":"product_tag","embeddable":true,"href":"https:\/\/cirsaart.com\/en\/wp-json\/wp\/v2\/product_tag?post=864"}],"curies":[{"name":"wp","href":"https:\/\/api.w.org\/{rel}","templated":true}]}}